{"id":15765,"date":"2020-06-04T10:14:32","date_gmt":"2020-06-04T08:14:32","guid":{"rendered":"https:\/\/montipower.com\/mercados\/stainless\/"},"modified":"2021-04-08T14:32:39","modified_gmt":"2021-04-08T12:32:39","slug":"aco-inoxidavel","status":"publish","type":"page","link":"https:\/\/montipower.com\/pt-pt\/mercados\/aco-inoxidavel\/","title":{"rendered":"A\u00e7o Inoxid\u00e1vel"},"content":{"rendered":"<div class=\"wpb-content-wrapper\"><p>[vc_section full_width=&#8221;stretch_row&#8221; content_placement=&#8221;bottom&#8221; css=&#8221;.vc_custom_1592558560445{padding-top: 30px !important;padding-bottom: 0px !important;background: #ff1212 url(https:\/\/montipower.com\/wp-content\/uploads\/2020\/06\/Stainless-Steel.jpg?id=5472) !important;background-position: center !important;background-repeat: no-repeat !important;background-size: cover !important;}&#8221; el_class=&#8221;topbig&#8221;][vc_row css=&#8221;.vc_custom_1569318223776{padding-right: 100px !important;padding-left: 100px !important;}&#8221;][vc_column width=&#8221;1\/2&#8243;][vc_column_text]<\/p>\n<h1>A\u00c7O INOXID\u00c1VEL<\/h1>\n<p>[\/vc_column_text][\/vc_column][vc_column width=&#8221;1\/2&#8243;][\/vc_column][\/vc_row][vc_row full_width=&#8221;stretch_row_content_no_spaces&#8221; content_placement=&#8221;bottom&#8221; css=&#8221;.vc_custom_1572526136907{padding-top: 0px !important;padding-bottom: 100px !important;background-position: 0 0 !important;background-repeat: no-repeat !important;}&#8221; el_class=&#8221;hometopfotorij&#8221;][vc_column][\/vc_column][\/vc_row][vc_row full_width=&#8221;stretch_row&#8221; css=&#8221;.vc_custom_1572525974229{background-color: #f1f1f1 !important;}&#8221;][vc_column][vc_column_text el_class=&#8221;montbreadcrumbs&#8221; css=&#8221;.vc_custom_1569318576735{padding-right: 100px !important;padding-left: 100px !important;}&#8221;]<nav aria-label=\"breadcrumbs\" class=\"rank-math-breadcrumb\"><p><span class=\"last\">Home<\/span><\/p><\/nav>[\/vc_column_text][\/vc_column][\/vc_row][\/vc_section][vc_section full_width=&#8221;stretch_row&#8221; el_class=&#8221;textcomp&#8221;][vc_row][vc_column][vc_column_text]<\/p>\n<h3>RESIST\u00caNCIA \u00c0 CORROS\u00c3O<\/h3>\n<p>Os a\u00e7os inoxid\u00e1veis s\u00e3o utilizados por sua resist\u00eancia \u00e0 corros\u00e3o em uma grande variedade de ambientes de servi\u00e7o, geralmente sem revestimentos adicionais. Em determinadas circunst\u00e2ncias, por\u00e9m, componentes ou estruturas de a\u00e7o inoxid\u00e1vel podem exigir um acabamento com revestimento (tinta) .<\/p>\n<p>Os sistemas de revestimento para a\u00e7os inoxid\u00e1veis devem ser cuidadosamente selecionados para proporcionar durabilidade suficiente para atender \u00e0s exig\u00eancias do ambiente de servi\u00e7o e suas condi\u00e7\u00f5es de opera\u00e7\u00e3o associadas. A combina\u00e7\u00e3o da prepara\u00e7\u00e3o da superf\u00edcie e a formula\u00e7\u00e3o do sistema de pintura s\u00e3o fatores chave para atingir estes objetivos. Em certos ambientes, a decomposi\u00e7\u00e3o localizada do revestimento pode levar \u00e0 corros\u00e3o. Isto pode ser mais severo do que o experimentado com superf\u00edcies n\u00e3o revestidas e pode resultar em taxas de danifica\u00e7\u00e3o elevadas e localizadas.[\/vc_column_text][vc_column_text]<\/p>\n<h3>SUPERF\u00cdCIE MAIS PLANA E LISA<\/h3>\n<p>Em geral, os a\u00e7os inoxid\u00e1veis t\u00eam superf\u00edcies mais planas e lisas do que os a\u00e7os carbono. Isto se aplica especialmente a produtos laminados a frio finos (folha e bobina) e pode afetar negativamente a ader\u00eancia entre a superf\u00edcie met\u00e1lica e o sistema de revestimento. \u00c9 essencial o desgaste das superf\u00edcies de a\u00e7o inoxid\u00e1vel antes do revestimento. Isto geralmente pode ser conseguido pelo MontiPower<sup>\u00ae<\/sup> em vez de jateamento com abrasivo solto, abras\u00e3o manual leve ou decapagem qu\u00edmica. Em compara\u00e7\u00e3o com o jateamento com abrasivos soltos, voc\u00ea pode ter certeza de que n\u00e3o h\u00e1 necessidade de meios soltos sem ferro, como alumina ou carboneto de sil\u00edcio, para evitar contamina\u00e7\u00e3o, o que pode resultar em manchas de ferrugem na superf\u00edcie antes do revestimento. Com uma solu\u00e7\u00e3o de cinta de a\u00e7o inoxid\u00e1vel Bristle Blaster<sup>\u00ae<\/sup> pneum\u00e1tica, sem fio ou el\u00e9trica, as superf\u00edcies podem ser facilmente preparadas para dar uma rugosidade de superf\u00edcie Ra m\u00ednima de 50 m\u00edcron e uma limpeza m\u00ednima de grau 2 em conformidade com a BS 7079:Parte 1A. A MBX<sup>\u00ae<\/sup> oferece uma rugosidade mais fina de Ra de aproximadamente 10-30 m\u00edcrons.[\/vc_column_text][\/vc_column][\/vc_row][\/vc_section]<\/p>\n<\/div>","protected":false},"excerpt":{"rendered":"<p>[vc_section full_width=&#8221;stretch_row&#8221; content_placement=&#8221;bottom&#8221; css=&#8221;.vc_custom_1592558560445{padding-top: 30px !important;padding-bottom: 0px !important;background: #ff1212 url(https:\/\/montipower.com\/wp-content\/uploads\/2020\/06\/Stainless-Steel.jpg?id=5472) !important;background-position: &#8230; <\/p>\n","protected":false},"author":19,"featured_media":0,"parent":14924,"menu_order":0,"comment_status":"closed","ping_status":"closed","template":"","meta":{"_acf_changed":false,"content-type":"","footnotes":""},"class_list":["post-15765","page","type-page","status-publish","hentry"],"acf":[],"_links":{"self":[{"href":"https:\/\/montipower.com\/pt-pt\/wp-json\/wp\/v2\/pages\/15765","targetHints":{"allow":["GET"]}}],"collection":[{"href":"https:\/\/montipower.com\/pt-pt\/wp-json\/wp\/v2\/pages"}],"about":[{"href":"https:\/\/montipower.com\/pt-pt\/wp-json\/wp\/v2\/types\/page"}],"author":[{"embeddable":true,"href":"https:\/\/montipower.com\/pt-pt\/wp-json\/wp\/v2\/users\/19"}],"replies":[{"embeddable":true,"href":"https:\/\/montipower.com\/pt-pt\/wp-json\/wp\/v2\/comments?post=15765"}],"version-history":[{"count":3,"href":"https:\/\/montipower.com\/pt-pt\/wp-json\/wp\/v2\/pages\/15765\/revisions"}],"predecessor-version":[{"id":15959,"href":"https:\/\/montipower.com\/pt-pt\/wp-json\/wp\/v2\/pages\/15765\/revisions\/15959"}],"up":[{"embeddable":true,"href":"https:\/\/montipower.com\/pt-pt\/wp-json\/wp\/v2\/pages\/14924"}],"wp:attachment":[{"href":"https:\/\/montipower.com\/pt-pt\/wp-json\/wp\/v2\/media?parent=15765"}],"curies":[{"name":"wp","href":"https:\/\/api.w.org\/{rel}","templated":true}]}}