{"id":15572,"date":"2020-06-04T10:27:01","date_gmt":"2020-06-04T08:27:01","guid":{"rendered":"https:\/\/montipower.com\/service-support\/repair-service\/"},"modified":"2021-10-27T14:15:32","modified_gmt":"2021-10-27T12:15:32","slug":"servico-de-reparos","status":"publish","type":"page","link":"https:\/\/montipower.com\/pt-pt\/servico-suporte\/servico-de-reparos\/","title":{"rendered":"Servi\u00e7o De Reparos"},"content":{"rendered":"<div class=\"wpb-content-wrapper\"><p>[vc_section full_width=&#8221;stretch_row&#8221; content_placement=&#8221;bottom&#8221; css=&#8221;.vc_custom_1569320141112{padding-top: 30px !important;padding-bottom: 0px !important;background-color: #ff1212 !important;background-position: center !important;background-repeat: no-repeat !important;background-size: cover !important;}&#8221; el_class=&#8221;topbig&#8221;][vc_row css=&#8221;.vc_custom_1569318223776{padding-right: 100px !important;padding-left: 100px !important;}&#8221;][vc_column width=&#8221;1\/2&#8243;][vc_column_text]<\/p>\n<h1>SERVI\u00c7O DE REPAROS<\/h1>\n<p>[\/vc_column_text][\/vc_column][vc_column width=&#8221;1\/2&#8243;][\/vc_column][\/vc_row][vc_row full_width=&#8221;stretch_row_content_no_spaces&#8221; content_placement=&#8221;bottom&#8221; css=&#8221;.vc_custom_1572526136907{padding-top: 0px !important;padding-bottom: 100px !important;background-position: 0 0 !important;background-repeat: no-repeat !important;}&#8221; el_class=&#8221;hometopfotorij&#8221;][vc_column][\/vc_column][\/vc_row][vc_row full_width=&#8221;stretch_row&#8221; css=&#8221;.vc_custom_1572525974229{background-color: #f1f1f1 !important;}&#8221;][vc_column][vc_column_text el_class=&#8221;montbreadcrumbs&#8221; css=&#8221;.vc_custom_1569318576735{padding-right: 100px !important;padding-left: 100px !important;}&#8221;]<nav aria-label=\"breadcrumbs\" class=\"rank-math-breadcrumb\"><p><span class=\"last\">Home<\/span><\/p><\/nav>[\/vc_column_text][\/vc_column][\/vc_row][\/vc_section][vc_section full_width=&#8221;stretch_row&#8221; el_class=&#8221;textcomp&#8221;][vc_row][vc_column][vc_column_text]Voc\u00ea tem uma ferramenta defeituosa, gostaria de encomendar uma pe\u00e7a sobressalente, mandar reparar uma m\u00e1quina ou fazer uma consulta sobre o seu pedido de reparos?<\/p>\n<p>Em nossa sede em Hennef, funcion\u00e1rios qualificados ter\u00e3o o prazer de atender \u00e0s suas necessidades. Em caso de reparos, basta deixar sua ferramenta el\u00e9trica com seu <a href=\"https:\/\/montipower.com\/pt-pt\/servico-suporte\/distributeurs\/\">distribuidor local<\/a> especializado ou solicita\u00e7\u00e3o de servi\u00e7o. Em boa consulta, podemos mandar recolher a m\u00e1quina, garantir um reparo profissional e uma verifica\u00e7\u00e3o de manuten\u00e7\u00e3o e seguran\u00e7a, mas tamb\u00e9m a pre\u00e7os fixos calculados de forma justa. Como a maioria dos cerca de 70 distribuidores especializados MontiPower<sup>\u00ae <\/sup>utiliza o nosso sistema de servi\u00e7o, os profissionais podem sempre contar com o nosso servi\u00e7o de reparo.[\/vc_column_text][\/vc_column][\/vc_row][\/vc_section]<\/p>\n<\/div>","protected":false},"excerpt":{"rendered":"<p>[vc_section full_width=&#8221;stretch_row&#8221; content_placement=&#8221;bottom&#8221; css=&#8221;.vc_custom_1569320141112{padding-top: 30px !important;padding-bottom: 0px !important;background-color: #ff1212 !important;background-position: center &#8230; <\/p>\n","protected":false},"author":19,"featured_media":0,"parent":15539,"menu_order":0,"comment_status":"closed","ping_status":"closed","template":"","meta":{"_acf_changed":false,"content-type":"","footnotes":""},"class_list":["post-15572","page","type-page","status-publish","hentry"],"acf":[],"_links":{"self":[{"href":"https:\/\/montipower.com\/pt-pt\/wp-json\/wp\/v2\/pages\/15572","targetHints":{"allow":["GET"]}}],"collection":[{"href":"https:\/\/montipower.com\/pt-pt\/wp-json\/wp\/v2\/pages"}],"about":[{"href":"https:\/\/montipower.com\/pt-pt\/wp-json\/wp\/v2\/types\/page"}],"author":[{"embeddable":true,"href":"https:\/\/montipower.com\/pt-pt\/wp-json\/wp\/v2\/users\/19"}],"replies":[{"embeddable":true,"href":"https:\/\/montipower.com\/pt-pt\/wp-json\/wp\/v2\/comments?post=15572"}],"version-history":[{"count":4,"href":"https:\/\/montipower.com\/pt-pt\/wp-json\/wp\/v2\/pages\/15572\/revisions"}],"predecessor-version":[{"id":17771,"href":"https:\/\/montipower.com\/pt-pt\/wp-json\/wp\/v2\/pages\/15572\/revisions\/17771"}],"up":[{"embeddable":true,"href":"https:\/\/montipower.com\/pt-pt\/wp-json\/wp\/v2\/pages\/15539"}],"wp:attachment":[{"href":"https:\/\/montipower.com\/pt-pt\/wp-json\/wp\/v2\/media?parent=15572"}],"curies":[{"name":"wp","href":"https:\/\/api.w.org\/{rel}","templated":true}]}}