{"id":15566,"date":"2020-06-04T10:24:30","date_gmt":"2020-06-04T08:24:30","guid":{"rendered":"https:\/\/montipower.com\/service-support\/rental\/"},"modified":"2022-05-18T16:30:48","modified_gmt":"2022-05-18T14:30:48","slug":"aluguel","status":"publish","type":"page","link":"https:\/\/montipower.com\/pt-pt\/servico-suporte\/aluguel\/","title":{"rendered":"Aluguel"},"content":{"rendered":"<div class=\"wpb-content-wrapper\"><p>[vc_section full_width=&#8221;stretch_row&#8221; content_placement=&#8221;bottom&#8221; css=&#8221;.vc_custom_1591359755932{padding-top: 30px !important;padding-bottom: 0px !important;background-image: url(https:\/\/montipower.com\/wp-content\/uploads\/2020\/02\/HOOFDFOTO_Prepper_1500x1500.jpg?id=4639) !important;background-position: center !important;background-repeat: no-repeat !important;background-size: cover !important;}&#8221; el_class=&#8221;topbig&#8221;][vc_row css=&#8221;.vc_custom_1569318223776{padding-right: 100px !important;padding-left: 100px !important;}&#8221;][vc_column width=&#8221;1\/2&#8243;][vc_column_text]<\/p>\n<h1>ALUGUEL<\/h1>\n<p>[\/vc_column_text][\/vc_column][vc_column width=&#8221;1\/2&#8243;][\/vc_column][\/vc_row][vc_row full_width=&#8221;stretch_row_content_no_spaces&#8221; content_placement=&#8221;bottom&#8221; css=&#8221;.vc_custom_1572526136907{padding-top: 0px !important;padding-bottom: 100px !important;background-position: 0 0 !important;background-repeat: no-repeat !important;}&#8221; el_class=&#8221;hometopfotorij&#8221;][vc_column][\/vc_column][\/vc_row][vc_row full_width=&#8221;stretch_row&#8221; css=&#8221;.vc_custom_1572525974229{background-color: #f1f1f1 !important;}&#8221;][vc_column][vc_column_text el_class=&#8221;montbreadcrumbs&#8221; css=&#8221;.vc_custom_1569318576735{padding-right: 100px !important;padding-left: 100px !important;}&#8221;]<nav aria-label=\"breadcrumbs\" class=\"rank-math-breadcrumb\"><p><span class=\"last\">Home<\/span><\/p><\/nav>[\/vc_column_text][\/vc_column][\/vc_row][\/vc_section][vc_section full_width=&#8221;stretch_row&#8221; el_class=&#8221;textcomp&#8221;][vc_row][vc_column][vc_column_text]<\/p>\n<h5>Subsea<\/h5>\n<p>Atrav\u00e9s da MontiPower BV, Spijk, Holland, fornecemos equipamentos de mergulho, ferramentas e outras solu\u00e7\u00f5es t\u00e9cnicas de prepara\u00e7\u00e3o da superf\u00edcie submarina, tais como <em>caviblasting<\/em>.[\/vc_column_text][\/vc_column][\/vc_row][vc_row][vc_column][vc_column_text]<\/p>\n<h5>OUTRAS FERRAMENTAS<\/h5>\n<p>Favor preencher o <a href=\"https:\/\/montipower.com\/pt-pt\/servico-suporte\/solicitacao-de-cotacao\/\">formul\u00e1rio de pedido de or\u00e7amento<\/a> para que possamos lhe fazer uma oferta de aluguel para outras ferramentas Bristle Blaster<sup>\u00ae<\/sup> ou MBX<sup>\u00ae<\/sup>. Direta ou indiretamente atrav\u00e9s da nossa rede global de parceiros, estaremos ao seu servi\u00e7o para op\u00e7\u00f5es de aluguel.[\/vc_column_text][\/vc_column][\/vc_row][\/vc_section]<\/p>\n<\/div>","protected":false},"excerpt":{"rendered":"<p>[vc_section full_width=&#8221;stretch_row&#8221; content_placement=&#8221;bottom&#8221; css=&#8221;.vc_custom_1591359755932{padding-top: 30px !important;padding-bottom: 0px !important;background-image: url(https:\/\/montipower.com\/wp-content\/uploads\/2020\/02\/HOOFDFOTO_Prepper_1500x1500.jpg?id=4639) !important;background-position: center &#8230; <\/p>\n","protected":false},"author":19,"featured_media":0,"parent":15539,"menu_order":0,"comment_status":"closed","ping_status":"closed","template":"","meta":{"_acf_changed":false,"content-type":"","footnotes":""},"class_list":["post-15566","page","type-page","status-publish","hentry"],"acf":[],"_links":{"self":[{"href":"https:\/\/montipower.com\/pt-pt\/wp-json\/wp\/v2\/pages\/15566","targetHints":{"allow":["GET"]}}],"collection":[{"href":"https:\/\/montipower.com\/pt-pt\/wp-json\/wp\/v2\/pages"}],"about":[{"href":"https:\/\/montipower.com\/pt-pt\/wp-json\/wp\/v2\/types\/page"}],"author":[{"embeddable":true,"href":"https:\/\/montipower.com\/pt-pt\/wp-json\/wp\/v2\/users\/19"}],"replies":[{"embeddable":true,"href":"https:\/\/montipower.com\/pt-pt\/wp-json\/wp\/v2\/comments?post=15566"}],"version-history":[{"count":4,"href":"https:\/\/montipower.com\/pt-pt\/wp-json\/wp\/v2\/pages\/15566\/revisions"}],"predecessor-version":[{"id":26925,"href":"https:\/\/montipower.com\/pt-pt\/wp-json\/wp\/v2\/pages\/15566\/revisions\/26925"}],"up":[{"embeddable":true,"href":"https:\/\/montipower.com\/pt-pt\/wp-json\/wp\/v2\/pages\/15539"}],"wp:attachment":[{"href":"https:\/\/montipower.com\/pt-pt\/wp-json\/wp\/v2\/media?parent=15566"}],"curies":[{"name":"wp","href":"https:\/\/api.w.org\/{rel}","templated":true}]}}