{"id":15552,"date":"2019-09-25T13:48:03","date_gmt":"2019-09-25T11:48:03","guid":{"rendered":"https:\/\/montipower.com\/service-support\/cleantech-services\/"},"modified":"2021-04-08T16:33:10","modified_gmt":"2021-04-08T14:33:10","slug":"servicos-cleantech-chave-na-mao","status":"publish","type":"page","link":"https:\/\/montipower.com\/pt-pt\/servico-suporte\/servicos-cleantech-chave-na-mao\/","title":{"rendered":"Servi\u00e7os Cleantech Chave-na-m\u00e3o"},"content":{"rendered":"<div class=\"wpb-content-wrapper\"><p>[vc_section full_width=&#8221;stretch_row&#8221; content_placement=&#8221;bottom&#8221; css=&#8221;.vc_custom_1594125607120{padding-top: 30px !important;padding-bottom: 0px !important;background: #ff1212 url(https:\/\/montipower.com\/wp-content\/uploads\/2019\/12\/MONTI_Caddy_Zwart_1923x610px.jpg?id=4161) !important;background-position: center !important;background-repeat: no-repeat !important;background-size: cover !important;}&#8221; el_class=&#8221;topbig&#8221;][vc_row css=&#8221;.vc_custom_1569318223776{padding-right: 100px !important;padding-left: 100px !important;}&#8221;][vc_column width=&#8221;1\/2&#8243;][vc_column_text]<\/p>\n<h1>TURN-KEY<br \/>\nSERVI\u00c7OS<\/h1>\n<p>[\/vc_column_text][\/vc_column][vc_column width=&#8221;1\/2&#8243;][\/vc_column][\/vc_row][vc_row full_width=&#8221;stretch_row_content_no_spaces&#8221; content_placement=&#8221;bottom&#8221; css=&#8221;.vc_custom_1572526136907{padding-top: 0px !important;padding-bottom: 100px !important;background-position: 0 0 !important;background-repeat: no-repeat !important;}&#8221; el_class=&#8221;hometopfotorij&#8221;][vc_column][\/vc_column][\/vc_row][vc_row full_width=&#8221;stretch_row&#8221; css=&#8221;.vc_custom_1572525974229{background-color: #f1f1f1 !important;}&#8221;][vc_column][vc_column_text el_class=&#8221;montbreadcrumbs&#8221; css=&#8221;.vc_custom_1569318576735{padding-right: 100px !important;padding-left: 100px !important;}&#8221;]<nav aria-label=\"breadcrumbs\" class=\"rank-math-breadcrumb\"><p><span class=\"last\">Home<\/span><\/p><\/nav>[\/vc_column_text][\/vc_column][\/vc_row][\/vc_section][vc_section full_width=&#8221;stretch_row&#8221; el_class=&#8221;textcomp&#8221;][vc_row][vc_column][vc_column_text el_class=&#8221;intro&#8221;]<\/p>\n<h2>NORMAS NACE, ISO E SSPC<\/h2>\n<p>[\/vc_column_text][vc_column_text]Nossos Servi\u00e7os de Jateamento com Cerdas (Bristle Blasting) s\u00e3o capazes de preparar a superf\u00edcie e remover revestimentos que atendem as normas NACE, ISO e SSPC para o grau de limpeza do a\u00e7o jateado. Isto inclui jateamento de metal quase branco e jateamento de metal branco.<\/p>\n<p>Com oscila\u00e7\u00e3o mais ampla Cleantech Solutions, como Quattro (Q4) e o Cleantech Prepper<sup>\u00ae<\/sup>, podemos criar um perfil que atenda \u00e0s exig\u00eancias de ades\u00e3o e resist\u00eancia \u00e0 corros\u00e3o para a pr\u00e9-camada de sua escolha, como zinco, ep\u00f3xi, butil, zinco flamespray ou TSA. As tecnologias de oscila\u00e7\u00e3o eliminam a opera\u00e7\u00e3o manual e podem ser usadas em quase qualquer lugar, incluindo espa\u00e7os fechados, ou em locais que necessitem de menos conten\u00e7\u00e3o do que se fosse o jateamento de granalha. Como o Oscilating Bristle Blasting n\u00e3o emite poeira, e n\u00e3o utiliza \u00e1gua, os subcontratados podem poupar tempo e dinheiro na limpeza e conten\u00e7\u00e3o.[\/vc_column_text][vc_column_text]<\/p>\n<h3>Downloads<\/h3>\n<p><a href=\"https:\/\/heyzine.com\/flip-book\/59ec2dfc12.html\" target=\"_blank\" rel=\"noopener noreferrer\">Folheto Bristle Blaster<sup>\u00ae<\/sup> Subsea<\/a><\/p>\n<p><a href=\"https:\/\/heyzine.com\/flip-book\/43cb135d28.html\" target=\"_blank\" rel=\"noopener noreferrer\">Folheto Cleantech Prepper<sup>\u00ae<\/sup> 2019<\/a>[\/vc_column_text][\/vc_column][\/vc_row][\/vc_section][vc_row][vc_column][vc_single_image image=&#8221;2538&#8243; img_size=&#8221;large&#8221; alignment=&#8221;center&#8221;][\/vc_column][\/vc_row][vc_section el_class=&#8221;productdetail&#8221;][vc_row css=&#8221;.vc_custom_1572353854868{padding-right: 50px !important;padding-left: 50px !important;}&#8221;][vc_column][vc_column_text]<\/p>\n<h2 style=\"text-align: center;\">DESCUBRA NOSSOS PRODUTOS<\/h2>\n<p>[\/vc_column_text][vc_row_inner][vc_column_inner width=&#8221;1\/2&#8243;][vc_btn title=&#8221;Prepper<sup>\u00ae<\/sup> Q10&#8243; style=&#8221;classic&#8221; shape=&#8221;square&#8221; size=&#8221;lg&#8221; align=&#8221;center&#8221; button_block=&#8221;true&#8221; link=&#8221;url:https%3A%2F%2Fmontipower.com%2Fpt-pt%2Fprodutos%2Fmaquinas-motorizadas%2Fprepper-q10-operacao-modo-montado%2F|title:Prepper%20Q10|target:_blank&#8221; el_class=&#8221;solutions-button&#8221;][\/vc_column_inner][vc_column_inner width=&#8221;1\/2&#8243;][vc_btn title=&#8221;Prepper<sup>\u00ae<\/sup> Q4&#8243; style=&#8221;classic&#8221; shape=&#8221;square&#8221; size=&#8221;lg&#8221; align=&#8221;center&#8221; button_block=&#8221;true&#8221; link=&#8221;url:https%3A%2F%2Fmontipower.com%2Fpt-pt%2Fprodutos%2Fmaquinas-motorizadas%2Fquattro-4%2F|title:Prepper%20Q4|target:_blank&#8221; el_class=&#8221;solutions-button&#8221;][\/vc_column_inner][\/vc_row_inner][\/vc_column][\/vc_row][\/vc_section][vc_section el_class=&#8221;productdetail&#8221;][vc_row][vc_column][vc_video link=&#8221;https:\/\/www.youtube.com\/watch?v=wlYIuo3JuMc&#8221; el_width=&#8221;90&#8243; align=&#8221;center&#8221; css_animation=&#8221;fadeIn&#8221;][\/vc_column][\/vc_row][\/vc_section]<\/p>\n<\/div>","protected":false},"excerpt":{"rendered":"<p>[vc_section full_width=&#8221;stretch_row&#8221; content_placement=&#8221;bottom&#8221; css=&#8221;.vc_custom_1594125607120{padding-top: 30px !important;padding-bottom: 0px !important;background: #ff1212 url(https:\/\/montipower.com\/wp-content\/uploads\/2019\/12\/MONTI_Caddy_Zwart_1923x610px.jpg?id=4161) !important;background-position: &#8230; <\/p>\n","protected":false},"author":19,"featured_media":0,"parent":15539,"menu_order":0,"comment_status":"closed","ping_status":"closed","template":"","meta":{"_acf_changed":false,"content-type":"","footnotes":""},"class_list":["post-15552","page","type-page","status-publish","hentry"],"acf":[],"_links":{"self":[{"href":"https:\/\/montipower.com\/pt-pt\/wp-json\/wp\/v2\/pages\/15552","targetHints":{"allow":["GET"]}}],"collection":[{"href":"https:\/\/montipower.com\/pt-pt\/wp-json\/wp\/v2\/pages"}],"about":[{"href":"https:\/\/montipower.com\/pt-pt\/wp-json\/wp\/v2\/types\/page"}],"author":[{"embeddable":true,"href":"https:\/\/montipower.com\/pt-pt\/wp-json\/wp\/v2\/users\/19"}],"replies":[{"embeddable":true,"href":"https:\/\/montipower.com\/pt-pt\/wp-json\/wp\/v2\/comments?post=15552"}],"version-history":[{"count":3,"href":"https:\/\/montipower.com\/pt-pt\/wp-json\/wp\/v2\/pages\/15552\/revisions"}],"predecessor-version":[{"id":15554,"href":"https:\/\/montipower.com\/pt-pt\/wp-json\/wp\/v2\/pages\/15552\/revisions\/15554"}],"up":[{"embeddable":true,"href":"https:\/\/montipower.com\/pt-pt\/wp-json\/wp\/v2\/pages\/15539"}],"wp:attachment":[{"href":"https:\/\/montipower.com\/pt-pt\/wp-json\/wp\/v2\/media?parent=15552"}],"curies":[{"name":"wp","href":"https:\/\/api.w.org\/{rel}","templated":true}]}}