{"id":15527,"date":"2019-10-01T10:15:25","date_gmt":"2019-10-01T08:15:25","guid":{"rendered":"https:\/\/montipower.com\/about\/care-for-steel-protection\/"},"modified":"2025-05-21T15:54:02","modified_gmt":"2025-05-21T13:54:02","slug":"cuidado-com-a-protecao-de-aco","status":"publish","type":"page","link":"https:\/\/montipower.com\/pt-pt\/sobre\/cuidado-com-a-protecao-de-aco\/","title":{"rendered":"Cuidado Com A Prote\u00e7\u00e3o De A\u00e7o"},"content":{"rendered":"<div class=\"wpb-content-wrapper\"><p>[vc_section full_width=&#8221;stretch_row&#8221; content_placement=&#8221;bottom&#8221; css=&#8221;.vc_custom_1592819935490{padding-top: 30px !important;padding-bottom: 0px !important;background: #ff1212 url(https:\/\/montipower.com\/wp-content\/uploads\/2019\/10\/Pipeline_Rust_72dpi-1.jpg?id=3462) !important;background-position: center !important;background-repeat: no-repeat !important;background-size: cover !important;}&#8221; el_class=&#8221;topbig&#8221;][vc_row css=&#8221;.vc_custom_1569318223776{padding-right: 100px !important;padding-left: 100px !important;}&#8221;][vc_column width=&#8221;1\/2&#8243;][vc_column_text]<\/p>\n<h1>CUIDADO COM A PROTE\u00c7\u00c3O DE A\u00c7O<\/h1>\n<p>[\/vc_column_text][\/vc_column][vc_column width=&#8221;1\/2&#8243;][\/vc_column][\/vc_row][vc_row full_width=&#8221;stretch_row_content_no_spaces&#8221; content_placement=&#8221;bottom&#8221; css=&#8221;.vc_custom_1572531334156{padding-top: 0px !important;padding-bottom: 100px !important;background-position: 0 0 !important;background-repeat: no-repeat !important;}&#8221; el_class=&#8221;hometopfotorij&#8221;][vc_column][\/vc_column][\/vc_row][vc_row full_width=&#8221;stretch_row&#8221; css=&#8221;.vc_custom_1572531343978{background-color: #f1f1f1 !important;}&#8221;][vc_column][vc_column_text css=&#8221;.vc_custom_1569318576735{padding-right: 100px !important;padding-left: 100px !important;}&#8221; el_class=&#8221;montbreadcrumbs&#8221;]<nav aria-label=\"breadcrumbs\" class=\"rank-math-breadcrumb\"><p><span class=\"last\">Home<\/span><\/p><\/nav>[\/vc_column_text][\/vc_column][\/vc_row][\/vc_section][vc_section full_width=&#8221;stretch_row&#8221; el_class=&#8221;textcomp&#8221;][vc_row][vc_column][vc_column_text css=&#8221;&#8221;]<\/p>\n<h4>Garantindo a melhor ader\u00eancia poss\u00edvel para um revestimento e\/ou adesivos<\/h4>\n<p>[\/vc_column_text][vc_column_text css=&#8221;&#8221;]Na MONTI &#8211; Werkzeuge GmbH e na MontiPower<sup>\u00ae<\/sup> Americas Inc., a for\u00e7a motriz por tr\u00e1s do MontiPower<sup>\u00ae<\/sup>, n\u00e3o fabricamos apenas ferramentas &#8211; possibilitamos a confian\u00e7a em ambientes de trabalho cr\u00edticos onde a falha n\u00e3o \u00e9 uma op\u00e7\u00e3o.<br \/>\nIndependentemente de nossa tecnologia de cerdas patenteada estar sendo usada em um oleoduto offshore, em uma embarca\u00e7\u00e3o naval ou em um tanque industrial, n\u00f3s nos preocupamos profundamente com quatro coisas: qualidade, produtividade, as pessoas que usam nossas ferramentas e o mundo ao nosso redor.[\/vc_column_text][\/vc_column][\/vc_row][vc_row][vc_column][vc_single_image image=&#8221;69979&#8243; img_size=&#8221;800&#215;600&#8243; alignment=&#8221;center&#8221; css=&#8221;&#8221;][\/vc_column][\/vc_row][vc_row][vc_column][vc_column_text css=&#8221;&#8221;]<\/p>\n<h4>Qualidade \u2013 Porque vidas e patrim\u00f4nios dependem disso<\/h4>\n<p>[\/vc_column_text][vc_column_text css=&#8221;&#8221;]As tubula\u00e7\u00f5es e embarca\u00e7\u00f5es mar\u00edtimas operam em algumas das condi\u00e7\u00f5es mais adversas do planeta. Uma falha na prepara\u00e7\u00e3o da superf\u00edcie pode significar falha no revestimento \u2013 e isso significa corros\u00e3o, vazamentos, danos estruturais ou algo pior. Nossas ferramentas s\u00e3o projetadas para obter limpeza da superf\u00edcie e perfis de ancoragem compar\u00e1veis ao jateamento, mas com controle cir\u00fargico e repetibilidade. Para n\u00f3s, a qualidade n\u00e3o \u00e9 um slogan de marketing \u2013 \u00e9 uma promessa respaldada por d\u00e9cadas de engenharia alem\u00e3, padr\u00f5es de teste e uma mentalidade de compromisso zero.[\/vc_column_text][\/vc_column][\/vc_row][vc_row][vc_column][vc_column_text css=&#8221;&#8221;]<\/p>\n<h4>Produtividade\u00a0\u2013\u00a0Porque tempo \u00e9 dinheiro e tempo de inatividade \u00e9 perigoso<\/h4>\n<p>[\/vc_column_text][vc_column_text css=&#8221;&#8221;]Cada minuto de tempo de inatividade em um navio ou em uma opera\u00e7\u00e3o de tubula\u00e7\u00e3o custa caro. Nossos clientes exigem ferramentas que sejam r\u00e1pidas, m\u00f3veis e que minimizem o tempo de configura\u00e7\u00e3o. Diferentemente do jateamento tradicional, as ferramentas MontiPower<sup>\u00ae<\/sup> eliminam a necessidade de conten\u00e7\u00e3o, n\u00e3o requerem m\u00eddia solta e podem ser implantadas imediatamente, mesmo em \u00e1reas confinadas ou remotas. O resultado? Os projetos s\u00e3o conclu\u00eddos com mais rapidez, seguran\u00e7a e menos \u00f4nus log\u00edstico.[\/vc_column_text][\/vc_column][\/vc_row][vc_row][vc_column][vc_single_image image=&#8221;69985&#8243; img_size=&#8221;800&#215;600&#8243; alignment=&#8221;center&#8221; css=&#8221;&#8221;][\/vc_column][\/vc_row][vc_row][vc_column][vc_column_text css=&#8221;&#8221;]<\/p>\n<h4>Aplicadores\u00a0\u2013\u00a0Porque as m\u00e3os humanas geram resultados<\/h4>\n<p>[\/vc_column_text][vc_column_text css=&#8221;&#8221;]Acreditamos em capacitar os profissionais, n\u00e3o em esgot\u00e1-los. Nossas ferramentas s\u00e3o projetadas com ergonomia, facilidade de uso e seguran\u00e7a em primeiro lugar. A prepara\u00e7\u00e3o da superf\u00edcie costuma ser uma tarefa fisicamente exigente e repetitiva, especialmente em juntas de tubula\u00e7\u00f5es longas ou cascos de navios grandes. \u00c9 por isso que as ferramentas MontiPower<sup>\u00ae<\/sup> s\u00e3o projetadas para reduzir a fadiga, melhorar o controle e fornecer resultados consistentes, mesmo em condi\u00e7\u00f5es extremas de campo.[\/vc_column_text][\/vc_column][\/vc_row][vc_row][vc_column][vc_column_text css=&#8221;&#8221;]<\/p>\n<h4>Meio ambiente\u00a0\u2013\u00a0Porque a prepara\u00e7\u00e3o da superf\u00edcie n\u00e3o deve prejudicar o planeta<\/h4>\n<p>[\/vc_column_text][vc_column_text css=&#8221;&#8221;]O jateamento tradicional pode ser um desperd\u00edcio, perigoso e gerar toneladas de m\u00eddia e custos de limpeza ambiental. Com a tecnologia baseada em cerdas da MontiPower<sup>\u00ae<\/sup>, n\u00e3o \u00e9 necess\u00e1ria nenhuma m\u00eddia abrasiva solta, a poeira transportada pelo ar \u00e9 minimizada e os res\u00edduos s\u00e3o limitados ao que realmente \u00e9 removido da superf\u00edcie. Isso \u00e9 um divisor de \u00e1guas para opera\u00e7\u00f5es em ambientes marinhos ou terrestres sens\u00edveis, onde a prepara\u00e7\u00e3o de superf\u00edcies limpas, secas e ecologicamente corretas \u00e9 um requisito, n\u00e3o um luxo.[\/vc_column_text][\/vc_column][\/vc_row][vc_row][vc_column][vc_column_text css=&#8221;&#8221;]<\/p>\n<h4>Na MONTI &#8211; Werkzeuge GmbH, n\u00f3s nos preocupamos porque vimos o que est\u00e1 em jogo.<\/h4>\n<p>[\/vc_column_text][vc_column_text css=&#8221;&#8221;]<\/p>\n<ul>\n<li>Um sistema de revestimento \u00e9 t\u00e3o bom quanto a prepara\u00e7\u00e3o de sua superf\u00edcie.<\/li>\n<li>Uma ferramenta \u00e9 t\u00e3o valiosa quanto o artes\u00e3o que a utiliza.<\/li>\n<li>E o progresso nunca deve ser feito \u00e0s custas do meio ambiente.<\/li>\n<\/ul>\n<p>\u00c9 por isso que temos orgulho de levar o Poder nas Nossas Cerdas (MBX<sup>\u00ae<\/sup>, Bristle Blaster<sup>\u00ae<\/sup>) para o campo \u2014 com seguran\u00e7a, efici\u00eancia e sustentabilidade.[\/vc_column_text][\/vc_column][\/vc_row][\/vc_section]<\/p>\n<\/div>","protected":false},"excerpt":{"rendered":"<p>[vc_section full_width=&#8221;stretch_row&#8221; content_placement=&#8221;bottom&#8221; css=&#8221;.vc_custom_1592819935490{padding-top: 30px !important;padding-bottom: 0px !important;background: #ff1212 url(https:\/\/montipower.com\/wp-content\/uploads\/2019\/10\/Pipeline_Rust_72dpi-1.jpg?id=3462) !important;background-position: &#8230; <\/p>\n","protected":false},"author":19,"featured_media":69979,"parent":15471,"menu_order":0,"comment_status":"closed","ping_status":"closed","template":"","meta":{"_acf_changed":false,"content-type":"","footnotes":""},"class_list":["post-15527","page","type-page","status-publish","has-post-thumbnail","hentry"],"acf":[],"_links":{"self":[{"href":"https:\/\/montipower.com\/pt-pt\/wp-json\/wp\/v2\/pages\/15527","targetHints":{"allow":["GET"]}}],"collection":[{"href":"https:\/\/montipower.com\/pt-pt\/wp-json\/wp\/v2\/pages"}],"about":[{"href":"https:\/\/montipower.com\/pt-pt\/wp-json\/wp\/v2\/types\/page"}],"author":[{"embeddable":true,"href":"https:\/\/montipower.com\/pt-pt\/wp-json\/wp\/v2\/users\/19"}],"replies":[{"embeddable":true,"href":"https:\/\/montipower.com\/pt-pt\/wp-json\/wp\/v2\/comments?post=15527"}],"version-history":[{"count":4,"href":"https:\/\/montipower.com\/pt-pt\/wp-json\/wp\/v2\/pages\/15527\/revisions"}],"predecessor-version":[{"id":70008,"href":"https:\/\/montipower.com\/pt-pt\/wp-json\/wp\/v2\/pages\/15527\/revisions\/70008"}],"up":[{"embeddable":true,"href":"https:\/\/montipower.com\/pt-pt\/wp-json\/wp\/v2\/pages\/15471"}],"wp:featuredmedia":[{"embeddable":true,"href":"https:\/\/montipower.com\/pt-pt\/wp-json\/wp\/v2\/media\/69979"}],"wp:attachment":[{"href":"https:\/\/montipower.com\/pt-pt\/wp-json\/wp\/v2\/media?parent=15527"}],"curies":[{"name":"wp","href":"https:\/\/api.w.org\/{rel}","templated":true}]}}