{"id":15517,"date":"2019-11-28T11:37:35","date_gmt":"2019-11-28T10:37:35","guid":{"rendered":"https:\/\/montipower.com\/about\/monti-group\/activet-grooming-brushes\/"},"modified":"2022-02-14T14:28:41","modified_gmt":"2022-02-14T13:28:41","slug":"activet","status":"publish","type":"page","link":"https:\/\/montipower.com\/pt-pt\/sobre\/grupo-monti\/activet\/","title":{"rendered":"Activet<sup>\u00ae<\/sup>"},"content":{"rendered":"<div class=\"wpb-content-wrapper\"><p>[vc_section full_width=&#8221;stretch_row&#8221; content_placement=&#8221;bottom&#8221; css=&#8221;.vc_custom_1569320141112{padding-top: 30px !important;padding-bottom: 0px !important;background-color: #ff1212 !important;background-position: center !important;background-repeat: no-repeat !important;background-size: cover !important;}&#8221; el_class=&#8221;topbig&#8221;][vc_row css=&#8221;.vc_custom_1569318223776{padding-right: 100px !important;padding-left: 100px !important;}&#8221;][vc_column width=&#8221;1\/2&#8243;][vc_column_text]<\/p>\n<h1>ACTIVET<sup>\u00ae<\/sup><\/h1>\n<p>[\/vc_column_text][\/vc_column][vc_column width=&#8221;1\/2&#8243;][\/vc_column][\/vc_row][vc_row full_width=&#8221;stretch_row_content_no_spaces&#8221; content_placement=&#8221;bottom&#8221; css=&#8221;.vc_custom_1572526136907{padding-top: 0px !important;padding-bottom: 100px !important;background-position: 0 0 !important;background-repeat: no-repeat !important;}&#8221; el_class=&#8221;hometopfotorij&#8221;][vc_column][\/vc_column][\/vc_row][vc_row full_width=&#8221;stretch_row&#8221; css=&#8221;.vc_custom_1572525974229{background-color: #f1f1f1 !important;}&#8221;][vc_column][vc_column_text el_class=&#8221;montbreadcrumbs&#8221; css=&#8221;.vc_custom_1569318576735{padding-right: 100px !important;padding-left: 100px !important;}&#8221;]<nav aria-label=\"breadcrumbs\" class=\"rank-math-breadcrumb\"><p><span class=\"last\">Home<\/span><\/p><\/nav>[\/vc_column_text][\/vc_column][\/vc_row][\/vc_section][vc_section full_width=&#8221;stretch_row&#8221; el_class=&#8221;textcomp&#8221;][vc_row][vc_column][vc_column_text el_class=&#8221;intro&#8221;]<\/p>\n<h3>ESCOVAS DE LIMPEZA Activet<sup>\u00ae<\/sup><\/h3>\n<p>[\/vc_column_text][vc_column_text]ActiVet<sup>\u00ae<\/sup> \u00e9 uma marca pr\u00f3pria registada de escovas de limpeza feitas pela MONTI &#8211; Werkzeuge GmbH. O nome tem origem em 1998 como uma jun\u00e7\u00e3o de palavras dos termos \u201cativa\u201d (que representa o primeiro sistema de escova &#8220;ativa&#8221; de sempre) e &#8220;veterin\u00e1ria&#8221;, como uma refer\u00eancia ao m\u00e9todo aparentemente eficaz de comercializa\u00e7\u00e3o dos produtos atrav\u00e9s de pr\u00e1ticas veterin\u00e1rias.[\/vc_column_text][\/vc_column][\/vc_row][vc_row][vc_column][vc_single_image image=&#8221;4013&#8243; img_size=&#8221;large&#8221; alignment=&#8221;center&#8221;][\/vc_column][\/vc_row][vc_row][vc_column][vc_column_text]A cabe\u00e7a vibrat\u00f3ria flex\u00edvel &#8220;ativa&#8221; consegue uma economia de tempo e esfor\u00e7o de aproximadamente 50% para a maioria das aplica\u00e7\u00f5es de escova\u00e7\u00e3o, em particular quando se trata de pelos emaranhado e emaranhado. As caracter\u00edsticas especiais durante a utiliza\u00e7\u00e3o, combinadas com as especifica\u00e7\u00f5es gerais do produto, levam a uma redu\u00e7\u00e3o simult\u00e2nea de &#8220;pegar&#8221; e &#8220;puxar&#8221; &#8211; em outras palavras, sensa\u00e7\u00f5es desagrad\u00e1veis de esfor\u00e7o e de puxar experimentadas pelo animal. Tais sensa\u00e7\u00f5es eram normais para escovas convencionais, n\u00e3o-el\u00e1sticas &#8220;fixas&#8221; e outras ferramentas antes da introdu\u00e7\u00e3o do Sistema ActiVet<sup>\u00ae<\/sup>. Al\u00e9m disso, as escovas est\u00e3o equipadas com 2 acess\u00f3rios de limpeza diferentes que trouxeram uma fun\u00e7\u00e3o 2 em 1 para o mercado.<\/p>\n<p>Mais informa\u00e7\u00f5es podem ser encontradas: <a href=\"https:\/\/duovet.shop\/\" target=\"_blank\" rel=\"noopener noreferrer\">ActiVet\u00ae<\/a>[\/vc_column_text][\/vc_column][\/vc_row][\/vc_section]<\/p>\n<\/div>","protected":false},"excerpt":{"rendered":"<p>[vc_section full_width=&#8221;stretch_row&#8221; content_placement=&#8221;bottom&#8221; css=&#8221;.vc_custom_1569320141112{padding-top: 30px !important;padding-bottom: 0px !important;background-color: #ff1212 !important;background-position: center &#8230; <\/p>\n","protected":false},"author":19,"featured_media":0,"parent":15512,"menu_order":0,"comment_status":"closed","ping_status":"closed","template":"","meta":{"_acf_changed":false,"content-type":"","footnotes":""},"class_list":["post-15517","page","type-page","status-publish","hentry"],"acf":[],"_links":{"self":[{"href":"https:\/\/montipower.com\/pt-pt\/wp-json\/wp\/v2\/pages\/15517","targetHints":{"allow":["GET"]}}],"collection":[{"href":"https:\/\/montipower.com\/pt-pt\/wp-json\/wp\/v2\/pages"}],"about":[{"href":"https:\/\/montipower.com\/pt-pt\/wp-json\/wp\/v2\/types\/page"}],"author":[{"embeddable":true,"href":"https:\/\/montipower.com\/pt-pt\/wp-json\/wp\/v2\/users\/19"}],"replies":[{"embeddable":true,"href":"https:\/\/montipower.com\/pt-pt\/wp-json\/wp\/v2\/comments?post=15517"}],"version-history":[{"count":3,"href":"https:\/\/montipower.com\/pt-pt\/wp-json\/wp\/v2\/pages\/15517\/revisions"}],"predecessor-version":[{"id":23994,"href":"https:\/\/montipower.com\/pt-pt\/wp-json\/wp\/v2\/pages\/15517\/revisions\/23994"}],"up":[{"embeddable":true,"href":"https:\/\/montipower.com\/pt-pt\/wp-json\/wp\/v2\/pages\/15512"}],"wp:attachment":[{"href":"https:\/\/montipower.com\/pt-pt\/wp-json\/wp\/v2\/media?parent=15517"}],"curies":[{"name":"wp","href":"https:\/\/api.w.org\/{rel}","templated":true}]}}