{"id":15443,"date":"2019-10-09T19:38:27","date_gmt":"2019-10-09T17:38:27","guid":{"rendered":"https:\/\/montipower.com\/care-for-environment\/"},"modified":"2021-10-27T14:25:08","modified_gmt":"2021-10-27T12:25:08","slug":"cuidados-com-o-meio-ambiente","status":"publish","type":"page","link":"https:\/\/montipower.com\/pt-pt\/sobre\/cuidados-com-o-meio-ambiente\/","title":{"rendered":"Cuidados com o meio ambiente"},"content":{"rendered":"<div class=\"wpb-content-wrapper\"><p>[vc_section full_width=&#8221;stretch_row&#8221; content_placement=&#8221;bottom&#8221; css=&#8221;.vc_custom_1591358116259{padding-top: 30px !important;padding-bottom: 0px !important;background: #ff1212 url(https:\/\/montipower.com\/wp-content\/uploads\/2019\/10\/04_Mountains.jpg?id=3468) !important;background-position: center !important;background-repeat: no-repeat !important;background-size: cover !important;}&#8221; el_class=&#8221;topbig&#8221;][vc_row css=&#8221;.vc_custom_1569318223776{padding-right: 100px !important;padding-left: 100px !important;}&#8221;][vc_column width=&#8221;1\/2&#8243;][vc_column_text]<\/p>\n<h1>Cuidados com o meio ambiente<\/h1>\n<p>[\/vc_column_text][\/vc_column][vc_column width=&#8221;1\/2&#8243;][\/vc_column][\/vc_row][vc_row full_width=&#8221;stretch_row_content_no_spaces&#8221; content_placement=&#8221;bottom&#8221; css=&#8221;.vc_custom_1572532727079{padding-top: 0px !important;padding-bottom: 100px !important;background-position: 0 0 !important;background-repeat: no-repeat !important;}&#8221; el_class=&#8221;hometopfotorij&#8221;][vc_column][\/vc_column][\/vc_row][vc_row full_width=&#8221;stretch_row&#8221; css=&#8221;.vc_custom_1572532758474{background-color: #f1f1f1 !important;}&#8221;][vc_column][vc_column_text el_class=&#8221;montbreadcrumbs&#8221; css=&#8221;.vc_custom_1569318576735{padding-right: 100px !important;padding-left: 100px !important;}&#8221;]<nav aria-label=\"breadcrumbs\" class=\"rank-math-breadcrumb\"><p><span class=\"last\">Home<\/span><\/p><\/nav>[\/vc_column_text][\/vc_column][\/vc_row][\/vc_section][vc_section full_width=&#8221;stretch_row&#8221; el_class=&#8221;textcomp&#8221;][vc_row][vc_column][vc_column_text el_class=&#8221;intro&#8221;]<\/p>\n<h2>PREPARA\u00c7\u00c3O DA SUPERF\u00cdCIE SEM VAZAMENTO NA NATUREZA<\/h2>\n<p>[\/vc_column_text][vc_column_text]O m\u00e9todo Bristle Blaster<sup>\u00ae<\/sup> e MBX<sup>\u00ae<\/sup> para costuras de solda, reparos de colis\u00e3o, reparos pontuais e de manuten\u00e7\u00e3o e prepara\u00e7\u00e3o de superf\u00edcies para revestimentos envolve a remo\u00e7\u00e3o de ferrugem sem abrasivos soltos e prepara\u00e7\u00e3o de substratos atrav\u00e9s de uma m\u00e1quina de jateamento semiautom\u00e1tica ou autom\u00e1tica de fio de alto impacto manual. Esta abordagem \u00e9 f\u00e1cil, segura, limpa e eficaz para o desempenho do revestimento e selante em longo prazo. A nossa vis\u00e3o \u00e9 desenvolver solu\u00e7\u00f5es de ciclo fechado sem qualquer possibilidade de vazamento para a natureza.[\/vc_column_text][\/vc_column][\/vc_row][vc_row][vc_column][vc_column_text]<\/p>\n<h3>DESENVOLVEDOR DE SOLU\u00c7\u00d5ES DE CICLO FECHADO<\/h3>\n<p>MontiPower<sup>\u00ae<\/sup> \u00e9 o Desenvolvedor de Solu\u00e7\u00f5es de Ciclo Fechado. O que \u00e9 que isto significa exatamente? O termo &#8220;Solu\u00e7\u00f5es de Ciclo Fechado&#8221; refere-se a ciclos de produ\u00e7\u00e3o que n\u00e3o deixam nenhuma ponta solta. Na MontiPower<sup>\u00ae<\/sup> desenvolvemos solu\u00e7\u00f5es de prepara\u00e7\u00e3o de superf\u00edcies antes da aplica\u00e7\u00e3o do revestimento que proporcionam limpeza e perfil ideais sem criar res\u00edduos ou deixar res\u00edduos para tr\u00e1s. Esta n\u00e3o \u00e9 apenas a nossa filosofia no local e durante a opera\u00e7\u00e3o, tamb\u00e9m \u00e9 verdade para a fabrica\u00e7\u00e3o das nossas escovas. As nossas escovas s\u00e3o fabricadas de A \u00e0 Z em c\u00e9lulas de trabalho de ciclo fechado, alcan\u00e7ando os mais altos padr\u00f5es. Cada cinta \u00e9 verificada individualmente em cada ciclo do processo de produ\u00e7\u00e3o, n\u00e3o deixando pontas soltas![\/vc_column_text][\/vc_column][\/vc_row][\/vc_section][vc_row][vc_column][vc_single_image image=&#8221;2403&#8243; img_size=&#8221;large&#8221; alignment=&#8221;center&#8221;][\/vc_column][\/vc_row][vc_row][vc_column]<div class=\"templatera_shortcode\"><style type=\"text\/css\" data-type=\"vc_shortcodes-custom-css\">.vc_custom_1570726086126{margin-bottom: 10px !important;margin-left: 30px !important;}<\/style><section class=\"vc_section clientslide\"><div class=\"vc_row wpb_row vc_row-fluid\"><div class=\"wpb_column vc_column_container vc_col-sm-12\"><div class=\"vc_column-inner\"><div class=\"wpb_wrapper\">\n\t<div class=\"wpb_text_column wpb_content_element vc_custom_1570726086126\" >\n\t\t<div class=\"wpb_wrapper\">\n\t\t\t\n\t\t<\/div>\n\t<\/div>\n\t\t<section class=\"tdt-slider slider  content-over-slider\" id=\"tdt-slider-41\" data-mobiles=\"1\" data-tabs=\"3\" data-scrolltab=\"1\" data-scrollmbl=\"1\" data-slick='{\"arrows\": true, \"autoplaySpeed\": 2500, \"speed\": 500, \"dots\": false, \"autoplay\": true, \"infinite\": true, \"adaptiveHeight\": true, \"pauseOnHover\": true, \"slidesToShow\": 4, \"slidesToScroll\": 1, \"fade\": false}'>\n\t\t    <div class=\"carousel-caption\" style=\"background: none;\">\n\t\t  <div>\n\t\t  \t\t\t\t\t\t\t  \t<img decoding=\"async\" src=\"https:\/\/montipower.com\/wp-content\/uploads\/2019\/09\/Partnerlogo_ExxonMobil.png\" alt=\"\" class=\"ultimate-slide-img\" style=\"max-width: 100%; width: 85%; height: auto; border-radius: 0; margin-bottom: 15px;\">\n\t\t\t\t\t\t\t\t  \t<span class=\"content-section\" style=\"text-align: center; display: block;\">\n\t\t  \t\t\t\t\t  \t\t\t\t  \t\n\t\t\t  \t<br>\n\n\t\t\t  \t\t\t  \t<\/span>\n\t\t  <\/div>\n\t\t<\/div>\n\t\t\t\t<div class=\"carousel-caption\" style=\"background: none;\">\n\t\t  <div>\n\t\t  \t\t\t\t\t\t\t  \t<img decoding=\"async\" src=\"https:\/\/montipower.com\/wp-content\/uploads\/2019\/09\/Partnerlogo_Shell.png\" alt=\"\" class=\"ultimate-slide-img\" style=\"max-width: 100%; width: 85%; height: auto; border-radius: 0; margin-bottom: 15px;\">\n\t\t\t\t\t\t\t\t  \t<span class=\"content-section\" style=\"text-align: center; display: block;\">\n\t\t  \t\t\t\t\t  \t\t\t\t  \t\n\t\t\t  \t<br>\n\n\t\t\t  \t\t\t  \t<\/span>\n\t\t  <\/div>\n\t\t<\/div>\n\t\t\t\t<div class=\"carousel-caption\" style=\"background: none;\">\n\t\t  <div>\n\t\t  \t\t\t\t\t\t\t  \t<img decoding=\"async\" src=\"https:\/\/montipower.com\/wp-content\/uploads\/2019\/09\/Partnerlogo_BP.png\" alt=\"\" class=\"ultimate-slide-img\" style=\"max-width: 100%; width: 85%; height: auto; border-radius: 0; margin-bottom: 15px;\">\n\t\t\t\t\t\t\t\t  \t<span class=\"content-section\" style=\"text-align: center; display: block;\">\n\t\t  \t\t\t\t\t  \t\t\t\t  \t\n\t\t\t  \t<br>\n\n\t\t\t  \t\t\t  \t<\/span>\n\t\t  <\/div>\n\t\t<\/div>\n\t\t\t\t<div class=\"carousel-caption\" style=\"background: none;\">\n\t\t  <div>\n\t\t  \t\t\t\t\t\t\t  \t<img decoding=\"async\" src=\"https:\/\/montipower.com\/wp-content\/uploads\/2019\/09\/Partnerlogo__Alstom.png\" alt=\"\" class=\"ultimate-slide-img\" style=\"max-width: 100%; width: 85%; height: auto; border-radius: 0; margin-bottom: 15px;\">\n\t\t\t\t\t\t\t\t  \t<span class=\"content-section\" style=\"text-align: center; display: block;\">\n\t\t  \t\t\t\t\t  \t\t\t\t  \t\n\t\t\t  \t<br>\n\n\t\t\t  \t\t\t  \t<\/span>\n\t\t  <\/div>\n\t\t<\/div>\n\t\t\t\t<div class=\"carousel-caption\" style=\"background: none;\">\n\t\t  <div>\n\t\t  \t\t\t\t\t\t\t  \t<img decoding=\"async\" src=\"https:\/\/montipower.com\/wp-content\/uploads\/2019\/09\/Partnerlogo_Basf.png\" alt=\"\" class=\"ultimate-slide-img\" style=\"max-width: 100%; width: 85%; height: auto; border-radius: 0; margin-bottom: 15px;\">\n\t\t\t\t\t\t\t\t  \t<span class=\"content-section\" style=\"text-align: center; display: block;\">\n\t\t  \t\t\t\t\t  \t\t\t\t  \t\n\t\t\t  \t<br>\n\n\t\t\t  \t\t\t  \t<\/span>\n\t\t  <\/div>\n\t\t<\/div>\n\t\t\t\t<div class=\"carousel-caption\" style=\"background: none;\">\n\t\t  <div>\n\t\t  \t\t\t\t\t\t\t  \t<img decoding=\"async\" src=\"https:\/\/montipower.com\/wp-content\/uploads\/2019\/09\/PARTNERLOGO-Bayer.png\" alt=\"\" class=\"ultimate-slide-img\" style=\"max-width: 100%; width: 85%; height: auto; border-radius: 0; margin-bottom: 15px;\">\n\t\t\t\t\t\t\t\t  \t<span class=\"content-section\" style=\"text-align: center; display: block;\">\n\t\t  \t\t\t\t\t  \t\t\t\t  \t\n\t\t\t  \t<br>\n\n\t\t\t  \t\t\t  \t<\/span>\n\t\t  <\/div>\n\t\t<\/div>\n\t\t\t\t<div class=\"carousel-caption\" style=\"background: none;\">\n\t\t  <div>\n\t\t  \t\t\t\t\t\t\t  \t<img decoding=\"async\" src=\"https:\/\/montipower.com\/wp-content\/uploads\/2019\/09\/Partnerlogo_ConocoPhillips.png\" alt=\"\" class=\"ultimate-slide-img\" style=\"max-width: 100%; width: 85%; height: auto; border-radius: 0; margin-bottom: 15px;\">\n\t\t\t\t\t\t\t\t  \t<span class=\"content-section\" style=\"text-align: center; display: block;\">\n\t\t  \t\t\t\t\t  \t\t\t\t  \t\n\t\t\t  \t<br>\n\n\t\t\t  \t\t\t  \t<\/span>\n\t\t  <\/div>\n\t\t<\/div>\n\t\t\t\t<div class=\"carousel-caption\" style=\"background: none;\">\n\t\t  <div>\n\t\t  \t\t\t\t\t\t\t  \t<img decoding=\"async\" src=\"https:\/\/montipower.com\/wp-content\/uploads\/2019\/09\/Partnerlogo_DOW.png\" alt=\"\" class=\"ultimate-slide-img\" style=\"max-width: 100%; width: 85%; height: auto; border-radius: 0; margin-bottom: 15px;\">\n\t\t\t\t\t\t\t\t  \t<span class=\"content-section\" style=\"text-align: center; display: block;\">\n\t\t  \t\t\t\t\t  \t\t\t\t  \t\n\t\t\t  \t<br>\n\n\t\t\t  \t\t\t  \t<\/span>\n\t\t  <\/div>\n\t\t<\/div>\n\t\t\t\t<div class=\"carousel-caption\" style=\"background: none;\">\n\t\t  <div>\n\t\t  \t\t\t\t\t\t\t  \t<img decoding=\"async\" src=\"https:\/\/montipower.com\/wp-content\/uploads\/2019\/09\/Partnerlogo_E.on_.png\" alt=\"\" class=\"ultimate-slide-img\" style=\"max-width: 100%; width: 85%; height: auto; border-radius: 0; margin-bottom: 15px;\">\n\t\t\t\t\t\t\t\t  \t<span class=\"content-section\" style=\"text-align: center; display: block;\">\n\t\t  \t\t\t\t\t  \t\t\t\t  \t\n\t\t\t  \t<br>\n\n\t\t\t  \t\t\t  \t<\/span>\n\t\t  <\/div>\n\t\t<\/div>\n\t\t\t\t<div class=\"carousel-caption\" style=\"background: none;\">\n\t\t  <div>\n\t\t  \t\t\t\t\t\t\t  \t<img decoding=\"async\" src=\"https:\/\/montipower.com\/wp-content\/uploads\/2019\/09\/Partnerlogo_Enbridge.png\" alt=\"\" class=\"ultimate-slide-img\" style=\"max-width: 100%; width: 85%; height: auto; border-radius: 0; margin-bottom: 15px;\">\n\t\t\t\t\t\t\t\t  \t<span class=\"content-section\" style=\"text-align: center; display: block;\">\n\t\t  \t\t\t\t\t  \t\t\t\t  \t\n\t\t\t  \t<br>\n\n\t\t\t  \t\t\t  \t<\/span>\n\t\t  <\/div>\n\t\t<\/div>\n\t\t\t\t<div class=\"carousel-caption\" style=\"background: none;\">\n\t\t  <div>\n\t\t  \t\t\t\t\t\t\t  \t<img decoding=\"async\" src=\"https:\/\/montipower.com\/wp-content\/uploads\/2019\/09\/Partnerlogo_EnBW.png\" alt=\"\" class=\"ultimate-slide-img\" style=\"max-width: 100%; width: 85%; height: auto; border-radius: 0; margin-bottom: 15px;\">\n\t\t\t\t\t\t\t\t  \t<span class=\"content-section\" style=\"text-align: center; display: block;\">\n\t\t  \t\t\t\t\t  \t\t\t\t  \t\n\t\t\t  \t<br>\n\n\t\t\t  \t\t\t  \t<\/span>\n\t\t  <\/div>\n\t\t<\/div>\n\t\t\t\t<div class=\"carousel-caption\" style=\"background: none;\">\n\t\t  <div>\n\t\t  \t\t\t\t\t\t\t  \t<img decoding=\"async\" src=\"https:\/\/montipower.com\/wp-content\/uploads\/2019\/09\/Partnerlogo_Gazprom.png\" alt=\"\" class=\"ultimate-slide-img\" style=\"max-width: 100%; width: 85%; height: auto; border-radius: 0; margin-bottom: 15px;\">\n\t\t\t\t\t\t\t\t  \t<span class=\"content-section\" style=\"text-align: center; display: block;\">\n\t\t  \t\t\t\t\t  \t\t\t\t  \t\n\t\t\t  \t<br>\n\n\t\t\t  \t\t\t  \t<\/span>\n\t\t  <\/div>\n\t\t<\/div>\n\t\t\t\t<div class=\"carousel-caption\" style=\"background: none;\">\n\t\t  <div>\n\t\t  \t\t\t\t\t\t\t  \t<img decoding=\"async\" src=\"https:\/\/montipower.com\/wp-content\/uploads\/2019\/09\/Partnerlogo_Liebherr.png\" alt=\"\" class=\"ultimate-slide-img\" style=\"max-width: 100%; width: 85%; height: auto; border-radius: 0; margin-bottom: 15px;\">\n\t\t\t\t\t\t\t\t  \t<span class=\"content-section\" style=\"text-align: center; display: block;\">\n\t\t  \t\t\t\t\t  \t\t\t\t  \t\n\t\t\t  \t<br>\n\n\t\t\t  \t\t\t  \t<\/span>\n\t\t  <\/div>\n\t\t<\/div>\n\t\t\t\t<div class=\"carousel-caption\" style=\"background: none;\">\n\t\t  <div>\n\t\t  \t\t\t\t\t\t\t  \t<img decoding=\"async\" src=\"https:\/\/montipower.com\/wp-content\/uploads\/2019\/09\/Partnerlogo_MAN.png\" alt=\"\" class=\"ultimate-slide-img\" style=\"max-width: 100%; width: 85%; height: auto; border-radius: 0; margin-bottom: 15px;\">\n\t\t\t\t\t\t\t\t  \t<span class=\"content-section\" style=\"text-align: center; display: block;\">\n\t\t  \t\t\t\t\t  \t\t\t\t  \t\n\t\t\t  \t<br>\n\n\t\t\t  \t\t\t  \t<\/span>\n\t\t  <\/div>\n\t\t<\/div>\n\t\t\t\t<div class=\"carousel-caption\" style=\"background: none;\">\n\t\t  <div>\n\t\t  \t\t\t\t\t\t\t  \t<img decoding=\"async\" src=\"https:\/\/montipower.com\/wp-content\/uploads\/2019\/09\/Partnerlogo_PEMEX.png\" alt=\"\" class=\"ultimate-slide-img\" style=\"max-width: 100%; width: 85%; height: auto; border-radius: 0; margin-bottom: 15px;\">\n\t\t\t\t\t\t\t\t  \t<span class=\"content-section\" style=\"text-align: center; display: block;\">\n\t\t  \t\t\t\t\t  \t\t\t\t  \t\n\t\t\t  \t<br>\n\n\t\t\t  \t\t\t  \t<\/span>\n\t\t  <\/div>\n\t\t<\/div>\n\t\t\t\t<div class=\"carousel-caption\" style=\"background: none;\">\n\t\t  <div>\n\t\t  \t\t\t\t\t\t\t  \t<img decoding=\"async\" src=\"https:\/\/montipower.com\/wp-content\/uploads\/2019\/09\/Partnerlogo_PetroChina.png\" alt=\"\" class=\"ultimate-slide-img\" style=\"max-width: 100%; width: 85%; height: auto; border-radius: 0; margin-bottom: 15px;\">\n\t\t\t\t\t\t\t\t  \t<span class=\"content-section\" style=\"text-align: center; display: block;\">\n\t\t  \t\t\t\t\t  \t\t\t\t  \t\n\t\t\t  \t<br>\n\n\t\t\t  \t\t\t  \t<\/span>\n\t\t  <\/div>\n\t\t<\/div>\n\t\t\t\t<div class=\"carousel-caption\" style=\"background: none;\">\n\t\t  <div>\n\t\t  \t\t\t\t\t\t\t  \t<img decoding=\"async\" src=\"https:\/\/montipower.com\/wp-content\/uploads\/2019\/09\/Partnerlogo_Qatargas.png\" alt=\"\" class=\"ultimate-slide-img\" style=\"max-width: 100%; width: 85%; height: auto; border-radius: 0; margin-bottom: 15px;\">\n\t\t\t\t\t\t\t\t  \t<span class=\"content-section\" style=\"text-align: center; display: block;\">\n\t\t  \t\t\t\t\t  \t\t\t\t  \t\n\t\t\t  \t<br>\n\n\t\t\t  \t\t\t  \t<\/span>\n\t\t  <\/div>\n\t\t<\/div>\n\t\t\t\t<div class=\"carousel-caption\" style=\"background: none;\">\n\t\t  <div>\n\t\t  \t\t\t\t\t\t\t  \t<img decoding=\"async\" src=\"https:\/\/montipower.com\/wp-content\/uploads\/2019\/09\/Partnerlogo_Rijkswaterstaat_oost-nederland.png\" alt=\"\" class=\"ultimate-slide-img\" style=\"max-width: 100%; width: 85%; height: auto; border-radius: 0; margin-bottom: 15px;\">\n\t\t\t\t\t\t\t\t  \t<span class=\"content-section\" style=\"text-align: center; display: block;\">\n\t\t  \t\t\t\t\t  \t\t\t\t  \t\n\t\t\t  \t<br>\n\n\t\t\t  \t\t\t  \t<\/span>\n\t\t  <\/div>\n\t\t<\/div>\n\t\t\t\t<div class=\"carousel-caption\" style=\"background: none;\">\n\t\t  <div>\n\t\t  \t\t\t\t\t\t\t  \t<img decoding=\"async\" src=\"https:\/\/montipower.com\/wp-content\/uploads\/2019\/09\/Akzonobel_300x200px_Grey_72dpi.png\" alt=\"\" class=\"ultimate-slide-img\" style=\"max-width: 100%; width: 85%; height: auto; border-radius: 0; margin-bottom: 15px;\">\n\t\t\t\t\t\t\t\t  \t<span class=\"content-section\" style=\"text-align: center; display: block;\">\n\t\t  \t\t\t\t\t  \t\t\t\t  \t\n\t\t\t  \t<br>\n\n\t\t\t  \t\t\t  \t<\/span>\n\t\t  <\/div>\n\t\t<\/div>\n\t\t\t\t<div class=\"carousel-caption\" style=\"background: none;\">\n\t\t  <div>\n\t\t  \t\t\t\t\t\t\t  \t<img decoding=\"async\" src=\"https:\/\/montipower.com\/wp-content\/uploads\/2019\/09\/Belzona_300x200px_Grey-06_72dpi.png\" alt=\"\" class=\"ultimate-slide-img\" style=\"max-width: 100%; width: 85%; height: auto; border-radius: 0; margin-bottom: 15px;\">\n\t\t\t\t\t\t\t\t  \t<span class=\"content-section\" style=\"text-align: center; display: block;\">\n\t\t  \t\t\t\t\t  \t\t\t\t  \t\n\t\t\t  \t<br>\n\n\t\t\t  \t\t\t  \t<\/span>\n\t\t  <\/div>\n\t\t<\/div>\n\t\t\t\t<div class=\"carousel-caption\" style=\"background: none;\">\n\t\t  <div>\n\t\t  \t\t\t\t\t\t\t  \t<img decoding=\"async\" src=\"https:\/\/montipower.com\/wp-content\/uploads\/2019\/09\/Carboline_300x200px_Grey-07_72dpi.png\" alt=\"\" class=\"ultimate-slide-img\" style=\"max-width: 100%; width: 85%; height: auto; border-radius: 0; margin-bottom: 15px;\">\n\t\t\t\t\t\t\t\t  \t<span class=\"content-section\" style=\"text-align: center; display: block;\">\n\t\t  \t\t\t\t\t  \t\t\t\t  \t\n\t\t\t  \t<br>\n\n\t\t\t  \t\t\t  \t<\/span>\n\t\t  <\/div>\n\t\t<\/div>\n\t\t\t\t<div class=\"carousel-caption\" style=\"background: none;\">\n\t\t  <div>\n\t\t  \t\t\t\t\t\t\t  \t<img decoding=\"async\" src=\"https:\/\/montipower.com\/wp-content\/uploads\/2019\/09\/Chesterton_300x200px_Grey-10_72dpi.png\" alt=\"\" class=\"ultimate-slide-img\" style=\"max-width: 100%; width: 85%; height: auto; border-radius: 0; margin-bottom: 15px;\">\n\t\t\t\t\t\t\t\t  \t<span class=\"content-section\" style=\"text-align: center; display: block;\">\n\t\t  \t\t\t\t\t  \t\t\t\t  \t\n\t\t\t  \t<br>\n\n\t\t\t  \t\t\t  \t<\/span>\n\t\t  <\/div>\n\t\t<\/div>\n\t\t\t\t<div class=\"carousel-caption\" style=\"background: none;\">\n\t\t  <div>\n\t\t  \t\t\t\t\t\t\t  \t<img decoding=\"async\" src=\"https:\/\/montipower.com\/wp-content\/uploads\/2019\/09\/Covalence_300x200px_Grey-11_72dpi.png\" alt=\"\" class=\"ultimate-slide-img\" style=\"max-width: 100%; width: 85%; height: auto; border-radius: 0; margin-bottom: 15px;\">\n\t\t\t\t\t\t\t\t  \t<span class=\"content-section\" style=\"text-align: center; display: block;\">\n\t\t  \t\t\t\t\t  \t\t\t\t  \t\n\t\t\t  \t<br>\n\n\t\t\t  \t\t\t  \t<\/span>\n\t\t  <\/div>\n\t\t<\/div>\n\t\t\t\t<div class=\"carousel-caption\" style=\"background: none;\">\n\t\t  <div>\n\t\t  \t\t\t\t\t\t\t  \t<img decoding=\"async\" src=\"https:\/\/montipower.com\/wp-content\/uploads\/2019\/09\/Denso_300x200px_Grey-16_72dpi.png\" alt=\"\" class=\"ultimate-slide-img\" style=\"max-width: 100%; width: 85%; height: auto; border-radius: 0; margin-bottom: 15px;\">\n\t\t\t\t\t\t\t\t  \t<span class=\"content-section\" style=\"text-align: center; display: block;\">\n\t\t  \t\t\t\t\t  \t\t\t\t  \t\n\t\t\t  \t<br>\n\n\t\t\t  \t\t\t  \t<\/span>\n\t\t  <\/div>\n\t\t<\/div>\n\t\t\t\t<div class=\"carousel-caption\" style=\"background: none;\">\n\t\t  <div>\n\t\t  \t\t\t\t\t\t\t  \t<img decoding=\"async\" src=\"https:\/\/montipower.com\/wp-content\/uploads\/2019\/09\/Deutsche-bahn_300x200px_Grey-12_72dpi.png\" alt=\"\" class=\"ultimate-slide-img\" style=\"max-width: 100%; width: 85%; height: auto; border-radius: 0; margin-bottom: 15px;\">\n\t\t\t\t\t\t\t\t  \t<span class=\"content-section\" style=\"text-align: center; display: block;\">\n\t\t  \t\t\t\t\t  \t\t\t\t  \t\n\t\t\t  \t<br>\n\n\t\t\t  \t\t\t  \t<\/span>\n\t\t  <\/div>\n\t\t<\/div>\n\t\t\t\t<div class=\"carousel-caption\" style=\"background: none;\">\n\t\t  <div>\n\t\t  \t\t\t\t\t\t\t  \t<img decoding=\"async\" src=\"https:\/\/montipower.com\/wp-content\/uploads\/2019\/09\/Equinor_300x200px_Grey-17_72dpi.png\" alt=\"\" class=\"ultimate-slide-img\" style=\"max-width: 100%; width: 85%; height: auto; border-radius: 0; margin-bottom: 15px;\">\n\t\t\t\t\t\t\t\t  \t<span class=\"content-section\" style=\"text-align: center; display: block;\">\n\t\t  \t\t\t\t\t  \t\t\t\t  \t\n\t\t\t  \t<br>\n\n\t\t\t  \t\t\t  \t<\/span>\n\t\t  <\/div>\n\t\t<\/div>\n\t\t\t\t<div class=\"carousel-caption\" style=\"background: none;\">\n\t\t  <div>\n\t\t  \t\t\t\t\t\t\t  \t<img decoding=\"async\" src=\"https:\/\/montipower.com\/wp-content\/uploads\/2019\/09\/Ford_300x200px_Grey-01_72dpi.png\" alt=\"\" class=\"ultimate-slide-img\" style=\"max-width: 100%; width: 85%; height: auto; border-radius: 0; margin-bottom: 15px;\">\n\t\t\t\t\t\t\t\t  \t<span class=\"content-section\" style=\"text-align: center; display: block;\">\n\t\t  \t\t\t\t\t  \t\t\t\t  \t\n\t\t\t  \t<br>\n\n\t\t\t  \t\t\t  \t<\/span>\n\t\t  <\/div>\n\t\t<\/div>\n\t\t\t\t<div class=\"carousel-caption\" style=\"background: none;\">\n\t\t  <div>\n\t\t  \t\t\t\t\t\t\t  \t<img decoding=\"async\" src=\"https:\/\/montipower.com\/wp-content\/uploads\/2019\/09\/Gasunie_300x200px_Grey-18_72dpi.png\" alt=\"\" class=\"ultimate-slide-img\" style=\"max-width: 100%; width: 85%; height: auto; border-radius: 0; margin-bottom: 15px;\">\n\t\t\t\t\t\t\t\t  \t<span class=\"content-section\" style=\"text-align: center; display: block;\">\n\t\t  \t\t\t\t\t  \t\t\t\t  \t\n\t\t\t  \t<br>\n\n\t\t\t  \t\t\t  \t<\/span>\n\t\t  <\/div>\n\t\t<\/div>\n\t\t<\/section>\n\n\t\t<style>\n\t\t\t\t\t\t\t\t\t\t#tdt-slider-41 .slick-next:before, #tdt-slider-41 .slick-prev:before {\n\t\t\t\t\tcolor: #000 !important;\n\t\t\t\t\tbackground:  !important;\n\t\t\t\t\tfont-size: 30px !important;\n\t\t\t\t}\n\t\t\t\t#tdt-slider-41 .slick-prev {\n\t\t\t\t\tleft: 40px !important;\n\t\t\t\t}\n\t\t\t\t#tdt-slider-41 .slick-next {\n\t\t\t\t\tright: 40px !important;\n\t\t\t\t}\n\t\t\t\t\t\t#tdt-slider-41 .slick-slide {\n\t\t\t\tpadding: 0 0px 15px 0px !important;\n\t\t\t}\n\t\t\t#tdt-slider-41 .content-section *{\n\t\t\t\t;\n\t\t\t}\n\t\t\t\t\t\t\t#tdt-slider-41.content-over-slider .slick-slide .content-section {\n\t\t\t\t\ttop: 15%;\n\t\t\t\t}\n\t\t\t\t@media only screen and (max-width: 480px) {\n\t\t\t\t\t#tdt-slider-41.content-over-slider .slick-slide .content-section {\n\t\t\t\t\t\ttop: 35px !important;\n\t\t\t\t\t}\n\t\t\t\t\t#tdt-slider-41.content-over-slider .ultimate-slide-img {\n\t\t\t\t\t\theight: 200px !important;\n\t\t\t\t\t}\n\t\t\t\t}\n\t\t\t\t\t<\/style>\n\t\t<\/div><\/div><\/div><\/div><\/section><\/div>[\/vc_column][\/vc_row]<\/p>\n<\/div>","protected":false},"excerpt":{"rendered":"Cuidados com o meio ambiente Home PREPARA\u00c7\u00c3O DA SUPERF\u00cdCIE SEM VAZAMENTO NA NATUREZA O m\u00e9todo Bristle Blaster\u00ae e MBX\u00ae para","protected":false},"author":19,"featured_media":0,"parent":15471,"menu_order":0,"comment_status":"closed","ping_status":"closed","template":"","meta":{"_acf_changed":false,"content-type":"","footnotes":""},"class_list":["post-15443","page","type-page","status-publish","hentry"],"acf":[],"_links":{"self":[{"href":"https:\/\/montipower.com\/pt-pt\/wp-json\/wp\/v2\/pages\/15443","targetHints":{"allow":["GET"]}}],"collection":[{"href":"https:\/\/montipower.com\/pt-pt\/wp-json\/wp\/v2\/pages"}],"about":[{"href":"https:\/\/montipower.com\/pt-pt\/wp-json\/wp\/v2\/types\/page"}],"author":[{"embeddable":true,"href":"https:\/\/montipower.com\/pt-pt\/wp-json\/wp\/v2\/users\/19"}],"replies":[{"embeddable":true,"href":"https:\/\/montipower.com\/pt-pt\/wp-json\/wp\/v2\/comments?post=15443"}],"version-history":[{"count":2,"href":"https:\/\/montipower.com\/pt-pt\/wp-json\/wp\/v2\/pages\/15443\/revisions"}],"predecessor-version":[{"id":15445,"href":"https:\/\/montipower.com\/pt-pt\/wp-json\/wp\/v2\/pages\/15443\/revisions\/15445"}],"up":[{"embeddable":true,"href":"https:\/\/montipower.com\/pt-pt\/wp-json\/wp\/v2\/pages\/15471"}],"wp:attachment":[{"href":"https:\/\/montipower.com\/pt-pt\/wp-json\/wp\/v2\/media?parent=15443"}],"curies":[{"name":"wp","href":"https:\/\/api.w.org\/{rel}","templated":true}]}}