{"id":15440,"date":"2020-06-08T16:54:02","date_gmt":"2020-06-08T14:54:02","guid":{"rendered":"https:\/\/montipower.com\/care-for-health-safety\/"},"modified":"2021-04-08T15:19:37","modified_gmt":"2021-04-08T13:19:37","slug":"cuidados-com-a-saude-e-seguranca","status":"publish","type":"page","link":"https:\/\/montipower.com\/pt-pt\/sobre\/cuidados-com-a-saude-e-seguranca\/","title":{"rendered":"Cuidados com a sa\u00fade e seguran\u00e7a"},"content":{"rendered":"<div class=\"wpb-content-wrapper\"><p>[vc_section full_width=&#8221;stretch_row&#8221; content_placement=&#8221;bottom&#8221; css=&#8221;.vc_custom_1592566228693{padding-top: 30px !important;padding-bottom: 0px !important;background: #ff1212 url(https:\/\/montipower.com\/wp-content\/uploads\/2019\/10\/9_Helm_Ladder10_Powers_730x596px-1.jpg?id=3456) !important;background-position: center !important;background-repeat: no-repeat !important;background-size: cover !important;}&#8221; el_class=&#8221;topbig&#8221;][vc_row css=&#8221;.vc_custom_1569318223776{padding-right: 100px !important;padding-left: 100px !important;}&#8221;][vc_column width=&#8221;1\/2&#8243;][vc_column_text]<\/p>\n<h1>CUIDADOS DE SA\u00daDE<br \/>\n&amp; SEGURAN\u00c7A<\/h1>\n<p>[\/vc_column_text][\/vc_column][vc_column width=&#8221;1\/2&#8243;][\/vc_column][\/vc_row][vc_row full_width=&#8221;stretch_row_content_no_spaces&#8221; content_placement=&#8221;bottom&#8221; css=&#8221;.vc_custom_1572526136907{padding-top: 0px !important;padding-bottom: 100px !important;background-position: 0 0 !important;background-repeat: no-repeat !important;}&#8221; el_class=&#8221;hometopfotorij&#8221;][vc_column][\/vc_column][\/vc_row][vc_row full_width=&#8221;stretch_row&#8221; css=&#8221;.vc_custom_1572525974229{background-color: #f1f1f1 !important;}&#8221;][vc_column][vc_column_text el_class=&#8221;montbreadcrumbs&#8221; css=&#8221;.vc_custom_1569318576735{padding-right: 100px !important;padding-left: 100px !important;}&#8221;]<nav aria-label=\"breadcrumbs\" class=\"rank-math-breadcrumb\"><p><span class=\"last\">Home<\/span><\/p><\/nav>[\/vc_column_text][\/vc_column][\/vc_row][\/vc_section][vc_section full_width=&#8221;stretch_row&#8221; el_class=&#8221;textcomp&#8221;][vc_row][vc_column][vc_column_text]<\/p>\n<h3>GARANTIR A SEGURAN\u00c7A NO TRABALHO \u00c9 FUNDAMENTAL<\/h3>\n<p>N\u00f3s nos preocupamos com o acesso ergon\u00f3mico e f\u00edsico, bem como com o controle do som, das vibra\u00e7\u00f5es e da poeira. Claro que tudo em conformidade com os regulamentos de seguran\u00e7a locais.<\/p>\n<p>N\u00f3s nos preocupamos com a facilidade de utiliza\u00e7\u00e3o e a ergonomia, para remover os inc\u00f4modos de qualquer trabalho de prepara\u00e7\u00e3o de superf\u00edcies, de uma forma segura e saud\u00e1vel.[\/vc_column_text][vc_column_text]<\/p>\n<h5>SEGURAN\u00c7A PESSOAL<\/h5>\n<p>A utiliza\u00e7\u00e3o das ferramentas e equipamentos MontiPower<sup>\u00ae<\/sup> \u00e9 considerada mais segura do que o jateamento convencional devido ao seguinte:<\/p>\n<ul>\n<li>Baixo risco de les\u00f5es para o operador devido \u00e0 n\u00e3o utiliza\u00e7\u00e3o de press\u00f5es<\/li>\n<li>Design ergon\u00f4mico do equipamento<\/li>\n<li>Natureza das cerdas (n\u00e3o corta atrav\u00e9s das botas de seguran\u00e7a)<\/li>\n<li>Nenhum meio de abrasivo solto ir\u00e1 transpor a \u00e1rea de trabalho<\/li>\n<li>N\u00e3o corta cordas (se for utilizado equipamento de acesso por corda)<\/li>\n<li>Baixo n\u00edvel de ru\u00eddo e vibra\u00e7\u00e3o<\/li>\n<li>F\u00e1cil de operar para o aplicador e uso de \u00f3culos como requisito de EPI<\/li>\n<\/ul>\n<h5>SEGURAN\u00c7A DO AMBIENTE<\/h5>\n<ul>\n<li>Sem elimina\u00e7\u00e3o de res\u00edduos de meios abrasivos soltos<\/li>\n<li>As cintas usadas residuais podem ser devolvidas para reciclagem como lixo dom\u00e9stico normal<\/li>\n<li>Nenhuma contamina\u00e7\u00e3o de poeira para a \u00e1rea em torno pode ser evitada por op\u00e7\u00f5es de controle de poeira<\/li>\n<\/ul>\n<h5>SEGURAN\u00c7A DO PROCESSO<\/h5>\n<ul>\n<li>As cintas n\u00e3o danificam os substratos met\u00e1licos<\/li>\n<li>Podem ser usadas para limpar faces de v\u00e1lvulas, veda\u00e7\u00f5es e at\u00e9 mesmo \u00e1reas de pl\u00e1stico sem danos<\/li>\n<li>Remove a corros\u00e3o sem remover a camada de substrato met\u00e1lico<\/li>\n<li>Pode limpar superf\u00edcies met\u00e1licas sem risco de perfura\u00e7\u00e3o<\/li>\n<li>Sem risco de fratura de perfura\u00e7\u00e3o para tubula\u00e7\u00f5es, tanques de press\u00e3o e estruturas delicadas<\/li>\n<li>(a menos que esteja total\/completamente corro\u00eddo)<\/li>\n<li>Aus\u00eancia de poeira\/res\u00edduos s\u00f3lidos &#8211; sem entupimento de v\u00e1lvulas, entradas de ar, filtros<\/li>\n<\/ul>\n<p>[\/vc_column_text][\/vc_column][\/vc_row][\/vc_section]<\/p>\n<\/div>","protected":false},"excerpt":{"rendered":"<p>[vc_section full_width=&#8221;stretch_row&#8221; content_placement=&#8221;bottom&#8221; css=&#8221;.vc_custom_1592566228693{padding-top: 30px !important;padding-bottom: 0px !important;background: #ff1212 url(https:\/\/montipower.com\/wp-content\/uploads\/2019\/10\/9_Helm_Ladder10_Powers_730x596px-1.jpg?id=3456) !important;background-position: &#8230; <\/p>\n","protected":false},"author":19,"featured_media":14865,"parent":15471,"menu_order":0,"comment_status":"closed","ping_status":"closed","template":"","meta":{"_acf_changed":false,"content-type":"","footnotes":""},"class_list":["post-15440","page","type-page","status-publish","has-post-thumbnail","hentry"],"acf":[],"_links":{"self":[{"href":"https:\/\/montipower.com\/pt-pt\/wp-json\/wp\/v2\/pages\/15440","targetHints":{"allow":["GET"]}}],"collection":[{"href":"https:\/\/montipower.com\/pt-pt\/wp-json\/wp\/v2\/pages"}],"about":[{"href":"https:\/\/montipower.com\/pt-pt\/wp-json\/wp\/v2\/types\/page"}],"author":[{"embeddable":true,"href":"https:\/\/montipower.com\/pt-pt\/wp-json\/wp\/v2\/users\/19"}],"replies":[{"embeddable":true,"href":"https:\/\/montipower.com\/pt-pt\/wp-json\/wp\/v2\/comments?post=15440"}],"version-history":[{"count":2,"href":"https:\/\/montipower.com\/pt-pt\/wp-json\/wp\/v2\/pages\/15440\/revisions"}],"predecessor-version":[{"id":15442,"href":"https:\/\/montipower.com\/pt-pt\/wp-json\/wp\/v2\/pages\/15440\/revisions\/15442"}],"up":[{"embeddable":true,"href":"https:\/\/montipower.com\/pt-pt\/wp-json\/wp\/v2\/pages\/15471"}],"wp:featuredmedia":[{"embeddable":true,"href":"https:\/\/montipower.com\/pt-pt\/wp-json\/wp\/v2\/media\/14865"}],"wp:attachment":[{"href":"https:\/\/montipower.com\/pt-pt\/wp-json\/wp\/v2\/media?parent=15440"}],"curies":[{"name":"wp","href":"https:\/\/api.w.org\/{rel}","templated":true}]}}