{"id":15397,"date":"2019-09-25T13:56:36","date_gmt":"2019-09-25T11:56:36","guid":{"rendered":"https:\/\/montipower.com\/mercados\/infra-solutions\/"},"modified":"2021-04-08T15:42:30","modified_gmt":"2021-04-08T13:42:30","slug":"pontes-ferrovias-portos-e-rodovias","status":"publish","type":"page","link":"https:\/\/montipower.com\/pt-pt\/mercados\/pontes-ferrovias-portos-e-rodovias\/","title":{"rendered":"Pontes, Ferrovias, Portos E Rodovias"},"content":{"rendered":"<div class=\"wpb-content-wrapper\"><p>[vc_section full_width=&#8221;stretch_row&#8221; content_placement=&#8221;bottom&#8221; css=&#8221;.vc_custom_1574970437896{padding-top: 30px !important;padding-bottom: 0px !important;background-image: url(https:\/\/montipower.com\/wp-content\/uploads\/2019\/10\/Our-Story3-1.jpg?id=3365) !important;background-position: center !important;background-repeat: no-repeat !important;background-size: cover !important;}&#8221; el_class=&#8221;topbig&#8221;][vc_row css=&#8221;.vc_custom_1569318223776{padding-right: 100px !important;padding-left: 100px !important;}&#8221;][vc_column width=&#8221;1\/2&#8243;][vc_column_text]<\/p>\n<h1>PONTES, FERROVIAS, PORTOS E RODOVIAS<\/h1>\n<p>[\/vc_column_text][\/vc_column][vc_column width=&#8221;1\/2&#8243;][\/vc_column][\/vc_row][vc_row full_width=&#8221;stretch_row_content_no_spaces&#8221; content_placement=&#8221;bottom&#8221; css=&#8221;.vc_custom_1572537047859{padding-top: 0px !important;padding-bottom: 100px !important;background-position: 0 0 !important;background-repeat: no-repeat !important;}&#8221; el_class=&#8221;hometopfotorij&#8221;][vc_column][\/vc_column][\/vc_row][vc_row full_width=&#8221;stretch_row&#8221; css=&#8221;.vc_custom_1572537058095{background-color: #f1f1f1 !important;}&#8221;][vc_column][vc_column_text el_class=&#8221;montbreadcrumbs&#8221; css=&#8221;.vc_custom_1569318576735{padding-right: 100px !important;padding-left: 100px !important;}&#8221;]<nav aria-label=\"breadcrumbs\" class=\"rank-math-breadcrumb\"><p><span class=\"last\">Home<\/span><\/p><\/nav>[\/vc_column_text][\/vc_column][\/vc_row][\/vc_section][vc_section full_width=&#8221;stretch_row&#8221; el_class=&#8221;textcomp&#8221;][vc_row][vc_column][vc_column_text]<\/p>\n<h3>A PRINCIPAL CAUSA DE FALHAS EM INFRAESTRUTURA DE A\u00c7O<\/h3>\n<p>[\/vc_column_text][vc_column_text]At\u00e9 os anos 80, as tintas utilizadas na maioria das infraestruturas de a\u00e7o continham chumbo vermelho e, em algumas ocasi\u00f5es, amianto. A inspe\u00e7\u00e3o e manuten\u00e7\u00e3o peri\u00f3dica destas infraestruturas p\u00fablicas \u00e9 uma empreitada dispendiosa devido \u00e0s quest\u00f5es ambientais e de sa\u00fade e seguran\u00e7a dos trabalhadores que est\u00e3o associadas.[\/vc_column_text][vc_column_text]<\/p>\n<h5>INTENSIVOS EM M\u00c3O-DE-OBRA E PERIGOSO<\/h5>\n<p>A manuten\u00e7\u00e3o da Infraestrutura P\u00fablica do A\u00e7o consiste na remo\u00e7\u00e3o de ferrugem\/pintura e no revestimento repetido. Um m\u00e9todo eficaz e eficiente de remo\u00e7\u00e3o de tinta em grande escala \u00e9 a jateamento com granalha, e aqui est\u00e1 o problema cr\u00edtico. O jateamento com granalha \u00e9 extremamente trabalhoso e perigoso e \u00e9 a opera\u00e7\u00e3o mais cara necess\u00e1ria durante a manuten\u00e7\u00e3o de pontes de a\u00e7o. Os trabalhadores n\u00e3o apenas passam longos per\u00edodos de tempo manipulando for\u00e7as de 100 N ou mais, mas tamb\u00e9m tomam precau\u00e7\u00f5es para evitar a exposi\u00e7\u00e3o \u00e0 poeira que cont\u00e9m produtos qu\u00edmicos perigosos.<\/p>\n<h5>CONTROLE DE POEIRA ACIONADO POR BATERIA<\/h5>\n<p>Al\u00e9m disso, os m\u00e9todos de jateamento de granalha tamb\u00e9m criam problemas ambientais. Por exemplo, o jateamento transforma o revestimento t\u00f3xico em um p\u00f3 fino, transportado pelo ar, que os trabalhadores podem inalar e que polui o ambiente ao redor. Com toda a extens\u00e3o da toxicidade e dos danos \u00e0 sa\u00fade em longo prazo causados pelo chumbo\/amianto, ou revestimento contendo cromato 6, as opera\u00e7\u00f5es de manuten\u00e7\u00e3o p\u00fablica devem ser completamente fechadas, a fim de evitar a contamina\u00e7\u00e3o do ambiente e evitar riscos potenciais para a sa\u00fade do p\u00fablico em geral. Assim, a escolha das solu\u00e7\u00f5es MontiPower\u00ae, incluindo o controle de poeira acionado por bateria, ajudar\u00e1 com um impacto significativo na sa\u00fade, seguran\u00e7a e economia.[\/vc_column_text][\/vc_column][\/vc_row][vc_row][vc_column][vc_single_image image=&#8221;5446&#8243; img_size=&#8221;1024&#215;800&#8243; alignment=&#8221;center&#8221;][\/vc_column][\/vc_row][\/vc_section][vc_section full_width=&#8221;stretch_row&#8221; el_class=&#8221;solutionscomp&#8221; css=&#8221;.vc_custom_1572537115228{padding-bottom: 100px !important;}&#8221;][vc_row css=&#8221;.vc_custom_1569314205235{padding-right: 50px !important;padding-left: 50px !important;}&#8221;][vc_column][vc_column_text]<\/p>\n<h2 style=\"text-align: center;\">DESCUBRA NOSSOS PRODUTOS<\/h2>\n<p>[\/vc_column_text][vc_row_inner][vc_column_inner width=&#8221;1\/3&#8243;][vc_btn title=&#8221;Bristle Blaster<sup>\u00ae<\/sup>&#8221; style=&#8221;classic&#8221; shape=&#8221;square&#8221; size=&#8221;lg&#8221; align=&#8221;center&#8221; button_block=&#8221;true&#8221; link=&#8221;url:https%3A%2F%2Fmontipower.com%2Fpt-pt%2Fprodutos%2Fferramentas-motorizadas%2Fbristle-blaster-eletrico%2F|title:Bristle%20Blaster&#8221; el_class=&#8221;solutions-button&#8221;][\/vc_column_inner][vc_column_inner width=&#8221;1\/3&#8243;][vc_btn title=&#8221;Bristle Blaster<sup>\u00ae<\/sup> Sem Fio&#8221; style=&#8221;classic&#8221; shape=&#8221;square&#8221; size=&#8221;lg&#8221; align=&#8221;center&#8221; button_block=&#8221;true&#8221; link=&#8221;url:https%3A%2F%2Fmontipower.com%2Fpt-pt%2Fprodutos%2Fferramentas-motorizadas%2Fbristle-blaster-sem-fio%2F|title:Cordless&#8221; el_class=&#8221;solutions-button&#8221;][\/vc_column_inner][vc_column_inner width=&#8221;1\/3&#8243;][vc_btn title=&#8221;Quattro (Q4)&#8221; style=&#8221;classic&#8221; shape=&#8221;square&#8221; size=&#8221;lg&#8221; align=&#8221;center&#8221; button_block=&#8221;true&#8221; link=&#8221;url:https%3A%2F%2Fmontipower.com%2Fpt-pt%2Fprodutos%2Fmaquinas-motorizadas%2Fquattro-4%2F|title:Quattro&#8221; el_class=&#8221;solutions-button&#8221;][\/vc_column_inner][\/vc_row_inner][\/vc_column][\/vc_row][\/vc_section]<\/p>\n<\/div>","protected":false},"excerpt":{"rendered":"<p>[vc_section full_width=&#8221;stretch_row&#8221; content_placement=&#8221;bottom&#8221; css=&#8221;.vc_custom_1574970437896{padding-top: 30px !important;padding-bottom: 0px !important;background-image: url(https:\/\/montipower.com\/wp-content\/uploads\/2019\/10\/Our-Story3-1.jpg?id=3365) !important;background-position: center &#8230; <\/p>\n","protected":false},"author":19,"featured_media":15399,"parent":14924,"menu_order":0,"comment_status":"closed","ping_status":"closed","template":"","meta":{"_acf_changed":false,"content-type":"","footnotes":""},"class_list":["post-15397","page","type-page","status-publish","has-post-thumbnail","hentry"],"acf":[],"_links":{"self":[{"href":"https:\/\/montipower.com\/pt-pt\/wp-json\/wp\/v2\/pages\/15397","targetHints":{"allow":["GET"]}}],"collection":[{"href":"https:\/\/montipower.com\/pt-pt\/wp-json\/wp\/v2\/pages"}],"about":[{"href":"https:\/\/montipower.com\/pt-pt\/wp-json\/wp\/v2\/types\/page"}],"author":[{"embeddable":true,"href":"https:\/\/montipower.com\/pt-pt\/wp-json\/wp\/v2\/users\/19"}],"replies":[{"embeddable":true,"href":"https:\/\/montipower.com\/pt-pt\/wp-json\/wp\/v2\/comments?post=15397"}],"version-history":[{"count":4,"href":"https:\/\/montipower.com\/pt-pt\/wp-json\/wp\/v2\/pages\/15397\/revisions"}],"predecessor-version":[{"id":15981,"href":"https:\/\/montipower.com\/pt-pt\/wp-json\/wp\/v2\/pages\/15397\/revisions\/15981"}],"up":[{"embeddable":true,"href":"https:\/\/montipower.com\/pt-pt\/wp-json\/wp\/v2\/pages\/14924"}],"wp:featuredmedia":[{"embeddable":true,"href":"https:\/\/montipower.com\/pt-pt\/wp-json\/wp\/v2\/media\/15399"}],"wp:attachment":[{"href":"https:\/\/montipower.com\/pt-pt\/wp-json\/wp\/v2\/media?parent=15397"}],"curies":[{"name":"wp","href":"https:\/\/api.w.org\/{rel}","templated":true}]}}