{"id":15380,"date":"2020-06-04T10:18:04","date_gmt":"2020-06-04T08:18:04","guid":{"rendered":"https:\/\/montipower.com\/mercados\/wind-renewable-energy\/"},"modified":"2021-04-15T14:19:30","modified_gmt":"2021-04-15T12:19:30","slug":"energia-eolica-renovavel","status":"publish","type":"page","link":"https:\/\/montipower.com\/pt-pt\/mercados\/energia-eolica-renovavel\/","title":{"rendered":"Energia E\u00f3lica \/ Renov\u00e1vel"},"content":{"rendered":"<div class=\"wpb-content-wrapper\"><p>[vc_section full_width=&#8221;stretch_row&#8221; content_placement=&#8221;bottom&#8221; css=&#8221;.vc_custom_1591258678479{padding-top: 30px !important;padding-bottom: 0px !important;background: #ff1212 url(https:\/\/montipower.com\/wp-content\/uploads\/2019\/10\/Windmill_RGB_72dpi-1.jpg?id=3478) !important;background-position: center !important;background-repeat: no-repeat !important;background-size: cover !important;}&#8221; el_class=&#8221;topbig&#8221;][vc_row css=&#8221;.vc_custom_1569318223776{padding-right: 100px !important;padding-left: 100px !important;}&#8221;][vc_column width=&#8221;1\/2&#8243;][vc_column_text]<\/p>\n<h1>Energia E\u00f3lica\/<br \/>\nRenov\u00e1vel<\/h1>\n<p>[\/vc_column_text][\/vc_column][vc_column width=&#8221;1\/2&#8243;][\/vc_column][\/vc_row][vc_row full_width=&#8221;stretch_row_content_no_spaces&#8221; content_placement=&#8221;bottom&#8221; css=&#8221;.vc_custom_1572526136907{padding-top: 0px !important;padding-bottom: 100px !important;background-position: 0 0 !important;background-repeat: no-repeat !important;}&#8221; el_class=&#8221;hometopfotorij&#8221;][vc_column][\/vc_column][\/vc_row][vc_row full_width=&#8221;stretch_row&#8221; css=&#8221;.vc_custom_1572525974229{background-color: #f1f1f1 !important;}&#8221;][vc_column][vc_column_text el_class=&#8221;montbreadcrumbs&#8221; css=&#8221;.vc_custom_1569318576735{padding-right: 100px !important;padding-left: 100px !important;}&#8221;]<nav aria-label=\"breadcrumbs\" class=\"rank-math-breadcrumb\"><p><span class=\"last\">Home<\/span><\/p><\/nav>[\/vc_column_text][\/vc_column][\/vc_row][\/vc_section][vc_section full_width=&#8221;stretch_row&#8221; el_class=&#8221;textcomp&#8221;][vc_row][vc_column][vc_column_text]Com a nossa presen\u00e7a global nos principais locais de energia e\u00f3lica, fornecemos solu\u00e7\u00f5es <a href=\"https:\/\/montipower.com\/pt-pt\/produtos\/ferramentas-motorizadas\/bristle-blaster-sem-fio\/\">sem fio<\/a> de acesso por corda adaptadas \u00e0s suas necessidades. N\u00f3s lhe asseguramos confiabilidade em longo prazo e um elevado rendimento de produ\u00e7\u00e3o. Muitas das nossas solu\u00e7\u00f5es mais vendidas s\u00e3o desenvolvidas em estreita colabora\u00e7\u00e3o com subcontratados de revestimento por corda de acesso. Isto assegura que as nossas solu\u00e7\u00f5es podem ultrapassar os limites de desempenho. E, podemos usar nossa experi\u00eancia em aplica\u00e7\u00e3o de <a href=\"https:\/\/montipower.com\/pt-pt\/produtos\/maquinas-motorizadas\/prepper-q10-operacao-modo-montado\/\">Prepper<sup>\u00ae<\/sup><\/a> robotizado para ajudar a aumentar o seu rendimento de produ\u00e7\u00e3o.<\/p>\n<p>Trabalhar com MontiPower<sup>\u00ae<\/sup> significa que voc\u00ea obt\u00e9m um ponto de contato, garantindo simplicidade e capacidade de resposta.[\/vc_column_text][\/vc_column][\/vc_row][vc_row][vc_column][vc_single_image image=&#8221;739&#8243;][\/vc_column][\/vc_row][\/vc_section]<\/p>\n<\/div>","protected":false},"excerpt":{"rendered":"<p>[vc_section full_width=&#8221;stretch_row&#8221; content_placement=&#8221;bottom&#8221; css=&#8221;.vc_custom_1591258678479{padding-top: 30px !important;padding-bottom: 0px !important;background: #ff1212 url(https:\/\/montipower.com\/wp-content\/uploads\/2019\/10\/Windmill_RGB_72dpi-1.jpg?id=3478) !important;background-position: &#8230; <\/p>\n","protected":false},"author":19,"featured_media":15381,"parent":14924,"menu_order":0,"comment_status":"closed","ping_status":"closed","template":"","meta":{"_acf_changed":false,"content-type":"","footnotes":""},"class_list":["post-15380","page","type-page","status-publish","has-post-thumbnail","hentry"],"acf":[],"_links":{"self":[{"href":"https:\/\/montipower.com\/pt-pt\/wp-json\/wp\/v2\/pages\/15380","targetHints":{"allow":["GET"]}}],"collection":[{"href":"https:\/\/montipower.com\/pt-pt\/wp-json\/wp\/v2\/pages"}],"about":[{"href":"https:\/\/montipower.com\/pt-pt\/wp-json\/wp\/v2\/types\/page"}],"author":[{"embeddable":true,"href":"https:\/\/montipower.com\/pt-pt\/wp-json\/wp\/v2\/users\/19"}],"replies":[{"embeddable":true,"href":"https:\/\/montipower.com\/pt-pt\/wp-json\/wp\/v2\/comments?post=15380"}],"version-history":[{"count":2,"href":"https:\/\/montipower.com\/pt-pt\/wp-json\/wp\/v2\/pages\/15380\/revisions"}],"predecessor-version":[{"id":16103,"href":"https:\/\/montipower.com\/pt-pt\/wp-json\/wp\/v2\/pages\/15380\/revisions\/16103"}],"up":[{"embeddable":true,"href":"https:\/\/montipower.com\/pt-pt\/wp-json\/wp\/v2\/pages\/14924"}],"wp:featuredmedia":[{"embeddable":true,"href":"https:\/\/montipower.com\/pt-pt\/wp-json\/wp\/v2\/media\/15381"}],"wp:attachment":[{"href":"https:\/\/montipower.com\/pt-pt\/wp-json\/wp\/v2\/media?parent=15380"}],"curies":[{"name":"wp","href":"https:\/\/api.w.org\/{rel}","templated":true}]}}