{"id":14954,"date":"2019-07-30T07:41:32","date_gmt":"2019-07-30T07:41:32","guid":{"rendered":"https:\/\/montipower.com\/products\/"},"modified":"2025-01-22T09:48:59","modified_gmt":"2025-01-22T08:48:59","slug":"produtos","status":"publish","type":"page","link":"https:\/\/montipower.com\/pt-pt\/produtos\/","title":{"rendered":"Op\u00e7\u00f5es"},"content":{"rendered":"<div class=\"wpb-content-wrapper\"><p>[vc_section full_width=&#8221;stretch_row&#8221; content_placement=&#8221;bottom&#8221; css=&#8221;.vc_custom_1569320141112{padding-top: 30px !important;padding-bottom: 0px !important;background-color: #ff1212 !important;background-position: center !important;background-repeat: no-repeat !important;background-size: cover !important;}&#8221; el_class=&#8221;topbig&#8221;][vc_row css=&#8221;.vc_custom_1569318223776{padding-right: 100px !important;padding-left: 100px !important;}&#8221;][vc_column width=&#8221;1\/2&#8243;][vc_column_text css=&#8221;&#8221;]<\/p>\n<h1>Op\u00e7\u00f5es<\/h1>\n<p>[\/vc_column_text][\/vc_column][vc_column width=&#8221;1\/2&#8243;][\/vc_column][\/vc_row][vc_row full_width=&#8221;stretch_row_content_no_spaces&#8221; content_placement=&#8221;bottom&#8221; css=&#8221;.vc_custom_1572535341724{padding-top: 0px !important;padding-bottom: 100px !important;background-position: 0 0 !important;background-repeat: no-repeat !important;}&#8221; el_class=&#8221;hometopfotorij&#8221;][vc_column][\/vc_column][\/vc_row][vc_row full_width=&#8221;stretch_row&#8221; css=&#8221;.vc_custom_1572535350920{background-color: #f1f1f1 !important;}&#8221;][vc_column][vc_column_text css=&#8221;.vc_custom_1569318576735{padding-right: 100px !important;padding-left: 100px !important;}&#8221; el_class=&#8221;montbreadcrumbs&#8221;]<nav aria-label=\"breadcrumbs\" class=\"rank-math-breadcrumb\"><p><span class=\"last\">Home<\/span><\/p><\/nav>[\/vc_column_text][\/vc_column][\/vc_row][\/vc_section][vc_section full_width=&#8221;stretch_row&#8221; el_class=&#8221;textcomp&#8221;][vc_row disable_element=&#8221;yes&#8221;][vc_column][vc_column_text]O equipamento Bristle Blaster<sup>\u00ae<\/sup> da MontiPower<sup>\u00ae<\/sup> foi &#8211; e \u00e9 &#8211; um sensacional avan\u00e7o quando se trata de uma alternativa ao &#8220;Jateamento com granalha&#8221;. Foi desenvolvido para tornar um reparo pontual (40% de todos os trabalhos de reparo no tratamento de superf\u00edcie do a\u00e7o s\u00e3o reparos pontuais!) qualitativa e produtivamente dispon\u00edvel para o mercado como um suplemento ao jateamento. As caracter\u00edsticas patenteadas do Bristle Blaster<sup>\u00ae<\/sup> formam a base de nossos novos modelos de m\u00e1quinas, que agora est\u00e3o sendo lan\u00e7ados nos diversos mercados.[\/vc_column_text][\/vc_column][\/vc_row][vc_row disable_element=&#8221;yes&#8221;][vc_column][vc_column_text]Temos a solu\u00e7\u00e3o certa para seu problema. Se voc\u00ea precisa de uma ferramenta motorizada para a ind\u00fastria automotiva ou uma m\u00e1quina motorizada para uso offshore, n\u00f3s temos o produto certo para voc\u00ea.<br \/>\nTemos solu\u00e7\u00f5es para todos os setores, desde o industrial ao mar\u00edtimo, desde o de mobilidade ao de infraestrutura. Com a ajuda do MontiPower<sup>\u00ae<\/sup>, voc\u00ea pode resolver desafios complexos todos os dias. Informe-se sobre nossos produtos para obter <a href=\"https:\/\/montipower.com\/pt-pt\/\">maiores<\/a> informa\u00e7\u00f5es.[\/vc_column_text][\/vc_column][\/vc_row][vc_row css=&#8221;.vc_custom_1572353854868{padding-right: 50px !important;padding-left: 50px !important;}&#8221;][vc_column][vc_row_inner disable_element=&#8221;yes&#8221;][vc_column_inner width=&#8221;1\/3&#8243;][vc_btn title=&#8221;FERRAMENTAS MOTORIZADAS&#8221; style=&#8221;classic&#8221; shape=&#8221;square&#8221; size=&#8221;lg&#8221; align=&#8221;center&#8221; button_block=&#8221;true&#8221; link=&#8221;url:https%3A%2F%2Fmontipower.com%2Fpt-pt%2Fprodutos%2Fferramentas-motorizadas%2F|title:powertools&#8221; el_class=&#8221;solutions-button&#8221;][\/vc_column_inner][vc_column_inner width=&#8221;1\/3&#8243;][\/vc_column_inner][vc_column_inner width=&#8221;1\/3&#8243;][vc_btn title=&#8221;M\u00c1QUINAS MOTORIZADAS&#8221; style=&#8221;classic&#8221; shape=&#8221;square&#8221; size=&#8221;lg&#8221; align=&#8221;center&#8221; button_block=&#8221;true&#8221; link=&#8221;url:https%3A%2F%2Fmontipower.com%2Fpt-pt%2Fprodutos%2Fmaquinas-motorizadas%2F|title:power%20machines&#8221; el_class=&#8221;solutions-button&#8221;][\/vc_column_inner][\/vc_row_inner][vc_row_inner][vc_column_inner width=&#8221;1\/3&#8243;][vc_btn title=&#8221;ACESS\u00d3RIOS DE AR LIMPO&#8221; style=&#8221;classic&#8221; shape=&#8221;square&#8221; size=&#8221;lg&#8221; align=&#8221;center&#8221; button_block=&#8221;true&#8221; link=&#8221;url:https%3A%2F%2Fmontipower.com%2Fpt-pt%2Fprodutos%2Facessorios-para-ar-limpo%2F|title:Accessoires&#8221; el_class=&#8221;solutions-button&#8221;][\/vc_column_inner][vc_column_inner width=&#8221;1\/3&#8243;][vc_btn title=&#8221;PE\u00c7AS SOBRESSALENTES&#8221; style=&#8221;classic&#8221; shape=&#8221;square&#8221; size=&#8221;lg&#8221; align=&#8221;center&#8221; button_block=&#8221;true&#8221; link=&#8221;url:https%3A%2F%2Fmontipower.com%2Fpt-pt%2Fprodutos%2Fpecas-sobressalentes%2F|title:spare%20parts&#8221; el_class=&#8221;solutions-button&#8221;][\/vc_column_inner][vc_column_inner width=&#8221;1\/3&#8243;][vc_btn title=&#8221;CINTAS COM CERDAS DE A\u00c7O&#8221; style=&#8221;classic&#8221; shape=&#8221;square&#8221; size=&#8221;lg&#8221; align=&#8221;center&#8221; button_block=&#8221;true&#8221; link=&#8221;url:https%3A%2F%2Fmontipower.com%2Fpt-pt%2Fprodutos%2Fcintas-abrasivas%2F|title:abrasive%20belts&#8221; el_class=&#8221;solutions-button&#8221;][\/vc_column_inner][\/vc_row_inner][\/vc_column][\/vc_row][\/vc_section][vc_section disable_element=&#8221;yes&#8221; css=&#8221;.vc_custom_1726496385954{padding-top: 40px !important;}&#8221;][vc_row gap=&#8221;35&#8243; content_placement=&#8221;middle&#8221; css=&#8221;.vc_custom_1569500430462{margin-right: 100px !important;margin-left: 100px !important;padding-bottom: 80px !important;background-color: #ffffff !important;}&#8221;][vc_column width=&#8221;1\/2&#8243; css=&#8221;.vc_custom_1569498569540{padding-top: 0px !important;}&#8221;][vc_single_image image=&#8221;4646&#8243; img_size=&#8221;730&#215;596&#8243; el_class=&#8221;uitgelichtfoto&#8221;][vc_btn title=&#8221;FERRAMENTAS MOTORIZADAS&#8221; style=&#8221;classic&#8221; shape=&#8221;square&#8221; align=&#8221;left&#8221; link=&#8221;url:https%3A%2F%2Fmontipower.com%2Fpt-pt%2Fprodutos%2Fferramentas-motorizadas%2F|title:Powertools&#8221; el_class=&#8221;uitgelichtebutton&#8221;][\/vc_column][vc_column width=&#8221;1\/2&#8243;][vc_column_text]<\/p>\n<h3>CERDAS DE A\u00c7O<\/h3>\n<p>As \u00fanicas ferramentas manuais de bateria motorizada do mundo que podem realizar &#8220;graus de limpeza de 95% ou 100% com rugosidade de 50 &#8211; 98 m\u00edcrons de profundidade&#8221;. A tecnologia patenteada permite que a corros\u00e3o e os revestimentos sejam removidos r\u00e1pida e completamente.[\/vc_column_text][\/vc_column][\/vc_row][\/vc_section][vc_section el_class=&#8221;featurright&#8221;][vc_row gap=&#8221;35&#8243; content_placement=&#8221;middle&#8221; css=&#8221;.vc_custom_1572357743837{background-color: #ffffff !important;}&#8221;][vc_column width=&#8221;1\/2&#8243;][vc_column_text]<\/p>\n<h3>CINTAS COM CERDAS DE A\u00c7O<\/h3>\n<p>Dependendo do campo de trabalho, h\u00e1 muitos tipos diferentes de CINTAS.<br \/>\nEscolha sabiamente a cinta certa.[\/vc_column_text][vc_btn title=&#8221;CINTAS&#8221; style=&#8221;classic&#8221; shape=&#8221;square&#8221; align=&#8221;left&#8221; link=&#8221;url:https%3A%2F%2Fmontipower.com%2Fpt-pt%2Fprodutos%2Fcintas-abrasivas%2F|title:belts&#8221; el_class=&#8221;uitgelichtebutton&#8221;][\/vc_column][vc_column width=&#8221;1\/2&#8243; css=&#8221;.vc_custom_1569498569540{padding-top: 0px !important;}&#8221;][vc_single_image image=&#8221;5763&#8243; img_size=&#8221;730&#215;596&#8243; el_class=&#8221;uitgelichtfotoright&#8221;][\/vc_column][\/vc_row][\/vc_section][vc_section disable_element=&#8221;yes&#8221; css=&#8221;.vc_custom_1726496392423{padding-top: 40px !important;}&#8221;][vc_row gap=&#8221;35&#8243; content_placement=&#8221;middle&#8221; css=&#8221;.vc_custom_1569500430462{margin-right: 100px !important;margin-left: 100px !important;padding-bottom: 80px !important;background-color: #ffffff !important;}&#8221;][vc_column width=&#8221;1\/2&#8243; css=&#8221;.vc_custom_1569498569540{padding-top: 0px !important;}&#8221;][vc_single_image image=&#8221;4652&#8243; img_size=&#8221;730&#215;596&#8243; el_class=&#8221;uitgelichtfoto&#8221;][\/vc_column][vc_column width=&#8221;1\/2&#8243;][vc_column_text]<\/p>\n<h3>M\u00c1QUINAS MOTORIZADAS que trabalham com press\u00e3o de \u00e1gua<\/h3>\n<p>As caracter\u00edsticas patenteadas do Bristle Blaster<sup>\u00ae<\/sup> formam a base para novas m\u00e1quinas motorizadas e inova\u00e7\u00f5es que agora est\u00e3o encontrando seu lugar no mercado.[\/vc_column_text][vc_btn title=&#8221;M\u00c1QUINAS MOTORIZADAS&#8221; style=&#8221;classic&#8221; shape=&#8221;square&#8221; align=&#8221;left&#8221; link=&#8221;url:https%3A%2F%2Fmontipower.com%2Fpt-pt%2Fprodutos%2Fmaquinas-motorizadas%2F|title:power%20machines&#8221; el_class=&#8221;uitgelichtebutton&#8221;][\/vc_column][\/vc_row][\/vc_section][vc_section css=&#8221;.vc_custom_1569500364650{padding-top: 40px !important;}&#8221;][vc_row gap=&#8221;35&#8243; content_placement=&#8221;middle&#8221; css=&#8221;.vc_custom_1569500430462{margin-right: 100px !important;margin-left: 100px !important;padding-bottom: 80px !important;background-color: #ffffff !important;}&#8221;][vc_column width=&#8221;1\/2&#8243; css=&#8221;.vc_custom_1569498569540{padding-top: 0px !important;}&#8221;][vc_single_image image=&#8221;5766&#8243; img_size=&#8221;730&#215;596&#8243; el_class=&#8221;uitgelichtfoto&#8221;][\/vc_column][vc_column width=&#8221;1\/2&#8243;][vc_column_text]<\/p>\n<h3>PE\u00c7AS SOBRESSALENTES PARA NOVAS INOVA\u00c7\u00d5ES<\/h3>\n<p>est\u00e3o dispon\u00edveis.[\/vc_column_text][vc_btn title=&#8221;PE\u00c7AS SOBRESSALENTES&#8221; style=&#8221;classic&#8221; shape=&#8221;square&#8221; align=&#8221;left&#8221; link=&#8221;url:https%3A%2F%2Fmontipower.com%2Fpt-pt%2Fprodutos%2Fpecas-sobressalentes%2F|title:spare%20parts&#8221; el_class=&#8221;uitgelichtebutton&#8221;][\/vc_column][\/vc_row][\/vc_section][vc_section el_class=&#8221;featurright&#8221;][vc_row gap=&#8221;35&#8243; content_placement=&#8221;middle&#8221; css=&#8221;.vc_custom_1572357743837{background-color: #ffffff !important;}&#8221;][vc_column width=&#8221;1\/2&#8243;][vc_column_text]<\/p>\n<h3>ACESS\u00d3RIOS DE AR LIMPO<\/h3>\n<p>Atrav\u00e9s do nosso parceiro CAS podemos apoi\u00e1-lo com solu\u00e7\u00f5es de aspiradores de mochila ou para as ferramentas pneum\u00e1ticas MBX<sup>\u00ae<\/sup> com solu\u00e7\u00f5es baseadas no princ\u00edpio Venturi.[\/vc_column_text][vc_btn title=&#8221;ACESS\u00d3RIOS&#8221; style=&#8221;classic&#8221; shape=&#8221;square&#8221; align=&#8221;left&#8221; link=&#8221;url:https%3A%2F%2Fmontipower.com%2Fpt-pt%2Fprodutos%2Facessorios-para-ar-limpo%2F|title:accessoires&#8221; el_class=&#8221;uitgelichtebutton&#8221;][\/vc_column][vc_column width=&#8221;1\/2&#8243; css=&#8221;.vc_custom_1569498569540{padding-top: 0px !important;}&#8221;][vc_single_image image=&#8221;44897&#8243; img_size=&#8221;730&#215;596&#8243; el_class=&#8221;uitgelichtfotoright&#8221;][\/vc_column][\/vc_row][\/vc_section]<\/p>\n<\/div>","protected":false},"excerpt":{"rendered":"<p>[vc_section full_width=&#8221;stretch_row&#8221; content_placement=&#8221;bottom&#8221; css=&#8221;.vc_custom_1569320141112{padding-top: 30px !important;padding-bottom: 0px !important;background-color: #ff1212 !important;background-position: center &#8230; <\/p>\n","protected":false},"author":11,"featured_media":14956,"parent":0,"menu_order":0,"comment_status":"closed","ping_status":"open","template":"","meta":{"_acf_changed":false,"content-type":"","footnotes":""},"class_list":["post-14954","page","type-page","status-publish","has-post-thumbnail","hentry"],"acf":[],"_links":{"self":[{"href":"https:\/\/montipower.com\/pt-pt\/wp-json\/wp\/v2\/pages\/14954","targetHints":{"allow":["GET"]}}],"collection":[{"href":"https:\/\/montipower.com\/pt-pt\/wp-json\/wp\/v2\/pages"}],"about":[{"href":"https:\/\/montipower.com\/pt-pt\/wp-json\/wp\/v2\/types\/page"}],"author":[{"embeddable":true,"href":"https:\/\/montipower.com\/pt-pt\/wp-json\/wp\/v2\/users\/11"}],"replies":[{"embeddable":true,"href":"https:\/\/montipower.com\/pt-pt\/wp-json\/wp\/v2\/comments?post=14954"}],"version-history":[{"count":13,"href":"https:\/\/montipower.com\/pt-pt\/wp-json\/wp\/v2\/pages\/14954\/revisions"}],"predecessor-version":[{"id":58866,"href":"https:\/\/montipower.com\/pt-pt\/wp-json\/wp\/v2\/pages\/14954\/revisions\/58866"}],"wp:featuredmedia":[{"embeddable":true,"href":"https:\/\/montipower.com\/pt-pt\/wp-json\/wp\/v2\/media\/14956"}],"wp:attachment":[{"href":"https:\/\/montipower.com\/pt-pt\/wp-json\/wp\/v2\/media?parent=14954"}],"curies":[{"name":"wp","href":"https:\/\/api.w.org\/{rel}","templated":true}]}}