{"id":9963,"date":"2020-06-04T10:13:44","date_gmt":"2020-06-04T08:13:44","guid":{"rendered":"https:\/\/monti.la-compagnie.digital\/clientele\/weld-cleaning\/"},"modified":"2021-04-24T20:21:13","modified_gmt":"2021-04-24T18:21:13","slug":"nettoyage-des-soudures","status":"publish","type":"page","link":"https:\/\/montipower.com\/fr\/clientele\/nettoyage-des-soudures\/","title":{"rendered":"Soudage"},"content":{"rendered":"<div class=\"wpb-content-wrapper\"><p>[vc_section full_width=&#8221;stretch_row&#8221; content_placement=&#8221;bottom&#8221; css=&#8221;.vc_custom_1592821416854{padding-top: 30px !important;padding-bottom: 0px !important;background: #ff1212 url(https:\/\/montipower.com\/wp-content\/uploads\/2020\/06\/FieldJoint_higres-scaled.jpg?id=5479) !important;background-position: center !important;background-repeat: no-repeat !important;background-size: cover !important;}&#8221; el_class=&#8221;topbig&#8221;][vc_row css=&#8221;.vc_custom_1569318223776{padding-right: 100px !important;padding-left: 100px !important;}&#8221;][vc_column width=&#8221;1\/2&#8243;][vc_column_text]<\/p>\n<h1 class=\"p1\">SOUDAGE<\/h1>\n<p>[\/vc_column_text][\/vc_column][vc_column width=&#8221;1\/2&#8243;][\/vc_column][\/vc_row][vc_row full_width=&#8221;stretch_row_content_no_spaces&#8221; content_placement=&#8221;bottom&#8221; css=&#8221;.vc_custom_1572526136907{padding-top: 0px !important;padding-bottom: 100px !important;background-position: 0 0 !important;background-repeat: no-repeat !important;}&#8221; el_class=&#8221;hometopfotorij&#8221;][vc_column][\/vc_column][\/vc_row][vc_row full_width=&#8221;stretch_row&#8221; css=&#8221;.vc_custom_1572525974229{background-color: #f1f1f1 !important;}&#8221;][vc_column][vc_column_text el_class=&#8221;montbreadcrumbs&#8221; css=&#8221;.vc_custom_1569318576735{padding-right: 100px !important;padding-left: 100px !important;}&#8221;]<nav aria-label=\"breadcrumbs\" class=\"rank-math-breadcrumb\"><p><span class=\"last\">Home<\/span><\/p><\/nav>[\/vc_column_text][\/vc_column][\/vc_row][\/vc_section][vc_section full_width=&#8221;stretch_row&#8221; el_class=&#8221;textcomp&#8221;][vc_row][vc_column][vc_column_text]<\/p>\n<p class=\"p1\">Les proc\u00e9dures de soudage MIG, MAG, TIG et manuel cr\u00e9ent des types de d\u00e9bris tr\u00e8s diff\u00e9rents et les utilisateurs doivent s\u2019en remettre \u00e0 l\u2019efficacit\u00e9 de l&#8217;outil de nettoyage. Les d\u00e9bris de silicate et bleus ne sont pas faciles \u00e0 d\u00e9couvrir dans les couches de substrat et de remplissage. Les ing\u00e9nieurs soudeurs doivent pouvoir faire confiance \u00e0 l\u2019efficacit\u00e9 des outils de nettoyage choisis. Les outils MontiPower<sup>\u00ae<\/sup> et les courroies en acier inoxydable laissent intacts les mat\u00e9riaux soud\u00e9s de base. Cependant, les d\u00e9bris de soudure seront \u00e9limin\u00e9s compl\u00e8tement sur chaque couche. Choisissez une m\u00e9thode de MontiPower pour pr\u00e9parer vos soudures pour le rev\u00eatement. La simplicit\u00e9, la rapidit\u00e9 et la s\u00e9curit\u00e9 du nettoyage des soudures de MontiPower<sup>\u00ae<\/sup> garantissent un profil de surface excellent pour une adh\u00e9rence optimale du rev\u00eatement afin d\u2019assurer une protection des soudures sur le long terme.<\/p>\n<p>[\/vc_column_text][\/vc_column][\/vc_row][\/vc_section]<\/p>\n<\/div>","protected":false},"excerpt":{"rendered":"<p>[vc_section full_width=&#8221;stretch_row&#8221; content_placement=&#8221;bottom&#8221; css=&#8221;.vc_custom_1592821416854{padding-top: 30px !important;padding-bottom: 0px !important;background: #ff1212 url(https:\/\/montipower.com\/wp-content\/uploads\/2020\/06\/FieldJoint_higres-scaled.jpg?id=5479) !important;background-position: &#8230; <\/p>\n","protected":false},"author":19,"featured_media":9420,"parent":9916,"menu_order":0,"comment_status":"closed","ping_status":"closed","template":"","meta":{"_acf_changed":false,"content-type":"","footnotes":""},"class_list":["post-9963","page","type-page","status-publish","has-post-thumbnail","hentry"],"acf":[],"_links":{"self":[{"href":"https:\/\/montipower.com\/fr\/wp-json\/wp\/v2\/pages\/9963","targetHints":{"allow":["GET"]}}],"collection":[{"href":"https:\/\/montipower.com\/fr\/wp-json\/wp\/v2\/pages"}],"about":[{"href":"https:\/\/montipower.com\/fr\/wp-json\/wp\/v2\/types\/page"}],"author":[{"embeddable":true,"href":"https:\/\/montipower.com\/fr\/wp-json\/wp\/v2\/users\/19"}],"replies":[{"embeddable":true,"href":"https:\/\/montipower.com\/fr\/wp-json\/wp\/v2\/comments?post=9963"}],"version-history":[{"count":2,"href":"https:\/\/montipower.com\/fr\/wp-json\/wp\/v2\/pages\/9963\/revisions"}],"predecessor-version":[{"id":9966,"href":"https:\/\/montipower.com\/fr\/wp-json\/wp\/v2\/pages\/9963\/revisions\/9966"}],"up":[{"embeddable":true,"href":"https:\/\/montipower.com\/fr\/wp-json\/wp\/v2\/pages\/9916"}],"wp:featuredmedia":[{"embeddable":true,"href":"https:\/\/montipower.com\/fr\/wp-json\/wp\/v2\/media\/9420"}],"wp:attachment":[{"href":"https:\/\/montipower.com\/fr\/wp-json\/wp\/v2\/media?parent=9963"}],"curies":[{"name":"wp","href":"https:\/\/api.w.org\/{rel}","templated":true}]}}