{"id":9940,"date":"2019-09-25T13:45:02","date_gmt":"2019-09-25T11:45:02","guid":{"rendered":"https:\/\/monti.la-compagnie.digital\/clientele\/marine-solutions\/"},"modified":"2021-10-27T15:09:48","modified_gmt":"2021-10-27T13:09:48","slug":"solutions-marines","status":"publish","type":"page","link":"https:\/\/montipower.com\/fr\/clientele\/solutions-marines\/","title":{"rendered":"Maritime"},"content":{"rendered":"<div class=\"wpb-content-wrapper\"><p>[vc_section full_width=&#8221;stretch_row&#8221; content_placement=&#8221;bottom&#8221; css=&#8221;.vc_custom_1574970584855{padding-top: 30px !important;padding-bottom: 0px !important;background-image: url(https:\/\/montipower.com\/wp-content\/uploads\/2019\/10\/Marine_Submarine_RGB_72dpi-1.jpg?id=3476) !important;background-position: center !important;background-repeat: no-repeat !important;background-size: cover !important;}&#8221; el_class=&#8221;topbig&#8221;][vc_row css=&#8221;.vc_custom_1569318223776{padding-right: 100px !important;padding-left: 100px !important;}&#8221;][vc_column width=&#8221;1\/2&#8243;][vc_column_text]<\/p>\n<h1 class=\"p1\">Maritime<\/h1>\n<p>[\/vc_column_text][\/vc_column][vc_column width=&#8221;1\/2&#8243;][\/vc_column][\/vc_row][vc_row full_width=&#8221;stretch_row_content_no_spaces&#8221; content_placement=&#8221;bottom&#8221; css=&#8221;.vc_custom_1572537177712{padding-top: 0px !important;padding-bottom: 100px !important;background-position: 0 0 !important;background-repeat: no-repeat !important;}&#8221; el_class=&#8221;hometopfotorij&#8221;][vc_column][\/vc_column][\/vc_row][vc_row full_width=&#8221;stretch_row&#8221; css=&#8221;.vc_custom_1572537189812{background-color: #f1f1f1 !important;}&#8221;][vc_column][vc_column_text el_class=&#8221;montbreadcrumbs&#8221; css=&#8221;.vc_custom_1569318576735{padding-right: 100px !important;padding-left: 100px !important;}&#8221;]<nav aria-label=\"breadcrumbs\" class=\"rank-math-breadcrumb\"><p><span class=\"last\">Home<\/span><\/p><\/nav>[\/vc_column_text][\/vc_column][\/vc_row][\/vc_section][vc_section full_width=&#8221;stretch_row&#8221; el_class=&#8221;textcomp&#8221;][vc_row css=&#8221;.vc_custom_1569324067303{padding-right: 200px !important;padding-left: 200px !important;}&#8221;][vc_column][vc_column_text]<\/p>\n<h2 class=\"p1\">AVANTAGES MARITIMES DE MONTIPOWER<sup>\u00ae<\/sup><\/h2>\n<p>[\/vc_column_text][vc_column_text]<\/p>\n<p class=\"p1\">La corrosion est un probl\u00e8me co\u00fbtant des milliards de dollars sur les navires maritimes. Une surface bien pr\u00e9par\u00e9e est exempte de mat\u00e9riaux solubles qui peuvent provoquer une d\u00e9faillance pr\u00e9matur\u00e9e des rev\u00eatements de surface et r\u00e9duire la dur\u00e9e de vie des navires. Les rev\u00eatements de protection sur un navire maritime prot\u00e8gent son substrat contre l\u2019eau, la rouille, les acides, les temp\u00e9ratures extr\u00eames et d\u2019autres \u00e9l\u00e9ments qui peuvent engendrer de la corrosion et des d\u00e9gradations.<\/p>\n<p>[\/vc_column_text][vc_column_text]<\/p>\n<p class=\"p1\">Lorsque vous prot\u00e9gez la surface d\u2019un navire durant les \u00e9tapes de nettoyage et de pr\u00e9paration en utilisant les solutions de MontiPower, vous \u00eates plus aptes \u00e0 assurer une bonne adh\u00e9rence du rev\u00eatement de protection. Le rev\u00eatement durera plus longtemps et r\u00e9duira les co\u00fbts d\u2019entretien du navire. Lorsque les conditions sont trop humides, s\u00e8ches, froides, chaudes, la surface d\u2019un navire est vuln\u00e9rable \u00e0 la rouille et \u00e0 la recontamination.<\/p>\n<h5 class=\"p1\">BRISTLE BLASTING COMPARE AU GRENAILLAGE ABRASIF (AGENT LIBRE)<\/h5>\n<p class=\"p1\">Compar\u00e9 au grenaillage abrasif, le grenaillage \u00e0 brosse ne n\u00e9cessite pas un travail intense et est moins dangereux. Durant un grenaillage abrasif, non seulement les travailleurs passent de longues p\u00e9riodes \u00e0 g\u00e9rer des forces de 100 N et plus, mais ils doivent \u00e9galement prendre des pr\u00e9cautions pour \u00e9viter l\u2019exposition \u00e0 la poussi\u00e8re contenant des produits chimiques dangereux. De plus, les m\u00e9thodes de grenaillage abrasif cr\u00e9ent \u00e9galement des probl\u00e8mes environnementaux. Par exemple, le grenaillage transforme le rev\u00eatement en poussi\u00e8re fine en suspension dans l\u2019air que les travailleurs peuvent inhaler et qui pollue l\u2019environnement imm\u00e9diat.<\/p>\n<h5 class=\"p1\">SOLUTION DE CONTROLE DE LA POUSSIERE SUR BATTERIE<\/h5>\n<p class=\"p1\">Avec la v\u00e9ritable ampleur de la toxicit\u00e9 et des dommages sur la sant\u00e9 sur le long terme caus\u00e9s par le plomb, l\u2019amiante ou le chromate 6 contenu dans les rev\u00eatements, les op\u00e9rations de maintenance publique doivent \u00eatre compl\u00e8tement cloisonn\u00e9es afin d\u2019\u00e9viter la contamination de l\u2019environnement et d\u2019\u00e9viter tous risques potentiels sur la sant\u00e9 du grand public. Ainsi, le choix des solutions de MontiPower<sup>\u00ae<\/sup> qui incluent un contr\u00f4le de la poussi\u00e8re sur batterie aidera \u00e0 avoir un impact significatif sur la sant\u00e9, la s\u00e9curit\u00e9 et l\u2019\u00e9conomie. M\u00eame lorsque vous construisez un nouveau navire, la pr\u00e9paration des surfaces est essentielle vis-\u00e0-vis des performances de l\u2019embarcation et du bien-\u00eatre de son \u00e9quipage en lien avec le rev\u00eatement.<\/p>\n<p>[\/vc_column_text][\/vc_column][\/vc_row][\/vc_section][vc_section full_width=&#8221;stretch_row&#8221; css=&#8221;.vc_custom_1572537294237{margin-top: 0px !important;margin-bottom: 0px !important;padding-top: 0px !important;padding-bottom: 0px !important;}&#8221;][vc_row css=&#8221;.vc_custom_1572537300156{margin-top: 0px !important;margin-bottom: 0px !important;padding-top: 0px !important;padding-bottom: 0px !important;}&#8221;][vc_column][vc_single_image image=&#8221;3353&#8243; img_size=&#8221;full&#8221; alignment=&#8221;center&#8221; css=&#8221;.vc_custom_1575302409450{margin-bottom: 0px !important;padding-bottom: 0px !important;}&#8221;][\/vc_column][\/vc_row][\/vc_section][vc_section el_class=&#8221;textcomp&#8221;][vc_row][vc_column width=&#8221;1\/2&#8243;][vc_column_text]<img loading=\"lazy\" decoding=\"async\" class=\"alignleft size-full wp-image-1940\" src=\"https:\/\/montipower.com\/wp-content\/uploads\/2019\/10\/plusje.png\" alt=\"\" width=\"50\" height=\"50\" \/><\/p>\n<p class=\"p1\">Brossage m\u00e9tallique rotatif : Les brosses m\u00e9talliques \u00e9liminent la poussi\u00e8re de rouille des surfaces, mais pas la rouille ni la calamine.<\/p>\n<p>[\/vc_column_text][vc_column_text]<img loading=\"lazy\" decoding=\"async\" class=\"alignleft size-full wp-image-1940\" src=\"https:\/\/montipower.com\/wp-content\/uploads\/2019\/10\/plusje.png\" alt=\"\" width=\"50\" height=\"50\" \/><\/p>\n<p class=\"p1\">Disquage \u00e9lectrique rotatif : Les disques en carbure de silicium nettoient irr\u00e9guli\u00e8rement et piquettent les surfaces.<\/p>\n<p>[\/vc_column_text][vc_column_text]<img loading=\"lazy\" decoding=\"async\" class=\"alignleft size-full wp-image-1940\" src=\"https:\/\/montipower.com\/wp-content\/uploads\/2019\/10\/plusje.png\" alt=\"\" width=\"50\" height=\"50\" \/><\/p>\n<p class=\"p1\">Nettoyage au grenaillage abrasif : L\u2019air comprim\u00e9 \u00e9limine la rouille et les autres contaminants pour cr\u00e9er une surface rugueuse.<\/p>\n<p>[\/vc_column_text][\/vc_column][vc_column width=&#8221;1\/2&#8243;][vc_column_text]<img loading=\"lazy\" decoding=\"async\" class=\"alignleft size-full wp-image-1940\" src=\"https:\/\/montipower.com\/wp-content\/uploads\/2019\/10\/plusje.png\" alt=\"\" width=\"50\" height=\"50\" \/><\/p>\n<p class=\"p1\">D\u00e9tartrage m\u00e9canique : Les lames ou outils \u00e0 mart\u00e8lement \u00e9liminer les accumulations \u00e9paisses de rouille et de calamine.<\/p>\n<p>[\/vc_column_text][vc_column_text]<img loading=\"lazy\" decoding=\"async\" class=\"alignleft size-full wp-image-1940\" src=\"https:\/\/montipower.com\/wp-content\/uploads\/2019\/10\/plusje.png\" alt=\"\" width=\"50\" height=\"50\" \/><\/p>\n<p class=\"p1\">Nettoyage aux solvants : Les d\u00e9tergents et les produits chimiques \u00e9liminent l\u2019huile, la graisse et la salet\u00e9 en utilisant des techniques de nettoyage par grenaillage.<\/p>\n<p>[\/vc_column_text][vc_column_text]<img loading=\"lazy\" decoding=\"async\" class=\"alignleft size-full wp-image-1940\" src=\"https:\/\/montipower.com\/wp-content\/uploads\/2019\/10\/plusje.png\" alt=\"\" width=\"50\" height=\"50\" \/><\/p>\n<p class=\"p1\">D\u00e9capage \u00e0 l\u2019eau : L\u2019eau \u00e0 haute pression d\u00e9cape sans probl\u00e8me l\u2019huile, la peinture et la rouille avec des abrasifs et de la poussi\u00e8re.<\/p>\n<p>[\/vc_column_text][\/vc_column][\/vc_row][vc_row][vc_column][vc_column_text]<\/p>\n<p class=\"p1\">Les bons moments pour pr\u00e9parer et faire le rev\u00eatement des surfaces d\u2019un navire sont durant:<\/p>\n<ul>\n<li>La construction du bateau<\/li>\n<li>Les r\u00e9parations<\/li>\n<li>Les maintenances programm\u00e9es<\/li>\n<li>Les restaurations<\/li>\n<li>Les p\u00e9riodes en cale-s\u00e8che<\/li>\n<\/ul>\n<p>[\/vc_column_text][\/vc_column][\/vc_row][vc_row css=&#8221;.vc_custom_1569314205235{padding-right: 50px !important;padding-left: 50px !important;}&#8221;][vc_column][vc_column_text]<\/p>\n<h2 class=\"p1\" style=\"text-align: center;\">DECOUVREZ NOS PRODUITS<\/h2>\n<p>[\/vc_column_text][vc_row_inner][vc_column_inner width=&#8221;1\/3&#8243;][vc_btn title=&#8221;Bristle Blaster<sup>\u00ae<\/sup>&#8221; style=&#8221;classic&#8221; shape=&#8221;square&#8221; size=&#8221;lg&#8221; align=&#8221;center&#8221; button_block=&#8221;true&#8221; link=&#8221;url:https%3A%2F%2Fmontipower.com%2Ffr%2Fproduits%2Foutils-motorises%2Fbristle-blaster-electrique%2F|title:Bristle%20Blaster%3Csup%3E%C2%AE%3C%2Fsup%3E&#8221; el_class=&#8221;solutions-button&#8221;][\/vc_column_inner][vc_column_inner width=&#8221;1\/3&#8243;][vc_btn title=&#8221;Cleantech prepper<sup>\u00ae<\/sup>&#8221; style=&#8221;classic&#8221; shape=&#8221;square&#8221; size=&#8221;lg&#8221; align=&#8221;center&#8221; button_block=&#8221;true&#8221; link=&#8221;url:https%3A%2F%2Fmontipower.com%2Ffr%2Fproduits%2Fmachines-motorisees%2Fprepper-q10-operations-de-fixation%2F|title:prepper&#8221; el_class=&#8221;solutions-button&#8221;][\/vc_column_inner][vc_column_inner width=&#8221;1\/3&#8243;][vc_btn title=&#8221;Subsea&#8221; style=&#8221;classic&#8221; shape=&#8221;square&#8221; size=&#8221;lg&#8221; align=&#8221;center&#8221; button_block=&#8221;true&#8221; link=&#8221;url:https%3A%2F%2Fmontipower.com%2Ffr%2Fproduits%2Fmachines-motorisees%2Fsubsea%2F|title:Subsea&#8221; el_class=&#8221;solutions-button&#8221;][\/vc_column_inner][\/vc_row_inner][\/vc_column][\/vc_row][\/vc_section][vc_section el_class=&#8221;clientslide&#8221;][vc_row][vc_column][vc_column_text css=&#8221;.vc_custom_1570726086126{margin-bottom: 10px !important;margin-left: 30px !important;}&#8221;][\/vc_column_text][vc_carousel_father theme=&#8221;content-over-slider&#8221; dot=&#8221;false&#8221; slide_visible=&#8221;4&#8243; tabs=&#8221;3&#8243; mbl_height=&#8221;200px&#8221;][vc_carousel_son image_id=&#8221;2574&#8243; img_width=&#8221;85%&#8221; img_height=&#8221;auto&#8221;][\/vc_carousel_son][vc_carousel_son image_id=&#8221;2575&#8243; img_width=&#8221;85%&#8221; img_height=&#8221;auto&#8221;][\/vc_carousel_son][vc_carousel_son image_id=&#8221;2576&#8243; contain_url=&#8221;https:\/\/bp.com&#8221; img_width=&#8221;85%&#8221; img_height=&#8221;auto&#8221;][\/vc_carousel_son][vc_carousel_son image_id=&#8221;2577&#8243; contain_url=&#8221;https:\/\/bp.com&#8221; img_width=&#8221;85%&#8221; img_height=&#8221;auto&#8221;][\/vc_carousel_son][vc_carousel_son image_id=&#8221;2579&#8243; contain_url=&#8221;https:\/\/bp.com&#8221; img_width=&#8221;85%&#8221; img_height=&#8221;auto&#8221;][\/vc_carousel_son][vc_carousel_son image_id=&#8221;2447&#8243; contain_url=&#8221;https:\/\/bp.com&#8221; img_width=&#8221;85%&#8221; img_height=&#8221;auto&#8221;][\/vc_carousel_son][vc_carousel_son image_id=&#8221;2583&#8243; contain_url=&#8221;https:\/\/bp.com&#8221; img_width=&#8221;85%&#8221; img_height=&#8221;auto&#8221;][\/vc_carousel_son][vc_carousel_son image_id=&#8221;2584&#8243; contain_url=&#8221;https:\/\/bp.com&#8221; img_width=&#8221;85%&#8221; img_height=&#8221;auto&#8221;][\/vc_carousel_son][vc_carousel_son image_id=&#8221;2585&#8243; contain_url=&#8221;https:\/\/bp.com&#8221; img_width=&#8221;85%&#8221; img_height=&#8221;auto&#8221;][\/vc_carousel_son][vc_carousel_son image_id=&#8221;2587&#8243; contain_url=&#8221;https:\/\/bp.com&#8221; img_width=&#8221;85%&#8221; img_height=&#8221;auto&#8221;][\/vc_carousel_son][vc_carousel_son image_id=&#8221;2589&#8243; contain_url=&#8221;https:\/\/bp.com&#8221; img_width=&#8221;85%&#8221; img_height=&#8221;auto&#8221;][\/vc_carousel_son][vc_carousel_son image_id=&#8221;2591&#8243; contain_url=&#8221;https:\/\/bp.com&#8221; img_width=&#8221;85%&#8221; img_height=&#8221;auto&#8221;][\/vc_carousel_son][vc_carousel_son image_id=&#8221;2592&#8243; contain_url=&#8221;https:\/\/bp.com&#8221; img_width=&#8221;85%&#8221; img_height=&#8221;auto&#8221;][\/vc_carousel_son][vc_carousel_son image_id=&#8221;2593&#8243; contain_url=&#8221;https:\/\/bp.com&#8221; img_width=&#8221;85%&#8221; img_height=&#8221;auto&#8221;][\/vc_carousel_son][vc_carousel_son image_id=&#8221;2595&#8243; contain_url=&#8221;https:\/\/bp.com&#8221; img_width=&#8221;85%&#8221; img_height=&#8221;auto&#8221;][\/vc_carousel_son][vc_carousel_son image_id=&#8221;2596&#8243; contain_url=&#8221;https:\/\/bp.com&#8221; img_width=&#8221;85%&#8221; img_height=&#8221;auto&#8221;][\/vc_carousel_son][vc_carousel_son image_id=&#8221;2598&#8243; contain_url=&#8221;https:\/\/bp.com&#8221; img_width=&#8221;85%&#8221; img_height=&#8221;auto&#8221;][\/vc_carousel_son][vc_carousel_son image_id=&#8221;2599&#8243; contain_url=&#8221;https:\/\/bp.com&#8221; img_width=&#8221;85%&#8221; img_height=&#8221;auto&#8221;][\/vc_carousel_son][\/vc_carousel_father][\/vc_column][\/vc_row][\/vc_section]<\/p>\n<\/div>","protected":false},"excerpt":{"rendered":"<p>[vc_section full_width=&#8221;stretch_row&#8221; content_placement=&#8221;bottom&#8221; css=&#8221;.vc_custom_1574970584855{padding-top: 30px !important;padding-bottom: 0px !important;background-image: url(https:\/\/montipower.com\/wp-content\/uploads\/2019\/10\/Marine_Submarine_RGB_72dpi-1.jpg?id=3476) !important;background-position: center &#8230; <\/p>\n","protected":false},"author":19,"featured_media":8429,"parent":9916,"menu_order":0,"comment_status":"closed","ping_status":"closed","template":"","meta":{"_acf_changed":false,"content-type":"","footnotes":""},"class_list":["post-9940","page","type-page","status-publish","has-post-thumbnail","hentry"],"acf":[],"_links":{"self":[{"href":"https:\/\/montipower.com\/fr\/wp-json\/wp\/v2\/pages\/9940","targetHints":{"allow":["GET"]}}],"collection":[{"href":"https:\/\/montipower.com\/fr\/wp-json\/wp\/v2\/pages"}],"about":[{"href":"https:\/\/montipower.com\/fr\/wp-json\/wp\/v2\/types\/page"}],"author":[{"embeddable":true,"href":"https:\/\/montipower.com\/fr\/wp-json\/wp\/v2\/users\/19"}],"replies":[{"embeddable":true,"href":"https:\/\/montipower.com\/fr\/wp-json\/wp\/v2\/comments?post=9940"}],"version-history":[{"count":3,"href":"https:\/\/montipower.com\/fr\/wp-json\/wp\/v2\/pages\/9940\/revisions"}],"predecessor-version":[{"id":10956,"href":"https:\/\/montipower.com\/fr\/wp-json\/wp\/v2\/pages\/9940\/revisions\/10956"}],"up":[{"embeddable":true,"href":"https:\/\/montipower.com\/fr\/wp-json\/wp\/v2\/pages\/9916"}],"wp:featuredmedia":[{"embeddable":true,"href":"https:\/\/montipower.com\/fr\/wp-json\/wp\/v2\/media\/8429"}],"wp:attachment":[{"href":"https:\/\/montipower.com\/fr\/wp-json\/wp\/v2\/media?parent=9940"}],"curies":[{"name":"wp","href":"https:\/\/api.w.org\/{rel}","templated":true}]}}