{"id":9934,"date":"2019-09-25T13:47:26","date_gmt":"2019-09-25T11:47:26","guid":{"rendered":"https:\/\/monti.la-compagnie.digital\/clientele\/mobility-solutions\/"},"modified":"2021-06-10T17:47:17","modified_gmt":"2021-06-10T15:47:17","slug":"solutions-automobiles","status":"publish","type":"page","link":"https:\/\/montipower.com\/fr\/clientele\/solutions-automobiles\/","title":{"rendered":"Solutions Automobiles"},"content":{"rendered":"<div class=\"wpb-content-wrapper\"><p>[vc_section full_width=&#8221;stretch_row&#8221; content_placement=&#8221;bottom&#8221; css=&#8221;.vc_custom_1574970616145{padding-top: 30px !important;padding-bottom: 0px !important;background-image: url(https:\/\/montipower.com\/wp-content\/uploads\/2019\/11\/MontiPower_Audi_RGB_WIDE_72dpi_1923x610px-1.jpg?id=3911) !important;background-position: center !important;background-repeat: no-repeat !important;background-size: cover !important;}&#8221; el_class=&#8221;topbig&#8221;][vc_row css=&#8221;.vc_custom_1569318223776{padding-right: 100px !important;padding-left: 100px !important;}&#8221;][vc_column width=&#8221;1\/2&#8243;][vc_column_text]<\/p>\n<h1 class=\"p1\">SOLUTIONS<br \/>\nAUTOMOBILES<\/h1>\n<p>[\/vc_column_text][\/vc_column][vc_column width=&#8221;1\/2&#8243;][\/vc_column][\/vc_row][vc_row full_width=&#8221;stretch_row_content_no_spaces&#8221; content_placement=&#8221;bottom&#8221; css=&#8221;.vc_custom_1572537417433{padding-top: 0px !important;padding-bottom: 100px !important;background-position: 0 0 !important;background-repeat: no-repeat !important;}&#8221; el_class=&#8221;hometopfotorij&#8221;][vc_column][\/vc_column][\/vc_row][vc_row full_width=&#8221;stretch_row&#8221; css=&#8221;.vc_custom_1572537426158{background-color: #f1f1f1 !important;}&#8221;][vc_column][vc_column_text el_class=&#8221;montbreadcrumbs&#8221; css=&#8221;.vc_custom_1569318576735{padding-right: 100px !important;padding-left: 100px !important;}&#8221;]<nav aria-label=\"breadcrumbs\" class=\"rank-math-breadcrumb\"><p><span class=\"last\">Home<\/span><\/p><\/nav>[\/vc_column_text][\/vc_column][\/vc_row][\/vc_section][vc_section full_width=&#8221;stretch_row&#8221; el_class=&#8221;textcomp&#8221;][vc_row][vc_column][vc_column_text el_class=&#8221;intro&#8221;]<\/p>\n<h2 class=\"p1\">ELIMINATION, NETTOYAGE, PROFILAGE<\/h2>\n<p>[\/vc_column_text][vc_column_text]<\/p>\n<p class=\"p1\">Voitures, trains, avions, tramways, tracteurs ou remorques MontiPower<sup>\u00ae<\/sup> a une gamme compl\u00e8te de machines pneumatiques, \u00e9lectriques, sans fil, qui fournissent des alternatives \u00e9conomiques pour pr\u00e9parer les surfaces pour l\u2019adh\u00e9rence, la protection, et la finition en boutique, en usine ou en ext\u00e9rieur. Nos solutions directement sur le m\u00e9tal r\u00e9duisent les co\u00fbts de main-d&#8217;\u0153uvre, am\u00e9liorent la s\u00e9curit\u00e9, accroissent la production et ont un impact positif sur votre r\u00e9sultat financier. Nous avons approvisionn\u00e9 le secteur automobile depuis 1987 et nous connaissons l\u2019importance de la vitesse et des performances. Nos solutions de pr\u00e9paration des surfaces sont tr\u00e8s adaptables \u00e0 toutes les formes et ont des avantages du fait d\u2019\u00e9conomie sur la logistique, d\u2019une meilleure adh\u00e9rence et de r\u00e9parations, nouvelles peintures, ou rappels r\u00e9duits.<\/p>\n<p>[\/vc_column_text][vc_column_text]<\/p>\n<h3 class=\"p1\">Telechargements<\/h3>\n<p class=\"p1\"><a href=\"https:\/\/montipower.com\/wp-content\/uploads\/2019\/11\/MON191006-Brochure_mobility_210x297mm_GERMANY_Mail.pdf\">Brochure des Solutions de Mobilit\u00e9<\/a><\/p>\n<p class=\"p1\"><a href=\"https:\/\/montipower.com\/wp-content\/uploads\/2019\/11\/MON191006-Brochure_mobility_210x297mm_GERMANY_Mail.pdf\">Courroies de Mobilit\u00e9<\/a><\/p>\n<p class=\"p1\"><a href=\"https:\/\/montipower.com\/wp-content\/uploads\/2019\/11\/MON191106-MBX_Mobility_Leaflet_210x297mm_DEF.pdf\">D\u00e9pliants des courroies<\/a><\/p>\n<p>[\/vc_column_text][\/vc_column][\/vc_row][\/vc_section][vc_row][vc_column][vc_single_image image=&#8221;4391&#8243; img_size=&#8221;1024&#215;800&#8243; alignment=&#8221;center&#8221;][\/vc_column][\/vc_row][vc_row css=&#8221;.vc_custom_1572537522230{padding-right: 50px !important;padding-left: 50px !important;}&#8221; el_class=&#8221;solutionscomp&#8221;][vc_column][vc_column_text]<\/p>\n<h2 class=\"p1\" style=\"text-align: center;\">DECOUVREZ NOS PRODUITS<\/h2>\n<p>[\/vc_column_text][vc_row_inner][vc_column_inner width=&#8221;1\/2&#8243;][vc_btn title=&#8221;Axial<sup>\u00ae<\/sup>&#8221; style=&#8221;classic&#8221; shape=&#8221;square&#8221; size=&#8221;lg&#8221; align=&#8221;center&#8221; button_block=&#8221;true&#8221; link=&#8221;url:https%3A%2F%2Fmontipower.com%2Ffr%2Fproduits%2Foutils-motorises%2Fmbx-axial%2F|title:Axial%3Csup%3E%C2%AE%3C%2Fsup%3E&#8221; el_class=&#8221;solutions-button&#8221;][\/vc_column_inner][vc_column_inner width=&#8221;1\/2&#8243;][vc_btn title=&#8221;Vinyl Zapper<sup>\u00ae<\/sup>&#8221; style=&#8221;classic&#8221; shape=&#8221;square&#8221; size=&#8221;lg&#8221; align=&#8221;center&#8221; button_block=&#8221;true&#8221; link=&#8221;url:https%3A%2F%2Fmontipower.com%2Fvinyl-zapper%2F|title:Vinyl%20Zapper%3Csup%3E%C2%AE%3C%2Fsup%3E&#8221; el_class=&#8221;solutions-button&#8221;][\/vc_column_inner][\/vc_row_inner][vc_row_inner][vc_column_inner width=&#8221;1\/2&#8243;][vc_btn title=&#8221;MBX<sup>\u00ae<\/sup>&#8221; style=&#8221;classic&#8221; shape=&#8221;square&#8221; size=&#8221;lg&#8221; align=&#8221;center&#8221; button_block=&#8221;true&#8221; link=&#8221;url:https%3A%2F%2Fmontipower.com%2Fmbx%2F|title:MBX%3Csup%3E%C2%AE%3C%2Fsup%3E&#8221; el_class=&#8221;solutions-button&#8221;][\/vc_column_inner][vc_column_inner width=&#8221;1\/2&#8243;][vc_btn title=&#8221;Bristle Blaster<sup>\u00ae<\/sup>&#8221; style=&#8221;classic&#8221; shape=&#8221;square&#8221; size=&#8221;lg&#8221; align=&#8221;center&#8221; button_block=&#8221;true&#8221; link=&#8221;url:https%3A%2F%2Fmontipower.com%2Ffr%2Fproduits%2Foutils-motorises%2Fbristle-blaster-electrique%2F|title:Bristle%20Blaster%3Csup%3E%C2%AE%3C%2Fsup%3E&#8221; el_class=&#8221;solutions-button&#8221;][\/vc_column_inner][\/vc_row_inner][\/vc_column][\/vc_row][vc_row][vc_column][vc_single_image image=&#8221;4389&#8243; img_size=&#8221;1024&#215;800&#8243; alignment=&#8221;center&#8221;][\/vc_column][\/vc_row]<\/p>\n<\/div>","protected":false},"excerpt":{"rendered":"<p>[vc_section full_width=&#8221;stretch_row&#8221; content_placement=&#8221;bottom&#8221; css=&#8221;.vc_custom_1574970616145{padding-top: 30px !important;padding-bottom: 0px !important;background-image: url(https:\/\/montipower.com\/wp-content\/uploads\/2019\/11\/MontiPower_Audi_RGB_WIDE_72dpi_1923x610px-1.jpg?id=3911) !important;background-position: center &#8230; <\/p>\n","protected":false},"author":19,"featured_media":8723,"parent":9916,"menu_order":0,"comment_status":"closed","ping_status":"closed","template":"","meta":{"_acf_changed":false,"content-type":"","footnotes":""},"class_list":["post-9934","page","type-page","status-publish","has-post-thumbnail","hentry"],"acf":[],"_links":{"self":[{"href":"https:\/\/montipower.com\/fr\/wp-json\/wp\/v2\/pages\/9934","targetHints":{"allow":["GET"]}}],"collection":[{"href":"https:\/\/montipower.com\/fr\/wp-json\/wp\/v2\/pages"}],"about":[{"href":"https:\/\/montipower.com\/fr\/wp-json\/wp\/v2\/types\/page"}],"author":[{"embeddable":true,"href":"https:\/\/montipower.com\/fr\/wp-json\/wp\/v2\/users\/19"}],"replies":[{"embeddable":true,"href":"https:\/\/montipower.com\/fr\/wp-json\/wp\/v2\/comments?post=9934"}],"version-history":[{"count":6,"href":"https:\/\/montipower.com\/fr\/wp-json\/wp\/v2\/pages\/9934\/revisions"}],"predecessor-version":[{"id":17708,"href":"https:\/\/montipower.com\/fr\/wp-json\/wp\/v2\/pages\/9934\/revisions\/17708"}],"up":[{"embeddable":true,"href":"https:\/\/montipower.com\/fr\/wp-json\/wp\/v2\/pages\/9916"}],"wp:featuredmedia":[{"embeddable":true,"href":"https:\/\/montipower.com\/fr\/wp-json\/wp\/v2\/media\/8723"}],"wp:attachment":[{"href":"https:\/\/montipower.com\/fr\/wp-json\/wp\/v2\/media?parent=9934"}],"curies":[{"name":"wp","href":"https:\/\/api.w.org\/{rel}","templated":true}]}}