{"id":54929,"date":"2024-07-18T14:44:13","date_gmt":"2024-07-18T12:44:13","guid":{"rendered":"https:\/\/montipower.com\/?page_id=54929"},"modified":"2024-09-19T16:44:34","modified_gmt":"2024-09-19T14:44:34","slug":"brands","status":"publish","type":"page","link":"https:\/\/montipower.com\/fr\/brands\/","title":{"rendered":"All Brands"},"content":{"rendered":"<div class=\"wpb-content-wrapper\"><p>[vc_section full_width=&#8221;stretch_row&#8221; content_placement=&#8221;bottom&#8221; css=&#8221;.vc_custom_1569320141112{padding-top: 30px !important;padding-bottom: 0px !important;background-color: #ff1212 !important;background-position: center !important;background-repeat: no-repeat !important;background-size: cover !important;}&#8221; el_class=&#8221;topbig&#8221;][vc_row css=&#8221;.vc_custom_1569318223776{padding-right: 100px !important;padding-left: 100px !important;}&#8221;][vc_column width=&#8221;1\/2&#8243;][vc_column_text]<\/p>\n<h1>Brands<\/h1>\n<p>[\/vc_column_text][\/vc_column][vc_column width=&#8221;1\/2&#8243;][\/vc_column][\/vc_row][vc_row full_width=&#8221;stretch_row_content_no_spaces&#8221; content_placement=&#8221;bottom&#8221; css=&#8221;.vc_custom_1572526136907{padding-top: 0px !important;padding-bottom: 100px !important;background-position: 0 0 !important;background-repeat: no-repeat !important;}&#8221; el_class=&#8221;hometopfotorij&#8221;][vc_column][\/vc_column][\/vc_row][vc_row full_width=&#8221;stretch_row&#8221; css=&#8221;.vc_custom_1572525974229{background-color: #f1f1f1 !important;}&#8221;][vc_column][vc_column_text css=&#8221;.vc_custom_1619470831454{padding-right: 100px !important;padding-left: 100px !important;}&#8221; el_class=&#8221;montbreadcrumbs&#8221;]<nav aria-label=\"breadcrumbs\" class=\"rank-math-breadcrumb\"><p><span class=\"last\">Home<\/span><\/p><\/nav>[\/vc_column_text][\/vc_column][\/vc_row][\/vc_section][vc_section full_width=&#8221;stretch_row&#8221; el_class=&#8221;textcomp&#8221;][vc_row][vc_column][vc_column_text]<\/p>\n<h2>Our brands<\/h2>\n<p>We have the right solution for your problem. Whether you need a powertool for the automotive industry, a power machine for offshore, or a brush for your pet, we have what you need. From industrial to marine, from mobility to infra, and even do-it-yourself tools, we have the solutions for all kinds of sectors. Being part of MontiPower\u00ae lets you solve complex challenges every day.<\/p>\n<p>CLEANING | PREPARATION | COATING | TESTING | EDUCATION<\/p>\n<p>Explore our brands to find out more.[\/vc_column_text][\/vc_column][\/vc_row][vc_row css=&#8221;.vc_custom_1572353854868{padding-right: 50px !important;padding-left: 50px !important;}&#8221;][vc_column][vc_row_inner][vc_column_inner width=&#8221;1\/3&#8243;][vc_btn title=&#8221;ActiVet\u00ae&#8221; style=&#8221;classic&#8221; shape=&#8221;square&#8221; size=&#8221;lg&#8221; align=&#8221;center&#8221; button_block=&#8221;true&#8221; link=&#8221;url:https%3A%2F%2Fmontipower.com%2Fabout%2Fmonti-group%2Factivet-grooming-brushes%2F|title:ActiVet%C2%AE&#8221; el_class=&#8221;solutions-button&#8221;][\/vc_column_inner][vc_column_inner width=&#8221;1\/3&#8243;][vc_btn title=&#8221;Decapower\u00ae&#8221; style=&#8221;classic&#8221; shape=&#8221;square&#8221; size=&#8221;lg&#8221; align=&#8221;center&#8221; button_block=&#8221;true&#8221; link=&#8221;url:https%3A%2F%2Fmontipower.com%2Fabout%2Fmonti-group%2Fdecapower%2F|title:Decapower%C2%AE&#8221; el_class=&#8221;solutions-button&#8221;][\/vc_column_inner][vc_column_inner width=&#8221;1\/3&#8243;][vc_btn title=&#8221;Mtestco&#8221; style=&#8221;classic&#8221; shape=&#8221;square&#8221; size=&#8221;lg&#8221; align=&#8221;center&#8221; button_block=&#8221;true&#8221; link=&#8221;url:https%3A%2F%2Fmontipower.com%2Fservice-support%2Fmtestco%2F|title:Mtestco&#8221; el_class=&#8221;solutions-button&#8221;][\/vc_column_inner][\/vc_row_inner][vc_row_inner][vc_column_inner width=&#8221;1\/3&#8243;][vc_btn title=&#8221;Corrosion Alliance&#8221; style=&#8221;classic&#8221; shape=&#8221;square&#8221; size=&#8221;lg&#8221; align=&#8221;center&#8221; css=&#8221;&#8221; button_block=&#8221;true&#8221; link=&#8221;url:https%3A%2F%2Fwww.corrosionalliance.com%2F|title:Corrosion%20Alliance|target:_blank&#8221; el_class=&#8221;solutions-button&#8221;][\/vc_column_inner][vc_column_inner width=&#8221;1\/3&#8243;][vc_btn title=&#8221;Prepper\u00ae&#8221; style=&#8221;classic&#8221; shape=&#8221;square&#8221; size=&#8221;lg&#8221; align=&#8221;center&#8221; button_block=&#8221;true&#8221; link=&#8221;url:https%3A%2F%2Fmontipower.com%2Fproducts%2Fpowermachines%2F|title:Prepper&#8221; el_class=&#8221;solutions-button&#8221;][\/vc_column_inner][vc_column_inner width=&#8221;1\/3&#8243;][\/vc_column_inner][\/vc_row_inner][\/vc_column][\/vc_row][vc_row disable_element=&#8221;yes&#8221; css=&#8221;.vc_custom_1721659857420{padding-top: 40px !important;}&#8221;][vc_column]<div id=\"cz_71188\" class=\"cz_71188 slick arrows_mlr dots_bc dots_circle arrows_show_on_hover\" data-slick='{\"selector\":\"\",\"slidesToShow\":3,\"slidesToScroll\":1,\"rows\":1,\"fade\":false,\"vertical\":false,\"verticalSwiping\":false,\"infinite\":true,\"speed\":1000,\"swipeToSlide\":true,\"centerMode\":false,\"centerPadding\":\"\",\"variableWidth\":false,\"autoplay\":true,\"autoplaySpeed\":4000,\"dots\":true,\"counts\":false,\"responsive\":[{\"breakpoint\":769,\"settings\":{\"slidesToShow\":2,\"slidesToScroll\":1,\"infinite\":true,\"touchMove\":true}},{\"breakpoint\":481,\"settings\":{\"slidesToShow\":1,\"slidesToScroll\":1,\"infinite\":true,\"touchMove\":true}}]}' data-slick-prev=\"fa fa-chevron-left\" data-slick-next=\"fa fa-chevron-right\"><div class=\"cz_eqh cz_content_box_parent_fx  \"><div id=\"cz_74168\" class=\"cz_74168 cz_content_box clr cz_svg_bg\"><div class=\"cz_box_front clr\"><div class=\"cz_box_front_inner clr \"><span><\/span><div>[vc_single_image image=&#8221;54955&#8243; img_size=&#8221;&#8221; alignment=&#8221;center&#8221; css=&#8221;.vc_custom_1721381974830{border-radius: 16px !important;}&#8221;]<div id=\"cz_63567\" data-position=\"top-right\" class=\"cz_63567 cz_image clr cz_image_no_fx center_on_mobile\"><div class=\"\" ><div class=\"cz_image_in\"><div class=\"cz_main_image\"><img loading=\"lazy\" decoding=\"async\" width=\"777\" height=\"173\" src=\"https:\/\/montipower.com\/wp-content\/uploads\/2024\/07\/Activet-logo-black-e1720697890231.png\" class=\"attachment-full\" alt=\"Activet pet brush logo\" title=\"Activet-logo-black-e1720697890231\" srcset=\"https:\/\/montipower.com\/wp-content\/uploads\/2024\/07\/Activet-logo-black-e1720697890231.png 777w, https:\/\/montipower.com\/wp-content\/uploads\/2024\/07\/Activet-logo-black-e1720697890231-300x67.png 300w, https:\/\/montipower.com\/wp-content\/uploads\/2024\/07\/Activet-logo-black-e1720697890231-768x171.png 768w, https:\/\/montipower.com\/wp-content\/uploads\/2024\/07\/Activet-logo-black-e1720697890231-600x134.png 600w\" sizes=\"auto, (max-width: 777px) 100vw, 777px\" \/><\/div><\/div><\/div><\/div>[vc_btn title=&#8221;Read more&#8221; style=&#8221;classic&#8221; shape=&#8221;square&#8221; align=&#8221;center&#8221; css=&#8221;.vc_custom_1721381436568{padding-top: 16px !important;}&#8221; link=&#8221;url:https%3A%2F%2Fmontipower-ontwikkel.com%2Fabout%2Fmonti-group%2Factivet-grooming-brushes%2F|title:Activet&#8221; el_class=&#8221;hometopfotobutton&#8221;]<\/div><\/div><\/div><\/div><\/div><div class=\"cz_eqh cz_content_box_parent_fx  \"><div id=\"cz_74168\" class=\"cz_74168 cz_content_box clr cz_svg_bg\"><div class=\"cz_box_front clr\"><div class=\"cz_box_front_inner clr \"><span><\/span><div>[vc_single_image image=&#8221;54955&#8243; img_size=&#8221;&#8221; alignment=&#8221;center&#8221; css=&#8221;.vc_custom_1721381974830{border-radius: 16px !important;}&#8221;]<div id=\"cz_63567\" data-position=\"top-right\" class=\"cz_63567 cz_image clr cz_image_no_fx center_on_mobile\"><div class=\"\" ><div class=\"cz_image_in\"><div class=\"cz_main_image\"><img loading=\"lazy\" decoding=\"async\" width=\"777\" height=\"173\" src=\"https:\/\/montipower.com\/wp-content\/uploads\/2024\/07\/Activet-logo-black-e1720697890231.png\" class=\"attachment-full\" alt=\"Activet pet brush logo\" title=\"Activet-logo-black-e1720697890231\" srcset=\"https:\/\/montipower.com\/wp-content\/uploads\/2024\/07\/Activet-logo-black-e1720697890231.png 777w, https:\/\/montipower.com\/wp-content\/uploads\/2024\/07\/Activet-logo-black-e1720697890231-300x67.png 300w, https:\/\/montipower.com\/wp-content\/uploads\/2024\/07\/Activet-logo-black-e1720697890231-768x171.png 768w, https:\/\/montipower.com\/wp-content\/uploads\/2024\/07\/Activet-logo-black-e1720697890231-600x134.png 600w\" sizes=\"auto, (max-width: 777px) 100vw, 777px\" \/><\/div><\/div><\/div><\/div>[vc_btn title=&#8221;Read more&#8221; style=&#8221;classic&#8221; shape=&#8221;square&#8221; align=&#8221;center&#8221; css=&#8221;.vc_custom_1721381436568{padding-top: 16px !important;}&#8221; link=&#8221;url:https%3A%2F%2Fmontipower-ontwikkel.com%2Fabout%2Fmonti-group%2Factivet-grooming-brushes%2F|title:Activet&#8221; el_class=&#8221;hometopfotobutton&#8221;]<\/div><\/div><\/div><\/div><\/div><div class=\"cz_eqh cz_content_box_parent_fx  \"><div id=\"cz_74168\" class=\"cz_74168 cz_content_box clr cz_svg_bg\"><div class=\"cz_box_front clr\"><div class=\"cz_box_front_inner clr \"><span><\/span><div>[vc_single_image image=&#8221;54955&#8243; img_size=&#8221;&#8221; alignment=&#8221;center&#8221; css=&#8221;.vc_custom_1721381974830{border-radius: 16px !important;}&#8221;]<div id=\"cz_63567\" data-position=\"top-right\" class=\"cz_63567 cz_image clr cz_image_no_fx center_on_mobile\"><div class=\"\" ><div class=\"cz_image_in\"><div class=\"cz_main_image\"><img loading=\"lazy\" decoding=\"async\" width=\"777\" height=\"173\" src=\"https:\/\/montipower.com\/wp-content\/uploads\/2024\/07\/Activet-logo-black-e1720697890231.png\" class=\"attachment-full\" alt=\"Activet pet brush logo\" title=\"Activet-logo-black-e1720697890231\" srcset=\"https:\/\/montipower.com\/wp-content\/uploads\/2024\/07\/Activet-logo-black-e1720697890231.png 777w, https:\/\/montipower.com\/wp-content\/uploads\/2024\/07\/Activet-logo-black-e1720697890231-300x67.png 300w, https:\/\/montipower.com\/wp-content\/uploads\/2024\/07\/Activet-logo-black-e1720697890231-768x171.png 768w, https:\/\/montipower.com\/wp-content\/uploads\/2024\/07\/Activet-logo-black-e1720697890231-600x134.png 600w\" sizes=\"auto, (max-width: 777px) 100vw, 777px\" \/><\/div><\/div><\/div><\/div>[vc_btn title=&#8221;Read more&#8221; style=&#8221;classic&#8221; shape=&#8221;square&#8221; align=&#8221;center&#8221; css=&#8221;.vc_custom_1721381436568{padding-top: 16px !important;}&#8221; link=&#8221;url:https%3A%2F%2Fmontipower-ontwikkel.com%2Fabout%2Fmonti-group%2Factivet-grooming-brushes%2F|title:Activet&#8221; el_class=&#8221;hometopfotobutton&#8221;]<\/div><\/div><\/div><\/div><\/div><div class=\"cz_eqh cz_content_box_parent_fx  \"><div id=\"cz_74168\" class=\"cz_74168 cz_content_box clr cz_svg_bg\"><div class=\"cz_box_front clr\"><div class=\"cz_box_front_inner clr \"><span><\/span><div>[vc_single_image image=&#8221;54955&#8243; img_size=&#8221;&#8221; alignment=&#8221;center&#8221; css=&#8221;.vc_custom_1721381974830{border-radius: 16px !important;}&#8221;]<div id=\"cz_63567\" data-position=\"top-right\" class=\"cz_63567 cz_image clr cz_image_no_fx center_on_mobile\"><div class=\"\" ><div class=\"cz_image_in\"><div class=\"cz_main_image\"><img loading=\"lazy\" decoding=\"async\" width=\"777\" height=\"173\" src=\"https:\/\/montipower.com\/wp-content\/uploads\/2024\/07\/Activet-logo-black-e1720697890231.png\" class=\"attachment-full\" alt=\"Activet pet brush logo\" title=\"Activet-logo-black-e1720697890231\" srcset=\"https:\/\/montipower.com\/wp-content\/uploads\/2024\/07\/Activet-logo-black-e1720697890231.png 777w, https:\/\/montipower.com\/wp-content\/uploads\/2024\/07\/Activet-logo-black-e1720697890231-300x67.png 300w, https:\/\/montipower.com\/wp-content\/uploads\/2024\/07\/Activet-logo-black-e1720697890231-768x171.png 768w, https:\/\/montipower.com\/wp-content\/uploads\/2024\/07\/Activet-logo-black-e1720697890231-600x134.png 600w\" sizes=\"auto, (max-width: 777px) 100vw, 777px\" \/><\/div><\/div><\/div><\/div>[vc_btn title=&#8221;Read more&#8221; style=&#8221;classic&#8221; shape=&#8221;square&#8221; align=&#8221;center&#8221; css=&#8221;.vc_custom_1721381436568{padding-top: 16px !important;}&#8221; link=&#8221;url:https%3A%2F%2Fmontipower-ontwikkel.com%2Fabout%2Fmonti-group%2Factivet-grooming-brushes%2F|title:Activet&#8221; el_class=&#8221;hometopfotobutton&#8221;]<\/div><\/div><\/div><\/div><\/div><\/div><div><\/div>[\/vc_column][\/vc_row][\/vc_section][vc_section css_animation=&#8221;slideInUp&#8221; css=&#8221;.vc_custom_1721660084888{padding-top: 40px !important;}&#8221; el_class=&#8221;featurleft&#8221;][vc_row gap=&#8221;35&#8243; content_placement=&#8221;middle&#8221; css=&#8221;.vc_custom_1569500430462{margin-right: 100px !important;margin-left: 100px !important;padding-bottom: 80px !important;background-color: #ffffff !important;}&#8221;][vc_column width=&#8221;1\/2&#8243; css=&#8221;.vc_custom_1569498569540{padding-top: 0px !important;}&#8221;][vc_single_image image=&#8221;54955&#8243; img_size=&#8221;730&#215;596&#8243; el_class=&#8221;uitgelichtfoto&#8221;]<div id=\"cz_34536\" data-position=\"top-right\" class=\"cz_34536 cz_image clr cz_image_no_fx center_on_mobile\"><div class=\"\" ><div class=\"cz_image_in\"><div class=\"cz_main_image\"><img loading=\"lazy\" decoding=\"async\" width=\"777\" height=\"173\" src=\"https:\/\/montipower.com\/wp-content\/uploads\/2024\/07\/Activet-logo-black-e1720697890231.png\" class=\"attachment-full\" alt=\"Activet pet brush logo\" title=\"Activet-logo-black-e1720697890231\" srcset=\"https:\/\/montipower.com\/wp-content\/uploads\/2024\/07\/Activet-logo-black-e1720697890231.png 777w, https:\/\/montipower.com\/wp-content\/uploads\/2024\/07\/Activet-logo-black-e1720697890231-300x67.png 300w, https:\/\/montipower.com\/wp-content\/uploads\/2024\/07\/Activet-logo-black-e1720697890231-768x171.png 768w, https:\/\/montipower.com\/wp-content\/uploads\/2024\/07\/Activet-logo-black-e1720697890231-600x134.png 600w\" sizes=\"auto, (max-width: 777px) 100vw, 777px\" \/><\/div><\/div><\/div><\/div>[\/vc_column][vc_column width=&#8221;1\/2&#8243;][vc_column_text css=&#8221;&#8221;]<\/p>\n<h3>ActiVet\u00ae<\/h3>\n<p>THE ULTIMATE PET BRUSH. ActiVet<sup>\u00ae<\/sup> est une marque enregistr\u00e9e de brosses de toilettage produites par MONTI \u2013 Werkzeuge GmbH.[\/vc_column_text][vc_btn title=&#8221;Read more&#8221; style=&#8221;classic&#8221; shape=&#8221;square&#8221; align=&#8221;left&#8221; link=&#8221;url:https%3A%2F%2Fmontipower.com%2Fabout%2Fmonti-group%2Factivet-grooming-brushes%2F|title:Activet&#8221; el_class=&#8221;hometopfotobutton&#8221;][\/vc_column][\/vc_row][\/vc_section][vc_section css_animation=&#8221;slideInUp&#8221; el_class=&#8221;featurright&#8221;][vc_row gap=&#8221;35&#8243; content_placement=&#8221;middle&#8221; css=&#8221;.vc_custom_1721308758445{background-color: #ffffff !important;}&#8221;][vc_column width=&#8221;1\/2&#8243;][vc_column_text css=&#8221;&#8221;]<\/p>\n<h3>Decapower\u00ae<\/h3>\n<p>Decapower\u00ae est le nom de la marque de nos consommateurs. La technique MontiPower\u00ae est \u00e9galement disponible pour le march\u00e9 des consommateurs sous ce nom.[\/vc_column_text][vc_btn title=&#8221;Read more&#8221; style=&#8221;classic&#8221; shape=&#8221;square&#8221; align=&#8221;left&#8221; link=&#8221;url:https%3A%2F%2Fmontipower.com%2Fabout%2Fmonti-group%2Fdecapower%2F|title:Decapower&#8221; el_class=&#8221;hometopfotobutton&#8221;][\/vc_column][vc_column width=&#8221;1\/2&#8243; css=&#8221;.vc_custom_1569498569540{padding-top: 0px !important;}&#8221;][vc_single_image image=&#8221;54949&#8243; img_size=&#8221;600&#215;400&#8243; el_class=&#8221;uitgelichtfotoright&#8221;]<div id=\"cz_54769\" data-position=\"top-right\" class=\"cz_54769 cz_image clr cz_image_no_fx center_on_mobile\"><div class=\"\" ><div class=\"cz_image_in\"><div class=\"cz_main_image\"><img loading=\"lazy\" decoding=\"async\" width=\"919\" height=\"109\" src=\"https:\/\/montipower.com\/wp-content\/uploads\/2024\/07\/Decapower-logo.png\" class=\"attachment-full\" alt=\"\" title=\"Decapower-logo\" srcset=\"https:\/\/montipower.com\/wp-content\/uploads\/2024\/07\/Decapower-logo.png 919w, https:\/\/montipower.com\/wp-content\/uploads\/2024\/07\/Decapower-logo-300x36.png 300w, https:\/\/montipower.com\/wp-content\/uploads\/2024\/07\/Decapower-logo-768x91.png 768w, https:\/\/montipower.com\/wp-content\/uploads\/2024\/07\/Decapower-logo-600x71.png 600w\" sizes=\"auto, (max-width: 919px) 100vw, 919px\" \/><\/div><\/div><\/div><\/div>[\/vc_column][\/vc_row][\/vc_section][vc_section css_animation=&#8221;slideInUp&#8221; css=&#8221;.vc_custom_1721660089256{padding-top: 40px !important;}&#8221; el_class=&#8221;featurleft&#8221;][vc_row gap=&#8221;35&#8243; content_placement=&#8221;middle&#8221; css=&#8221;.vc_custom_1569500430462{margin-right: 100px !important;margin-left: 100px !important;padding-bottom: 80px !important;background-color: #ffffff !important;}&#8221;][vc_column width=&#8221;1\/2&#8243; css=&#8221;.vc_custom_1569498569540{padding-top: 0px !important;}&#8221;][vc_single_image image=&#8221;54943&#8243; img_size=&#8221;730&#215;596&#8243; el_class=&#8221;uitgelichtfoto&#8221;]<div id=\"cz_88138\" data-position=\"top-right\" class=\"cz_88138 cz_image clr cz_image_no_fx center_on_mobile\"><div class=\"\" ><div class=\"cz_image_in\"><div class=\"cz_main_image\"><img loading=\"lazy\" decoding=\"async\" width=\"954\" height=\"153\" src=\"https:\/\/montipower.com\/wp-content\/uploads\/2024\/07\/M-testco-logo-tm.png\" class=\"attachment-full\" alt=\"m testco logo\" title=\"M-testco-logo-tm\" srcset=\"https:\/\/montipower.com\/wp-content\/uploads\/2024\/07\/M-testco-logo-tm.png 954w, https:\/\/montipower.com\/wp-content\/uploads\/2024\/07\/M-testco-logo-tm-300x48.png 300w, https:\/\/montipower.com\/wp-content\/uploads\/2024\/07\/M-testco-logo-tm-768x123.png 768w, https:\/\/montipower.com\/wp-content\/uploads\/2024\/07\/M-testco-logo-tm-600x96.png 600w\" sizes=\"auto, (max-width: 954px) 100vw, 954px\" \/><\/div><\/div><\/div><\/div>[\/vc_column][vc_column width=&#8221;1\/2&#8243;][vc_column_text css=&#8221;&#8221;]<\/p>\n<h3>Mtestco<\/h3>\n<p>Les Outils sp\u00e9cialis\u00e9s et Equipements de test MontiPower\u00ae (M-Testco) sont une partie majeure de la vision entrepreneuriale de MontiPower\u00ae visant \u00e0 am\u00e9liorer les rev\u00eatements.[\/vc_column_text][vc_btn title=&#8221;Read more&#8221; style=&#8221;classic&#8221; shape=&#8221;square&#8221; align=&#8221;left&#8221; link=&#8221;url:https%3A%2F%2Fmontipower.com%2Fservice-support%2Fmtestco%2F|title:Mtestco&#8221; el_class=&#8221;hometopfotobutton&#8221;][\/vc_column][\/vc_row][\/vc_section][vc_section css_animation=&#8221;slideInUp&#8221; el_class=&#8221;featurright&#8221; el_id=&#8221;brand-corrosionalliance&#8221;][vc_row gap=&#8221;35&#8243; content_placement=&#8221;middle&#8221; css=&#8221;.vc_custom_1572357743837{background-color: #ffffff !important;}&#8221;][vc_column width=&#8221;1\/2&#8243;][vc_column_text css=&#8221;&#8221;]<\/p>\n<h3>Corrosion Alliance<\/h3>\n<p>Corrosion Prevention Education about Cleaning, Surface Preparation, Steel Reinforcement, Coatings, Testing and Inspection.[\/vc_column_text][vc_btn title=&#8221;Visit the website of Corrosion Alliance&#8221; style=&#8221;classic&#8221; shape=&#8221;square&#8221; align=&#8221;left&#8221; link=&#8221;url:https%3A%2F%2Fwww.corrosionalliance.com%2F|title:Corrosion%20Alliance|target:_blank&#8221; el_class=&#8221;hometopfotobutton&#8221;][\/vc_column][vc_column width=&#8221;1\/2&#8243; css=&#8221;.vc_custom_1569498569540{padding-top: 0px !important;}&#8221;][vc_single_image image=&#8221;54937&#8243; img_size=&#8221;600&#215;400&#8243; el_class=&#8221;uitgelichtfotoright&#8221;]<div id=\"cz_28397\" data-position=\"top-right\" class=\"cz_28397 cz_image clr cz_image_no_fx center_on_mobile\"><div class=\"\" ><div class=\"cz_image_in\"><div class=\"cz_main_image\"><img loading=\"lazy\" decoding=\"async\" width=\"919\" height=\"294\" src=\"https:\/\/montipower.com\/wp-content\/uploads\/2024\/07\/Corrosion-alliance-logo.png\" class=\"attachment-full\" alt=\"Corrosion alliance logo\" title=\"Corrosion-alliance-logo\" srcset=\"https:\/\/montipower.com\/wp-content\/uploads\/2024\/07\/Corrosion-alliance-logo.png 919w, https:\/\/montipower.com\/wp-content\/uploads\/2024\/07\/Corrosion-alliance-logo-300x96.png 300w, https:\/\/montipower.com\/wp-content\/uploads\/2024\/07\/Corrosion-alliance-logo-768x246.png 768w, https:\/\/montipower.com\/wp-content\/uploads\/2024\/07\/Corrosion-alliance-logo-600x192.png 600w\" sizes=\"auto, (max-width: 919px) 100vw, 919px\" \/><\/div><\/div><\/div><\/div>[\/vc_column][\/vc_row][\/vc_section][vc_section css_animation=&#8221;slideInUp&#8221; css=&#8221;.vc_custom_1721660100339{padding-top: 40px !important;}&#8221; el_class=&#8221;featurleft&#8221;][vc_row gap=&#8221;35&#8243; content_placement=&#8221;middle&#8221; css=&#8221;.vc_custom_1569500430462{margin-right: 100px !important;margin-left: 100px !important;padding-bottom: 80px !important;background-color: #ffffff !important;}&#8221;][vc_column width=&#8221;1\/2&#8243; css=&#8221;.vc_custom_1569498569540{padding-top: 0px !important;}&#8221;][vc_single_image image=&#8221;4641&#8243; img_size=&#8221;730&#215;596&#8243; el_class=&#8221;uitgelichtfoto&#8221;][\/vc_column][vc_column width=&#8221;1\/2&#8243;][vc_column_text css=&#8221;&#8221;]<\/p>\n<h3>Prepper\u00ae<\/h3>\n<p>Les caract\u00e9ristiques brevet\u00e9es du Bristle Blaster\u00ae sont la base de nos nouvelles machines \u00e0 moteur et de nos innovations qui sont d\u00e9sormais utilis\u00e9es pour diff\u00e9rents march\u00e9s.<\/p>\n<p>Le Prepper\u00aeQ4 est une machine de production semi-automatique actionn\u00e9e par l\u2019eau. Pour les ponts, les murs, les poutres et les surfaces arrondies.<\/p>\n<p>Le Cleantech Prepper\u00ae Q10 repr\u00e9sente une r\u00e9elle avanc\u00e9e puisqu\u2019il rend possible le traitement de surfaces beaucoup plus larges en n\u2019utilisant qu\u2019une seule machine.[\/vc_column_text][vc_btn title=&#8221;Read more&#8221; style=&#8221;classic&#8221; shape=&#8221;square&#8221; align=&#8221;left&#8221; link=&#8221;url:https%3A%2F%2Fmontipower.com%2Fproducts%2Fpowermachines%2F|title:Prepper&#8221; el_class=&#8221;hometopfotobutton&#8221;][\/vc_column][\/vc_row][\/vc_section][vc_section css_animation=&#8221;slideInUp&#8221; disable_element=&#8221;yes&#8221; el_class=&#8221;featurright&#8221; el_id=&#8221;brand-aeroblaster&#8221;][vc_row gap=&#8221;35&#8243; content_placement=&#8221;middle&#8221; css=&#8221;.vc_custom_1572357743837{background-color: #ffffff !important;}&#8221;][vc_column width=&#8221;1\/2&#8243;][vc_column_text]<\/p>\n<h3>Aeroblaster<\/h3>\n<p><strong>Need information<\/strong> Lorem ipsum dolor sit amet, consectetur adipiscing elit. In mi odio, mollis nec lorem at, euismod mattis arcu. Cras porttitor neque dolor, at venenatis ante tempus at. Donec nulla risus, egestas eu faucibus id, sollicitudin sed dui. Suspendisse vehicula augue mauris, mattis pulvinar dolor lobortis sed.[\/vc_column_text][\/vc_column][vc_column width=&#8221;1\/2&#8243; css=&#8221;.vc_custom_1569498569540{padding-top: 0px !important;}&#8221;][vc_single_image img_size=&#8221;730&#215;596&#8243; el_class=&#8221;uitgelichtfotoright&#8221;]<div id=\"cz_33515\" data-position=\"top-right\" class=\"cz_33515 cz_image clr cz_image_no_fx center_on_mobile\"><div class=\"\" ><div class=\"cz_image_in\"><div class=\"cz_main_image\"><img loading=\"lazy\" decoding=\"async\" width=\"877\" height=\"133\" src=\"https:\/\/montipower.com\/wp-content\/uploads\/2024\/07\/Aeroblaster.png\" class=\"attachment-full\" alt=\"Aeroblaster logo\" title=\"Aeroblaster\" srcset=\"https:\/\/montipower.com\/wp-content\/uploads\/2024\/07\/Aeroblaster.png 877w, https:\/\/montipower.com\/wp-content\/uploads\/2024\/07\/Aeroblaster-300x45.png 300w, https:\/\/montipower.com\/wp-content\/uploads\/2024\/07\/Aeroblaster-768x116.png 768w, https:\/\/montipower.com\/wp-content\/uploads\/2024\/07\/Aeroblaster-600x91.png 600w\" sizes=\"auto, (max-width: 877px) 100vw, 877px\" \/><\/div><\/div><\/div><\/div>[\/vc_column][\/vc_row][\/vc_section]<\/p>\n<\/div>","protected":false},"excerpt":{"rendered":"<p>[vc_section full_width=&#8221;stretch_row&#8221; content_placement=&#8221;bottom&#8221; css=&#8221;.vc_custom_1569320141112{padding-top: 30px !important;padding-bottom: 0px !important;background-color: #ff1212 !important;background-position: center &#8230; <\/p>\n","protected":false},"author":19,"featured_media":0,"parent":0,"menu_order":0,"comment_status":"closed","ping_status":"closed","template":"","meta":{"_acf_changed":false,"content-type":"","footnotes":""},"class_list":["post-54929","page","type-page","status-publish","hentry"],"acf":[],"_links":{"self":[{"href":"https:\/\/montipower.com\/fr\/wp-json\/wp\/v2\/pages\/54929","targetHints":{"allow":["GET"]}}],"collection":[{"href":"https:\/\/montipower.com\/fr\/wp-json\/wp\/v2\/pages"}],"about":[{"href":"https:\/\/montipower.com\/fr\/wp-json\/wp\/v2\/types\/page"}],"author":[{"embeddable":true,"href":"https:\/\/montipower.com\/fr\/wp-json\/wp\/v2\/users\/19"}],"replies":[{"embeddable":true,"href":"https:\/\/montipower.com\/fr\/wp-json\/wp\/v2\/comments?post=54929"}],"version-history":[{"count":4,"href":"https:\/\/montipower.com\/fr\/wp-json\/wp\/v2\/pages\/54929\/revisions"}],"predecessor-version":[{"id":57510,"href":"https:\/\/montipower.com\/fr\/wp-json\/wp\/v2\/pages\/54929\/revisions\/57510"}],"wp:attachment":[{"href":"https:\/\/montipower.com\/fr\/wp-json\/wp\/v2\/media?parent=54929"}],"curies":[{"name":"wp","href":"https:\/\/api.w.org\/{rel}","templated":true}]}}