{"id":10310,"date":"2020-06-02T11:03:06","date_gmt":"2020-06-02T09:03:06","guid":{"rendered":"https:\/\/monti.la-compagnie.digital\/produits\/abrasive-belts\/"},"modified":"2025-01-13T16:49:13","modified_gmt":"2025-01-13T15:49:13","slug":"courroies-abrasives","status":"publish","type":"page","link":"https:\/\/montipower.com\/fr\/produits\/courroies-abrasives\/","title":{"rendered":"Brosses abrasives"},"content":{"rendered":"<div class=\"wpb-content-wrapper\"><p>[vc_section full_width=&#8221;stretch_row&#8221; content_placement=&#8221;bottom&#8221; css=&#8221;.vc_custom_1569320141112{padding-top: 30px !important;padding-bottom: 0px !important;background-color: #ff1212 !important;background-position: center !important;background-repeat: no-repeat !important;background-size: cover !important;}&#8221; el_class=&#8221;topbig&#8221;][vc_row css=&#8221;.vc_custom_1569318223776{padding-right: 100px !important;padding-left: 100px !important;}&#8221;][vc_column width=&#8221;1\/2&#8243;][vc_column_text]<\/p>\n<h1 class=\"p1\">Brosses<br \/>\nabrasives<\/h1>\n<p>[\/vc_column_text][\/vc_column][vc_column width=&#8221;1\/2&#8243;][\/vc_column][\/vc_row][vc_row full_width=&#8221;stretch_row_content_no_spaces&#8221; content_placement=&#8221;bottom&#8221; css=&#8221;.vc_custom_1572526136907{padding-top: 0px !important;padding-bottom: 100px !important;background-position: 0 0 !important;background-repeat: no-repeat !important;}&#8221; el_class=&#8221;hometopfotorij&#8221;][vc_column][\/vc_column][\/vc_row][vc_row full_width=&#8221;stretch_row&#8221; css=&#8221;.vc_custom_1572525974229{background-color: #f1f1f1 !important;}&#8221;][vc_column][vc_column_text css=&#8221;.vc_custom_1569318576735{padding-right: 100px !important;padding-left: 100px !important;}&#8221; el_class=&#8221;montbreadcrumbs&#8221;]<nav aria-label=\"breadcrumbs\" class=\"rank-math-breadcrumb\"><p><span class=\"last\">Home<\/span><\/p><\/nav>[\/vc_column_text][\/vc_column][\/vc_row][\/vc_section][vc_section full_width=&#8221;stretch_row&#8221; el_class=&#8221;textcomp&#8221;][vc_row][vc_column][vc_column_text]<\/p>\n<p class=\"p1\">Le Syst\u00e8me de pr\u00e9paration des surfaces inclut des outils motoris\u00e9s sp\u00e9cialis\u00e9s, des brosses avec des brosses m\u00e9talliques et des gommes pour r\u00e9aliser diverses t\u00e2ches de pr\u00e9paration de surface rapidement, s\u00fbrement et \u00e9conomiquement.<\/p>\n<p>[\/vc_column_text][vc_btn title=&#8221;Contact&#8221; style=&#8221;classic&#8221; shape=&#8221;square&#8221; align=&#8221;left&#8221; link=&#8221;url:https%3A%2F%2Fmontipower.com%2Ffr%2Fservice-assistance%2Fcontact%2F|title:contact&#8221; el_class=&#8221;hometopfotobutton&#8221;][vc_separator][vc_btn title=&#8221;Guide d&#8217;application pour la s\u00e9lection des bandes&#8221; style=&#8221;classic&#8221; shape=&#8221;square&#8221; align=&#8221;left&#8221; link=&#8221;url:https%3A%2F%2Fheyzine.com%2Fflip-book%2F1f96af6dcb.html|title:contact&#8221; el_class=&#8221;hometopfotobutton&#8221;][\/vc_column][\/vc_row][\/vc_section][vc_section el_class=&#8221;productdetail&#8221;][vc_row][vc_column][vc_column_text]<\/p>\n<h3 class=\"p2\">Brosses MBX<sup>\u00ae<\/sup><\/h3>\n<p>[\/vc_column_text][\/vc_column][\/vc_row][vc_row gap=&#8221;20&#8243;][vc_column width=&#8221;1\/4&#8243;][vc_single_image image=&#8221;2925&#8243; img_size=&#8221;250&#215;250&#8243; alignment=&#8221;center&#8221; style=&#8221;vc_box_shadow&#8221; onclick=&#8221;zoom&#8221;][vc_column_text]<\/p>\n<h6 class=\"p1\">MBX<sup>\u00ae<\/sup> GROSSIERE NOIRE<br \/>\n23 MM<\/h6>\n<p class=\"p1\">Elimination du rev\u00eatement<\/p>\n<p>MB-001-10<\/p>\n<p><a href=\"https:\/\/montipower.com\/wp-content\/uploads\/2021\/02\/Technical-Data-MBX-Belts-Steel-coarse.pdf\">Sp\u00e9cification<\/a>[\/vc_column_text][\/vc_column][vc_column width=&#8221;1\/4&#8243;][vc_single_image image=&#8221;3677&#8243; img_size=&#8221;250&#215;250&#8243; alignment=&#8221;center&#8221; style=&#8221;vc_box_shadow&#8221; onclick=&#8221;zoom&#8221;][vc_column_text]<\/p>\n<h6 class=\"p1\">MBX<sup>\u00ae<\/sup> GROSSIERE NOIRE<br \/>\n11 MM<\/h6>\n<p class=\"p1\">Elimination du rev\u00eatement<\/p>\n<p>MB-020-10<\/p>\n<p><a href=\"https:\/\/montipower.com\/wp-content\/uploads\/2021\/02\/Technical-Data-MBX-Belts-Steel-coarse.pdf\">Sp\u00e9cification<\/a>[\/vc_column_text][\/vc_column][vc_column width=&#8221;1\/4&#8243;][vc_single_image image=&#8221;3675&#8243; img_size=&#8221;250&#215;250&#8243; alignment=&#8221;center&#8221; style=&#8221;vc_box_shadow&#8221; onclick=&#8221;zoom&#8221;][vc_column_text]<\/p>\n<h6 class=\"p1\">MBX<sup>\u00ae<\/sup> MOYENNE OCRE<br \/>\n23 MM<\/h6>\n<p class=\"p1\">D\u00e9rouillage<\/p>\n<p>MB-009-10<\/p>\n<p class=\"p1\"><a href=\"https:\/\/montipower.com\/wp-content\/uploads\/2021\/02\/Technical-Data-MBX-Belts-Steel-medium.pdf\">Sp\u00e9cification<\/a><\/p>\n<p>[\/vc_column_text][\/vc_column][vc_column width=&#8221;1\/4&#8243;][vc_single_image image=&#8221;3684&#8243; img_size=&#8221;250&#215;250&#8243; alignment=&#8221;center&#8221; style=&#8221;vc_box_shadow&#8221; onclick=&#8221;zoom&#8221;][vc_column_text]<\/p>\n<h6 class=\"p1\">MBX<sup>\u00ae<\/sup> MOYENNE OCRE<br \/>\n11 MM<\/h6>\n<p class=\"p1\">D\u00e9rouillage<\/p>\n<p>MB-021-10<\/p>\n<p><a href=\"https:\/\/montipower.com\/wp-content\/uploads\/2021\/02\/Technical-Data-MBX-Belts-Steel-medium.pdf\">Sp\u00e9cification<\/a>[\/vc_column_text][\/vc_column][\/vc_row][vc_row gap=&#8221;20&#8243;][vc_column width=&#8221;1\/4&#8243;][vc_single_image image=&#8221;3673&#8243; img_size=&#8221;250&#215;250&#8243; alignment=&#8221;center&#8221; style=&#8221;vc_box_shadow&#8221; onclick=&#8221;zoom&#8221;][vc_column_text]<\/p>\n<h6 class=\"p1\">MBX<sup>\u00ae<\/sup> FINE VERTE<br \/>\n23MM<\/h6>\n<p class=\"p1\">Nettoyage<\/p>\n<p>MB-005-10<\/p>\n<p><a href=\"https:\/\/montipower.com\/wp-content\/uploads\/2021\/02\/Technical-Data-MBX-Belts-Steel-fine.pdf\">Sp\u00e9cification<\/a>[\/vc_column_text][\/vc_column][vc_column width=&#8221;1\/4&#8243;][vc_single_image image=&#8221;3678&#8243; img_size=&#8221;250&#215;250&#8243; alignment=&#8221;center&#8221; style=&#8221;vc_box_shadow&#8221; onclick=&#8221;zoom&#8221;][vc_column_text]<\/p>\n<h6 class=\"p1\">MBX<sup>\u00ae<\/sup> FINE VERTE<br \/>\n11 MM<\/h6>\n<p class=\"p1\">Nettoyage<\/p>\n<p>MB-028-10<\/p>\n<p><a href=\"https:\/\/montipower.com\/wp-content\/uploads\/2021\/02\/Technical-Data-MBX-Belts-Steel-fine.pdf\">Sp\u00e9cification<\/a>[\/vc_column_text][\/vc_column][vc_column width=&#8221;1\/4&#8243;][vc_single_image image=&#8221;3676&#8243; img_size=&#8221;250&#215;250&#8243; alignment=&#8221;center&#8221; style=&#8221;vc_box_shadow&#8221; onclick=&#8221;zoom&#8221;][vc_column_text]<\/p>\n<h6 class=\"p1\">MBX<sup>\u00ae<\/sup> ACIER INOXYDABLE BLEUE GROSSIERE<br \/>\n23 MM<\/h6>\n<p>Aluminium<\/p>\n<p>MB-011-10<\/p>\n<p><a href=\"https:\/\/montipower.com\/wp-content\/uploads\/2021\/02\/Technical-Data-MBX-Belts-Stainless-coarse.pdf\">Sp\u00e9cification<\/a>[\/vc_column_text][\/vc_column][vc_column width=&#8221;1\/4&#8243;][vc_single_image image=&#8221;3679&#8243; img_size=&#8221;250&#215;250&#8243; alignment=&#8221;center&#8221; style=&#8221;vc_box_shadow&#8221; onclick=&#8221;zoom&#8221;][vc_column_text]<\/p>\n<h6 class=\"p1\">MBX<sup>\u00ae<\/sup> ACIER INOXYDABLE BLEUE GROSSIERE<br \/>\n11 MM<\/h6>\n<p>Aluminium<\/p>\n<p>MB-030-10<\/p>\n<p><a href=\"https:\/\/montipower.com\/wp-content\/uploads\/2021\/02\/Technical-Data-MBX-Belts-Stainless-coarse.pdf\">Sp\u00e9cification<\/a>[\/vc_column_text][\/vc_column][\/vc_row][vc_row gap=&#8221;20&#8243;][vc_column width=&#8221;1\/4&#8243;][vc_single_image image=&#8221;3674&#8243; img_size=&#8221;250&#215;250&#8243; alignment=&#8221;center&#8221; style=&#8221;vc_box_shadow&#8221; onclick=&#8221;zoom&#8221;][vc_column_text]<\/p>\n<h6 class=\"p1\">MBX<sup>\u00ae<\/sup> ACIER INOXYDABLE BLEUE FINE<br \/>\n23 MM<\/h6>\n<p>Aluminium<\/p>\n<p>MB-007-10<\/p>\n<p><a href=\"https:\/\/montipower.com\/wp-content\/uploads\/2021\/02\/Technical-Data-MBX-Belts-Stainless-fine.pdf\">Sp\u00e9cification<\/a>[\/vc_column_text][\/vc_column][vc_column width=&#8221;1\/4&#8243;][vc_single_image image=&#8221;3680&#8243; img_size=&#8221;250&#215;250&#8243; alignment=&#8221;center&#8221; style=&#8221;vc_box_shadow&#8221; onclick=&#8221;zoom&#8221;][vc_column_text]<\/p>\n<h6 class=\"p1\">MBX<sup>\u00ae<\/sup> ACIER INOXYDABLE BLEUE FINE<br \/>\n11 MM<\/h6>\n<p>Aluminium<\/p>\n<p>MB-031-10<\/p>\n<p><a href=\"https:\/\/montipower.com\/wp-content\/uploads\/2021\/02\/Technical-Data-MBX-Belts-Stainless-fine.pdf\">Sp\u00e9cification<\/a>[\/vc_column_text][\/vc_column][vc_column width=&#8221;1\/4&#8243;][vc_single_image image=&#8221;3428&#8243; img_size=&#8221;250&#215;250&#8243; alignment=&#8221;center&#8221; style=&#8221;vc_box_shadow&#8221; onclick=&#8221;zoom&#8221;][vc_column_text]<\/p>\n<h6>MBX<sup>\u00ae<\/sup> Vinyl Zapper<\/h6>\n<p class=\"p1\">ZU-010-01<\/p>\n<p>[\/vc_column_text][\/vc_column][vc_column width=&#8221;1\/4&#8243;][vc_single_image image=&#8221;5684&#8243; img_size=&#8221;250&#215;250&#8243; alignment=&#8221;center&#8221; style=&#8221;vc_box_shadow&#8221; onclick=&#8221;zoom&#8221;][vc_column_text]<\/p>\n<h6>MBX<sup>\u00ae <\/sup>Vinyl Zapper<sup>\u00ae<\/sup> Ultimate-15<\/h6>\n<p class=\"p1\">ZU-018<\/p>\n<p>[\/vc_column_text][\/vc_column][\/vc_row][vc_row gap=&#8221;20&#8243;][vc_column width=&#8221;1\/4&#8243;][vc_single_image image=&#8221;5683&#8243; img_size=&#8221;250&#215;250&#8243; alignment=&#8221;center&#8221; style=&#8221;vc_box_shadow&#8221; onclick=&#8221;zoom&#8221;][vc_column_text]<\/p>\n<h6>MBX<sup>\u00ae <\/sup>Vinyl Zapper<sup>\u00ae<\/sup> Ultimate-30<\/h6>\n<p class=\"p1\">ZU-017<\/p>\n<p>[\/vc_column_text][\/vc_column][vc_column width=&#8221;1\/4&#8243;][vc_single_image image=&#8221;5668&#8243; img_size=&#8221;250&#215;250&#8243; alignment=&#8221;center&#8221; style=&#8221;vc_box_shadow&#8221; onclick=&#8221;zoom&#8221;][vc_column_text]<\/p>\n<h6 class=\"p1\">OUTIL MOTORISE MBX<sup>\u00ae<\/sup> ST3<br \/>\nOPTIONS DE COURROIE DE NETTOYAGE<\/h6>\n<p class=\"p1\">sur demande<\/p>\n<p>[\/vc_column_text][\/vc_column][vc_column width=&#8221;1\/4&#8243;][\/vc_column][vc_column width=&#8221;1\/4&#8243;][\/vc_column][\/vc_row][vc_row el_id=&#8221;BBbelts&#8221;][vc_column][vc_column_text]<\/p>\n<h3 class=\"p1\">Brosses Bristle Blaster<sup>\u00ae<\/sup><\/h3>\n<p>[\/vc_column_text][\/vc_column][\/vc_row][vc_row gap=&#8221;20&#8243;][vc_column width=&#8221;1\/4&#8243;][vc_single_image image=&#8221;29927&#8243; img_size=&#8221;250&#215;250&#8243; alignment=&#8221;center&#8221; style=&#8221;vc_box_shadow&#8221; onclick=&#8221;zoom&#8221;][vc_column_text]<\/p>\n<h6 class=\"p1\">BRISTLE BLASTER\u00ae ACIER, 23 MM<\/h6>\n<p>BB-033-10<\/p>\n<p><a href=\"https:\/\/montipower.com\/wp-content\/uploads\/2021\/02\/Technical-Data-Bristle-Blaster-Axial-Belts-Steel-red.pdf\">Sp\u00e9cification<\/a>[\/vc_column_text][\/vc_column][vc_column width=&#8221;1\/4&#8243;][vc_single_image image=&#8221;29933&#8243; img_size=&#8221;250&#215;250&#8243; alignment=&#8221;center&#8221; style=&#8221;vc_box_shadow&#8221; onclick=&#8221;zoom&#8221;][vc_column_text]<\/p>\n<h6 class=\"p1\">BRISTLE BLASTER\u00ae ACIER, 11 MM<\/h6>\n<p>BB-034-10<\/p>\n<p><a href=\"https:\/\/montipower.com\/wp-content\/uploads\/2021\/02\/Technical-Data-Bristle-Blaster-Axial-Belts-Steel-red.pdf\">Sp\u00e9cification<\/a>[\/vc_column_text][\/vc_column][vc_column width=&#8221;1\/4&#8243;][vc_single_image image=&#8221;29939&#8243; img_size=&#8221;250&#215;250&#8243; alignment=&#8221;center&#8221; style=&#8221;vc_box_shadow&#8221; onclick=&#8221;zoom&#8221;][vc_column_text]<\/p>\n<h6 class=\"p1\">BRISTLE BLASTER\u00ae ACIER INOXYDABLE, 23 MM<\/h6>\n<p>BB-102-10<\/p>\n<p><a href=\"https:\/\/montipower.com\/wp-content\/uploads\/2021\/02\/Technical-Data-Bristle-Blaster-Axial-Belts-Stainless-red.pdf\">Sp\u00e9cification<\/a>[\/vc_column_text][\/vc_column][vc_column width=&#8221;1\/4&#8243;][vc_single_image image=&#8221;29920&#8243; img_size=&#8221;250&#215;250&#8243; alignment=&#8221;center&#8221; style=&#8221;vc_box_shadow&#8221; onclick=&#8221;zoom&#8221;][vc_column_text]<\/p>\n<h6 class=\"p1\">BRISTLE BLASTER\u00ae ACIER INOXYDABLE, 11 MM<\/h6>\n<p>BB-103-10<\/p>\n<p><a href=\"https:\/\/montipower.com\/wp-content\/uploads\/2021\/02\/Technical-Data-Bristle-Blaster-Axial-Belts-Stainless-red.pdf\">Sp\u00e9cification<\/a>[\/vc_column_text][\/vc_column][\/vc_row][\/vc_section][vc_row][vc_column][\/vc_column][\/vc_row]<\/p>\n<\/div>","protected":false},"excerpt":{"rendered":"<p>[vc_section full_width=&#8221;stretch_row&#8221; content_placement=&#8221;bottom&#8221; css=&#8221;.vc_custom_1569320141112{padding-top: 30px !important;padding-bottom: 0px !important;background-color: #ff1212 !important;background-position: center &#8230; <\/p>\n","protected":false},"author":19,"featured_media":8393,"parent":10227,"menu_order":0,"comment_status":"closed","ping_status":"closed","template":"","meta":{"_acf_changed":false,"content-type":"","footnotes":""},"class_list":["post-10310","page","type-page","status-publish","has-post-thumbnail","hentry"],"acf":[],"_links":{"self":[{"href":"https:\/\/montipower.com\/fr\/wp-json\/wp\/v2\/pages\/10310","targetHints":{"allow":["GET"]}}],"collection":[{"href":"https:\/\/montipower.com\/fr\/wp-json\/wp\/v2\/pages"}],"about":[{"href":"https:\/\/montipower.com\/fr\/wp-json\/wp\/v2\/types\/page"}],"author":[{"embeddable":true,"href":"https:\/\/montipower.com\/fr\/wp-json\/wp\/v2\/users\/19"}],"replies":[{"embeddable":true,"href":"https:\/\/montipower.com\/fr\/wp-json\/wp\/v2\/comments?post=10310"}],"version-history":[{"count":8,"href":"https:\/\/montipower.com\/fr\/wp-json\/wp\/v2\/pages\/10310\/revisions"}],"predecessor-version":[{"id":58740,"href":"https:\/\/montipower.com\/fr\/wp-json\/wp\/v2\/pages\/10310\/revisions\/58740"}],"up":[{"embeddable":true,"href":"https:\/\/montipower.com\/fr\/wp-json\/wp\/v2\/pages\/10227"}],"wp:featuredmedia":[{"embeddable":true,"href":"https:\/\/montipower.com\/fr\/wp-json\/wp\/v2\/media\/8393"}],"wp:attachment":[{"href":"https:\/\/montipower.com\/fr\/wp-json\/wp\/v2\/media?parent=10310"}],"curies":[{"name":"wp","href":"https:\/\/api.w.org\/{rel}","templated":true}]}}