{"id":10231,"date":"2020-06-02T10:57:47","date_gmt":"2020-06-02T08:57:47","guid":{"rendered":"https:\/\/monti.la-compagnie.digital\/produits\/powertools\/"},"modified":"2025-01-22T13:53:09","modified_gmt":"2025-01-22T12:53:09","slug":"outils-motorises","status":"publish","type":"page","link":"https:\/\/montipower.com\/fr\/produits\/outils-motorises\/","title":{"rendered":"Outils motorises"},"content":{"rendered":"<div class=\"wpb-content-wrapper\"><p>[vc_section full_width=&#8221;stretch_row&#8221; content_placement=&#8221;bottom&#8221; css=&#8221;.vc_custom_1569320141112{padding-top: 30px !important;padding-bottom: 0px !important;background-color: #ff1212 !important;background-position: center !important;background-repeat: no-repeat !important;background-size: cover !important;}&#8221; el_class=&#8221;topbig&#8221;][vc_row css=&#8221;.vc_custom_1569318223776{padding-right: 100px !important;padding-left: 100px !important;}&#8221;][vc_column width=&#8221;1\/2&#8243;][vc_column_text]<\/p>\n<h1><span style=\"font-weight: 400;\">OUTILS MOTORISES<\/span><\/h1>\n<p>[\/vc_column_text][\/vc_column][vc_column width=&#8221;1\/2&#8243;][\/vc_column][\/vc_row][vc_row full_width=&#8221;stretch_row_content_no_spaces&#8221; content_placement=&#8221;bottom&#8221; css=&#8221;.vc_custom_1572526136907{padding-top: 0px !important;padding-bottom: 100px !important;background-position: 0 0 !important;background-repeat: no-repeat !important;}&#8221; el_class=&#8221;hometopfotorij&#8221;][vc_column][\/vc_column][\/vc_row][vc_row full_width=&#8221;stretch_row&#8221; css=&#8221;.vc_custom_1572525974229{background-color: #f1f1f1 !important;}&#8221;][vc_column][vc_column_text css=&#8221;.vc_custom_1569318576735{padding-right: 100px !important;padding-left: 100px !important;}&#8221; el_class=&#8221;montbreadcrumbs&#8221;]<nav aria-label=\"breadcrumbs\" class=\"rank-math-breadcrumb\"><p><span class=\"last\">Home<\/span><\/p><\/nav>[\/vc_column_text][\/vc_column][\/vc_row][\/vc_section][vc_row gap=&#8221;20&#8243;][vc_column width=&#8221;1\/2&#8243;]<a class=\"cz_content_box_link\" href=\"https:\/\/montipower.com\/fr\/mbx\/\" title=\"MBX\u00ae\" aria-label=\"MBX\u00ae\"><div class=\"cz_eqh cz_content_box_parent_fx  \"><div id=\"cz_68925\" class=\"cz_68925 cz_content_box clr\"><div class=\"cz_box_front clr\"><div class=\"cz_box_front_inner clr \"><span><\/span><div><div class=\"cz_gap clr  hide_on_mobile\" style=\"height: 160px\"><\/div><div class=\"cz_gap show_on_mobile clr\" style=\"height: 40px\"><\/div>[vc_row_inner content_placement=&#8221;bottom&#8221; gap=&#8221;20&#8243;][vc_column_inner width=&#8221;1\/2&#8243;][vc_single_image image=&#8221;52864&#8243; img_size=&#8221;medium&#8221;][\/vc_column_inner][vc_column_inner width=&#8221;1\/2&#8243;][vc_btn title=&#8221;Gamme MBX\u00ae&#8221; style=&#8221;classic&#8221; shape=&#8221;square&#8221; align=&#8221;right&#8221; css=&#8221;&#8221; link=&#8221;url:https%3A%2F%2Fmontipower.com%2Ffr%2Fmbx%2F|title:MBX%C2%AE&#8221; el_class=&#8221;hometopfotobutton&#8221;][\/vc_column_inner][\/vc_row_inner]<\/div><\/div><\/div><\/div><\/div><\/a>[\/vc_column][vc_column width=&#8221;1\/2&#8243;]<a class=\"cz_content_box_link\" href=\"https:\/\/montipower.com\/fr\/bristleblaster\" title=\"Bristle Blaster\u00ae\" aria-label=\"Bristle Blaster\u00ae\"><div class=\"cz_eqh cz_content_box_parent_fx  \"><div id=\"cz_57108\" class=\"cz_57108 cz_content_box clr\"><div class=\"cz_box_front clr\"><div class=\"cz_box_front_inner clr \"><span><\/span><div><div class=\"cz_gap clr  hide_on_mobile\" style=\"height: 160px\"><\/div><div class=\"cz_gap show_on_mobile clr\" style=\"height: 40px\"><\/div>[vc_row_inner content_placement=&#8221;bottom&#8221; gap=&#8221;20&#8243;][vc_column_inner width=&#8221;1\/2&#8243;][vc_single_image image=&#8221;57459&#8243; img_size=&#8221;medium&#8221; css=&#8221;&#8221;][\/vc_column_inner][vc_column_inner width=&#8221;1\/2&#8243;][vc_btn title=&#8221;Gamme Bristle Blaster\u00ae&#8221; style=&#8221;classic&#8221; shape=&#8221;square&#8221; align=&#8221;right&#8221; css=&#8221;&#8221; link=&#8221;url:https%3A%2F%2Fmontipower.com%2Ffr%2Fbristleblaster|title:Bristle%20Blaster%C2%AE&#8221; el_class=&#8221;hometopfotobutton&#8221;][\/vc_column_inner][\/vc_row_inner]<\/div><\/div><\/div><\/div><\/div><\/a>[\/vc_column][\/vc_row][vc_section full_width=&#8221;stretch_row&#8221; el_class=&#8221;textcomp&#8221;][vc_row][vc_column][vc_column_text]<\/p>\n<div class=\"wpb_text_column wpb_content_element \">\n<div class=\"wpb_wrapper\">\n<h2><span style=\"font-weight: 400;\">REVOLUTIONNAIRE ET A LA POINTE<\/span><\/h2>\n<p><span style=\"font-weight: 400;\">Le seul outil motoris\u00e9 manuel au monde qui peut \u00ab\u00a0grenailler au sable\u00a0\u00bb. La technologie brevet\u00e9e \u00e9limine rapidement et minutieusement la corrosion et les rev\u00eatements. En m\u00eame temps, le Bristle Blaster<sup>\u00ae<\/sup> et le MBX<sup>\u00ae<\/sup> cr\u00e9ent des degr\u00e9s de pr\u00e9paration des surfaces comparables avec Sa2\u00bd (SSPC-SP 10\/NACE No. 2) \u00e0 Sa3 (SSPC-SP 5\/NACE No. 1) et des niveaux de rugosit\u00e9 jusqu\u2019\u00e0 120 \u00b5m Rz.<\/span><\/p>\n<h5><span style=\"font-weight: 400;\">NOUVELLE INNOVATION<\/span><\/h5>\n<p><span style=\"font-weight: 400;\">Le Bristle Blaster<sup>\u00ae<\/sup> brevet\u00e9 est le premier syst\u00e8me \u00e0 courroie \u00e0 la main au monde qui produit une qualit\u00e9 de rugosit\u00e9 des surfaces ainsi qu\u2019un r\u00e9sultat comparable \u00e0 ceux atteints avec le \u2018grenaillage \u00e0 sable\u2019 Le proc\u00e9d\u00e9 du Bristle Blasting est une nouvelle innovation qui \u00e9limine la corrosion et g\u00e9n\u00e8re un profil d\u2019ancrage en utilisant un outil \u00e0 brosse rotative sp\u00e9cialement con\u00e7u. Cet outil consiste en des poils m\u00e9talliques coud\u00e9s vers l\u2019avant et branch\u00e9s dynamiquement \u00e0 un outil motoris\u00e9 \u00e0 la main qui fonctionne \u00e0 environ 2.500 rpm.<\/span><\/p>\n<h5><span style=\"font-weight: 400;\">PRINCIPES MECANIQUES<\/span><\/h5>\n<p><span style=\"font-weight: 400;\">Le bout des poils est con\u00e7u pour attaquer la surface corrod\u00e9e avec de l\u2019\u00e9nergie cin\u00e9tique \u00e9quivalente aux proc\u00e9d\u00e9s standards utilis\u00e9s pour le grenaillage \u00e0 grain. Juste apr\u00e8s que les poils attaquent la surface en acier corrod\u00e9e, ils se r\u00e9tractent (\u00ab\u00a0rebondissent\u00a0\u00bb) de la surface, ce qui r\u00e9sulte en l\u2019\u00e9limination de la corrosion et en une micro-indentation qui expose la surface fraiche. Ainsi, les surfaces qui ont \u00e9t\u00e9 trait\u00e9es avec l\u2019outil Bristle Blasting ont une texture et une propret\u00e9 visuelle qui imitent celles obtenues par des proc\u00e9d\u00e9s de grenaillage \u00e0 grain traditionnels.<\/span><\/div>\n<\/div>\n<p>[\/vc_column_text][\/vc_column][\/vc_row][vc_row][vc_column][vc_column_text]<span style=\"font-weight: 400;\">Les diff\u00e9rents outils motoris\u00e9s de MontiPower<sup>\u00ae<\/sup> sont des avanc\u00e9es r\u00e9volutionnaires lors du &#8216;grenaillage sans grain&#8217;. Les caract\u00e9ristiques brevet\u00e9es du Bristle Blaster<sup>\u00ae<\/sup> et du MBX<sup>\u00ae<\/sup> forment la base des nouvelles gammes de produits de pr\u00e9paration des surfaces.<\/span>[\/vc_column_text][\/vc_column][\/vc_row][\/vc_section]<\/p>\n<\/div>","protected":false},"excerpt":{"rendered":"<p>[vc_section full_width=&#8221;stretch_row&#8221; content_placement=&#8221;bottom&#8221; css=&#8221;.vc_custom_1569320141112{padding-top: 30px !important;padding-bottom: 0px !important;background-color: #ff1212 !important;background-position: center &#8230; <\/p>\n","protected":false},"author":19,"featured_media":0,"parent":10227,"menu_order":0,"comment_status":"closed","ping_status":"closed","template":"","meta":{"_acf_changed":false,"content-type":"","footnotes":""},"class_list":["post-10231","page","type-page","status-publish","hentry"],"acf":[],"_links":{"self":[{"href":"https:\/\/montipower.com\/fr\/wp-json\/wp\/v2\/pages\/10231","targetHints":{"allow":["GET"]}}],"collection":[{"href":"https:\/\/montipower.com\/fr\/wp-json\/wp\/v2\/pages"}],"about":[{"href":"https:\/\/montipower.com\/fr\/wp-json\/wp\/v2\/types\/page"}],"author":[{"embeddable":true,"href":"https:\/\/montipower.com\/fr\/wp-json\/wp\/v2\/users\/19"}],"replies":[{"embeddable":true,"href":"https:\/\/montipower.com\/fr\/wp-json\/wp\/v2\/comments?post=10231"}],"version-history":[{"count":13,"href":"https:\/\/montipower.com\/fr\/wp-json\/wp\/v2\/pages\/10231\/revisions"}],"predecessor-version":[{"id":58902,"href":"https:\/\/montipower.com\/fr\/wp-json\/wp\/v2\/pages\/10231\/revisions\/58902"}],"up":[{"embeddable":true,"href":"https:\/\/montipower.com\/fr\/wp-json\/wp\/v2\/pages\/10227"}],"wp:attachment":[{"href":"https:\/\/montipower.com\/fr\/wp-json\/wp\/v2\/media?parent=10231"}],"curies":[{"name":"wp","href":"https:\/\/api.w.org\/{rel}","templated":true}]}}