{"id":10189,"date":"2020-06-04T10:27:01","date_gmt":"2020-06-04T08:27:01","guid":{"rendered":"https:\/\/monti.la-compagnie.digital\/service-assistance\/repair-service\/"},"modified":"2021-10-27T13:35:37","modified_gmt":"2021-10-27T11:35:37","slug":"service-de-reparation","status":"publish","type":"page","link":"https:\/\/montipower.com\/fr\/service-assistance\/service-de-reparation\/","title":{"rendered":"Service de r\u00e9paration"},"content":{"rendered":"<div class=\"wpb-content-wrapper\"><p>[vc_section full_width=&#8221;stretch_row&#8221; content_placement=&#8221;bottom&#8221; css=&#8221;.vc_custom_1569320141112{padding-top: 30px !important;padding-bottom: 0px !important;background-color: #ff1212 !important;background-position: center !important;background-repeat: no-repeat !important;background-size: cover !important;}&#8221; el_class=&#8221;topbig&#8221;][vc_row css=&#8221;.vc_custom_1569318223776{padding-right: 100px !important;padding-left: 100px !important;}&#8221;][vc_column width=&#8221;1\/2&#8243;][vc_column_text]<\/p>\n<h1><span style=\"font-weight: 400;\">Service de r\u00e9paration<\/span><\/h1>\n<p>[\/vc_column_text][\/vc_column][vc_column width=&#8221;1\/2&#8243;][\/vc_column][\/vc_row][vc_row full_width=&#8221;stretch_row_content_no_spaces&#8221; content_placement=&#8221;bottom&#8221; css=&#8221;.vc_custom_1572526136907{padding-top: 0px !important;padding-bottom: 100px !important;background-position: 0 0 !important;background-repeat: no-repeat !important;}&#8221; el_class=&#8221;hometopfotorij&#8221;][vc_column][\/vc_column][\/vc_row][vc_row full_width=&#8221;stretch_row&#8221; css=&#8221;.vc_custom_1572525974229{background-color: #f1f1f1 !important;}&#8221;][vc_column][vc_column_text el_class=&#8221;montbreadcrumbs&#8221; css=&#8221;.vc_custom_1569318576735{padding-right: 100px !important;padding-left: 100px !important;}&#8221;]<nav aria-label=\"breadcrumbs\" class=\"rank-math-breadcrumb\"><p><span class=\"last\">Home<\/span><\/p><\/nav>[\/vc_column_text][\/vc_column][\/vc_row][\/vc_section][vc_section full_width=&#8221;stretch_row&#8221; el_class=&#8221;textcomp&#8221;][vc_row][vc_column][vc_column_text]<span style=\"font-weight: 400;\">Avez-vous un outil d\u00e9faillant, souhaitez-vous commander une pi\u00e8ce de rechange, avez-vous une machine \u00e0 r\u00e9parer ou une demande concernant votre commande de r\u00e9paration ?<\/span><\/p>\n<p><span style=\"font-weight: 400;\">A notre si\u00e8ge d\u2019Hennef, des employ\u00e9s qualifi\u00e9s seront heureux de satisfaire vos besoins. Dans le cas de r\u00e9paration, laissez simplement votre outil motoris\u00e9 \u00e0 votre distributeur local sp\u00e9cialis\u00e9 ou demandez le service. En consultation, nous pouvons r\u00e9cup\u00e9rer la machine recueillie, s\u2019assurer d\u2019une r\u00e9paration et d\u2019une maintenance professionnelles et ainsi que des contr\u00f4les de s\u00e9curit\u00e9, et \u00e9galement assurez des prix fixes justes.\u00a0 Comme la plupart de nos presque 70 distributeurs MontiPower<sup>\u00ae<\/sup> sp\u00e9cialis\u00e9s qui utilisent notre syst\u00e8me de service, les professionnels peuvent toujours compter sur notre service de r\u00e9paration.<\/span>[\/vc_column_text][\/vc_column][\/vc_row][\/vc_section]<\/p>\n<\/div>","protected":false},"excerpt":{"rendered":"<p>[vc_section full_width=&#8221;stretch_row&#8221; content_placement=&#8221;bottom&#8221; css=&#8221;.vc_custom_1569320141112{padding-top: 30px !important;padding-bottom: 0px !important;background-color: #ff1212 !important;background-position: center &#8230; <\/p>\n","protected":false},"author":19,"featured_media":0,"parent":10167,"menu_order":0,"comment_status":"closed","ping_status":"closed","template":"","meta":{"_acf_changed":false,"content-type":"","footnotes":""},"class_list":["post-10189","page","type-page","status-publish","hentry"],"acf":[],"_links":{"self":[{"href":"https:\/\/montipower.com\/fr\/wp-json\/wp\/v2\/pages\/10189","targetHints":{"allow":["GET"]}}],"collection":[{"href":"https:\/\/montipower.com\/fr\/wp-json\/wp\/v2\/pages"}],"about":[{"href":"https:\/\/montipower.com\/fr\/wp-json\/wp\/v2\/types\/page"}],"author":[{"embeddable":true,"href":"https:\/\/montipower.com\/fr\/wp-json\/wp\/v2\/users\/19"}],"replies":[{"embeddable":true,"href":"https:\/\/montipower.com\/fr\/wp-json\/wp\/v2\/comments?post=10189"}],"version-history":[{"count":3,"href":"https:\/\/montipower.com\/fr\/wp-json\/wp\/v2\/pages\/10189\/revisions"}],"predecessor-version":[{"id":10388,"href":"https:\/\/montipower.com\/fr\/wp-json\/wp\/v2\/pages\/10189\/revisions\/10388"}],"up":[{"embeddable":true,"href":"https:\/\/montipower.com\/fr\/wp-json\/wp\/v2\/pages\/10167"}],"wp:attachment":[{"href":"https:\/\/montipower.com\/fr\/wp-json\/wp\/v2\/media?parent=10189"}],"curies":[{"name":"wp","href":"https:\/\/api.w.org\/{rel}","templated":true}]}}