{"id":10173,"date":"2020-06-04T10:27:47","date_gmt":"2020-06-04T08:27:47","guid":{"rendered":"https:\/\/monti.la-compagnie.digital\/service-assistance\/training-request\/"},"modified":"2021-04-24T20:21:36","modified_gmt":"2021-04-24T18:21:36","slug":"demande-de-formation","status":"publish","type":"page","link":"https:\/\/montipower.com\/fr\/service-assistance\/demande-de-formation\/","title":{"rendered":"Demande de formation"},"content":{"rendered":"<div class=\"wpb-content-wrapper\"><p>[vc_section full_width=&#8221;stretch_row&#8221; content_placement=&#8221;bottom&#8221; css=&#8221;.vc_custom_1569320141112{padding-top: 30px !important;padding-bottom: 0px !important;background-color: #ff1212 !important;background-position: center !important;background-repeat: no-repeat !important;background-size: cover !important;}&#8221; el_class=&#8221;topbig&#8221;][vc_row css=&#8221;.vc_custom_1569318223776{padding-right: 100px !important;padding-left: 100px !important;}&#8221;][vc_column width=&#8221;1\/2&#8243;][vc_column_text]<\/p>\n<h1><span style=\"font-weight: 400;\">Demande de formation<\/span><\/h1>\n<p>[\/vc_column_text][\/vc_column][vc_column width=&#8221;1\/2&#8243;][\/vc_column][\/vc_row][vc_row full_width=&#8221;stretch_row_content_no_spaces&#8221; content_placement=&#8221;bottom&#8221; css=&#8221;.vc_custom_1572526136907{padding-top: 0px !important;padding-bottom: 100px !important;background-position: 0 0 !important;background-repeat: no-repeat !important;}&#8221; el_class=&#8221;hometopfotorij&#8221;][vc_column][\/vc_column][\/vc_row][vc_row full_width=&#8221;stretch_row&#8221; css=&#8221;.vc_custom_1572525974229{background-color: #f1f1f1 !important;}&#8221;][vc_column][vc_column_text el_class=&#8221;montbreadcrumbs&#8221; css=&#8221;.vc_custom_1569318576735{padding-right: 100px !important;padding-left: 100px !important;}&#8221;]<nav aria-label=\"breadcrumbs\" class=\"rank-math-breadcrumb\"><p><span class=\"last\">Home<\/span><\/p><\/nav>[\/vc_column_text][\/vc_column][\/vc_row][\/vc_section][vc_section full_width=&#8221;stretch_row&#8221; el_class=&#8221;textcomp&#8221;][vc_row][vc_column][vc_column_text]<\/p>\n<h2><span style=\"font-weight: 400;\">COURS SUR LA PREPARATION DES SURFACE<\/span><\/h2>\n<p><span style=\"font-weight: 400;\">La technologie derri\u00e8re les outils et machines de MontiPower\u00ae inclue beaucoup plus qu\u2019un simple nettoyage et qu\u2019un grainage des surfaces \u00ab s\u00fbr et respectueux de l\u2019environnement \u00bb qui doivent \u00eatre durablement trait\u00e9s et pr\u00e9serv\u00e9s.<\/span><\/p>\n<p><span style=\"font-weight: 400;\">Les cours sur la pr\u00e9paration des surface de MontiPower incluent :<\/span><\/p>\n<p><span style=\"font-weight: 400;\">Connaissances des mat\u00e9riaux de surface<br \/>\n<\/span><span style=\"font-weight: 400;\">Degr\u00e9s de propret\u00e9<br \/>\n<\/span><span style=\"font-weight: 400;\">M\u00e9thodes de test<br \/>\n<\/span><span style=\"font-weight: 400;\">Degr\u00e9s de rugosit\u00e9<br \/>\n<\/span><span style=\"font-weight: 400;\">M\u00e9thodes<br \/>\n<\/span><span style=\"font-weight: 400;\">M\u00e9thode MontiPower<br \/>\n<\/span><span style=\"font-weight: 400;\">Innovations<br \/>\n<\/span><span style=\"font-weight: 400;\">Sant\u00e9, S\u00e9curit\u00e9<br \/>\n<\/span><span style=\"font-weight: 400;\">Recyclage<br \/>\n<\/span><span style=\"font-weight: 400;\">Co\u00fbt<\/span><\/p>\n<p><span style=\"font-weight: 400;\">En collaboration avec des organisations et distributeurs \/ revendeurs nationaux, des programmes plus ou moins exhaustifs (incluant les pr\u00e9parations sous-marines) sont propos\u00e9s dans diverses localisations.<\/span><\/p>\n<p><span style=\"font-weight: 400;\">Pour plus d\u2019informations, envoyez un e-mail \u00e0 training@montipower.com<\/span>[\/vc_column_text][\/vc_column][\/vc_row][\/vc_section]<\/p>\n<\/div>","protected":false},"excerpt":{"rendered":"<p>[vc_section full_width=&#8221;stretch_row&#8221; content_placement=&#8221;bottom&#8221; css=&#8221;.vc_custom_1569320141112{padding-top: 30px !important;padding-bottom: 0px !important;background-color: #ff1212 !important;background-position: center &#8230; <\/p>\n","protected":false},"author":19,"featured_media":0,"parent":10167,"menu_order":0,"comment_status":"closed","ping_status":"closed","template":"","meta":{"_acf_changed":false,"content-type":"","footnotes":""},"class_list":["post-10173","page","type-page","status-publish","hentry"],"acf":[],"_links":{"self":[{"href":"https:\/\/montipower.com\/fr\/wp-json\/wp\/v2\/pages\/10173","targetHints":{"allow":["GET"]}}],"collection":[{"href":"https:\/\/montipower.com\/fr\/wp-json\/wp\/v2\/pages"}],"about":[{"href":"https:\/\/montipower.com\/fr\/wp-json\/wp\/v2\/types\/page"}],"author":[{"embeddable":true,"href":"https:\/\/montipower.com\/fr\/wp-json\/wp\/v2\/users\/19"}],"replies":[{"embeddable":true,"href":"https:\/\/montipower.com\/fr\/wp-json\/wp\/v2\/comments?post=10173"}],"version-history":[{"count":3,"href":"https:\/\/montipower.com\/fr\/wp-json\/wp\/v2\/pages\/10173\/revisions"}],"predecessor-version":[{"id":10380,"href":"https:\/\/montipower.com\/fr\/wp-json\/wp\/v2\/pages\/10173\/revisions\/10380"}],"up":[{"embeddable":true,"href":"https:\/\/montipower.com\/fr\/wp-json\/wp\/v2\/pages\/10167"}],"wp:attachment":[{"href":"https:\/\/montipower.com\/fr\/wp-json\/wp\/v2\/media?parent=10173"}],"curies":[{"name":"wp","href":"https:\/\/api.w.org\/{rel}","templated":true}]}}