{"id":10156,"date":"2019-10-01T10:15:25","date_gmt":"2019-10-01T08:15:25","guid":{"rendered":"https:\/\/monti.la-compagnie.digital\/propos\/care-for-steel-protection\/"},"modified":"2025-05-21T15:12:47","modified_gmt":"2025-05-21T13:12:47","slug":"entretien-des-surfaces","status":"publish","type":"page","link":"https:\/\/montipower.com\/fr\/propos\/entretien-des-surfaces\/","title":{"rendered":"Entretien des surfaces"},"content":{"rendered":"<div class=\"wpb-content-wrapper\"><p>[vc_section full_width=&#8221;stretch_row&#8221; content_placement=&#8221;bottom&#8221; css=&#8221;.vc_custom_1592819935490{padding-top: 30px !important;padding-bottom: 0px !important;background: #ff1212 url(https:\/\/montipower.com\/wp-content\/uploads\/2019\/10\/Pipeline_Rust_72dpi-1.jpg?id=3462) !important;background-position: center !important;background-repeat: no-repeat !important;background-size: cover !important;}&#8221; el_class=&#8221;topbig&#8221;][vc_row css=&#8221;.vc_custom_1569318223776{padding-right: 100px !important;padding-left: 100px !important;}&#8221;][vc_column width=&#8221;1\/2&#8243;][vc_column_text css=&#8221;&#8221;]<\/p>\n<h1>Entretien des surfaces<\/h1>\n<p>[\/vc_column_text][\/vc_column][vc_column width=&#8221;1\/2&#8243;][\/vc_column][\/vc_row][vc_row full_width=&#8221;stretch_row_content_no_spaces&#8221; content_placement=&#8221;bottom&#8221; css=&#8221;.vc_custom_1572531334156{padding-top: 0px !important;padding-bottom: 100px !important;background-position: 0 0 !important;background-repeat: no-repeat !important;}&#8221; el_class=&#8221;hometopfotorij&#8221;][vc_column][\/vc_column][\/vc_row][vc_row full_width=&#8221;stretch_row&#8221; css=&#8221;.vc_custom_1572531343978{background-color: #f1f1f1 !important;}&#8221;][vc_column][vc_column_text css=&#8221;.vc_custom_1569318576735{padding-right: 100px !important;padding-left: 100px !important;}&#8221; el_class=&#8221;montbreadcrumbs&#8221;]<nav aria-label=\"breadcrumbs\" class=\"rank-math-breadcrumb\"><p><span class=\"last\">Home<\/span><\/p><\/nav>[\/vc_column_text][\/vc_column][\/vc_row][\/vc_section][vc_section full_width=&#8221;stretch_row&#8221; el_class=&#8221;textcomp&#8221;][vc_row][vc_column][vc_column_text css=&#8221;&#8221; el_class=&#8221;intro&#8221;]<\/p>\n<h4>Garantir la meilleure adh\u00e9rence possible pour un rev\u00eatement et\/ou des adh\u00e9sifs<\/h4>\n<p>[\/vc_column_text][vc_column_text css=&#8221;&#8221;]Chez MONTI &#8211; Werkzeuge GmbH et MontiPower<sup>\u00ae<\/sup> Americas Inc, la force motrice de MontiPower<sup>\u00ae<\/sup>, nous ne nous contentons pas de fabriquer des outils, nous donnons confiance dans les environnements de travail critiques o\u00f9 l&#8217;\u00e9chec n&#8217;est pas une option.<br \/>\nQue notre technologie brevet\u00e9e des soies soit utilis\u00e9e sur un pipeline offshore, un navire de guerre ou un r\u00e9servoir industriel, quatre choses nous tiennent \u00e0 c\u0153ur : la qualit\u00e9, la productivit\u00e9, les personnes qui utilisent nos outils et le monde qui nous entoure.[\/vc_column_text][\/vc_column][\/vc_row][vc_row][vc_column][vc_single_image image=&#8221;69977&#8243; img_size=&#8221;800&#215;600&#8243; alignment=&#8221;center&#8221; css=&#8221;&#8221;][\/vc_column][\/vc_row][vc_row][vc_column][vc_column_text css=&#8221;&#8221; el_class=&#8221;intro&#8221;]<\/p>\n<h4>La qualit\u00e9 \u2013 parce que des vies et des biens en d\u00e9pendent<\/h4>\n<p>[\/vc_column_text][vc_column_text css=&#8221;&#8221;]Les pipelines et les navires op\u00e8rent dans des conditions parmi les plus difficiles au monde. Un d\u00e9faut de pr\u00e9paration de la surface peut entra\u00eener une d\u00e9faillance du rev\u00eatement, ce qui se traduit par de la corrosion, des fuites, des dommages structurels, voire pire. Nos outils sont con\u00e7us pour obtenir une propret\u00e9 de surface et des profils d&#8217;ancrage comparables au sablage, mais avec un contr\u00f4le chirurgical et une r\u00e9p\u00e9tabilit\u00e9. Pour nous, la qualit\u00e9 n&#8217;est pas un slogan marketing \u2014 c&#8217;est une promesse \u00e9tay\u00e9e par des d\u00e9cennies d&#8217;ing\u00e9nierie allemande, des normes d&#8217;essai et une mentalit\u00e9 sans compromis.[\/vc_column_text][\/vc_column][\/vc_row][vc_row][vc_column][vc_column_text css=&#8221;&#8221; el_class=&#8221;intro&#8221;]<\/p>\n<h4>Productivit\u00e9 &#8211; Parce que le temps, c&#8217;est de l&#8217;argent, et que les temps d&#8217;arr\u00eat sont dangereux<\/h4>\n<p>[\/vc_column_text][vc_column_text css=&#8221;&#8221;]Chaque minute d&#8217;immobilisation d&#8217;un navire ou d&#8217;un pipeline co\u00fbte cher. Nos clients exigent des outils rapides, mobiles et qui minimisent le temps d&#8217;installation. Contrairement au dynamitage traditionnel, les outils MontiPower \u00e9liminent le besoin de confinement, ne requi\u00e8rent aucun produit en vrac et peuvent \u00eatre d\u00e9ploy\u00e9s imm\u00e9diatement, m\u00eame dans des zones confin\u00e9es ou \u00e9loign\u00e9es. Le r\u00e9sultat? Les projets sont achev\u00e9s plus rapidement, en toute s\u00e9curit\u00e9 et avec moins de contraintes logistiques.[\/vc_column_text][\/vc_column][\/vc_row][vc_row][vc_column][vc_single_image image=&#8221;69983&#8243; img_size=&#8221;800&#215;600&#8243; alignment=&#8221;center&#8221; css=&#8221;&#8221;][\/vc_column][\/vc_row][vc_row][vc_column][vc_column_text css=&#8221;&#8221; el_class=&#8221;intro&#8221;]<\/p>\n<h4>Applicateurs \u2013 Parce que la main de l&#8217;homme donne des r\u00e9sultats<\/h4>\n<p>[\/vc_column_text][vc_column_text css=&#8221;&#8221;]Nous croyons qu&#8217;il faut responsabiliser les professionnels, et non les \u00e9puiser. Nos outils sont con\u00e7us dans un souci d&#8217;ergonomie, de facilit\u00e9 d&#8217;utilisation et de s\u00e9curit\u00e9. La pr\u00e9paration des surfaces est souvent une t\u00e2che physiquement exigeante et r\u00e9p\u00e9titive \u2013 en particulier sur les longs joints de pipelines ou les grandes coques de navires. C&#8217;est pourquoi les outils MontiPower sont con\u00e7us pour r\u00e9duire la fatigue, am\u00e9liorer le contr\u00f4le et fournir des r\u00e9sultats coh\u00e9rents, m\u00eame dans des conditions de travail extr\u00eames.[\/vc_column_text][\/vc_column][\/vc_row][vc_row][vc_column][vc_column_text css=&#8221;&#8221; el_class=&#8221;intro&#8221;]<\/p>\n<h4>Environnement \u2013 Parce que la pr\u00e9paration des surfaces ne doit pas nuire \u00e0 la plan\u00e8te<\/h4>\n<p>[\/vc_column_text][vc_column_text css=&#8221;&#8221;]Le sablage traditionnel peut \u00eatre source de gaspillage et de danger, et g\u00e9n\u00e9rer des tonnes de m\u00e9dias et de co\u00fbts de nettoyage de l&#8217;environnement. Avec la technologie MontiPower<sup>\u00ae<\/sup> bas\u00e9e sur les poils, aucun produit abrasif en vrac n&#8217;est n\u00e9cessaire, la poussi\u00e8re en suspension dans l&#8217;air est minimis\u00e9e et les d\u00e9chets sont limit\u00e9s \u00e0 ce que vous enlevez r\u00e9ellement de la surface. Cela change la donne pour les op\u00e9rations men\u00e9es dans des environnements marins ou terrestres sensibles, o\u00f9 une pr\u00e9paration de surface propre, s\u00e8che et respectueuse de l&#8217;environnement est une exigence \u2014 et non un luxe.[\/vc_column_text][\/vc_column][\/vc_row][vc_row][vc_column][vc_column_text css=&#8221;&#8221; el_class=&#8221;intro&#8221;]<\/p>\n<h4>Chez Monti-Werkzeuge GmbH, nous nous en soucions parce que nous avons vu ce qui est en jeu.<\/h4>\n<p>[\/vc_column_text][vc_column_text css=&#8221;&#8221;]<\/p>\n<ul>\n<li>La qualit\u00e9 d&#8217;un syst\u00e8me de rev\u00eatement d\u00e9pend de la pr\u00e9paration de la surface.<\/li>\n<li>Un outil ne vaut que ce que vaut l&#8217;artisan qui l&#8217;utilise.<\/li>\n<li>Et le progr\u00e8s ne doit jamais se faire au d\u00e9triment de l&#8217;environnement.<\/li>\n<\/ul>\n<p>C&#8217;est pourquoi nous sommes fiers d&#8217;apporter la puissance dans nos poils (MBX<sup>\u00ae<\/sup>, Bristle Blaster<sup>\u00ae<\/sup>) sur le terrain \u2014 de mani\u00e8re s\u00fbre, efficace et durable.[\/vc_column_text][\/vc_column][\/vc_row][\/vc_section]<\/p>\n<\/div>","protected":false},"excerpt":{"rendered":"<p>[vc_section full_width=&#8221;stretch_row&#8221; content_placement=&#8221;bottom&#8221; css=&#8221;.vc_custom_1592819935490{padding-top: 30px !important;padding-bottom: 0px !important;background: #ff1212 url(https:\/\/montipower.com\/wp-content\/uploads\/2019\/10\/Pipeline_Rust_72dpi-1.jpg?id=3462) !important;background-position: &#8230; <\/p>\n","protected":false},"author":19,"featured_media":69977,"parent":10028,"menu_order":0,"comment_status":"closed","ping_status":"closed","template":"","meta":{"_acf_changed":false,"content-type":"","footnotes":""},"class_list":["post-10156","page","type-page","status-publish","has-post-thumbnail","hentry"],"acf":[],"_links":{"self":[{"href":"https:\/\/montipower.com\/fr\/wp-json\/wp\/v2\/pages\/10156","targetHints":{"allow":["GET"]}}],"collection":[{"href":"https:\/\/montipower.com\/fr\/wp-json\/wp\/v2\/pages"}],"about":[{"href":"https:\/\/montipower.com\/fr\/wp-json\/wp\/v2\/types\/page"}],"author":[{"embeddable":true,"href":"https:\/\/montipower.com\/fr\/wp-json\/wp\/v2\/users\/19"}],"replies":[{"embeddable":true,"href":"https:\/\/montipower.com\/fr\/wp-json\/wp\/v2\/comments?post=10156"}],"version-history":[{"count":4,"href":"https:\/\/montipower.com\/fr\/wp-json\/wp\/v2\/pages\/10156\/revisions"}],"predecessor-version":[{"id":70005,"href":"https:\/\/montipower.com\/fr\/wp-json\/wp\/v2\/pages\/10156\/revisions\/70005"}],"up":[{"embeddable":true,"href":"https:\/\/montipower.com\/fr\/wp-json\/wp\/v2\/pages\/10028"}],"wp:featuredmedia":[{"embeddable":true,"href":"https:\/\/montipower.com\/fr\/wp-json\/wp\/v2\/media\/69977"}],"wp:attachment":[{"href":"https:\/\/montipower.com\/fr\/wp-json\/wp\/v2\/media?parent=10156"}],"curies":[{"name":"wp","href":"https:\/\/api.w.org\/{rel}","templated":true}]}}