{"id":10022,"date":"2019-10-25T14:20:12","date_gmt":"2019-10-25T12:20:12","guid":{"rendered":"https:\/\/monti.la-compagnie.digital\/mtest\/"},"modified":"2024-08-13T15:51:17","modified_gmt":"2024-08-13T13:51:17","slug":"mtestco","status":"publish","type":"page","link":"https:\/\/montipower.com\/fr\/service-assistance\/mtestco\/","title":{"rendered":"M-TESTCO"},"content":{"rendered":"<div class=\"wpb-content-wrapper\"><p>[vc_section full_width=&#8221;stretch_row&#8221; content_placement=&#8221;bottom&#8221; css=&#8221;.vc_custom_1569320141112{padding-top: 30px !important;padding-bottom: 0px !important;background-color: #ff1212 !important;background-position: center !important;background-repeat: no-repeat !important;background-size: cover !important;}&#8221; el_class=&#8221;topbig&#8221;][vc_row css=&#8221;.vc_custom_1569318223776{padding-right: 100px !important;padding-left: 100px !important;}&#8221;][vc_column width=&#8221;1\/2&#8243;][vc_column_text]<\/p>\n<h1>M-TESTCO<\/h1>\n<p>[\/vc_column_text][\/vc_column][vc_column width=&#8221;1\/2&#8243;][\/vc_column][\/vc_row][vc_row full_width=&#8221;stretch_row_content_no_spaces&#8221; content_placement=&#8221;bottom&#8221; css=&#8221;.vc_custom_1572534865193{padding-top: 0px !important;padding-bottom: 100px !important;background-position: 0 0 !important;background-repeat: no-repeat !important;}&#8221; el_class=&#8221;hometopfotorij&#8221;][vc_column][\/vc_column][\/vc_row][vc_row full_width=&#8221;stretch_row&#8221; css=&#8221;.vc_custom_1572534861126{background-color: #f1f1f1 !important;}&#8221;][vc_column][vc_column_text el_class=&#8221;montbreadcrumbs&#8221; css=&#8221;.vc_custom_1569318576735{padding-right: 100px !important;padding-left: 100px !important;}&#8221;]<nav aria-label=\"breadcrumbs\" class=\"rank-math-breadcrumb\"><p><span class=\"last\">Home<\/span><\/p><\/nav>[\/vc_column_text][\/vc_column][\/vc_row][\/vc_section][vc_section full_width=&#8221;stretch_row&#8221; el_class=&#8221;textcomp&#8221;][vc_row][vc_column][vc_single_image image=&#8221;55830&#8243; img_size=&#8221;full&#8221;][vc_column_text el_class=&#8221;intro&#8221;]<\/p>\n<h3>M-TESTCO<\/h3>\n<p>[\/vc_column_text][vc_column_text]<\/p>\n<p class=\"p1\">Les Outils sp\u00e9cialis\u00e9s et Equipements de test MontiPower<sup>\u00ae<\/sup> (M-Testco) sont une partie majeure de la vision entrepreneuriale de MontiPower<sup>\u00ae<\/sup> visant \u00e0 am\u00e9liorer les rev\u00eatements.<\/p>\n<p>[\/vc_column_text][vc_single_image image=&#8221;4986&#8243; img_size=&#8221;75&#215;75&#8243; alignment=&#8221;center&#8221;][vc_single_image image=&#8221;55842&#8243; img_size=&#8221;full&#8221; alignment=&#8221;center&#8221;][\/vc_column][\/vc_row][vc_row][vc_column][vc_column_text]<\/p>\n<h5 class=\"p1\">LES TESTS FOURNISSENT DES DONNEES<\/h5>\n<p class=\"p1\">Les donn\u00e9es sont la connaissance. La connaissance est vitale. M-Testco fournit des instruments de contr\u00f4le de la qualit\u00e9 pour l\u2019inspection des rev\u00eatements, des tests non destructifs et des \u00e9quipements d\u2019inspection des soudures. Nous agissons dans les industries p\u00e9trochimiques, maritimes, en mer et autres o\u00f9 le contr\u00f4le qualit\u00e9 est obligatoire. Notre exp\u00e9rience approfondie d\u2019utilisation des \u00e9quipements d&#8217;inspection des rev\u00eatements assure que nous fournirons une assistance technique et des recommandations de produits professionnels.<\/p>\n<p class=\"p1\">Croyez les donn\u00e9es. Faites confiance \u00e0 nos outils. C\u2019est l\u2019heure de pointe.<\/p>\n<p>[\/vc_column_text][vc_single_image image=&#8221;55836&#8243; img_size=&#8221;full&#8221; alignment=&#8221;center&#8221; onclick=&#8221;custom_link&#8221; img_link_target=&#8221;_blank&#8221; link=&#8221;http:\/\/www.m-testco.com\/positector-6000-system\/posisoft-soluble-salt-test-p-2369.html&#8221;][\/vc_column][\/vc_row][vc_row][vc_column][vc_single_image image=&#8221;4986&#8243; img_size=&#8221;75&#215;75&#8243; alignment=&#8221;center&#8221;][vc_column_text]<\/p>\n<p class=\"p1\">M-Testco assiste les ing\u00e9nieurs et entrepreneurs dans le secteur du rev\u00eatement pour leurs besoins quotidiens pour les travaux de pr\u00e9paration et les \u00e9quipements de test des rev\u00eatements. M-Testco agit pour accro\u00eetre l&#8217;expertise du contr\u00f4le qualit\u00e9 et des rev\u00eatements de MontiPower<sup>\u00ae<\/sup> dans le monde, ainsi que ses prestations de produits et de services.<\/p>\n<p class=\"p1\">Les bureaux de M-Testco sont localis\u00e9s \u00e0 Houston, avec une large empreinte g\u00e9ographique. M-Testco est un membre actif de <i>Houston Coating Society.<\/i><\/p>\n<p class=\"p1\">Plus d\u2019informations :<\/p>\n<p>[\/vc_column_text][\/vc_column][\/vc_row][vc_row][vc_column width=&#8221;1\/3&#8243;][vc_btn title=&#8221;M-TESTCO&#8221; style=&#8221;classic&#8221; shape=&#8221;square&#8221; align=&#8221;left&#8221; link=&#8221;url:https%3A%2F%2Fm-testco.com|title:MTEST|target:%20_blank|&#8221; el_class=&#8221;hometopfotobutton&#8221;][\/vc_column][vc_column width=&#8221;1\/3&#8243;][vc_btn title=&#8221;Catalogue&#8221; style=&#8221;classic&#8221; shape=&#8221;square&#8221; align=&#8221;left&#8221; link=&#8221;url:https%3A%2F%2Fheyzine.com%2Fflip-book%2F45daae8c02.html|title:MTEST|target:_blank&#8221; el_class=&#8221;hometopfotobutton&#8221;][\/vc_column][vc_column width=&#8221;1\/3&#8243;][\/vc_column][\/vc_row][\/vc_section][vc_section full_width=&#8221;stretch_row&#8221; content_placement=&#8221;top&#8221; el_class=&#8221;hometekstvlak&#8221; css=&#8221;.vc_custom_1569246298651{padding-bottom: 50px !important;background-color: #f4f4f4 !important;}&#8221;][vc_row][vc_column][vc_single_image image=&#8221;3044&#8243; img_size=&#8221;500&#215;500&#8243; alignment=&#8221;center&#8221;][\/vc_column][\/vc_row][\/vc_section]<\/p>\n<\/div>","protected":false},"excerpt":{"rendered":"<p>[vc_section full_width=&#8221;stretch_row&#8221; content_placement=&#8221;bottom&#8221; css=&#8221;.vc_custom_1569320141112{padding-top: 30px !important;padding-bottom: 0px !important;background-color: #ff1212 !important;background-position: center &#8230; <\/p>\n","protected":false},"author":19,"featured_media":0,"parent":10167,"menu_order":0,"comment_status":"closed","ping_status":"closed","template":"","meta":{"_acf_changed":false,"content-type":"","footnotes":""},"class_list":["post-10022","page","type-page","status-publish","hentry"],"acf":[],"_links":{"self":[{"href":"https:\/\/montipower.com\/fr\/wp-json\/wp\/v2\/pages\/10022","targetHints":{"allow":["GET"]}}],"collection":[{"href":"https:\/\/montipower.com\/fr\/wp-json\/wp\/v2\/pages"}],"about":[{"href":"https:\/\/montipower.com\/fr\/wp-json\/wp\/v2\/types\/page"}],"author":[{"embeddable":true,"href":"https:\/\/montipower.com\/fr\/wp-json\/wp\/v2\/users\/19"}],"replies":[{"embeddable":true,"href":"https:\/\/montipower.com\/fr\/wp-json\/wp\/v2\/comments?post=10022"}],"version-history":[{"count":6,"href":"https:\/\/montipower.com\/fr\/wp-json\/wp\/v2\/pages\/10022\/revisions"}],"predecessor-version":[{"id":55849,"href":"https:\/\/montipower.com\/fr\/wp-json\/wp\/v2\/pages\/10022\/revisions\/55849"}],"up":[{"embeddable":true,"href":"https:\/\/montipower.com\/fr\/wp-json\/wp\/v2\/pages\/10167"}],"wp:attachment":[{"href":"https:\/\/montipower.com\/fr\/wp-json\/wp\/v2\/media?parent=10022"}],"curies":[{"name":"wp","href":"https:\/\/api.w.org\/{rel}","templated":true}]}}