{"id":10750,"date":"2020-06-04T10:24:30","date_gmt":"2020-06-04T08:24:30","guid":{"rendered":"https:\/\/monti.la-compagnie.digital\/servicio-y-soporte\/rental\/"},"modified":"2022-05-18T16:31:26","modified_gmt":"2022-05-18T14:31:26","slug":"alquiler","status":"publish","type":"page","link":"https:\/\/montipower.com\/es\/servicio-y-soporte\/alquiler\/","title":{"rendered":"Alquiler"},"content":{"rendered":"<div class=\"wpb-content-wrapper\"><p>[vc_section full_width=&#8221;stretch_row&#8221; content_placement=&#8221;bottom&#8221; css=&#8221;.vc_custom_1591359755932{padding-top: 30px !important;padding-bottom: 0px !important;background-image: url(https:\/\/montipower.com\/wp-content\/uploads\/2020\/02\/HOOFDFOTO_Prepper_1500x1500.jpg?id=4639) !important;background-position: center !important;background-repeat: no-repeat !important;background-size: cover !important;}&#8221; el_class=&#8221;topbig&#8221;][vc_row css=&#8221;.vc_custom_1569318223776{padding-right: 100px !important;padding-left: 100px !important;}&#8221;][vc_column width=&#8221;1\/2&#8243;][vc_column_text]<\/p>\n<h1 class=\"p1\">ALQUILER<\/h1>\n<p>[\/vc_column_text][\/vc_column][vc_column width=&#8221;1\/2&#8243;][\/vc_column][\/vc_row][vc_row full_width=&#8221;stretch_row_content_no_spaces&#8221; content_placement=&#8221;bottom&#8221; css=&#8221;.vc_custom_1572526136907{padding-top: 0px !important;padding-bottom: 100px !important;background-position: 0 0 !important;background-repeat: no-repeat !important;}&#8221; el_class=&#8221;hometopfotorij&#8221;][vc_column][\/vc_column][\/vc_row][vc_row full_width=&#8221;stretch_row&#8221; css=&#8221;.vc_custom_1572525974229{background-color: #f1f1f1 !important;}&#8221;][vc_column][vc_column_text el_class=&#8221;montbreadcrumbs&#8221; css=&#8221;.vc_custom_1569318576735{padding-right: 100px !important;padding-left: 100px !important;}&#8221;]<nav aria-label=\"breadcrumbs\" class=\"rank-math-breadcrumb\"><p><span class=\"last\">Home<\/span><\/p><\/nav>[\/vc_column_text][\/vc_column][\/vc_row][\/vc_section][vc_section full_width=&#8221;stretch_row&#8221; el_class=&#8221;textcomp&#8221;][vc_row][vc_column][vc_column_text]<\/p>\n<h5 class=\"p1\">BAJO EL MAR<\/h5>\n<p class=\"p1\">A trav\u00e9s MontiPower BV, Spijk, Holanda, suministramos equipos de buceo, herramientas y otras soluciones t\u00e9cnicas de alquiler para la preparaci\u00f3n de la superficie submarina, como el caviblasting.<\/p>\n<p>[\/vc_column_text][\/vc_column][\/vc_row][vc_row][vc_column][vc_column_text]<\/p>\n<h5 class=\"p1\">OTRAS HERRAMIENTAS<\/h5>\n<p class=\"p1\">Por favor, complete el <a href=\"https:\/\/montipower.com\/es\/servicio-y-soporte\/solicitud-de-presupuesto\/\">formulario de solicitud de presupuesto<\/a>\u00a0para que podamos hacerle una oferta de alquiler de otras herramientas Bristle Blaster\u00ae o MBX\u00ae. Directa o indirectamente a trav\u00e9s de nuestra red global de socios estaremos a su servicio.<\/p>\n<p>[\/vc_column_text][\/vc_column][\/vc_row][\/vc_section]<\/p>\n<\/div>","protected":false},"excerpt":{"rendered":"<p>[vc_section full_width=&#8221;stretch_row&#8221; content_placement=&#8221;bottom&#8221; css=&#8221;.vc_custom_1591359755932{padding-top: 30px !important;padding-bottom: 0px !important;background-image: url(https:\/\/montipower.com\/wp-content\/uploads\/2020\/02\/HOOFDFOTO_Prepper_1500x1500.jpg?id=4639) !important;background-position: center &#8230; <\/p>\n","protected":false},"author":19,"featured_media":0,"parent":10725,"menu_order":0,"comment_status":"closed","ping_status":"closed","template":"","meta":{"_acf_changed":false,"content-type":"","footnotes":""},"class_list":["post-10750","page","type-page","status-publish","hentry"],"acf":[],"_links":{"self":[{"href":"https:\/\/montipower.com\/es\/wp-json\/wp\/v2\/pages\/10750","targetHints":{"allow":["GET"]}}],"collection":[{"href":"https:\/\/montipower.com\/es\/wp-json\/wp\/v2\/pages"}],"about":[{"href":"https:\/\/montipower.com\/es\/wp-json\/wp\/v2\/types\/page"}],"author":[{"embeddable":true,"href":"https:\/\/montipower.com\/es\/wp-json\/wp\/v2\/users\/19"}],"replies":[{"embeddable":true,"href":"https:\/\/montipower.com\/es\/wp-json\/wp\/v2\/comments?post=10750"}],"version-history":[{"count":4,"href":"https:\/\/montipower.com\/es\/wp-json\/wp\/v2\/pages\/10750\/revisions"}],"predecessor-version":[{"id":26926,"href":"https:\/\/montipower.com\/es\/wp-json\/wp\/v2\/pages\/10750\/revisions\/26926"}],"up":[{"embeddable":true,"href":"https:\/\/montipower.com\/es\/wp-json\/wp\/v2\/pages\/10725"}],"wp:attachment":[{"href":"https:\/\/montipower.com\/es\/wp-json\/wp\/v2\/media?parent=10750"}],"curies":[{"name":"wp","href":"https:\/\/api.w.org\/{rel}","templated":true}]}}