{"id":10728,"date":"2020-06-08T17:15:31","date_gmt":"2020-06-08T15:15:31","guid":{"rendered":"https:\/\/monti.la-compagnie.digital\/servicio-y-soporte\/request-for-quotation\/"},"modified":"2025-09-18T14:58:58","modified_gmt":"2025-09-18T12:58:58","slug":"solicitud-de-presupuesto","status":"publish","type":"page","link":"https:\/\/montipower.com\/es\/servicio-y-soporte\/solicitud-de-presupuesto\/","title":{"rendered":"Solicitud de cotizaci\u00f3n"},"content":{"rendered":"<div class=\"wpb-content-wrapper\"><p>[vc_section full_width=&#8221;stretch_row&#8221; content_placement=&#8221;bottom&#8221; css=&#8221;.vc_custom_1569491157507{padding-top: 30px !important;padding-bottom: 0px !important;background-color: #ff1212 !important;background-position: center !important;background-repeat: no-repeat !important;background-size: cover !important;}&#8221; el_class=&#8221;topbig&#8221;][vc_row css=&#8221;.vc_custom_1569318223776{padding-right: 100px !important;padding-left: 100px !important;}&#8221;][vc_column width=&#8221;1\/2&#8243;][vc_column_text]<\/p>\n<h1 class=\"p1\">SOLICITUD DE COTIZACI\u00d3N<\/h1>\n<p>[\/vc_column_text][\/vc_column][vc_column width=&#8221;1\/2&#8243;][\/vc_column][\/vc_row][vc_row full_width=&#8221;stretch_row_content_no_spaces&#8221; content_placement=&#8221;bottom&#8221; css=&#8221;.vc_custom_1572538421631{padding-top: 0px !important;padding-bottom: 100px !important;background-position: 0 0 !important;background-repeat: no-repeat !important;}&#8221; el_class=&#8221;hometopfotorij&#8221;][vc_column][\/vc_column][\/vc_row][vc_row full_width=&#8221;stretch_row&#8221; css=&#8221;.vc_custom_1572538430974{background-color: #f1f1f1 !important;}&#8221;][vc_column][vc_column_text css=&#8221;.vc_custom_1569318576735{padding-right: 100px !important;padding-left: 100px !important;}&#8221; el_class=&#8221;montbreadcrumbs&#8221;]<nav aria-label=\"breadcrumbs\" class=\"rank-math-breadcrumb\"><p><span class=\"last\">Home<\/span><\/p><\/nav>[\/vc_column_text][\/vc_column][\/vc_row][\/vc_section][vc_section full_width=&#8221;stretch_row&#8221; el_class=&#8221;textcomp&#8221;][vc_row][vc_column][vc_column_text]<\/p>\n<p class=\"p1\"><strong>Gracias por su inter\u00e9s en MontiPower<sup>\u00ae<\/sup> y en nuestras tecnolog\u00edas patentadas para la preparaci\u00f3n profesional de superficies. Por favor, p\u00f3ngase en contacto con nosotros a trav\u00e9s del siguiente formulario y nos pondremos en contacto con usted en breve.<\/strong><\/p>\n<p>[\/vc_column_text][vc_column_text]<\/p>\n<ul>\n<li>\n<p class=\"p1\">Los campos obligatorios se muestran con un asterisco *<\/p>\n<\/li>\n<\/ul>\n<p>[\/vc_column_text][\/vc_column][\/vc_row][vc_row][vc_column]\n<div class=\"wpcf7 no-js\" id=\"wpcf7-f515-o1\" lang=\"en-US\" dir=\"ltr\" data-wpcf7-id=\"515\">\n<div class=\"screen-reader-response\"><p role=\"status\" aria-live=\"polite\" aria-atomic=\"true\"><\/p> <ul><\/ul><\/div>\n<form action=\"\/es\/wp-json\/wp\/v2\/pages\/10728#wpcf7-f515-o1\" method=\"post\" class=\"wpcf7-form init\" aria-label=\"Contact form\" enctype=\"multipart\/form-data\" novalidate=\"novalidate\" data-status=\"init\">\n<fieldset class=\"hidden-fields-container\"><input type=\"hidden\" name=\"_wpcf7\" value=\"515\" \/><input type=\"hidden\" name=\"_wpcf7_version\" value=\"6.1.5\" \/><input type=\"hidden\" name=\"_wpcf7_locale\" value=\"en_US\" \/><input type=\"hidden\" name=\"_wpcf7_unit_tag\" value=\"wpcf7-f515-o1\" \/><input type=\"hidden\" name=\"_wpcf7_container_post\" value=\"0\" \/><input type=\"hidden\" name=\"_wpcf7_posted_data_hash\" value=\"\" \/><input type=\"hidden\" name=\"_wpcf7_recaptcha_response\" value=\"\" \/>\n<\/fieldset>\n<div class=\"contactformulier\">\n\t<div class=\"contactmess\">\n\t\t<p><label class=\"contact100\"> <span class=\"contacttitel\">Please select message subject <\/span><br \/>\n<span class=\"wpcf7-form-control-wrap\" data-name=\"messagesubject\"><select class=\"wpcf7-form-control wpcf7-select\" aria-invalid=\"false\" name=\"messagesubject\"><option value=\"\">&#8212;Please choose an option&#8212;<\/option><option value=\"Request for quotation\">Request for quotation<\/option><option value=\"I would like some information\">I would like some information<\/option><option value=\"I have a question\">I have a question<\/option><option value=\"I have a complaint\">I have a complaint<\/option><\/select><\/span> <\/label>\n\t\t<\/p>\n\t\t<p><label class=\"contact50\"> <span class=\"contacttitel\">Name*<\/span><br \/>\n<span class=\"wpcf7-form-control-wrap\" data-name=\"your-name\"><input size=\"40\" maxlength=\"400\" class=\"wpcf7-form-control wpcf7-text wpcf7-validates-as-required\" aria-required=\"true\" aria-invalid=\"false\" value=\"\" type=\"text\" name=\"your-name\" \/><\/span> <\/label>\n\t\t<\/p>\n\t\t<p><label class=\"contact50\"> <span class=\"contacttitel\">Company* <\/span><br \/>\n<span class=\"wpcf7-form-control-wrap\" data-name=\"company\"><input size=\"40\" maxlength=\"400\" class=\"wpcf7-form-control wpcf7-text wpcf7-validates-as-required\" aria-required=\"true\" aria-invalid=\"false\" value=\"\" type=\"text\" name=\"company\" \/><\/span> <\/label>\n\t\t<\/p>\n\t\t<p><label class=\"contact50\"> <span class=\"contacttitel\">Select location* <\/span><br \/>\n<span class=\"wpcf7-form-control-wrap\" data-name=\"countrytext-254\"><input size=\"40\" class=\"wpcf7-form-control wpcf7-countrytext wpcf7-validates-as-required wpcf7-text wpcf7-validates-as-countrytext\" aria-required=\"true\" aria-invalid=\"false\" placeholder=\"Please select\" value=\"\" type=\"text\" name=\"countrytext-254\" \/><\/span> <\/label>\n\t\t<\/p>\n\t\t<p><label class=\"contact50\"> <span class=\"contacttitel\">E-Mail* <\/span><br \/>\n<span class=\"wpcf7-form-control-wrap\" data-name=\"your-email\"><input size=\"40\" maxlength=\"400\" class=\"wpcf7-form-control wpcf7-email wpcf7-validates-as-required wpcf7-text wpcf7-validates-as-email\" aria-required=\"true\" aria-invalid=\"false\" value=\"\" type=\"email\" name=\"your-email\" \/><\/span> <\/label>\n\t\t<\/p>\n\t\t<p><label class=\"contact50\"> <span class=\"contacttitel\">Phone* <\/span><br \/>\n<span class=\"wpcf7-form-control-wrap\" data-name=\"phone\"><input size=\"40\" maxlength=\"400\" class=\"wpcf7-form-control wpcf7-text wpcf7-validates-as-required\" aria-required=\"true\" aria-invalid=\"false\" value=\"\" type=\"text\" name=\"phone\" \/><\/span> <\/label>\n\t\t<\/p>\n\t<\/div>\n\t<div class=\"contactmess\">\n\t\t<p><label class=\"contact50\"> <span class=\"contacttitel\">Your message* <\/span><br \/>\n<span class=\"wpcf7-form-control-wrap\" data-name=\"your-message\"><textarea cols=\"40\" rows=\"10\" maxlength=\"2000\" class=\"wpcf7-form-control wpcf7-textarea\" aria-invalid=\"false\" name=\"your-message\"><\/textarea><\/span> <\/label>\n\t\t<\/p>\n\t\t<p><label class=\"contact50\"> <span class=\"contacttitel\">Upload files <\/span><br \/>\n<span class=\"wpcf7-form-control-wrap\" data-name=\"file\"><input size=\"40\" class=\"wpcf7-form-control wpcf7-file\" accept=\"audio\/*,video\/*,image\/*\" aria-invalid=\"false\" type=\"file\" name=\"file\" \/><\/span> <\/label>\n\t\t<\/p>\n\t<\/div>\n\t<p><span class=\"contacttitel\"> Confirm your age: <\/span><br \/>\n<span class=\"wpcf7-form-control-wrap\" data-name=\"acceptance-612\"><span class=\"wpcf7-form-control wpcf7-acceptance\"><span class=\"wpcf7-list-item\"><label><input type=\"checkbox\" name=\"acceptance-612\" value=\"1\" aria-invalid=\"false\" \/><span class=\"wpcf7-list-item-label\">Yes - I confirm that I am over 18 years old. By submitting this form you agree to the <a href=\"https:\/\/montipower.com\/terms\/\" target=\"_blank\">General Terms and Conditions<\/a>.*<\/span><\/label><\/span><\/span><\/span>\n\t<\/p>\n\t<p><span class=\"wpcf7-form-control-wrap\" data-name=\"acceptance-813\"><span class=\"wpcf7-form-control wpcf7-acceptance\"><span class=\"wpcf7-list-item\"><label><input type=\"checkbox\" name=\"acceptance-813\" value=\"1\" aria-invalid=\"false\" \/><span class=\"wpcf7-list-item-label\">I agree that my details mentioned in the contact form will be collected and processed exclusively to respond to my inquiry. Please note that you can revoke your consent at any time by sending an e-mail to info@montipower.com. *<\/span><\/label><\/span><\/span><\/span>\n\t<\/p>\n\t<div class=\"cf7-cf-turnstile\" style=\"margin-top: 0px; margin-bottom: -15px;\"> <div id=\"cf-turnstile-cf7-4091790843\" class=\"cf-turnstile\" data-sitekey=\"0x4AAAAAAB16vcTqrkLM0sgb\" data-theme=\"light\" data-language=\"auto\" data-size=\"normal\" data-retry=\"auto\" data-retry-interval=\"1000\" data-action=\"contact-form-7\" data-appearance=\"always\"><\/div> <script>document.addEventListener(\"DOMContentLoaded\", function() { setTimeout(function(){ var e=document.getElementById(\"cf-turnstile-cf7-4091790843\"); e&&!e.innerHTML.trim()&&(turnstile.remove(\"#cf-turnstile-cf7-4091790843\"), turnstile.render(\"#cf-turnstile-cf7-4091790843\", {sitekey:\"0x4AAAAAAB16vcTqrkLM0sgb\"})); }, 0); });<\/script> <br class=\"cf-turnstile-br cf-turnstile-br-cf7-4091790843\"> <style>#cf-turnstile-cf7-4091790843 { margin-left: -15px; }<\/style> <script>document.addEventListener(\"DOMContentLoaded\",function(){document.querySelectorAll('.wpcf7-form').forEach(function(e){e.addEventListener('submit',function(){if(document.getElementById('cf-turnstile-cf7-4091790843')){setTimeout(function(){turnstile.reset('#cf-turnstile-cf7-4091790843');},1000)}})})});<\/script> <\/div>\n\t<p><input class=\"wpcf7-form-control wpcf7-submit has-spinner\" type=\"submit\" value=\"Send message\" \/>\n\t<\/p>\n<\/div><div class=\"wpcf7-response-output\" aria-hidden=\"true\"><\/div>\n<\/form>\n<\/div>\n[\/vc_column][\/vc_row][\/vc_section][vc_section full_width=&#8221;stretch_row&#8221; el_class=&#8221;textcomp&#8221;][vc_row][vc_column][vc_separator color=&#8221;black&#8221;][vc_column_text el_class=&#8221;intro&#8221;]<\/p>\n<h3 class=\"p1\">PRIVACIDAD<\/h3>\n<p>[\/vc_column_text][vc_column_text]<\/p>\n<p class=\"p1\">Este sitio web es propiedad y est\u00e1 controlado por:<\/p>\n<p class=\"p1\">MONTI \u2013 Werkzeuge GmbH<br \/>\nReisertstr. 21<br \/>\n53773 Hennef<br \/>\nAlemania<br \/>\n+49 (0) 2242 9090 630<br \/>\ninfo@montipower.com<\/p>\n<p class=\"p1\">MontiPower<sup>\u00ae<\/sup> se compromete a proteger su privacidad y a garantizar la protecci\u00f3n de su informaci\u00f3n personal. Para obtener m\u00e1s informaci\u00f3n, visite nuestro <a href=\"https:\/\/montipower.com\/es\/privacy\/\" target=\"_blank\" rel=\"noopener noreferrer\">Aviso de privacidad<\/a> \u00a0y\u00a0 <a href=\"https:\/\/montipower.com\/es\/terminos-condiciones\/\" target=\"_blank\" rel=\"noopener noreferrer\">las Condiciones generales<\/a>.<\/p>\n<p>[\/vc_column_text][\/vc_column][\/vc_row][\/vc_section]<\/p>\n<\/div>","protected":false},"excerpt":{"rendered":"<p>[vc_section full_width=&#8221;stretch_row&#8221; content_placement=&#8221;bottom&#8221; css=&#8221;.vc_custom_1569491157507{padding-top: 30px !important;padding-bottom: 0px !important;background-color: #ff1212 !important;background-position: center &#8230; <\/p>\n","protected":false},"author":19,"featured_media":0,"parent":10725,"menu_order":0,"comment_status":"closed","ping_status":"closed","template":"","meta":{"_acf_changed":false,"content-type":"","footnotes":""},"class_list":["post-10728","page","type-page","status-publish","hentry"],"acf":[],"_links":{"self":[{"href":"https:\/\/montipower.com\/es\/wp-json\/wp\/v2\/pages\/10728","targetHints":{"allow":["GET"]}}],"collection":[{"href":"https:\/\/montipower.com\/es\/wp-json\/wp\/v2\/pages"}],"about":[{"href":"https:\/\/montipower.com\/es\/wp-json\/wp\/v2\/types\/page"}],"author":[{"embeddable":true,"href":"https:\/\/montipower.com\/es\/wp-json\/wp\/v2\/users\/19"}],"replies":[{"embeddable":true,"href":"https:\/\/montipower.com\/es\/wp-json\/wp\/v2\/comments?post=10728"}],"version-history":[{"count":5,"href":"https:\/\/montipower.com\/es\/wp-json\/wp\/v2\/pages\/10728\/revisions"}],"predecessor-version":[{"id":83886,"href":"https:\/\/montipower.com\/es\/wp-json\/wp\/v2\/pages\/10728\/revisions\/83886"}],"up":[{"embeddable":true,"href":"https:\/\/montipower.com\/es\/wp-json\/wp\/v2\/pages\/10725"}],"wp:attachment":[{"href":"https:\/\/montipower.com\/es\/wp-json\/wp\/v2\/media?parent=10728"}],"curies":[{"name":"wp","href":"https:\/\/api.w.org\/{rel}","templated":true}]}}