{"id":10719,"date":"2019-10-01T10:15:25","date_gmt":"2019-10-01T08:15:25","guid":{"rendered":"https:\/\/monti.la-compagnie.digital\/acerca-de\/care-for-steel-protection\/"},"modified":"2025-05-21T14:21:05","modified_gmt":"2025-05-21T12:21:05","slug":"cuidado-para-la-proteccion-del-acero","status":"publish","type":"page","link":"https:\/\/montipower.com\/es\/acerca-de\/cuidado-para-la-proteccion-del-acero\/","title":{"rendered":"Cuidado para la protecci\u00f3n del acero"},"content":{"rendered":"<div class=\"wpb-content-wrapper\"><p>[vc_section full_width=&#8221;stretch_row&#8221; content_placement=&#8221;bottom&#8221; css=&#8221;.vc_custom_1592819935490{padding-top: 30px !important;padding-bottom: 0px !important;background: #ff1212 url(https:\/\/montipower.com\/wp-content\/uploads\/2019\/10\/Pipeline_Rust_72dpi-1.jpg?id=3462) !important;background-position: center !important;background-repeat: no-repeat !important;background-size: cover !important;}&#8221; el_class=&#8221;topbig&#8221;][vc_row css=&#8221;.vc_custom_1569318223776{padding-right: 100px !important;padding-left: 100px !important;}&#8221;][vc_column width=&#8221;1\/2&#8243;][vc_column_text]<\/p>\n<h1 class=\"p1\">CUIDADO PARA LA PROTECCI\u00d3N DEL ACERO<\/h1>\n<p>[\/vc_column_text][\/vc_column][vc_column width=&#8221;1\/2&#8243;][\/vc_column][\/vc_row][vc_row full_width=&#8221;stretch_row_content_no_spaces&#8221; content_placement=&#8221;bottom&#8221; css=&#8221;.vc_custom_1572531334156{padding-top: 0px !important;padding-bottom: 100px !important;background-position: 0 0 !important;background-repeat: no-repeat !important;}&#8221; el_class=&#8221;hometopfotorij&#8221;][vc_column][\/vc_column][\/vc_row][vc_row full_width=&#8221;stretch_row&#8221; css=&#8221;.vc_custom_1572531343978{background-color: #f1f1f1 !important;}&#8221;][vc_column][vc_column_text css=&#8221;.vc_custom_1569318576735{padding-right: 100px !important;padding-left: 100px !important;}&#8221; el_class=&#8221;montbreadcrumbs&#8221;]<nav aria-label=\"breadcrumbs\" class=\"rank-math-breadcrumb\"><p><span class=\"last\">Home<\/span><\/p><\/nav>[\/vc_column_text][\/vc_column][\/vc_row][\/vc_section][vc_section full_width=&#8221;stretch_row&#8221; el_class=&#8221;textcomp&#8221;][vc_row][vc_column][vc_column_text css=&#8221;&#8221; el_class=&#8221;intro&#8221;]<\/p>\n<h2 class=\"p1\">Garantizar la mejor uni\u00f3n posible para un revestimiento y\/o adhesivos<\/h2>\n<p>[\/vc_column_text][vc_column_text css=&#8221;&#8221;]<\/p>\n<p class=\"p1\">En Monti-Werkzeuge GmbH y MontiPower Americas Inc, la fuerza impulsora de <strong>MontiPower<sup>\u00ae<\/sup><\/strong>, no s\u00f3lo fabricamos herramientas, sino que permitimos la confianza en entornos de trabajo cr\u00edticos en los que el fracaso no es una opci\u00f3n.<br \/>\nTanto si nuestra <strong>tecnolog\u00eda patentada de cerdas<\/strong> se utiliza en una tuber\u00eda en alta mar, en un buque de guerra o en un tanque industrial, nos preocupamos profundamente por cuatro cosas: <strong>la calidad, la productividad, las personas que utilizan nuestras herramientas y el mundo que nos rodea<\/strong>.<\/p>\n<p>[\/vc_column_text][\/vc_column][\/vc_row][\/vc_section][vc_row][vc_column][vc_single_image image=&#8221;69974&#8243; img_size=&#8221;800&#215;600&#8243; alignment=&#8221;center&#8221; css=&#8221;&#8221;][\/vc_column][\/vc_row][vc_section full_width=&#8221;stretch_row&#8221; el_class=&#8221;textcomp&#8221;][vc_row][vc_column][vc_column_text css=&#8221;&#8221; el_class=&#8221;intro&#8221;]<\/p>\n<h4 class=\"p1\">Calidad: porque de ella dependen vidas y bienes<\/h4>\n<p>[\/vc_column_text][vc_column_text css=&#8221;&#8221;]<\/p>\n<p class=\"p1\">Las tuber\u00edas y los buques marinos operan en algunas de las condiciones m\u00e1s duras del planeta. Un fallo en la preparaci\u00f3n de la superficie puede significar un fallo del revestimiento, y eso significa corrosi\u00f3n, fugas, da\u00f1os estructurales o algo peor. Nuestras herramientas est\u00e1n dise\u00f1adas para c<strong>onseguir una limpieza superficial<\/strong> y <strong>unos perfiles de anclaje comparables a los del granallado<\/strong>, pero <strong>con un control quir\u00fargico y repetibilidad<\/strong>. Para nosotros, la calidad no es un eslogan de marketing: es una promesa respaldada <strong>por d\u00e9cadas de ingenier\u00eda alemana, normas de ensayo<\/strong> y <strong>una mentalidad de compromiso cero<\/strong>.<\/p>\n<h5 class=\"p1\">Productividad: porque el tiempo es oro y las paradas, peligrosas<\/h5>\n<p class=\"p2\">Cada minuto de inactividad en un barco o en un oleoducto sale caro. Nuestros clientes exigen herramientas r<strong>\u00e1pidas, m\u00f3viles y que reduzcan al m\u00ednimo el tiempo de preparaci\u00f3n<\/strong>. A diferencia de las voladuras tradicionales, las herramientas MontiPower<sup>\u00ae<\/sup> <strong>eliminan la necesidad de contenci\u00f3n, no requieren medios sueltos<\/strong> y <strong>pueden desplegarse inmediatamente, incluso en zonas confinadas o remotas<\/strong>. \u00bfCu\u00e1l es el resultado? Los proyectos se completan de forma <strong>m\u00e1s r\u00e1pida, segura<\/strong> y c<strong>on menos carga log\u00edstica<\/strong>.<\/p>\n<p>[\/vc_column_text][\/vc_column][\/vc_row][vc_row][vc_column][vc_single_image image=&#8221;69980&#8243; img_size=&#8221;800&#215;600&#8243; alignment=&#8221;center&#8221; css=&#8221;&#8221;][\/vc_column][\/vc_row][vc_row][vc_column][vc_column_text css=&#8221;&#8221; el_class=&#8221;intro&#8221;]<\/p>\n<h4 class=\"p1\">Aplicadores &#8211; Porque las manos humanas impulsan los resultados<\/h4>\n<p>[\/vc_column_text][vc_column_text css=&#8221;&#8221;]<\/p>\n<p class=\"p1\">Creemos en <strong>capacitar a los profesionales<\/strong>, no en agotarlos. Nuestras herramientas est\u00e1n dise\u00f1adas teniendo en cuenta la <strong>ergonom\u00eda, la facilidad de uso<\/strong> y <strong>la seguridad<\/strong>. La preparaci\u00f3n de superficies es a menudo una tarea f\u00edsicamente exigente y repetitiva, especialmente en largas juntas de tuber\u00edas o grandes cascos de barcos. Por eso, las herramientas MontiPower est\u00e1n dise\u00f1adas para <strong>reducir la fatiga<\/strong>, <strong>mejorar el control<\/strong> y <strong>ofrecer resultados uniformes<\/strong>, incluso en condiciones de campo extremas.<\/p>\n<p>[\/vc_column_text][\/vc_column][\/vc_row][vc_row][vc_column][vc_column_text css=&#8221;&#8221; el_class=&#8221;intro&#8221;]<\/p>\n<h4 class=\"p1\">Medio ambiente: porque la preparaci\u00f3n de superficies no debe da\u00f1ar el planeta<\/h4>\n<p>[\/vc_column_text][vc_column_text css=&#8221;&#8221;]<\/p>\n<p class=\"p1\">El chorreado tradicional puede ser derrochador, peligroso y generar toneladas de residuos y costes de limpieza medioambiental. Con la tecnolog\u00eda basada en cerdas de MontiPower<strong>, no se necesitan medios abrasivos sueltos, se minimiza el polvo en suspensi\u00f3n<\/strong> y <strong>los residuos se limitan a lo que realmente se retira de la superficie<\/strong>. Esto cambia las reglas del juego para las operaciones en entornos marinos o terrestres sensibles, donde la preparaci\u00f3n de superficies <strong>limpias, secas y respetuosas con el medio ambiente es un requisito, no un lujo<\/strong>.<\/p>\n<p>[\/vc_column_text][\/vc_column][\/vc_row][vc_row][vc_column][vc_column_text css=&#8221;&#8221; el_class=&#8221;intro&#8221;]<\/p>\n<h4 class=\"p1\">En MONTI &#8211; Werkzeuge GmbH, nos preocupamos porque hemos visto lo que est\u00e1 en juego.<\/h4>\n<p>[\/vc_column_text][vc_column_text css=&#8221;&#8221;]<\/p>\n<ul>\n<li>Un <strong>sistema de revestimiento<\/strong> es tan bueno como <strong>la preparaci\u00f3n de su superficie<\/strong>.<\/li>\n<li>Una herramienta es tan valiosa como el <strong>artesano que la utiliza<\/strong>.<\/li>\n<li>Y el progreso nunca debe producirse a <strong>costa del medio ambiente<\/strong>.<\/li>\n<\/ul>\n<p class=\"p1\">Por eso estamos orgullosos de llevar la<strong> potencia de nuestras cerdas<\/strong> (<strong>MBX<sup>\u00ae<\/sup><\/strong>, <strong>Bristle Blaster<sup>\u00ae<\/sup><\/strong>) al campo, de forma segura, eficiente y sostenible.<\/p>\n<p>[\/vc_column_text][\/vc_column][\/vc_row][\/vc_section][vc_section disable_element=&#8221;yes&#8221; el_class=&#8221;featurleft&#8221;][vc_row gap=&#8221;35&#8243; content_placement=&#8221;middle&#8221; css=&#8221;.vc_custom_1572531423298{background-color: #ffffff !important;}&#8221;][vc_column width=&#8221;1\/2&#8243; css=&#8221;.vc_custom_1569498569540{padding-top: 0px !important;}&#8221;][vc_single_image image=&#8221;3583&#8243; img_size=&#8221;730&#215;596&#8243; el_class=&#8221;uitgelichtfoto&#8221;][\/vc_column][vc_column width=&#8221;1\/2&#8243;][vc_column_text]<\/p>\n<h4 class=\"p1\">LA ADHESI\u00d3N ES UNA FUNCI\u00d3N DE<br \/>\nLA ALTURA Y DE LA DENSIDAD DE PICO<\/h4>\n<p>[\/vc_column_text][\/vc_column][\/vc_row][\/vc_section][vc_section full_width=&#8221;stretch_row&#8221; el_class=&#8221;textcomp&#8221;][\/vc_section]<\/p>\n<\/div>","protected":false},"excerpt":{"rendered":"<p>[vc_section full_width=&#8221;stretch_row&#8221; content_placement=&#8221;bottom&#8221; css=&#8221;.vc_custom_1592819935490{padding-top: 30px !important;padding-bottom: 0px !important;background: #ff1212 url(https:\/\/montipower.com\/wp-content\/uploads\/2019\/10\/Pipeline_Rust_72dpi-1.jpg?id=3462) !important;background-position: &#8230; <\/p>\n","protected":false},"author":19,"featured_media":69974,"parent":10663,"menu_order":0,"comment_status":"closed","ping_status":"closed","template":"","meta":{"_acf_changed":false,"content-type":"","footnotes":""},"class_list":["post-10719","page","type-page","status-publish","has-post-thumbnail","hentry"],"acf":[],"_links":{"self":[{"href":"https:\/\/montipower.com\/es\/wp-json\/wp\/v2\/pages\/10719","targetHints":{"allow":["GET"]}}],"collection":[{"href":"https:\/\/montipower.com\/es\/wp-json\/wp\/v2\/pages"}],"about":[{"href":"https:\/\/montipower.com\/es\/wp-json\/wp\/v2\/types\/page"}],"author":[{"embeddable":true,"href":"https:\/\/montipower.com\/es\/wp-json\/wp\/v2\/users\/19"}],"replies":[{"embeddable":true,"href":"https:\/\/montipower.com\/es\/wp-json\/wp\/v2\/comments?post=10719"}],"version-history":[{"count":5,"href":"https:\/\/montipower.com\/es\/wp-json\/wp\/v2\/pages\/10719\/revisions"}],"predecessor-version":[{"id":70002,"href":"https:\/\/montipower.com\/es\/wp-json\/wp\/v2\/pages\/10719\/revisions\/70002"}],"up":[{"embeddable":true,"href":"https:\/\/montipower.com\/es\/wp-json\/wp\/v2\/pages\/10663"}],"wp:featuredmedia":[{"embeddable":true,"href":"https:\/\/montipower.com\/es\/wp-json\/wp\/v2\/media\/69974"}],"wp:attachment":[{"href":"https:\/\/montipower.com\/es\/wp-json\/wp\/v2\/media?parent=10719"}],"curies":[{"name":"wp","href":"https:\/\/api.w.org\/{rel}","templated":true}]}}