{"id":10716,"date":"2019-11-28T11:54:30","date_gmt":"2019-11-28T10:54:30","guid":{"rendered":"https:\/\/monti.la-compagnie.digital\/acerca-de\/grupo-monti\/decapower\/"},"modified":"2021-04-24T20:21:01","modified_gmt":"2021-04-24T18:21:01","slug":"decapower","status":"publish","type":"page","link":"https:\/\/montipower.com\/es\/acerca-de\/grupo-monti\/decapower\/","title":{"rendered":"Decapower<sup>\u00ae<\/sup>"},"content":{"rendered":"<div class=\"wpb-content-wrapper\"><p>[vc_section full_width=&#8221;stretch_row&#8221; content_placement=&#8221;bottom&#8221; css=&#8221;.vc_custom_1569320141112{padding-top: 30px !important;padding-bottom: 0px !important;background-color: #ff1212 !important;background-position: center !important;background-repeat: no-repeat !important;background-size: cover !important;}&#8221; el_class=&#8221;topbig&#8221;][vc_row css=&#8221;.vc_custom_1569318223776{padding-right: 100px !important;padding-left: 100px !important;}&#8221;][vc_column width=&#8221;1\/2&#8243;][vc_column_text]<\/p>\n<h1>Decapower<sup>\u00ae<\/sup><\/h1>\n<p>[\/vc_column_text][\/vc_column][vc_column width=&#8221;1\/2&#8243;][\/vc_column][\/vc_row][vc_row full_width=&#8221;stretch_row_content_no_spaces&#8221; content_placement=&#8221;bottom&#8221; css=&#8221;.vc_custom_1572526136907{padding-top: 0px !important;padding-bottom: 100px !important;background-position: 0 0 !important;background-repeat: no-repeat !important;}&#8221; el_class=&#8221;hometopfotorij&#8221;][vc_column][\/vc_column][\/vc_row][vc_row full_width=&#8221;stretch_row&#8221; css=&#8221;.vc_custom_1572525974229{background-color: #f1f1f1 !important;}&#8221;][vc_column][vc_column_text el_class=&#8221;montbreadcrumbs&#8221; css=&#8221;.vc_custom_1569318576735{padding-right: 100px !important;padding-left: 100px !important;}&#8221;]<nav aria-label=\"breadcrumbs\" class=\"rank-math-breadcrumb\"><p><span class=\"last\">Home<\/span><\/p><\/nav>[\/vc_column_text][\/vc_column][\/vc_row][\/vc_section][vc_section full_width=&#8221;stretch_row&#8221; el_class=&#8221;textcomp&#8221;][vc_row][vc_column][vc_column_text el_class=&#8221;intro&#8221;]<\/p>\n<h3>Decapower<sup>\u00ae<\/sup><\/h3>\n<p>[\/vc_column_text][vc_column_text]<\/p>\n<p class=\"p1\">Decapower<sup>\u00ae<\/sup> es el nombre de nuestra marca de consumo. La t\u00e9cnica MontiPower<sup>\u00ae<\/sup> tambi\u00e9n est\u00e1 disponible para el mercado de consumo con este nombre.<\/p>\n<p class=\"p1\">El soporte de seguridad patentado es exclusivo de una herramienta abrasiva. Se pueden procesar casi todos los materiales, el resultado es similar al del granallado con arena.<\/p>\n<p>[\/vc_column_text][\/vc_column][\/vc_row][vc_row][vc_column][vc_video link=&#8221;https:\/\/www.youtube.com\/watch?v=1xyAVadpYaU&#8221; align=&#8221;center&#8221;][\/vc_column][\/vc_row][vc_row][vc_column][vc_column_text]<\/p>\n<p class=\"p1\">Limpie todo su material con dos cepillos: con los cepillos de lijado Decapower<sup>\u00ae<\/sup> eliminar\u00e1 el \u00f3xido y la pintura de las vallas, los muebles de jard\u00edn y los veh\u00edculos de forma tan fina y minuciosa como si se tratara del granallado. Con el accesorio Decapower<sup>\u00ae<\/sup> puede tratar superficies sensibles (piedra, madera y pintura). Ambos son adecuados para todas las m\u00e1quinas de perforaci\u00f3n. El soporte patentado garantiza una larga vida \u00fatil (cada uno de los hilos est\u00e1 conectado al material de soporte de goma y lino en forma de U).<\/p>\n<p>[\/vc_column_text][\/vc_column][\/vc_row][vc_row][vc_column][vc_single_image image=&#8221;4020&#8243; img_size=&#8221;large&#8221; alignment=&#8221;center&#8221;][\/vc_column][\/vc_row][\/vc_section]<\/p>\n<\/div>","protected":false},"excerpt":{"rendered":"<p>[vc_section full_width=&#8221;stretch_row&#8221; content_placement=&#8221;bottom&#8221; css=&#8221;.vc_custom_1569320141112{padding-top: 30px !important;padding-bottom: 0px !important;background-color: #ff1212 !important;background-position: center &#8230; <\/p>\n","protected":false},"author":19,"featured_media":8756,"parent":10711,"menu_order":0,"comment_status":"closed","ping_status":"closed","template":"","meta":{"_acf_changed":false,"content-type":"","footnotes":""},"class_list":["post-10716","page","type-page","status-publish","has-post-thumbnail","hentry"],"acf":[],"_links":{"self":[{"href":"https:\/\/montipower.com\/es\/wp-json\/wp\/v2\/pages\/10716","targetHints":{"allow":["GET"]}}],"collection":[{"href":"https:\/\/montipower.com\/es\/wp-json\/wp\/v2\/pages"}],"about":[{"href":"https:\/\/montipower.com\/es\/wp-json\/wp\/v2\/types\/page"}],"author":[{"embeddable":true,"href":"https:\/\/montipower.com\/es\/wp-json\/wp\/v2\/users\/19"}],"replies":[{"embeddable":true,"href":"https:\/\/montipower.com\/es\/wp-json\/wp\/v2\/comments?post=10716"}],"version-history":[{"count":3,"href":"https:\/\/montipower.com\/es\/wp-json\/wp\/v2\/pages\/10716\/revisions"}],"predecessor-version":[{"id":11911,"href":"https:\/\/montipower.com\/es\/wp-json\/wp\/v2\/pages\/10716\/revisions\/11911"}],"up":[{"embeddable":true,"href":"https:\/\/montipower.com\/es\/wp-json\/wp\/v2\/pages\/10711"}],"wp:featuredmedia":[{"embeddable":true,"href":"https:\/\/montipower.com\/es\/wp-json\/wp\/v2\/media\/8756"}],"wp:attachment":[{"href":"https:\/\/montipower.com\/es\/wp-json\/wp\/v2\/media?parent=10716"}],"curies":[{"name":"wp","href":"https:\/\/api.w.org\/{rel}","templated":true}]}}