{"id":10714,"date":"2019-11-28T11:37:35","date_gmt":"2019-11-28T10:37:35","guid":{"rendered":"https:\/\/monti.la-compagnie.digital\/acerca-de\/grupo-monti\/activet-grooming-brushes\/"},"modified":"2022-02-14T14:29:23","modified_gmt":"2022-02-14T13:29:23","slug":"activet-grooming-brushes","status":"publish","type":"page","link":"https:\/\/montipower.com\/es\/acerca-de\/grupo-monti\/activet-grooming-brushes\/","title":{"rendered":"Activet<sup>\u00ae<\/sup>"},"content":{"rendered":"<div class=\"wpb-content-wrapper\"><p>[vc_section full_width=&#8221;stretch_row&#8221; content_placement=&#8221;bottom&#8221; css=&#8221;.vc_custom_1569320141112{padding-top: 30px !important;padding-bottom: 0px !important;background-color: #ff1212 !important;background-position: center !important;background-repeat: no-repeat !important;background-size: cover !important;}&#8221; el_class=&#8221;topbig&#8221;][vc_row css=&#8221;.vc_custom_1569318223776{padding-right: 100px !important;padding-left: 100px !important;}&#8221;][vc_column width=&#8221;1\/2&#8243;][vc_column_text]<\/p>\n<h1>ACTIVET<sup>\u00ae<\/sup><\/h1>\n<p>[\/vc_column_text][\/vc_column][vc_column width=&#8221;1\/2&#8243;][\/vc_column][\/vc_row][vc_row full_width=&#8221;stretch_row_content_no_spaces&#8221; content_placement=&#8221;bottom&#8221; css=&#8221;.vc_custom_1572526136907{padding-top: 0px !important;padding-bottom: 100px !important;background-position: 0 0 !important;background-repeat: no-repeat !important;}&#8221; el_class=&#8221;hometopfotorij&#8221;][vc_column][\/vc_column][\/vc_row][vc_row full_width=&#8221;stretch_row&#8221; css=&#8221;.vc_custom_1572525974229{background-color: #f1f1f1 !important;}&#8221;][vc_column][vc_column_text el_class=&#8221;montbreadcrumbs&#8221; css=&#8221;.vc_custom_1569318576735{padding-right: 100px !important;padding-left: 100px !important;}&#8221;]<nav aria-label=\"breadcrumbs\" class=\"rank-math-breadcrumb\"><p><span class=\"last\">Home<\/span><\/p><\/nav>[\/vc_column_text][\/vc_column][\/vc_row][\/vc_section][vc_section full_width=&#8221;stretch_row&#8221; el_class=&#8221;textcomp&#8221;][vc_row][vc_column][vc_column_text el_class=&#8221;intro&#8221;]<\/p>\n<h3>Activet<sup>\u00ae<\/sup> grooming brushes<\/h3>\n<p>[\/vc_column_text][vc_column_text]<\/p>\n<p class=\"p1\">ActiVet<sup>\u00ae<\/sup> es una marca propia registrada de cepillos de limpieza fabricados por MONTI &#8211; Werkzeuge GmbH. El nombre se origina en 1998 como un portavoz de los t\u00e9rminos &#8220;activo&#8221; (que representa el primer sistema de cepillos de limpieza &#8220;activo&#8221;) y &#8220;veterinario&#8221;, como referencia al m\u00e9todo aparentemente eficaz de comercializaci\u00f3n de los productos a trav\u00e9s de las pr\u00e1cticas veterinarias.<\/p>\n<p>[\/vc_column_text][\/vc_column][\/vc_row][vc_row][vc_column][vc_single_image image=&#8221;4013&#8243; img_size=&#8221;large&#8221; alignment=&#8221;center&#8221;][\/vc_column][\/vc_row][vc_row][vc_column][vc_column_text]<\/p>\n<p class=\"p1\">El cabezal vibrador flexible &#8220;activo&#8221; logra un ahorro de tiempo y esfuerzo de aproximadamente el 50% para la mayor\u00eda de las aplicaciones de cepillado, en particular cuando se trata de pieles enredadas y enmara\u00f1adas. Las caracter\u00edsticas especiales durante el uso, combinadas con las especificaciones generales del producto, conducen a una reducci\u00f3n simult\u00e1nea de las sensaciones de &#8220;atrapar&#8221; y &#8220;tirar&#8221;, es decir, de las desagradables sensaciones de tensi\u00f3n y de arrastre que experimenta el animal. Esas sensaciones eran normales en los cepillos &#8220;fijos&#8221; convencionales y no el\u00e1sticos y en otras herramientas antes de la introducci\u00f3n del sistema ActiVet<sup>\u00ae<\/sup>. Adem\u00e1s, los cepillos est\u00e1n equipados con 2 accesorios de aseo diferentes que trajeron al mercado una funci\u00f3n 2 en 1.<\/p>\n<p class=\"p1\">Puede encontrar m\u00e1s informaci\u00f3n al respecto: <a href=\"https:\/\/duovet.shop\/\" target=\"_blank\" rel=\"noopener noreferrer\">ActiVet<sup>\u00ae<\/sup><\/a><\/p>\n<p>[\/vc_column_text][\/vc_column][\/vc_row][\/vc_section]<\/p>\n<\/div>","protected":false},"excerpt":{"rendered":"<p>[vc_section full_width=&#8221;stretch_row&#8221; content_placement=&#8221;bottom&#8221; css=&#8221;.vc_custom_1569320141112{padding-top: 30px !important;padding-bottom: 0px !important;background-color: #ff1212 !important;background-position: center &#8230; <\/p>\n","protected":false},"author":19,"featured_media":0,"parent":10711,"menu_order":0,"comment_status":"closed","ping_status":"closed","template":"","meta":{"_acf_changed":false,"content-type":"","footnotes":""},"class_list":["post-10714","page","type-page","status-publish","hentry"],"acf":[],"_links":{"self":[{"href":"https:\/\/montipower.com\/es\/wp-json\/wp\/v2\/pages\/10714","targetHints":{"allow":["GET"]}}],"collection":[{"href":"https:\/\/montipower.com\/es\/wp-json\/wp\/v2\/pages"}],"about":[{"href":"https:\/\/montipower.com\/es\/wp-json\/wp\/v2\/types\/page"}],"author":[{"embeddable":true,"href":"https:\/\/montipower.com\/es\/wp-json\/wp\/v2\/users\/19"}],"replies":[{"embeddable":true,"href":"https:\/\/montipower.com\/es\/wp-json\/wp\/v2\/comments?post=10714"}],"version-history":[{"count":4,"href":"https:\/\/montipower.com\/es\/wp-json\/wp\/v2\/pages\/10714\/revisions"}],"predecessor-version":[{"id":23995,"href":"https:\/\/montipower.com\/es\/wp-json\/wp\/v2\/pages\/10714\/revisions\/23995"}],"up":[{"embeddable":true,"href":"https:\/\/montipower.com\/es\/wp-json\/wp\/v2\/pages\/10711"}],"wp:attachment":[{"href":"https:\/\/montipower.com\/es\/wp-json\/wp\/v2\/media?parent=10714"}],"curies":[{"name":"wp","href":"https:\/\/api.w.org\/{rel}","templated":true}]}}