{"id":10648,"date":"2020-06-08T16:54:02","date_gmt":"2020-06-08T14:54:02","guid":{"rendered":"https:\/\/monti.la-compagnie.digital\/care-for-health-safety\/"},"modified":"2021-04-24T20:21:38","modified_gmt":"2021-04-24T18:21:38","slug":"cuidado-de-la-salud-y-seguridad","status":"publish","type":"page","link":"https:\/\/montipower.com\/es\/acerca-de\/cuidado-de-la-salud-y-seguridad\/","title":{"rendered":"Cuidado de la Salud y Seguridad"},"content":{"rendered":"<div class=\"wpb-content-wrapper\"><p>[vc_section full_width=&#8221;stretch_row&#8221; content_placement=&#8221;bottom&#8221; css=&#8221;.vc_custom_1592566228693{padding-top: 30px !important;padding-bottom: 0px !important;background: #ff1212 url(https:\/\/montipower.com\/wp-content\/uploads\/2019\/10\/9_Helm_Ladder10_Powers_730x596px-1.jpg?id=3456) !important;background-position: center !important;background-repeat: no-repeat !important;background-size: cover !important;}&#8221; el_class=&#8221;topbig&#8221;][vc_row css=&#8221;.vc_custom_1569318223776{padding-right: 100px !important;padding-left: 100px !important;}&#8221;][vc_column width=&#8221;1\/2&#8243;][vc_column_text]<\/p>\n<h1 class=\"p1\">Cuidado de la Salud<br \/>\ny Seguridad<\/h1>\n<p>[\/vc_column_text][\/vc_column][vc_column width=&#8221;1\/2&#8243;][\/vc_column][\/vc_row][vc_row full_width=&#8221;stretch_row_content_no_spaces&#8221; content_placement=&#8221;bottom&#8221; css=&#8221;.vc_custom_1572526136907{padding-top: 0px !important;padding-bottom: 100px !important;background-position: 0 0 !important;background-repeat: no-repeat !important;}&#8221; el_class=&#8221;hometopfotorij&#8221;][vc_column][\/vc_column][\/vc_row][vc_row full_width=&#8221;stretch_row&#8221; css=&#8221;.vc_custom_1572525974229{background-color: #f1f1f1 !important;}&#8221;][vc_column][vc_column_text el_class=&#8221;montbreadcrumbs&#8221; css=&#8221;.vc_custom_1569318576735{padding-right: 100px !important;padding-left: 100px !important;}&#8221;]<nav aria-label=\"breadcrumbs\" class=\"rank-math-breadcrumb\"><p><span class=\"last\">Home<\/span><\/p><\/nav>[\/vc_column_text][\/vc_column][\/vc_row][\/vc_section][vc_section full_width=&#8221;stretch_row&#8221; el_class=&#8221;textcomp&#8221;][vc_row][vc_column][vc_column_text]<\/p>\n<h3 class=\"p1\">GARANTIZAR LA SEGURIDAD EN EL TRABAJO ES PRIMORDIAL<\/h3>\n<p class=\"p1\">Nos preocupamos por la ergonom\u00eda y el acceso f\u00edsico, as\u00ed como por controlar el sonido, las vibraciones y el polvo. Por supuesto, todo de acuerdo con las normas de seguridad locales.<\/p>\n<p class=\"p1\">Nos preocupamos por la facilidad de uso y la ergonom\u00eda, para que podamos eliminar las molestias de cualquier trabajo de preparaci\u00f3n de la superficie, de una manera segura y saludable.<\/p>\n<p>[\/vc_column_text][vc_column_text]<\/p>\n<h5 class=\"p1\">SEGURIDAD PERSONAL<\/h5>\n<p class=\"p1\">El uso de herramientas el\u00e9ctricas y equipos de MontiPower\u00ae se considera m\u00e1s seguro que el granallado convencional dado lo siguiente:<\/p>\n<ul>\n<li class=\"p1\">Bajo riesgo de lesiones para el operador ya que no se necesita ejercer presi\u00f3n<\/li>\n<li class=\"p1\">Dise\u00f1o ergon\u00f3mico del equipo<\/li>\n<li class=\"p1\">La naturaleza de las cerdas (no cortar\u00e1 las botas de seguridad)<\/li>\n<li class=\"p1\">Al no usar medios de granallados abrasivos sueltos no se extender\u00e1 m\u00e1s all\u00e1 del \u00e1rea de trabajo.<\/li>\n<li class=\"p1\">No cortar\u00e1 las cuerdas (si se utiliza equipo de acceso a las cuerdas)<\/li>\n<li class=\"p1\">Bajos niveles de ruido y vibraci\u00f3n<\/li>\n<li class=\"p1\">F\u00e1cil de operar para el aplicador<\/li>\n<li class=\"p1\">Se require el uso de gafas como requisito del PPE<\/li>\n<\/ul>\n<h5 class=\"p1\">SEGURIDAD AMBIENTAL<\/h5>\n<ul>\n<li class=\"p1\">No hay evacuaci\u00f3n de desechos de medios abrasivos sueltos<\/li>\n<li class=\"p1\">Las cintos usados pueden ser devueltas para ser recicladas como residuos dom\u00e9sticos normales<\/li>\n<li class=\"p1\">Se puede evitar la contaminaci\u00f3n del polvo del cinto a los alrededores con opciones de control de polvo<\/li>\n<\/ul>\n<h5 class=\"p1\">SEGURIDAD DEL PROCESO<\/h5>\n<ul>\n<li class=\"p1\">Las bandas no da\u00f1an los sustratos met\u00e1licos<\/li>\n<li class=\"p1\">Se puede usar para limpiar caras de v\u00e1lvulas, sellos e incluso \u00e1reas de pl\u00e1stico sin da\u00f1arlas.<\/li>\n<li class=\"p1\">Elimina la corrosi\u00f3n sin quitar la capa de sustrato met\u00e1lico<\/li>\n<li class=\"p1\">Se pueden limpiar superficies met\u00e1licas sin riesgo de perforaci\u00f3n<\/li>\n<li class=\"p1\">No hay riesgo de fracturas en las tuber\u00edas, en los recipientes a presi\u00f3n ni en las estructuras delicadas (a menos que est\u00e9 totalmente corro\u00eddo)<\/li>\n<li class=\"p1\">No hay polvo ni residuos s\u00f3lidos en los medios, no hay obstrucci\u00f3n en las v\u00e1lvulas, tomas de aire, filtros.<\/li>\n<\/ul>\n<p>[\/vc_column_text][\/vc_column][\/vc_row][\/vc_section]<\/p>\n<\/div>","protected":false},"excerpt":{"rendered":"<p>[vc_section full_width=&#8221;stretch_row&#8221; content_placement=&#8221;bottom&#8221; css=&#8221;.vc_custom_1592566228693{padding-top: 30px !important;padding-bottom: 0px !important;background: #ff1212 url(https:\/\/montipower.com\/wp-content\/uploads\/2019\/10\/9_Helm_Ladder10_Powers_730x596px-1.jpg?id=3456) !important;background-position: &#8230; <\/p>\n","protected":false},"author":19,"featured_media":9621,"parent":10663,"menu_order":0,"comment_status":"closed","ping_status":"closed","template":"","meta":{"_acf_changed":false,"content-type":"","footnotes":""},"class_list":["post-10648","page","type-page","status-publish","has-post-thumbnail","hentry"],"acf":[],"_links":{"self":[{"href":"https:\/\/montipower.com\/es\/wp-json\/wp\/v2\/pages\/10648","targetHints":{"allow":["GET"]}}],"collection":[{"href":"https:\/\/montipower.com\/es\/wp-json\/wp\/v2\/pages"}],"about":[{"href":"https:\/\/montipower.com\/es\/wp-json\/wp\/v2\/types\/page"}],"author":[{"embeddable":true,"href":"https:\/\/montipower.com\/es\/wp-json\/wp\/v2\/users\/19"}],"replies":[{"embeddable":true,"href":"https:\/\/montipower.com\/es\/wp-json\/wp\/v2\/comments?post=10648"}],"version-history":[{"count":3,"href":"https:\/\/montipower.com\/es\/wp-json\/wp\/v2\/pages\/10648\/revisions"}],"predecessor-version":[{"id":11902,"href":"https:\/\/montipower.com\/es\/wp-json\/wp\/v2\/pages\/10648\/revisions\/11902"}],"up":[{"embeddable":true,"href":"https:\/\/montipower.com\/es\/wp-json\/wp\/v2\/pages\/10663"}],"wp:featuredmedia":[{"embeddable":true,"href":"https:\/\/montipower.com\/es\/wp-json\/wp\/v2\/media\/9621"}],"wp:attachment":[{"href":"https:\/\/montipower.com\/es\/wp-json\/wp\/v2\/media?parent=10648"}],"curies":[{"name":"wp","href":"https:\/\/api.w.org\/{rel}","templated":true}]}}