{"id":10637,"date":"2020-06-08T16:38:21","date_gmt":"2020-06-08T14:38:21","guid":{"rendered":"https:\/\/monti.la-compagnie.digital\/mercados\/signage\/"},"modified":"2021-04-24T20:21:38","modified_gmt":"2021-04-24T18:21:38","slug":"calcomanias","status":"publish","type":"page","link":"https:\/\/montipower.com\/es\/mercados\/calcomanias\/","title":{"rendered":"Calcoman\u00edas"},"content":{"rendered":"<div class=\"wpb-content-wrapper\"><p>[vc_section full_width=&#8221;stretch_row&#8221; content_placement=&#8221;bottom&#8221; css=&#8221;.vc_custom_1592558508100{padding-top: 30px !important;padding-bottom: 0px !important;background: #ff1212 url(https:\/\/montipower.com\/wp-content\/uploads\/2020\/06\/Signage-scaled.jpg?id=5469) !important;background-position: center !important;background-repeat: no-repeat !important;background-size: cover !important;}&#8221; el_class=&#8221;topbig&#8221;][vc_row css=&#8221;.vc_custom_1569318223776{padding-right: 100px !important;padding-left: 100px !important;}&#8221;][vc_column width=&#8221;1\/2&#8243;][vc_column_text]<\/p>\n<h1 class=\"p1\">Calcoman\u00edas<\/h1>\n<p>[\/vc_column_text][\/vc_column][vc_column width=&#8221;1\/2&#8243;][\/vc_column][\/vc_row][vc_row full_width=&#8221;stretch_row_content_no_spaces&#8221; content_placement=&#8221;bottom&#8221; css=&#8221;.vc_custom_1572526136907{padding-top: 0px !important;padding-bottom: 100px !important;background-position: 0 0 !important;background-repeat: no-repeat !important;}&#8221; el_class=&#8221;hometopfotorij&#8221;][vc_column][\/vc_column][\/vc_row][vc_row full_width=&#8221;stretch_row&#8221; css=&#8221;.vc_custom_1572525974229{background-color: #f1f1f1 !important;}&#8221;][vc_column][vc_column_text el_class=&#8221;montbreadcrumbs&#8221; css=&#8221;.vc_custom_1569318576735{padding-right: 100px !important;padding-left: 100px !important;}&#8221;]<nav aria-label=\"breadcrumbs\" class=\"rank-math-breadcrumb\"><p><span class=\"last\">Home<\/span><\/p><\/nav>[\/vc_column_text][\/vc_column][\/vc_row][\/vc_section][vc_section full_width=&#8221;stretch_row&#8221; el_class=&#8221;textcomp&#8221;][vc_row][vc_column][vc_column_text]<\/p>\n<h2 class=\"p1\">FACIL ELIMINACI\u00d3N DE CALCOMAN\u00cdAS;<br \/>\nMontiPower Vinyl Zapper<sup>\u00ae<\/sup><\/h2>\n<p class=\"p1\">Ya en el siglo XVIII, los comerciantes, tenderos y peatones comenzaron a promocionar sus productos con placas pintadas a mano. Algunos eran verdaderas obras de arte. Hoy en d\u00eda, las enormes m\u00e1quinas de impresi\u00f3n pueden aplicar calcoman\u00edas de firmas contempor\u00e1neas a cualquier cosa imaginable; desde megafirmas en cruceros, hasta medios de transporte, como lo son trenes, veh\u00edculos, aviones, edificios, etc.<\/p>\n<h4 class=\"p1\">REEMPLAZAR CALCOMAN\u00cdAS<\/h4>\n<p class=\"p2\">Las calcoman\u00edas requieren cambios regularmente. Se deben reemplazar por nuevas marcas, estilos, esl\u00f3ganes, etc. Antes de la llegada del Vinyl Zapper<sup>\u00ae<\/sup>, esta era una tarea que consum\u00eda mucho tiempo con o sin secadores u otros elementos engorrosos.<\/p>\n<h4>MontiPower Vinyl Zapper<sup>\u00ae<\/sup>: F\u00c1CIL R\u00c1PIDO Y CUIDADOSO.<\/h4>\n<p class=\"p1\">La banda patentada Vinyl Zapper<sup>\u00ae<\/sup> elimina el vinilo, los residuos adhesivos, las l\u00e1minas reflectantes, las pegatinas, las calcoman\u00edas y la cinta adhesiva de doble cara de la forma m\u00e1s f\u00e1cil y segura. El Vinyl Zapper<sup>\u00ae<\/sup> maneja cuidadosamente la pintura o el material subyacente y por lo tanto es la herramienta ideal para la eliminaci\u00f3n sencilla y segura de todos los residuos de vinilo.<\/p>\n<h4 class=\"p1\">ELIMINACIONES F\u00c1CILES Y R\u00c1PIDAS:<\/h4>\n<ul>\n<li class=\"p1\">Eliminaci\u00f3n de vinilo<\/li>\n<li class=\"p1\">Eliminaci\u00f3n del adhesivo<\/li>\n<li class=\"p1\">Eliminaci\u00f3n de calcoman\u00edas<\/li>\n<\/ul>\n<p class=\"p1\">Tambi\u00e9n elimina el revestimiento pl\u00e1stico de la pared interior de un avi\u00f3n.<br \/>\nElimina l\u00e1minas adhesivas y escritos de la pintura de los autos.<\/p>\n<p>[\/vc_column_text][\/vc_column][\/vc_row][\/vc_section][vc_row css=&#8221;.vc_custom_1572353854868{padding-right: 50px !important;padding-left: 50px !important;}&#8221;][vc_column][vc_column_text]<\/p>\n<h2 class=\"p1\" style=\"text-align: center;\">DESCUBRA NUESTROS PRODUCTOS<\/h2>\n<p>[\/vc_column_text][vc_row_inner][vc_column_inner width=&#8221;1\/3&#8243;][vc_btn title=&#8221;MBX\u00ae Vinyl Zapper<sup>\u00ae<\/sup> Pneumatic&#8221; style=&#8221;classic&#8221; shape=&#8221;square&#8221; size=&#8221;lg&#8221; align=&#8221;center&#8221; button_block=&#8221;true&#8221; link=&#8221;url:https%3A%2F%2Fmontipower.com%2Fes%2Fproductos%2Fherramientas-electricas%2Fmbx-pneumatic-standard-duty%2F|title:vinyl%20zapper&#8221; el_class=&#8221;solutions-button&#8221;][\/vc_column_inner][vc_column_inner width=&#8221;1\/3&#8243;][vc_btn title=&#8221;MBX\u00ae Vinyl Zapper<sup>\u00ae<\/sup> Electric&#8221; style=&#8221;classic&#8221; shape=&#8221;square&#8221; size=&#8221;lg&#8221; align=&#8221;center&#8221; button_block=&#8221;true&#8221; link=&#8221;url:https%3A%2F%2Fmontipower.com%2Fes%2Fproductos%2Fmaquinas%2Fvinyl-zapper-electric%2F|title:electric&#8221; el_class=&#8221;solutions-button&#8221;][\/vc_column_inner][vc_column_inner width=&#8221;1\/3&#8243;][vc_btn title=&#8221;MBX<sup>\u00ae<\/sup> Vinyl Zapper\u00ae Ultimate&#8221; style=&#8221;classic&#8221; shape=&#8221;square&#8221; size=&#8221;lg&#8221; align=&#8221;center&#8221; button_block=&#8221;true&#8221; link=&#8221;url:https%3A%2F%2Fmontipower.com%2Fes%2Fproductos%2Fmaquinas%2Fmbx-decalpower%2F|title:ultimate&#8221; el_class=&#8221;solutions-button&#8221;][\/vc_column_inner][\/vc_row_inner][\/vc_column][\/vc_row]<\/p>\n<\/div>","protected":false},"excerpt":{"rendered":"<p>[vc_section full_width=&#8221;stretch_row&#8221; content_placement=&#8221;bottom&#8221; css=&#8221;.vc_custom_1592558508100{padding-top: 30px !important;padding-bottom: 0px !important;background: #ff1212 url(https:\/\/montipower.com\/wp-content\/uploads\/2020\/06\/Signage-scaled.jpg?id=5469) !important;background-position: &#8230; <\/p>\n","protected":false},"author":19,"featured_media":9398,"parent":10361,"menu_order":0,"comment_status":"closed","ping_status":"closed","template":"","meta":{"_acf_changed":false,"content-type":"","footnotes":""},"class_list":["post-10637","page","type-page","status-publish","has-post-thumbnail","hentry"],"acf":[],"_links":{"self":[{"href":"https:\/\/montipower.com\/es\/wp-json\/wp\/v2\/pages\/10637","targetHints":{"allow":["GET"]}}],"collection":[{"href":"https:\/\/montipower.com\/es\/wp-json\/wp\/v2\/pages"}],"about":[{"href":"https:\/\/montipower.com\/es\/wp-json\/wp\/v2\/types\/page"}],"author":[{"embeddable":true,"href":"https:\/\/montipower.com\/es\/wp-json\/wp\/v2\/users\/19"}],"replies":[{"embeddable":true,"href":"https:\/\/montipower.com\/es\/wp-json\/wp\/v2\/comments?post=10637"}],"version-history":[{"count":5,"href":"https:\/\/montipower.com\/es\/wp-json\/wp\/v2\/pages\/10637\/revisions"}],"predecessor-version":[{"id":11888,"href":"https:\/\/montipower.com\/es\/wp-json\/wp\/v2\/pages\/10637\/revisions\/11888"}],"up":[{"embeddable":true,"href":"https:\/\/montipower.com\/es\/wp-json\/wp\/v2\/pages\/10361"}],"wp:featuredmedia":[{"embeddable":true,"href":"https:\/\/montipower.com\/es\/wp-json\/wp\/v2\/media\/9398"}],"wp:attachment":[{"href":"https:\/\/montipower.com\/es\/wp-json\/wp\/v2\/media?parent=10637"}],"curies":[{"name":"wp","href":"https:\/\/api.w.org\/{rel}","templated":true}]}}