{"id":10364,"date":"2020-06-04T10:18:04","date_gmt":"2020-06-04T08:18:04","guid":{"rendered":"https:\/\/monti.la-compagnie.digital\/mercados\/wind-renewable-energy\/"},"modified":"2021-04-24T20:21:15","modified_gmt":"2021-04-24T18:21:15","slug":"energia-eolica-renovable","status":"publish","type":"page","link":"https:\/\/montipower.com\/es\/mercados\/energia-eolica-renovable\/","title":{"rendered":"ENERG\u00cdA E\u00d3LICA \/ ENERG\u00cdA RENOVABLE"},"content":{"rendered":"<div class=\"wpb-content-wrapper\"><p>[vc_section full_width=&#8221;stretch_row&#8221; content_placement=&#8221;bottom&#8221; css=&#8221;.vc_custom_1591258678479{padding-top: 30px !important;padding-bottom: 0px !important;background: #ff1212 url(https:\/\/montipower.com\/wp-content\/uploads\/2019\/10\/Windmill_RGB_72dpi-1.jpg?id=3478) !important;background-position: center !important;background-repeat: no-repeat !important;background-size: cover !important;}&#8221; el_class=&#8221;topbig&#8221;][vc_row css=&#8221;.vc_custom_1569318223776{padding-right: 100px !important;padding-left: 100px !important;}&#8221;][vc_column width=&#8221;1\/2&#8243;][vc_column_text]<\/p>\n<h1 class=\"p1\">ENERG\u00cdA E\u00d3LICA \/<br \/>\n<span style=\"font-weight: 400;\">ENERG\u00cdA RENOVABLE<\/span><\/h1>\n<p>[\/vc_column_text][\/vc_column][vc_column width=&#8221;1\/2&#8243;][\/vc_column][\/vc_row][vc_row full_width=&#8221;stretch_row_content_no_spaces&#8221; content_placement=&#8221;bottom&#8221; css=&#8221;.vc_custom_1572526136907{padding-top: 0px !important;padding-bottom: 100px !important;background-position: 0 0 !important;background-repeat: no-repeat !important;}&#8221; el_class=&#8221;hometopfotorij&#8221;][vc_column][\/vc_column][\/vc_row][vc_row full_width=&#8221;stretch_row&#8221; css=&#8221;.vc_custom_1572525974229{background-color: #f1f1f1 !important;}&#8221;][vc_column][vc_column_text el_class=&#8221;montbreadcrumbs&#8221; css=&#8221;.vc_custom_1569318576735{padding-right: 100px !important;padding-left: 100px !important;}&#8221;]<nav aria-label=\"breadcrumbs\" class=\"rank-math-breadcrumb\"><p><span class=\"last\">Home<\/span><\/p><\/nav>[\/vc_column_text][\/vc_column][\/vc_row][\/vc_section][vc_section full_width=&#8221;stretch_row&#8221; el_class=&#8221;textcomp&#8221;][vc_row][vc_column][vc_column_text]<span style=\"font-weight: 400;\">Nuestra presencia global es clave en lugares con fuentes de energ\u00eda e\u00f3lica, desarrollamos equipos con cuerdas inal\u00e1mbricas (<a href=\"https:\/\/montipower.com\/es\/productos\/herramientas-electricas\/bristle-blaster-cordless\/\"><strong>cordless<\/strong><\/a> ) adaptadas a las necesidades de esta \u00e1rea. Nos aseguramos de que se obtenga fiabilidad a largo plazo y un alto rendimiento de producci\u00f3n. Muchas de nuestras soluciones m\u00e1s vendidas se desarrollan en colaboraci\u00f3n con contratistas de recubrimientos para trabajos verticales en cuerda. Esto permite que nuestras soluciones puedan superar los l\u00edmites del rendimiento. Podemos adem\u00e1s usar nuestra experiencia en la aplicaci\u00f3n rob\u00f3tica <a href=\"https:\/\/montipower.com\/es\/productos\/maquinas\/prepper-q10-clamped-operations\/\">Prepper<sup>\u00ae<\/sup><\/a> <\/span><span style=\"font-weight: 400;\">\u00a0para aumentar su rendimiento de producci\u00f3n.\u00a0<\/span><\/p>\n<p><span style=\"font-weight: 400;\">Trabajar con MontiPower<\/span><span style=\"font-weight: 400;\"><sup>\u00ae<\/sup> <\/span><span style=\"font-weight: 400;\">significa que obtiene un punto de contacto, esto garantiza simplicidad y capacidad de respuesta.<\/span><span style=\"font-weight: 400;\">\u00a0\u00a0<\/span>[\/vc_column_text][\/vc_column][\/vc_row][vc_row][vc_column][vc_single_image image=&#8221;739&#8243;][\/vc_column][\/vc_row][\/vc_section]<\/p>\n<\/div>","protected":false},"excerpt":{"rendered":"<p>[vc_section full_width=&#8221;stretch_row&#8221; content_placement=&#8221;bottom&#8221; css=&#8221;.vc_custom_1591258678479{padding-top: 30px !important;padding-bottom: 0px !important;background: #ff1212 url(https:\/\/montipower.com\/wp-content\/uploads\/2019\/10\/Windmill_RGB_72dpi-1.jpg?id=3478) !important;background-position: &#8230; <\/p>\n","protected":false},"author":19,"featured_media":8888,"parent":10361,"menu_order":0,"comment_status":"closed","ping_status":"closed","template":"","meta":{"_acf_changed":false,"content-type":"","footnotes":""},"class_list":["post-10364","page","type-page","status-publish","has-post-thumbnail","hentry"],"acf":[],"_links":{"self":[{"href":"https:\/\/montipower.com\/es\/wp-json\/wp\/v2\/pages\/10364","targetHints":{"allow":["GET"]}}],"collection":[{"href":"https:\/\/montipower.com\/es\/wp-json\/wp\/v2\/pages"}],"about":[{"href":"https:\/\/montipower.com\/es\/wp-json\/wp\/v2\/types\/page"}],"author":[{"embeddable":true,"href":"https:\/\/montipower.com\/es\/wp-json\/wp\/v2\/users\/19"}],"replies":[{"embeddable":true,"href":"https:\/\/montipower.com\/es\/wp-json\/wp\/v2\/comments?post=10364"}],"version-history":[{"count":5,"href":"https:\/\/montipower.com\/es\/wp-json\/wp\/v2\/pages\/10364\/revisions"}],"predecessor-version":[{"id":11814,"href":"https:\/\/montipower.com\/es\/wp-json\/wp\/v2\/pages\/10364\/revisions\/11814"}],"up":[{"embeddable":true,"href":"https:\/\/montipower.com\/es\/wp-json\/wp\/v2\/pages\/10361"}],"wp:featuredmedia":[{"embeddable":true,"href":"https:\/\/montipower.com\/es\/wp-json\/wp\/v2\/media\/8888"}],"wp:attachment":[{"href":"https:\/\/montipower.com\/es\/wp-json\/wp\/v2\/media?parent=10364"}],"curies":[{"name":"wp","href":"https:\/\/api.w.org\/{rel}","templated":true}]}}