{"id":9878,"date":"2019-10-09T19:38:27","date_gmt":"2019-10-09T17:38:27","guid":{"rendered":"https:\/\/monti.la-compagnie.digital\/care-for-environment\/"},"modified":"2021-10-27T14:28:38","modified_gmt":"2021-10-27T12:28:38","slug":"umweltschutz","status":"publish","type":"page","link":"https:\/\/montipower.com\/de\/info\/umweltschutz\/","title":{"rendered":"Umweltschutz"},"content":{"rendered":"<div class=\"wpb-content-wrapper\"><p>[vc_section full_width=&#8221;stretch_row&#8221; content_placement=&#8221;bottom&#8221; css=&#8221;.vc_custom_1591358116259{padding-top: 30px !important;padding-bottom: 0px !important;background: #ff1212 url(https:\/\/montipower.com\/wp-content\/uploads\/2019\/10\/04_Mountains.jpg?id=3468) !important;background-position: center !important;background-repeat: no-repeat !important;background-size: cover !important;}&#8221; el_class=&#8221;topbig&#8221;][vc_row css=&#8221;.vc_custom_1569318223776{padding-right: 100px !important;padding-left: 100px !important;}&#8221;][vc_column width=&#8221;1\/2&#8243;][vc_column_text]<\/p>\n<h1>Umweltschutz<\/h1>\n<p>[\/vc_column_text][\/vc_column][vc_column width=&#8221;1\/2&#8243;][\/vc_column][\/vc_row][vc_row full_width=&#8221;stretch_row_content_no_spaces&#8221; content_placement=&#8221;bottom&#8221; css=&#8221;.vc_custom_1572532727079{padding-top: 0px !important;padding-bottom: 100px !important;background-position: 0 0 !important;background-repeat: no-repeat !important;}&#8221; el_class=&#8221;hometopfotorij&#8221;][vc_column][\/vc_column][\/vc_row][vc_row full_width=&#8221;stretch_row&#8221; css=&#8221;.vc_custom_1572532758474{background-color: #f1f1f1 !important;}&#8221;][vc_column][vc_column_text el_class=&#8221;montbreadcrumbs&#8221; css=&#8221;.vc_custom_1569318576735{padding-right: 100px !important;padding-left: 100px !important;}&#8221;]<nav aria-label=\"breadcrumbs\" class=\"rank-math-breadcrumb\"><p><span class=\"last\">Home<\/span><\/p><\/nav>[\/vc_column_text][\/vc_column][\/vc_row][\/vc_section][vc_section full_width=&#8221;stretch_row&#8221; el_class=&#8221;textcomp&#8221;][vc_row][vc_column][vc_column_text el_class=&#8221;intro&#8221;]<\/p>\n<h2>Oberfl\u00e4chenvorbereitung ohne Umweltverschmutzung<\/h2>\n<p>[\/vc_column_text][vc_column_text]Die Bristle Blaster<sup>\u00ae<\/sup> und MBX<sup>\u00ae<\/sup> Technologien wurden f\u00fcr Schwei\u00dfnahtvorbereitungen, Kollisionsreparaturen, Touch-Up- und Wartungsarbeiten sowie die Oberfl\u00e4chenvorbereitung f\u00fcr Beschichtungen ohne den Einsatz von Strahlmitteln entwickelt. Dabei kommen halb-, vollautomatisch oder handgehaltene Maschinen mit rotierenden B\u00fcrsten zum Einsatz.<\/p>\n<p>Unser Ansatz ist einfach, sicher, sauber, effektiv und sorgt f\u00fcr eine dauerhafte und hohe Schutzleistung der Beschichtung.<\/p>\n<p>Unsere Vision ist die Entwicklung geschlossener Kreislaufl\u00f6sungen ohne die Gefahr von Umweltverschmutzungen.[\/vc_column_text][\/vc_column][\/vc_row][vc_row][vc_column][vc_column_text]<\/p>\n<h3>Entwickler von &#8216;Closed Cycle solutions&#8217;<\/h3>\n<p>MontiPower<sup>\u00ae<\/sup> ist Entwickler von<em>\u00a0Closed Cycle Solutions<\/em>. Was bedeutet das genau? Der Begriff &#8220;Closed Cycle Solutions&#8221; bezieht sich auf in sich geschlossene Prozesse oder Produktionszyklen, die keine Fragen offenlassen, oder weiter Schritte notwendig machen.<br \/>\nUnsere L\u00f6sungen zur Oberfl\u00e4chenvorbereitung erzeugen die optimale Reinheit und raue Oberfl\u00e4chenprofile, ohne Abfallprodukte oder R\u00fcckst\u00e4nde zu hinterlassen. So arbeiten nicht nur unsere Maschinen oder wir vor Ort bei unseren Kunden, sondern auch in der Herstellung der B\u00fcrsten gibt es keine Kompromisse. Unsere B\u00fcrsten werden von A bis Z in geschlossenen Arbeitsschritten und -bereichen und untern den h\u00f6chsten Qualit\u00e4tsstandards hergestellt. Dabei wird jedes Band bei jedem Produktionsschritt einzeln gepr\u00fcft und so Qualit\u00e4tsschwankungen ausgeschlossen.[\/vc_column_text][\/vc_column][\/vc_row][\/vc_section][vc_row][vc_column][vc_single_image image=&#8221;2403&#8243; img_size=&#8221;large&#8221; alignment=&#8221;center&#8221;][\/vc_column][\/vc_row][vc_row][vc_column]<div class=\"templatera_shortcode\"><style type=\"text\/css\" data-type=\"vc_shortcodes-custom-css\">.vc_custom_1570726086126{margin-bottom: 10px !important;margin-left: 30px !important;}<\/style><section class=\"vc_section clientslide\"><div class=\"vc_row wpb_row vc_row-fluid\"><div class=\"wpb_column vc_column_container vc_col-sm-12\"><div class=\"vc_column-inner\"><div class=\"wpb_wrapper\">\n\t<div class=\"wpb_text_column wpb_content_element vc_custom_1570726086126\" >\n\t\t<div class=\"wpb_wrapper\">\n\t\t\t\n\t\t<\/div>\n\t<\/div>\n\t\t<section class=\"tdt-slider slider  content-over-slider\" id=\"tdt-slider-41\" data-mobiles=\"1\" data-tabs=\"3\" data-scrolltab=\"1\" data-scrollmbl=\"1\" data-slick='{\"arrows\": true, \"autoplaySpeed\": 2500, \"speed\": 500, \"dots\": false, \"autoplay\": true, \"infinite\": true, \"adaptiveHeight\": true, \"pauseOnHover\": true, \"slidesToShow\": 4, \"slidesToScroll\": 1, \"fade\": false}'>\n\t\t    <div class=\"carousel-caption\" style=\"background: none;\">\n\t\t  <div>\n\t\t  \t\t\t\t\t\t\t  \t<img decoding=\"async\" src=\"https:\/\/montipower.com\/wp-content\/uploads\/2019\/09\/Partnerlogo_ExxonMobil.png\" alt=\"\" class=\"ultimate-slide-img\" style=\"max-width: 100%; width: 85%; height: auto; border-radius: 0; margin-bottom: 15px;\">\n\t\t\t\t\t\t\t\t  \t<span class=\"content-section\" style=\"text-align: center; display: block;\">\n\t\t  \t\t\t\t\t  \t\t\t\t  \t\n\t\t\t  \t<br>\n\n\t\t\t  \t\t\t  \t<\/span>\n\t\t  <\/div>\n\t\t<\/div>\n\t\t\t\t<div class=\"carousel-caption\" style=\"background: none;\">\n\t\t  <div>\n\t\t  \t\t\t\t\t\t\t  \t<img decoding=\"async\" src=\"https:\/\/montipower.com\/wp-content\/uploads\/2019\/09\/Partnerlogo_Shell.png\" alt=\"\" class=\"ultimate-slide-img\" style=\"max-width: 100%; width: 85%; height: auto; border-radius: 0; margin-bottom: 15px;\">\n\t\t\t\t\t\t\t\t  \t<span class=\"content-section\" style=\"text-align: center; display: block;\">\n\t\t  \t\t\t\t\t  \t\t\t\t  \t\n\t\t\t  \t<br>\n\n\t\t\t  \t\t\t  \t<\/span>\n\t\t  <\/div>\n\t\t<\/div>\n\t\t\t\t<div class=\"carousel-caption\" style=\"background: none;\">\n\t\t  <div>\n\t\t  \t\t\t\t\t\t\t  \t<img decoding=\"async\" src=\"https:\/\/montipower.com\/wp-content\/uploads\/2019\/09\/Partnerlogo_BP.png\" alt=\"\" class=\"ultimate-slide-img\" style=\"max-width: 100%; width: 85%; height: auto; border-radius: 0; margin-bottom: 15px;\">\n\t\t\t\t\t\t\t\t  \t<span class=\"content-section\" style=\"text-align: center; display: block;\">\n\t\t  \t\t\t\t\t  \t\t\t\t  \t\n\t\t\t  \t<br>\n\n\t\t\t  \t\t\t  \t<\/span>\n\t\t  <\/div>\n\t\t<\/div>\n\t\t\t\t<div class=\"carousel-caption\" style=\"background: none;\">\n\t\t  <div>\n\t\t  \t\t\t\t\t\t\t  \t<img decoding=\"async\" src=\"https:\/\/montipower.com\/wp-content\/uploads\/2019\/09\/Partnerlogo__Alstom.png\" alt=\"\" class=\"ultimate-slide-img\" style=\"max-width: 100%; width: 85%; height: auto; border-radius: 0; margin-bottom: 15px;\">\n\t\t\t\t\t\t\t\t  \t<span class=\"content-section\" style=\"text-align: center; display: block;\">\n\t\t  \t\t\t\t\t  \t\t\t\t  \t\n\t\t\t  \t<br>\n\n\t\t\t  \t\t\t  \t<\/span>\n\t\t  <\/div>\n\t\t<\/div>\n\t\t\t\t<div class=\"carousel-caption\" style=\"background: none;\">\n\t\t  <div>\n\t\t  \t\t\t\t\t\t\t  \t<img decoding=\"async\" src=\"https:\/\/montipower.com\/wp-content\/uploads\/2019\/09\/Partnerlogo_Basf.png\" alt=\"\" class=\"ultimate-slide-img\" style=\"max-width: 100%; width: 85%; height: auto; border-radius: 0; margin-bottom: 15px;\">\n\t\t\t\t\t\t\t\t  \t<span class=\"content-section\" style=\"text-align: center; display: block;\">\n\t\t  \t\t\t\t\t  \t\t\t\t  \t\n\t\t\t  \t<br>\n\n\t\t\t  \t\t\t  \t<\/span>\n\t\t  <\/div>\n\t\t<\/div>\n\t\t\t\t<div class=\"carousel-caption\" style=\"background: none;\">\n\t\t  <div>\n\t\t  \t\t\t\t\t\t\t  \t<img decoding=\"async\" src=\"https:\/\/montipower.com\/wp-content\/uploads\/2019\/09\/PARTNERLOGO-Bayer.png\" alt=\"\" class=\"ultimate-slide-img\" style=\"max-width: 100%; width: 85%; height: auto; border-radius: 0; margin-bottom: 15px;\">\n\t\t\t\t\t\t\t\t  \t<span class=\"content-section\" style=\"text-align: center; display: block;\">\n\t\t  \t\t\t\t\t  \t\t\t\t  \t\n\t\t\t  \t<br>\n\n\t\t\t  \t\t\t  \t<\/span>\n\t\t  <\/div>\n\t\t<\/div>\n\t\t\t\t<div class=\"carousel-caption\" style=\"background: none;\">\n\t\t  <div>\n\t\t  \t\t\t\t\t\t\t  \t<img decoding=\"async\" src=\"https:\/\/montipower.com\/wp-content\/uploads\/2019\/09\/Partnerlogo_ConocoPhillips.png\" alt=\"\" class=\"ultimate-slide-img\" style=\"max-width: 100%; width: 85%; height: auto; border-radius: 0; margin-bottom: 15px;\">\n\t\t\t\t\t\t\t\t  \t<span class=\"content-section\" style=\"text-align: center; display: block;\">\n\t\t  \t\t\t\t\t  \t\t\t\t  \t\n\t\t\t  \t<br>\n\n\t\t\t  \t\t\t  \t<\/span>\n\t\t  <\/div>\n\t\t<\/div>\n\t\t\t\t<div class=\"carousel-caption\" style=\"background: none;\">\n\t\t  <div>\n\t\t  \t\t\t\t\t\t\t  \t<img decoding=\"async\" src=\"https:\/\/montipower.com\/wp-content\/uploads\/2019\/09\/Partnerlogo_DOW.png\" alt=\"\" class=\"ultimate-slide-img\" style=\"max-width: 100%; width: 85%; height: auto; border-radius: 0; margin-bottom: 15px;\">\n\t\t\t\t\t\t\t\t  \t<span class=\"content-section\" style=\"text-align: center; display: block;\">\n\t\t  \t\t\t\t\t  \t\t\t\t  \t\n\t\t\t  \t<br>\n\n\t\t\t  \t\t\t  \t<\/span>\n\t\t  <\/div>\n\t\t<\/div>\n\t\t\t\t<div class=\"carousel-caption\" style=\"background: none;\">\n\t\t  <div>\n\t\t  \t\t\t\t\t\t\t  \t<img decoding=\"async\" src=\"https:\/\/montipower.com\/wp-content\/uploads\/2019\/09\/Partnerlogo_E.on_.png\" alt=\"\" class=\"ultimate-slide-img\" style=\"max-width: 100%; width: 85%; height: auto; border-radius: 0; margin-bottom: 15px;\">\n\t\t\t\t\t\t\t\t  \t<span class=\"content-section\" style=\"text-align: center; display: block;\">\n\t\t  \t\t\t\t\t  \t\t\t\t  \t\n\t\t\t  \t<br>\n\n\t\t\t  \t\t\t  \t<\/span>\n\t\t  <\/div>\n\t\t<\/div>\n\t\t\t\t<div class=\"carousel-caption\" style=\"background: none;\">\n\t\t  <div>\n\t\t  \t\t\t\t\t\t\t  \t<img decoding=\"async\" src=\"https:\/\/montipower.com\/wp-content\/uploads\/2019\/09\/Partnerlogo_Enbridge.png\" alt=\"\" class=\"ultimate-slide-img\" style=\"max-width: 100%; width: 85%; height: auto; border-radius: 0; margin-bottom: 15px;\">\n\t\t\t\t\t\t\t\t  \t<span class=\"content-section\" style=\"text-align: center; display: block;\">\n\t\t  \t\t\t\t\t  \t\t\t\t  \t\n\t\t\t  \t<br>\n\n\t\t\t  \t\t\t  \t<\/span>\n\t\t  <\/div>\n\t\t<\/div>\n\t\t\t\t<div class=\"carousel-caption\" style=\"background: none;\">\n\t\t  <div>\n\t\t  \t\t\t\t\t\t\t  \t<img decoding=\"async\" src=\"https:\/\/montipower.com\/wp-content\/uploads\/2019\/09\/Partnerlogo_EnBW.png\" alt=\"\" class=\"ultimate-slide-img\" style=\"max-width: 100%; width: 85%; height: auto; border-radius: 0; margin-bottom: 15px;\">\n\t\t\t\t\t\t\t\t  \t<span class=\"content-section\" style=\"text-align: center; display: block;\">\n\t\t  \t\t\t\t\t  \t\t\t\t  \t\n\t\t\t  \t<br>\n\n\t\t\t  \t\t\t  \t<\/span>\n\t\t  <\/div>\n\t\t<\/div>\n\t\t\t\t<div class=\"carousel-caption\" style=\"background: none;\">\n\t\t  <div>\n\t\t  \t\t\t\t\t\t\t  \t<img decoding=\"async\" src=\"https:\/\/montipower.com\/wp-content\/uploads\/2019\/09\/Partnerlogo_Gazprom.png\" alt=\"\" class=\"ultimate-slide-img\" style=\"max-width: 100%; width: 85%; height: auto; border-radius: 0; margin-bottom: 15px;\">\n\t\t\t\t\t\t\t\t  \t<span class=\"content-section\" style=\"text-align: center; display: block;\">\n\t\t  \t\t\t\t\t  \t\t\t\t  \t\n\t\t\t  \t<br>\n\n\t\t\t  \t\t\t  \t<\/span>\n\t\t  <\/div>\n\t\t<\/div>\n\t\t\t\t<div class=\"carousel-caption\" style=\"background: none;\">\n\t\t  <div>\n\t\t  \t\t\t\t\t\t\t  \t<img decoding=\"async\" src=\"https:\/\/montipower.com\/wp-content\/uploads\/2019\/09\/Partnerlogo_Liebherr.png\" alt=\"\" class=\"ultimate-slide-img\" style=\"max-width: 100%; width: 85%; height: auto; border-radius: 0; margin-bottom: 15px;\">\n\t\t\t\t\t\t\t\t  \t<span class=\"content-section\" style=\"text-align: center; display: block;\">\n\t\t  \t\t\t\t\t  \t\t\t\t  \t\n\t\t\t  \t<br>\n\n\t\t\t  \t\t\t  \t<\/span>\n\t\t  <\/div>\n\t\t<\/div>\n\t\t\t\t<div class=\"carousel-caption\" style=\"background: none;\">\n\t\t  <div>\n\t\t  \t\t\t\t\t\t\t  \t<img decoding=\"async\" src=\"https:\/\/montipower.com\/wp-content\/uploads\/2019\/09\/Partnerlogo_MAN.png\" alt=\"\" class=\"ultimate-slide-img\" style=\"max-width: 100%; width: 85%; height: auto; border-radius: 0; margin-bottom: 15px;\">\n\t\t\t\t\t\t\t\t  \t<span class=\"content-section\" style=\"text-align: center; display: block;\">\n\t\t  \t\t\t\t\t  \t\t\t\t  \t\n\t\t\t  \t<br>\n\n\t\t\t  \t\t\t  \t<\/span>\n\t\t  <\/div>\n\t\t<\/div>\n\t\t\t\t<div class=\"carousel-caption\" style=\"background: none;\">\n\t\t  <div>\n\t\t  \t\t\t\t\t\t\t  \t<img decoding=\"async\" src=\"https:\/\/montipower.com\/wp-content\/uploads\/2019\/09\/Partnerlogo_PEMEX.png\" alt=\"\" class=\"ultimate-slide-img\" style=\"max-width: 100%; width: 85%; height: auto; border-radius: 0; margin-bottom: 15px;\">\n\t\t\t\t\t\t\t\t  \t<span class=\"content-section\" style=\"text-align: center; display: block;\">\n\t\t  \t\t\t\t\t  \t\t\t\t  \t\n\t\t\t  \t<br>\n\n\t\t\t  \t\t\t  \t<\/span>\n\t\t  <\/div>\n\t\t<\/div>\n\t\t\t\t<div class=\"carousel-caption\" style=\"background: none;\">\n\t\t  <div>\n\t\t  \t\t\t\t\t\t\t  \t<img decoding=\"async\" src=\"https:\/\/montipower.com\/wp-content\/uploads\/2019\/09\/Partnerlogo_PetroChina.png\" alt=\"\" class=\"ultimate-slide-img\" style=\"max-width: 100%; width: 85%; height: auto; border-radius: 0; margin-bottom: 15px;\">\n\t\t\t\t\t\t\t\t  \t<span class=\"content-section\" style=\"text-align: center; display: block;\">\n\t\t  \t\t\t\t\t  \t\t\t\t  \t\n\t\t\t  \t<br>\n\n\t\t\t  \t\t\t  \t<\/span>\n\t\t  <\/div>\n\t\t<\/div>\n\t\t\t\t<div class=\"carousel-caption\" style=\"background: none;\">\n\t\t  <div>\n\t\t  \t\t\t\t\t\t\t  \t<img decoding=\"async\" src=\"https:\/\/montipower.com\/wp-content\/uploads\/2019\/09\/Partnerlogo_Qatargas.png\" alt=\"\" class=\"ultimate-slide-img\" style=\"max-width: 100%; width: 85%; height: auto; border-radius: 0; margin-bottom: 15px;\">\n\t\t\t\t\t\t\t\t  \t<span class=\"content-section\" style=\"text-align: center; display: block;\">\n\t\t  \t\t\t\t\t  \t\t\t\t  \t\n\t\t\t  \t<br>\n\n\t\t\t  \t\t\t  \t<\/span>\n\t\t  <\/div>\n\t\t<\/div>\n\t\t\t\t<div class=\"carousel-caption\" style=\"background: none;\">\n\t\t  <div>\n\t\t  \t\t\t\t\t\t\t  \t<img decoding=\"async\" src=\"https:\/\/montipower.com\/wp-content\/uploads\/2019\/09\/Partnerlogo_Rijkswaterstaat_oost-nederland.png\" alt=\"\" class=\"ultimate-slide-img\" style=\"max-width: 100%; width: 85%; height: auto; border-radius: 0; margin-bottom: 15px;\">\n\t\t\t\t\t\t\t\t  \t<span class=\"content-section\" style=\"text-align: center; display: block;\">\n\t\t  \t\t\t\t\t  \t\t\t\t  \t\n\t\t\t  \t<br>\n\n\t\t\t  \t\t\t  \t<\/span>\n\t\t  <\/div>\n\t\t<\/div>\n\t\t\t\t<div class=\"carousel-caption\" style=\"background: none;\">\n\t\t  <div>\n\t\t  \t\t\t\t\t\t\t  \t<img decoding=\"async\" src=\"https:\/\/montipower.com\/wp-content\/uploads\/2019\/09\/Akzonobel_300x200px_Grey_72dpi.png\" alt=\"\" class=\"ultimate-slide-img\" style=\"max-width: 100%; width: 85%; height: auto; border-radius: 0; margin-bottom: 15px;\">\n\t\t\t\t\t\t\t\t  \t<span class=\"content-section\" style=\"text-align: center; display: block;\">\n\t\t  \t\t\t\t\t  \t\t\t\t  \t\n\t\t\t  \t<br>\n\n\t\t\t  \t\t\t  \t<\/span>\n\t\t  <\/div>\n\t\t<\/div>\n\t\t\t\t<div class=\"carousel-caption\" style=\"background: none;\">\n\t\t  <div>\n\t\t  \t\t\t\t\t\t\t  \t<img decoding=\"async\" src=\"https:\/\/montipower.com\/wp-content\/uploads\/2019\/09\/Belzona_300x200px_Grey-06_72dpi.png\" alt=\"\" class=\"ultimate-slide-img\" style=\"max-width: 100%; width: 85%; height: auto; border-radius: 0; margin-bottom: 15px;\">\n\t\t\t\t\t\t\t\t  \t<span class=\"content-section\" style=\"text-align: center; display: block;\">\n\t\t  \t\t\t\t\t  \t\t\t\t  \t\n\t\t\t  \t<br>\n\n\t\t\t  \t\t\t  \t<\/span>\n\t\t  <\/div>\n\t\t<\/div>\n\t\t\t\t<div class=\"carousel-caption\" style=\"background: none;\">\n\t\t  <div>\n\t\t  \t\t\t\t\t\t\t  \t<img decoding=\"async\" src=\"https:\/\/montipower.com\/wp-content\/uploads\/2019\/09\/Carboline_300x200px_Grey-07_72dpi.png\" alt=\"\" class=\"ultimate-slide-img\" style=\"max-width: 100%; width: 85%; height: auto; border-radius: 0; margin-bottom: 15px;\">\n\t\t\t\t\t\t\t\t  \t<span class=\"content-section\" style=\"text-align: center; display: block;\">\n\t\t  \t\t\t\t\t  \t\t\t\t  \t\n\t\t\t  \t<br>\n\n\t\t\t  \t\t\t  \t<\/span>\n\t\t  <\/div>\n\t\t<\/div>\n\t\t\t\t<div class=\"carousel-caption\" style=\"background: none;\">\n\t\t  <div>\n\t\t  \t\t\t\t\t\t\t  \t<img decoding=\"async\" src=\"https:\/\/montipower.com\/wp-content\/uploads\/2019\/09\/Chesterton_300x200px_Grey-10_72dpi.png\" alt=\"\" class=\"ultimate-slide-img\" style=\"max-width: 100%; width: 85%; height: auto; border-radius: 0; margin-bottom: 15px;\">\n\t\t\t\t\t\t\t\t  \t<span class=\"content-section\" style=\"text-align: center; display: block;\">\n\t\t  \t\t\t\t\t  \t\t\t\t  \t\n\t\t\t  \t<br>\n\n\t\t\t  \t\t\t  \t<\/span>\n\t\t  <\/div>\n\t\t<\/div>\n\t\t\t\t<div class=\"carousel-caption\" style=\"background: none;\">\n\t\t  <div>\n\t\t  \t\t\t\t\t\t\t  \t<img decoding=\"async\" src=\"https:\/\/montipower.com\/wp-content\/uploads\/2019\/09\/Covalence_300x200px_Grey-11_72dpi.png\" alt=\"\" class=\"ultimate-slide-img\" style=\"max-width: 100%; width: 85%; height: auto; border-radius: 0; margin-bottom: 15px;\">\n\t\t\t\t\t\t\t\t  \t<span class=\"content-section\" style=\"text-align: center; display: block;\">\n\t\t  \t\t\t\t\t  \t\t\t\t  \t\n\t\t\t  \t<br>\n\n\t\t\t  \t\t\t  \t<\/span>\n\t\t  <\/div>\n\t\t<\/div>\n\t\t\t\t<div class=\"carousel-caption\" style=\"background: none;\">\n\t\t  <div>\n\t\t  \t\t\t\t\t\t\t  \t<img decoding=\"async\" src=\"https:\/\/montipower.com\/wp-content\/uploads\/2019\/09\/Denso_300x200px_Grey-16_72dpi.png\" alt=\"\" class=\"ultimate-slide-img\" style=\"max-width: 100%; width: 85%; height: auto; border-radius: 0; margin-bottom: 15px;\">\n\t\t\t\t\t\t\t\t  \t<span class=\"content-section\" style=\"text-align: center; display: block;\">\n\t\t  \t\t\t\t\t  \t\t\t\t  \t\n\t\t\t  \t<br>\n\n\t\t\t  \t\t\t  \t<\/span>\n\t\t  <\/div>\n\t\t<\/div>\n\t\t\t\t<div class=\"carousel-caption\" style=\"background: none;\">\n\t\t  <div>\n\t\t  \t\t\t\t\t\t\t  \t<img decoding=\"async\" src=\"https:\/\/montipower.com\/wp-content\/uploads\/2019\/09\/Deutsche-bahn_300x200px_Grey-12_72dpi.png\" alt=\"\" class=\"ultimate-slide-img\" style=\"max-width: 100%; width: 85%; height: auto; border-radius: 0; margin-bottom: 15px;\">\n\t\t\t\t\t\t\t\t  \t<span class=\"content-section\" style=\"text-align: center; display: block;\">\n\t\t  \t\t\t\t\t  \t\t\t\t  \t\n\t\t\t  \t<br>\n\n\t\t\t  \t\t\t  \t<\/span>\n\t\t  <\/div>\n\t\t<\/div>\n\t\t\t\t<div class=\"carousel-caption\" style=\"background: none;\">\n\t\t  <div>\n\t\t  \t\t\t\t\t\t\t  \t<img decoding=\"async\" src=\"https:\/\/montipower.com\/wp-content\/uploads\/2019\/09\/Equinor_300x200px_Grey-17_72dpi.png\" alt=\"\" class=\"ultimate-slide-img\" style=\"max-width: 100%; width: 85%; height: auto; border-radius: 0; margin-bottom: 15px;\">\n\t\t\t\t\t\t\t\t  \t<span class=\"content-section\" style=\"text-align: center; display: block;\">\n\t\t  \t\t\t\t\t  \t\t\t\t  \t\n\t\t\t  \t<br>\n\n\t\t\t  \t\t\t  \t<\/span>\n\t\t  <\/div>\n\t\t<\/div>\n\t\t\t\t<div class=\"carousel-caption\" style=\"background: none;\">\n\t\t  <div>\n\t\t  \t\t\t\t\t\t\t  \t<img decoding=\"async\" src=\"https:\/\/montipower.com\/wp-content\/uploads\/2019\/09\/Ford_300x200px_Grey-01_72dpi.png\" alt=\"\" class=\"ultimate-slide-img\" style=\"max-width: 100%; width: 85%; height: auto; border-radius: 0; margin-bottom: 15px;\">\n\t\t\t\t\t\t\t\t  \t<span class=\"content-section\" style=\"text-align: center; display: block;\">\n\t\t  \t\t\t\t\t  \t\t\t\t  \t\n\t\t\t  \t<br>\n\n\t\t\t  \t\t\t  \t<\/span>\n\t\t  <\/div>\n\t\t<\/div>\n\t\t\t\t<div class=\"carousel-caption\" style=\"background: none;\">\n\t\t  <div>\n\t\t  \t\t\t\t\t\t\t  \t<img decoding=\"async\" src=\"https:\/\/montipower.com\/wp-content\/uploads\/2019\/09\/Gasunie_300x200px_Grey-18_72dpi.png\" alt=\"\" class=\"ultimate-slide-img\" style=\"max-width: 100%; width: 85%; height: auto; border-radius: 0; margin-bottom: 15px;\">\n\t\t\t\t\t\t\t\t  \t<span class=\"content-section\" style=\"text-align: center; display: block;\">\n\t\t  \t\t\t\t\t  \t\t\t\t  \t\n\t\t\t  \t<br>\n\n\t\t\t  \t\t\t  \t<\/span>\n\t\t  <\/div>\n\t\t<\/div>\n\t\t<\/section>\n\n\t\t<style>\n\t\t\t\t\t\t\t\t\t\t#tdt-slider-41 .slick-next:before, #tdt-slider-41 .slick-prev:before {\n\t\t\t\t\tcolor: #000 !important;\n\t\t\t\t\tbackground:  !important;\n\t\t\t\t\tfont-size: 30px !important;\n\t\t\t\t}\n\t\t\t\t#tdt-slider-41 .slick-prev {\n\t\t\t\t\tleft: 40px !important;\n\t\t\t\t}\n\t\t\t\t#tdt-slider-41 .slick-next {\n\t\t\t\t\tright: 40px !important;\n\t\t\t\t}\n\t\t\t\t\t\t#tdt-slider-41 .slick-slide {\n\t\t\t\tpadding: 0 0px 15px 0px !important;\n\t\t\t}\n\t\t\t#tdt-slider-41 .content-section *{\n\t\t\t\t;\n\t\t\t}\n\t\t\t\t\t\t\t#tdt-slider-41.content-over-slider .slick-slide .content-section {\n\t\t\t\t\ttop: 15%;\n\t\t\t\t}\n\t\t\t\t@media only screen and (max-width: 480px) {\n\t\t\t\t\t#tdt-slider-41.content-over-slider .slick-slide .content-section {\n\t\t\t\t\t\ttop: 35px !important;\n\t\t\t\t\t}\n\t\t\t\t\t#tdt-slider-41.content-over-slider .ultimate-slide-img {\n\t\t\t\t\t\theight: 200px !important;\n\t\t\t\t\t}\n\t\t\t\t}\n\t\t\t\t\t<\/style>\n\t\t<\/div><\/div><\/div><\/div><\/section><\/div>[\/vc_column][\/vc_row]<\/p>\n<\/div>","protected":false},"excerpt":{"rendered":"Umweltschutz Home Oberfl\u00e4chenvorbereitung ohne Umweltverschmutzung Die Bristle Blaster\u00ae und MBX\u00ae Technologien wurden f\u00fcr Schwei\u00dfnahtvorbereitungen, Kollisionsreparaturen, Touch-Up- und Wartungsarbeiten sowie die","protected":false},"author":19,"featured_media":0,"parent":9886,"menu_order":0,"comment_status":"closed","ping_status":"closed","template":"","meta":{"_acf_changed":false,"content-type":"","footnotes":""},"class_list":["post-9878","page","type-page","status-publish","hentry"],"acf":[],"_links":{"self":[{"href":"https:\/\/montipower.com\/de\/wp-json\/wp\/v2\/pages\/9878","targetHints":{"allow":["GET"]}}],"collection":[{"href":"https:\/\/montipower.com\/de\/wp-json\/wp\/v2\/pages"}],"about":[{"href":"https:\/\/montipower.com\/de\/wp-json\/wp\/v2\/types\/page"}],"author":[{"embeddable":true,"href":"https:\/\/montipower.com\/de\/wp-json\/wp\/v2\/users\/19"}],"replies":[{"embeddable":true,"href":"https:\/\/montipower.com\/de\/wp-json\/wp\/v2\/comments?post=9878"}],"version-history":[{"count":4,"href":"https:\/\/montipower.com\/de\/wp-json\/wp\/v2\/pages\/9878\/revisions"}],"predecessor-version":[{"id":10593,"href":"https:\/\/montipower.com\/de\/wp-json\/wp\/v2\/pages\/9878\/revisions\/10593"}],"up":[{"embeddable":true,"href":"https:\/\/montipower.com\/de\/wp-json\/wp\/v2\/pages\/9886"}],"wp:attachment":[{"href":"https:\/\/montipower.com\/de\/wp-json\/wp\/v2\/media?parent=9878"}],"curies":[{"name":"wp","href":"https:\/\/api.w.org\/{rel}","templated":true}]}}