{"id":9875,"date":"2020-06-08T16:54:02","date_gmt":"2020-06-08T14:54:02","guid":{"rendered":"https:\/\/monti.la-compagnie.digital\/care-for-health-safety\/"},"modified":"2021-04-24T20:21:35","modified_gmt":"2021-04-24T18:21:35","slug":"gesundheitsschutz-arbeitssicherheit","status":"publish","type":"page","link":"https:\/\/montipower.com\/de\/info\/gesundheitsschutz-arbeitssicherheit\/","title":{"rendered":"Gesundheitsschutz &#038; Arbeitssicherheit"},"content":{"rendered":"<div class=\"wpb-content-wrapper\"><p>[vc_section full_width=&#8221;stretch_row&#8221; content_placement=&#8221;bottom&#8221; css=&#8221;.vc_custom_1592566228693{padding-top: 30px !important;padding-bottom: 0px !important;background: #ff1212 url(https:\/\/montipower.com\/wp-content\/uploads\/2019\/10\/9_Helm_Ladder10_Powers_730x596px-1.jpg?id=3456) !important;background-position: center !important;background-repeat: no-repeat !important;background-size: cover !important;}&#8221; el_class=&#8221;topbig&#8221;][vc_row css=&#8221;.vc_custom_1569318223776{padding-right: 100px !important;padding-left: 100px !important;}&#8221;][vc_column width=&#8221;1\/2&#8243;][vc_column_text]<\/p>\n<h1>Gesundheitsschutz<br \/>\n&amp; Arbeitssicherheit<\/h1>\n<p>[\/vc_column_text][\/vc_column][vc_column width=&#8221;1\/2&#8243;][\/vc_column][\/vc_row][vc_row full_width=&#8221;stretch_row_content_no_spaces&#8221; content_placement=&#8221;bottom&#8221; css=&#8221;.vc_custom_1572526136907{padding-top: 0px !important;padding-bottom: 100px !important;background-position: 0 0 !important;background-repeat: no-repeat !important;}&#8221; el_class=&#8221;hometopfotorij&#8221;][vc_column][\/vc_column][\/vc_row][vc_row full_width=&#8221;stretch_row&#8221; css=&#8221;.vc_custom_1572525974229{background-color: #f1f1f1 !important;}&#8221;][vc_column][vc_column_text el_class=&#8221;montbreadcrumbs&#8221; css=&#8221;.vc_custom_1569318576735{padding-right: 100px !important;padding-left: 100px !important;}&#8221;]<nav aria-label=\"breadcrumbs\" class=\"rank-math-breadcrumb\"><p><span class=\"last\">Home<\/span><\/p><\/nav>[\/vc_column_text][\/vc_column][\/vc_row][\/vc_section][vc_section full_width=&#8221;stretch_row&#8221; el_class=&#8221;textcomp&#8221;][vc_row][vc_column][vc_column_text]<\/p>\n<h3>Die Gew\u00e4hrleisting der Arbeitssicherheit hat h\u00f6chste priorit\u00e4t<\/h3>\n<p>Wir erm\u00f6glichen den Anwendern unserer Technologien ein H\u00f6chstma\u00df an Arbeitssicherheit und Gesundheitsschutz. Unsere Werkzeuge werden auf eine benutzerfreundliche Ergonomie und auf die Reduktion von L\u00e4rmemissionen, Vibration und Staub ausgelegt. Nat\u00fcrlich in Konformit\u00e4t mit den geltenden Sicherheitsvorschriften.[\/vc_column_text][vc_column_text]<\/p>\n<h5>Pers\u00f6nliche Sicherheit<\/h5>\n<p>Der Einsatz von MontiPower<sup>\u00ae<\/sup> Werkzeugen und Ausr\u00fcstung ist ausfolgenden Gr\u00fcnden sicherer als konventionelles Strahlen:<\/p>\n<ul>\n<li>Geringes Verletzungsrisiko, da kein Hochdruck eingesetzt wird<\/li>\n<li>Kein Einsatz von losen Strahlmitteln, welche die Umgebung kontaminieren k\u00f6nnen<\/li>\n<li>Niedriger L\u00e4rm- und Vibrationspegel<\/li>\n<li>Borsten k\u00f6nnen keine Arbeitsschuhe durchstechen<\/li>\n<li>Schneiden nicht durch Seile (falls Kletterausr\u00fcstung zum Einsatz kommt)<\/li>\n<li>Nur minimale pers\u00f6nliche Schutzausr\u00fcstung notwendig<\/li>\n<li>Ergonomisches Design<\/li>\n<li>Leicht zu bedienen<\/li>\n<\/ul>\n<h5>Umweltschutz<\/h5>\n<ul>\n<li>Keine Entsorgung von gebrauchtem Strahlmittel<\/li>\n<li>Benutzte B\u00e4nder k\u00f6nnen als Restm\u00fcll entsorgt werden<\/li>\n<li>Optionale Absaugvorrichtungen verhindern die Kontamination der Umgebung<\/li>\n<\/ul>\n<h5>Betriebssicherheit<\/h5>\n<ul>\n<li>Metallische Tr\u00e4germaterialien werden durch B\u00e4nder nicht besch\u00e4digt<\/li>\n<li>Kein Durchschlagen von d\u00fcnnen Blechen<\/li>\n<li>Kein Durchschlagen von Rohrleitungen, Druckbeh\u00e4ltern und empfindlichen Strukturen (sofern nicht vollst\u00e4ndig korrodiert)<\/li>\n<li>Kann zur besch\u00e4digungsfreien Reinigung von Ventilfl\u00e4chen, Dichtungen und sogar Kunststoffoberfl\u00e4chen eingesetzt werden<\/li>\n<li>Kein Strahlmittel\/Staub \u2013 daher keine Verstopfungen von Ventilen, Lufteinl\u00e4ssen und Filtern<\/li>\n<\/ul>\n<p>[\/vc_column_text][\/vc_column][\/vc_row][\/vc_section]<\/p>\n<\/div>","protected":false},"excerpt":{"rendered":"<p>[vc_section full_width=&#8221;stretch_row&#8221; content_placement=&#8221;bottom&#8221; css=&#8221;.vc_custom_1592566228693{padding-top: 30px !important;padding-bottom: 0px !important;background: #ff1212 url(https:\/\/montipower.com\/wp-content\/uploads\/2019\/10\/9_Helm_Ladder10_Powers_730x596px-1.jpg?id=3456) !important;background-position: &#8230; <\/p>\n","protected":false},"author":19,"featured_media":9620,"parent":9886,"menu_order":0,"comment_status":"closed","ping_status":"closed","template":"","meta":{"_acf_changed":false,"content-type":"","footnotes":""},"class_list":["post-9875","page","type-page","status-publish","has-post-thumbnail","hentry"],"acf":[],"_links":{"self":[{"href":"https:\/\/montipower.com\/de\/wp-json\/wp\/v2\/pages\/9875","targetHints":{"allow":["GET"]}}],"collection":[{"href":"https:\/\/montipower.com\/de\/wp-json\/wp\/v2\/pages"}],"about":[{"href":"https:\/\/montipower.com\/de\/wp-json\/wp\/v2\/types\/page"}],"author":[{"embeddable":true,"href":"https:\/\/montipower.com\/de\/wp-json\/wp\/v2\/users\/19"}],"replies":[{"embeddable":true,"href":"https:\/\/montipower.com\/de\/wp-json\/wp\/v2\/comments?post=9875"}],"version-history":[{"count":4,"href":"https:\/\/montipower.com\/de\/wp-json\/wp\/v2\/pages\/9875\/revisions"}],"predecessor-version":[{"id":10592,"href":"https:\/\/montipower.com\/de\/wp-json\/wp\/v2\/pages\/9875\/revisions\/10592"}],"up":[{"embeddable":true,"href":"https:\/\/montipower.com\/de\/wp-json\/wp\/v2\/pages\/9886"}],"wp:featuredmedia":[{"embeddable":true,"href":"https:\/\/montipower.com\/de\/wp-json\/wp\/v2\/media\/9620"}],"wp:attachment":[{"href":"https:\/\/montipower.com\/de\/wp-json\/wp\/v2\/media?parent=9875"}],"curies":[{"name":"wp","href":"https:\/\/api.w.org\/{rel}","templated":true}]}}