{"id":9864,"date":"2020-06-04T10:13:44","date_gmt":"2020-06-04T08:13:44","guid":{"rendered":"https:\/\/monti.la-compagnie.digital\/maerkte\/weld-cleaning\/"},"modified":"2021-04-24T20:21:12","modified_gmt":"2021-04-24T18:21:12","slug":"schweissnahtreinigung","status":"publish","type":"page","link":"https:\/\/montipower.com\/de\/maerkte\/schweissnahtreinigung\/","title":{"rendered":"Schweissen"},"content":{"rendered":"<div class=\"wpb-content-wrapper\"><p>[vc_section full_width=&#8221;stretch_row&#8221; content_placement=&#8221;bottom&#8221; css=&#8221;.vc_custom_1592821416854{padding-top: 30px !important;padding-bottom: 0px !important;background: #ff1212 url(https:\/\/montipower.com\/wp-content\/uploads\/2020\/06\/FieldJoint_higres-scaled.jpg?id=5479) !important;background-position: center !important;background-repeat: no-repeat !important;background-size: cover !important;}&#8221; el_class=&#8221;topbig&#8221;][vc_row css=&#8221;.vc_custom_1569318223776{padding-right: 100px !important;padding-left: 100px !important;}&#8221;][vc_column width=&#8221;1\/2&#8243;][vc_column_text]<\/p>\n<h1>Schweissen<\/h1>\n<p>[\/vc_column_text][\/vc_column][vc_column width=&#8221;1\/2&#8243;][\/vc_column][\/vc_row][vc_row full_width=&#8221;stretch_row_content_no_spaces&#8221; content_placement=&#8221;bottom&#8221; css=&#8221;.vc_custom_1572526136907{padding-top: 0px !important;padding-bottom: 100px !important;background-position: 0 0 !important;background-repeat: no-repeat !important;}&#8221; el_class=&#8221;hometopfotorij&#8221;][vc_column][\/vc_column][\/vc_row][vc_row full_width=&#8221;stretch_row&#8221; css=&#8221;.vc_custom_1572525974229{background-color: #f1f1f1 !important;}&#8221;][vc_column][vc_column_text el_class=&#8221;montbreadcrumbs&#8221; css=&#8221;.vc_custom_1569318576735{padding-right: 100px !important;padding-left: 100px !important;}&#8221;]<nav aria-label=\"breadcrumbs\" class=\"rank-math-breadcrumb\"><p><span class=\"last\">Home<\/span><\/p><\/nav>[\/vc_column_text][\/vc_column][\/vc_row][\/vc_section][vc_section full_width=&#8221;stretch_row&#8221; el_class=&#8221;textcomp&#8221;][vc_row][vc_column][vc_column_text]MIG, MAG, TIG und Handschwei\u00dfprozesse erzeugen sehr unterschiedliche Arten von R\u00fcckst\u00e4nden auf der Oberfl\u00e4che. Daher m\u00fcssen sich Anwender auf die Effektivit\u00e4t des Reinigungswerkzeugs verlassen k\u00f6nnen, denn Silikate und Anlauffarbe sind in Grund- und F\u00fcllschichten nicht leicht zu entdecken.<br \/>\nEntscheiden Sie sich f\u00fcr eine MontiPower<sup>\u00ae<\/sup> L\u00f6sung zur Schwei\u00dfnahtvorbereitung. Unsere innovativen Werkzeuge in Kombination mit unseren Stahl- oder Edelstahl-B\u00e4ndern belassen das geschwei\u00dfte Grundmaterial unver\u00e4ndert. Trotzdem werden alle Schwei\u00dfr\u00fcckst\u00e4nde auf jeder einzelnen Schicht vollst\u00e4ndig entfernt. Mit dieser einfachen, schnellen und sicheren Methode erzeugen Sie ein exzellentes Oberfl\u00e4chenprofil und damit den optimalen Haftgrund f\u00fcr eine Beschichtung, die den Schutz der Schwei\u00dfstelle sicherstellt.[\/vc_column_text][\/vc_column][\/vc_row][\/vc_section]<\/p>\n<\/div>","protected":false},"excerpt":{"rendered":"<p>[vc_section full_width=&#8221;stretch_row&#8221; content_placement=&#8221;bottom&#8221; css=&#8221;.vc_custom_1592821416854{padding-top: 30px !important;padding-bottom: 0px !important;background: #ff1212 url(https:\/\/montipower.com\/wp-content\/uploads\/2020\/06\/FieldJoint_higres-scaled.jpg?id=5479) !important;background-position: &#8230; <\/p>\n","protected":false},"author":19,"featured_media":9421,"parent":9828,"menu_order":0,"comment_status":"closed","ping_status":"closed","template":"","meta":{"_acf_changed":false,"content-type":"","footnotes":""},"class_list":["post-9864","page","type-page","status-publish","has-post-thumbnail","hentry"],"acf":[],"_links":{"self":[{"href":"https:\/\/montipower.com\/de\/wp-json\/wp\/v2\/pages\/9864","targetHints":{"allow":["GET"]}}],"collection":[{"href":"https:\/\/montipower.com\/de\/wp-json\/wp\/v2\/pages"}],"about":[{"href":"https:\/\/montipower.com\/de\/wp-json\/wp\/v2\/types\/page"}],"author":[{"embeddable":true,"href":"https:\/\/montipower.com\/de\/wp-json\/wp\/v2\/users\/19"}],"replies":[{"embeddable":true,"href":"https:\/\/montipower.com\/de\/wp-json\/wp\/v2\/comments?post=9864"}],"version-history":[{"count":4,"href":"https:\/\/montipower.com\/de\/wp-json\/wp\/v2\/pages\/9864\/revisions"}],"predecessor-version":[{"id":10332,"href":"https:\/\/montipower.com\/de\/wp-json\/wp\/v2\/pages\/9864\/revisions\/10332"}],"up":[{"embeddable":true,"href":"https:\/\/montipower.com\/de\/wp-json\/wp\/v2\/pages\/9828"}],"wp:featuredmedia":[{"embeddable":true,"href":"https:\/\/montipower.com\/de\/wp-json\/wp\/v2\/media\/9421"}],"wp:attachment":[{"href":"https:\/\/montipower.com\/de\/wp-json\/wp\/v2\/media?parent=9864"}],"curies":[{"name":"wp","href":"https:\/\/api.w.org\/{rel}","templated":true}]}}