{"id":9823,"date":"2019-07-30T10:55:43","date_gmt":"2019-07-30T08:55:43","guid":{"rendered":"https:\/\/monti.la-compagnie.digital\/monti-power\/"},"modified":"2021-06-10T14:01:35","modified_gmt":"2021-06-10T12:01:35","slug":"monti-power","status":"publish","type":"page","link":"https:\/\/montipower.com\/de\/monti-power\/","title":{"rendered":"MontiPower<sup>\u00ae<\/sup>"},"content":{"rendered":"<div class=\"wpb-content-wrapper\"><p>[vc_section full_width=&#8221;stretch_row&#8221; content_placement=&#8221;top&#8221; video_bg=&#8221;yes&#8221; video_bg_url=&#8221;https:\/\/www.youtube.com\/watch?v=A0JUbTMkJTU&#8221; css=&#8221;.vc_custom_1592484358688{padding-top: 340px !important;padding-bottom: 0px !important;background-image: url(https:\/\/montipower.com\/wp-content\/uploads\/2019\/11\/background-monti.jpg?id=3624) !important;background-position: center !important;background-repeat: no-repeat !important;background-size: cover !important;}&#8221; el_class=&#8221;hometopfoto&#8221;][vc_row full_width=&#8221;stretch_row_content_no_spaces&#8221; content_placement=&#8221;bottom&#8221; css=&#8221;.vc_custom_1572518120207{padding-top: 100px !important;padding-bottom: 100px !important;background-image: url(https:\/\/montipower.com\/wp-content\/uploads\/2019\/09\/home-top-strook.png?id=1056) !important;background-position: 0 0 !important;background-repeat: no-repeat !important;}&#8221; el_class=&#8221;hometopfotorij&#8221;][vc_column][\/vc_column][\/vc_row][\/vc_section][vc_section full_width=&#8221;stretch_row&#8221; content_placement=&#8221;top&#8221; el_class=&#8221;hometekstvlak&#8221;][vc_row css=&#8221;.vc_custom_1590410449320{margin-top: -200px !important;padding-top: 0px !important;padding-right: 120px !important;padding-bottom: 50px !important;padding-left: 120px !important;background-color: #ffffff !important;}&#8221;][vc_column css=&#8221;.vc_custom_1569242766187{padding-top: 0px !important;}&#8221;][vc_column_text css=&#8221;.vc_custom_1591271426960{margin-top: 30px !important;}&#8221;]<\/p>\n<h1 style=\"text-align: center;\">Absolutely Gr\u00fcndlich<\/h1>\n<p>[\/vc_column_text][vc_column_text]<\/p>\n<p style=\"text-align: center;\">Entdecken Sie die Power unserer professionellen Spezialwerkzeuge.<br \/>\nInnovative L\u00f6sungen f\u00fcr die Oberfl\u00e4chenvorbereitung.<br \/>\nOnshore und Offshore. Testen, Reinigen, Entfernen, Profilieren.<br \/>\nUnsere Technologien erm\u00f6glichen die bestm\u00f6gliche Haftung f\u00fcr Beschichtungsstoffe.<br \/>\nDie besten Beschichtungen der Welt verdienen die beste<br \/>\nOberfl\u00e4chenvorbereitung.<br \/>\nAbsolutely Gr\u00fcndlich f\u00fcr den langfristen und nachhaltigen Schutz Ihrer Assets.<\/p>\n<p style=\"text-align: center;\">MontiPower<sup>\u00ae<\/sup> &#8211; Preparation from Scratch!<\/p>\n<p>[\/vc_column_text][vc_row_inner content_placement=&#8221;middle&#8221;][vc_column_inner][vc_btn title=&#8221;Entdecken sie unsere produkte&#8221; style=&#8221;classic&#8221; shape=&#8221;square&#8221; align=&#8221;center&#8221; link=&#8221;url:https%3A%2F%2Fmontipower.com%2Fde%2Fprodukte%2F|title:Products&#8221; el_class=&#8221;hometopfotobutton&#8221;][\/vc_column_inner][\/vc_row_inner][\/vc_column][\/vc_row][\/vc_section][vc_section full_width=&#8221;stretch_row&#8221; content_placement=&#8221;middle&#8221; css=&#8221;.vc_custom_1592488458408{padding-top: 80px !important;padding-bottom: 100px !important;background-image: url(https:\/\/montipower.com\/wp-content\/uploads\/2020\/06\/Images_5628x2734px3-scaled.jpg?id=5454) !important;background-position: center !important;background-repeat: no-repeat !important;background-size: cover !important;}&#8221; el_class=&#8221;wittetekst carelement&#8221;][vc_row][vc_column width=&#8221;1\/2&#8243;][\/vc_column][vc_column width=&#8221;1\/2&#8243;][vc_column_text]<\/p>\n<h3 style=\"text-align: right;\">Die Welt<br \/>\ndes Stahls<\/h3>\n<p style=\"text-align: right;\">Rost ist der gr\u00f6\u00dfte Feind der Metalle.<br \/>\nEine gute Oberfl\u00e4chenvorbereitung sichert die bestm\u00f6gliche<br \/>\nHaftung zwischen Beschichtung und Oberfl\u00e4che &#8211; und damit den Schutz Ihrere Assets<\/p>\n<p>[\/vc_column_text][vc_btn title=&#8221;Entdecke&#8221; style=&#8221;classic&#8221; shape=&#8221;square&#8221; align=&#8221;right&#8221; link=&#8221;url:https%3A%2F%2Fmontipower.com%2Fde%2Finfo%2Fvorsorge-fuer-stahlschutz%2F|title:Care%20for%20Steel%20Protection&#8221; el_class=&#8221;hometopfotobutton&#8221;][\/vc_column][\/vc_row][\/vc_section][vc_section full_width=&#8221;stretch_row&#8221; css=&#8221;.vc_custom_1592489603813{padding-top: 0px !important;background-image: url(https:\/\/montipower.com\/wp-content\/uploads\/2020\/06\/1470x1034px.jpg?id=5460) !important;background-position: center !important;background-repeat: no-repeat !important;background-size: cover !important;}&#8221; el_class=&#8221;redleftsection topred&#8221;][vc_row full_width=&#8221;stretch_row&#8221; css=&#8221;.vc_custom_1572354628357{background-image: url(https:\/\/montipower.com\/wp-content\/uploads\/2019\/09\/Fill-1.png?id=1413) !important;background-position: center !important;background-repeat: no-repeat !important;background-size: cover !important;}&#8221; el_class=&#8221;backredleft&#8221;][vc_column][vc_row_inner content_placement=&#8221;middle&#8221;][vc_column_inner width=&#8221;1\/3&#8243;][vc_column_text]<\/p>\n<h3 style=\"text-align: left;\">Alles beginnt<br \/>\nmit der perfekten<br \/>\nMessungen<\/h3>\n<p>[\/vc_column_text][vc_column_text]Glauben Sie den Daten.<br \/>\nVertrauen Sie unseren Werkzeugen.<br \/>\nIt&#8217;s Peaktime.[\/vc_column_text][vc_btn title=&#8221;MTEST&#8221; style=&#8221;classic&#8221; shape=&#8221;square&#8221; align=&#8221;left&#8221; link=&#8221;url:https%3A%2F%2Fmontipower.com%2Fde%2Fservice-support%2Fmtest%2F|title:MTEST&#8221; el_class=&#8221;redleftbuttonblack&#8221;][\/vc_column_inner][vc_column_inner width=&#8221;1\/3&#8243;][vc_single_image image=&#8221;5406&#8243; img_size=&#8221;266&#215;266&#8243; alignment=&#8221;center&#8221; style=&#8221;vc_box_circle&#8221;][\/vc_column_inner][vc_column_inner width=&#8221;1\/3&#8243;][\/vc_column_inner][\/vc_row_inner][\/vc_column][\/vc_row][\/vc_section][vc_section full_width=&#8221;stretch_row&#8221; content_placement=&#8221;middle&#8221; css=&#8221;.vc_custom_1592488242689{margin-top: 40px !important;border-top-width: px !important;padding-top: 80px !important;padding-bottom: 100px !important;background-image: url(https:\/\/montipower.com\/wp-content\/uploads\/2020\/06\/Images_5628x2734px2-scaled.jpg?id=5448) !important;background-position: center !important;background-repeat: no-repeat !important;background-size: cover !important;}&#8221; el_class=&#8221;wittetekst carelement&#8221;][vc_row][vc_column width=&#8221;1\/2&#8243;][\/vc_column][vc_column width=&#8221;1\/2&#8243;][vc_column_text]<\/p>\n<h3 style=\"text-align: right;\">Bristle<br \/>\nBlaster<sup>\u00ae<\/sup><br \/>\nProduktlinie<\/h3>\n<p style=\"text-align: right;\">Unsere Bristle Blasting Technologie unterscheidet sich von konventionellen Strahlmethoden. Die erreichte Reinheitsgrade ist vergleichbar, jedoch muss der Bediener nicht mit freien Kr\u00e4fte von 100N und mehr umgehen.<\/p>\n<p>[\/vc_column_text][vc_btn title=&#8221;Bristle Blaster\u00ae&#8221; style=&#8221;classic&#8221; shape=&#8221;square&#8221; align=&#8221;right&#8221; link=&#8221;url:https%3A%2F%2Fmontipower.com%2Fde%2Fprodukte%2Fpowertools%2Fbristle-blaster-double%2F|title:Bristle%20Blaster&#8221; el_class=&#8221;hometopfotobutton&#8221;][\/vc_column][\/vc_row][\/vc_section][vc_section full_width=&#8221;stretch_row&#8221; content_placement=&#8221;middle&#8221; css=&#8221;.vc_custom_1592483566154{margin-top: 40px !important;padding-top: 80px !important;padding-bottom: 100px !important;background-image: url(https:\/\/montipower.com\/wp-content\/uploads\/2019\/10\/MontiPower_Audi_72dpi_RGB_WIDE.jpg?id=1570) !important;background-position: center !important;background-repeat: no-repeat !important;background-size: cover !important;}&#8221; el_class=&#8221;wittetekst carelement&#8221;][vc_row][vc_column width=&#8221;1\/2&#8243;][\/vc_column][vc_column width=&#8221;1\/2&#8243;][vc_column_text]<\/p>\n<h3 style=\"text-align: right;\">MBX<sup>\u00ae<\/sup><br \/>\nProduktlinie<\/h3>\n<p style=\"text-align: right;\">Entfernen<br \/>\nReinigen<br \/>\nAufrauen<\/p>\n<p>[\/vc_column_text][vc_btn title=&#8221;MBX\u00ae&#8221; style=&#8221;classic&#8221; shape=&#8221;square&#8221; align=&#8221;right&#8221; link=&#8221;url:https%3A%2F%2Fmontipower.com%2Fde%2Fprodukte%2Fpowertools%2Fmbx-electric%2F|title:MBX%C2%AE&#8221; el_class=&#8221;hometopfotobutton&#8221;][\/vc_column][\/vc_row][\/vc_section][vc_section full_width=&#8221;stretch_row&#8221; content_placement=&#8221;middle&#8221; css=&#8221;.vc_custom_1594645703241{margin-top: 40px !important;padding-top: 0px !important;background-image: url(https:\/\/montipower.com\/wp-content\/uploads\/2020\/07\/ZU-019-VinylZapper\u00aeUltimate-15-30-Set_RGB_600x600px_72dpi_wide2.jpg?id=5862) !important;background-position: center !important;background-repeat: no-repeat !important;background-size: cover !important;}&#8221; el_class=&#8221;redleftsection botred&#8221;][vc_row full_width=&#8221;stretch_row&#8221; css=&#8221;.vc_custom_1572354640928{background-image: url(https:\/\/montipower.com\/wp-content\/uploads\/2019\/09\/Fill-1.png?id=1413) !important;background-position: center !important;background-repeat: no-repeat !important;background-size: cover !important;}&#8221; el_class=&#8221;backredleft&#8221;][vc_column][vc_row_inner content_placement=&#8221;middle&#8221;][vc_column_inner width=&#8221;1\/3&#8243;][vc_column_text]<\/p>\n<h3>Schleifb\u00e4nder<\/h3>\n<p>[\/vc_column_text][vc_column_text]Mit unseren B\u00e4ndern k\u00f6nnen Sie Korrosion, Beschichtungen, Lacke, Aufkleber, Folien und Kleber\u00fcckst\u00e4nde von unterschiedlichsten Oberfl\u00e4chen entfernen. F\u00fcr jede Anwendung gibt es das passende Band.[\/vc_column_text][vc_btn title=&#8221;B\u00e4nder&#8221; style=&#8221;classic&#8221; shape=&#8221;square&#8221; align=&#8221;left&#8221; link=&#8221;url:https%3A%2F%2Fmontipower.com%2Fde%2Fprodukte%2Fabtragende-gurte%2F|title:belts&#8221; el_class=&#8221;redleftbuttonblack&#8221;][\/vc_column_inner][vc_column_inner width=&#8221;1\/3&#8243;][vc_single_image image=&#8221;5453&#8243; img_size=&#8221;266&#215;266&#8243; alignment=&#8221;center&#8221; style=&#8221;vc_box_circle&#8221;][\/vc_column_inner][vc_column_inner width=&#8221;1\/3&#8243;][\/vc_column_inner][\/vc_row_inner][\/vc_column][\/vc_row][\/vc_section][vc_section full_width=&#8221;stretch_row&#8221; el_class=&#8221;solutionscomp&#8221;][vc_row][vc_column][vc_column_text]<\/p>\n<h2 style=\"text-align: center;\">M\u00e4rkte<\/h2>\n<p>[\/vc_column_text][vc_column_text css=&#8221;.vc_custom_1601282580714{padding-right: 80px !important;padding-left: 80px !important;}&#8221;]<\/p>\n<p style=\"text-align: center;\">Von der Industrie bis zur Seefahrt, von Autos, Flugzeugen und Z\u00fcgen bis hin zu kritischer \u00f6ffentlicher Infrastruktur, wie Br\u00fccken, Autobahnen und H\u00e4fen \u2013 wir bieten die perfekte Oberfl\u00e4chenvorbereitung f\u00fcr alle Arten von Schutzbeschichtungen und Dichtstoffen.<\/p>\n<p>[\/vc_column_text][vc_row_inner][vc_column_inner width=&#8221;1\/3&#8243;][vc_btn title=&#8221;Erneuerbare energien&#8221; style=&#8221;classic&#8221; shape=&#8221;square&#8221; size=&#8221;lg&#8221; align=&#8221;center&#8221; button_block=&#8221;true&#8221; link=&#8221;url:https%3A%2F%2Fmontipower.com%2Fde%2Fmaerkte%2Fwind-erneuerbare-energie%2F|title:erneuerbare%20energien&#8221; el_class=&#8221;solutions-button&#8221;][\/vc_column_inner][vc_column_inner width=&#8221;1\/3&#8243;][vc_btn title=&#8221;Offshore &amp; onshore&#8221; style=&#8221;classic&#8221; shape=&#8221;square&#8221; size=&#8221;lg&#8221; align=&#8221;center&#8221; button_block=&#8221;true&#8221; link=&#8221;url:https%3A%2F%2Fmontipower.com%2Fde%2Fmaerkte%2Foffshore-onshore-oel-gas%2F|title:offshore%20%26%20onshore&#8221; el_class=&#8221;solutions-button&#8221;][\/vc_column_inner][vc_column_inner width=&#8221;1\/3&#8243;][vc_btn title=&#8221;Automobil&#8221; style=&#8221;classic&#8221; shape=&#8221;square&#8221; size=&#8221;lg&#8221; align=&#8221;center&#8221; button_block=&#8221;true&#8221; link=&#8221;url:https%3A%2F%2Fmontipower.com%2Fde%2Fmaerkte%2Fautomobilloesungen%2F|title:AUtomobilloesungen&#8221; el_class=&#8221;solutions-button&#8221;][\/vc_column_inner][\/vc_row_inner][vc_row_inner][vc_column_inner width=&#8221;1\/3&#8243;][vc_btn title=&#8221;Marine&#8221; style=&#8221;classic&#8221; shape=&#8221;square&#8221; size=&#8221;lg&#8221; align=&#8221;center&#8221; button_block=&#8221;true&#8221; link=&#8221;url:https%3A%2F%2Fmontipower.com%2Fde%2Fmaerkte%2Fmarine-loesungen%2F|title:Marine&#8221; el_class=&#8221;solutions-button&#8221;][\/vc_column_inner][vc_column_inner width=&#8221;1\/3&#8243;][vc_btn title=&#8221;Br\u00fccken, schiene, hafen&#8221; style=&#8221;classic&#8221; shape=&#8221;square&#8221; size=&#8221;lg&#8221; align=&#8221;center&#8221; button_block=&#8221;true&#8221; link=&#8221;url:https%3A%2F%2Fmontipower.com%2Fde%2Fmaerkte%2Finfra-loesungen%2F|title:Infra&#8221; el_class=&#8221;solutions-button&#8221;][\/vc_column_inner][vc_column_inner width=&#8221;1\/3&#8243;][vc_btn title=&#8221;OEM&#8221; style=&#8221;classic&#8221; shape=&#8221;square&#8221; size=&#8221;lg&#8221; align=&#8221;center&#8221; button_block=&#8221;true&#8221; link=&#8221;url:https%3A%2F%2Fmontipower.com%2Fde%2Fmaerkte%2Foem%2F|title:OEM&#8221; el_class=&#8221;solutions-button&#8221;][\/vc_column_inner][\/vc_row_inner][vc_row_inner][vc_column_inner width=&#8221;1\/3&#8243;][vc_btn title=&#8221;Beschilderung&#8221; style=&#8221;classic&#8221; shape=&#8221;square&#8221; size=&#8221;lg&#8221; align=&#8221;center&#8221; button_block=&#8221;true&#8221; link=&#8221;url:https%3A%2F%2Fmontipower.com%2Fde%2Fmaerkte%2Fbeschilderung%2F|title:Beschilderung&#8221; el_class=&#8221;solutions-button&#8221;][\/vc_column_inner][vc_column_inner width=&#8221;1\/3&#8243;][vc_btn title=&#8221;Edelstahl&#8221; style=&#8221;classic&#8221; shape=&#8221;square&#8221; size=&#8221;lg&#8221; align=&#8221;center&#8221; button_block=&#8221;true&#8221; link=&#8221;url:https%3A%2F%2Fmontipower.com%2Fde%2Fmaerkte%2Fedelstahl%2F|title:Edelstahl&#8221; el_class=&#8221;solutions-button&#8221;][\/vc_column_inner][vc_column_inner width=&#8221;1\/3&#8243;][vc_btn title=&#8221;schweissen&#8221; style=&#8221;classic&#8221; shape=&#8221;square&#8221; size=&#8221;lg&#8221; align=&#8221;center&#8221; button_block=&#8221;true&#8221; link=&#8221;url:https%3A%2F%2Fmontipower.com%2Fde%2Fmaerkte%2Fschweissnahtreinigung%2F|title:Sweissen&#8221; el_class=&#8221;solutions-button&#8221;][\/vc_column_inner][\/vc_row_inner][vc_row_inner][vc_column_inner width=&#8221;1\/3&#8243;][\/vc_column_inner][vc_column_inner width=&#8221;1\/3&#8243;][\/vc_column_inner][vc_column_inner width=&#8221;1\/3&#8243;][\/vc_column_inner][\/vc_row_inner][\/vc_column][\/vc_row][\/vc_section][vc_section full_width=&#8221;stretch_row&#8221; content_placement=&#8221;middle&#8221; css=&#8221;.vc_custom_1592477890167{padding-top: 80px !important;padding-bottom: 100px !important;background-image: url(https:\/\/montipower.com\/wp-content\/uploads\/2019\/10\/Environment_Home_RGB_72dpi.jpg?id=2403) !important;background-position: center !important;background-repeat: no-repeat !important;background-size: cover !important;}&#8221; el_class=&#8221;wittetekst carelement&#8221;][vc_row][vc_column width=&#8221;1\/2&#8243;][\/vc_column][vc_column width=&#8221;1\/2&#8243;][vc_column_text]<\/p>\n<h3 style=\"text-align: right;\">Umweltschutz<\/h3>\n<p>[\/vc_column_text][vc_btn title=&#8221;Entdecke&#8221; style=&#8221;classic&#8221; shape=&#8221;square&#8221; align=&#8221;right&#8221; link=&#8221;url:https%3A%2F%2Fmontipower.com%2Fde%2Finfo%2Fumweltschutz%2F|title:Umwelt&#8221; el_class=&#8221;hometopfotobutton&#8221;][\/vc_column][\/vc_row][\/vc_section][vc_section full_width=&#8221;stretch_row&#8221; content_placement=&#8221;middle&#8221; css=&#8221;.vc_custom_1608631860650{margin-top: 40px !important;padding-top: 80px !important;padding-bottom: 100px !important;background-image: url(https:\/\/montipower.com\/wp-content\/uploads\/2020\/12\/HEalth_Safety-scaled-1.jpg?id=12832) !important;background-position: center !important;background-repeat: no-repeat !important;background-size: cover !important;}&#8221; el_class=&#8221;wittetekst carelement&#8221;][vc_row][vc_column width=&#8221;1\/2&#8243;][\/vc_column][vc_column width=&#8221;1\/2&#8243;][vc_column_text]<\/p>\n<h3 style=\"text-align: right;\">Gesundheitsschutz &amp;<br \/>\nArbeitssicherheit<\/h3>\n<p>[\/vc_column_text][vc_btn title=&#8221;Entdecke&#8221; style=&#8221;classic&#8221; shape=&#8221;square&#8221; align=&#8221;right&#8221; link=&#8221;url:https%3A%2F%2Fmontipower.com%2Fde%2Finfo%2Fgesundheitsschutz-arbeitssicherheit%2F|title:Gesundheit%20%26%20Sicherheit&#8221; el_class=&#8221;hometopfotobutton&#8221;][\/vc_column][\/vc_row][\/vc_section][vc_section el_class=&#8221;clientslide&#8221;][vc_row][vc_column][vc_column_text css=&#8221;.vc_custom_1570726086126{margin-bottom: 10px !important;margin-left: 30px !important;}&#8221;][\/vc_column_text][vc_carousel_father theme=&#8221;content-over-slider&#8221; dot=&#8221;false&#8221; slide_visible=&#8221;4&#8243; tabs=&#8221;3&#8243; mbl_height=&#8221;200px&#8221;][vc_carousel_son image_id=&#8221;2574&#8243; img_width=&#8221;85%&#8221; img_height=&#8221;auto&#8221;][\/vc_carousel_son][vc_carousel_son image_id=&#8221;2575&#8243; img_width=&#8221;85%&#8221; img_height=&#8221;auto&#8221;][\/vc_carousel_son][vc_carousel_son image_id=&#8221;2576&#8243; contain_url=&#8221;https:\/\/bp.com&#8221; img_width=&#8221;85%&#8221; img_height=&#8221;auto&#8221;][\/vc_carousel_son][vc_carousel_son image_id=&#8221;2577&#8243; contain_url=&#8221;https:\/\/bp.com&#8221; img_width=&#8221;85%&#8221; img_height=&#8221;auto&#8221;][\/vc_carousel_son][vc_carousel_son image_id=&#8221;2579&#8243; contain_url=&#8221;https:\/\/bp.com&#8221; img_width=&#8221;85%&#8221; img_height=&#8221;auto&#8221;][\/vc_carousel_son][vc_carousel_son image_id=&#8221;2447&#8243; contain_url=&#8221;https:\/\/bp.com&#8221; img_width=&#8221;85%&#8221; img_height=&#8221;auto&#8221;][\/vc_carousel_son][vc_carousel_son image_id=&#8221;2583&#8243; contain_url=&#8221;https:\/\/bp.com&#8221; img_width=&#8221;85%&#8221; img_height=&#8221;auto&#8221;][\/vc_carousel_son][vc_carousel_son image_id=&#8221;2584&#8243; contain_url=&#8221;https:\/\/bp.com&#8221; img_width=&#8221;85%&#8221; img_height=&#8221;auto&#8221;][\/vc_carousel_son][vc_carousel_son image_id=&#8221;2585&#8243; contain_url=&#8221;https:\/\/bp.com&#8221; img_width=&#8221;85%&#8221; img_height=&#8221;auto&#8221;][\/vc_carousel_son][vc_carousel_son image_id=&#8221;2587&#8243; contain_url=&#8221;https:\/\/bp.com&#8221; img_width=&#8221;85%&#8221; img_height=&#8221;auto&#8221;][\/vc_carousel_son][vc_carousel_son image_id=&#8221;2589&#8243; contain_url=&#8221;https:\/\/bp.com&#8221; img_width=&#8221;85%&#8221; img_height=&#8221;auto&#8221;][\/vc_carousel_son][vc_carousel_son image_id=&#8221;2591&#8243; contain_url=&#8221;https:\/\/bp.com&#8221; img_width=&#8221;85%&#8221; img_height=&#8221;auto&#8221;][\/vc_carousel_son][vc_carousel_son image_id=&#8221;2592&#8243; contain_url=&#8221;https:\/\/bp.com&#8221; img_width=&#8221;85%&#8221; img_height=&#8221;auto&#8221;][\/vc_carousel_son][vc_carousel_son image_id=&#8221;2593&#8243; contain_url=&#8221;https:\/\/bp.com&#8221; img_width=&#8221;85%&#8221; img_height=&#8221;auto&#8221;][\/vc_carousel_son][vc_carousel_son image_id=&#8221;2595&#8243; contain_url=&#8221;https:\/\/bp.com&#8221; img_width=&#8221;85%&#8221; img_height=&#8221;auto&#8221;][\/vc_carousel_son][vc_carousel_son image_id=&#8221;2596&#8243; contain_url=&#8221;https:\/\/bp.com&#8221; img_width=&#8221;85%&#8221; img_height=&#8221;auto&#8221;][\/vc_carousel_son][vc_carousel_son image_id=&#8221;2598&#8243; contain_url=&#8221;https:\/\/bp.com&#8221; img_width=&#8221;85%&#8221; img_height=&#8221;auto&#8221;][\/vc_carousel_son][vc_carousel_son image_id=&#8221;2599&#8243; contain_url=&#8221;https:\/\/bp.com&#8221; img_width=&#8221;85%&#8221; img_height=&#8221;auto&#8221;][\/vc_carousel_son][vc_carousel_son image_id=&#8221;5823&#8243; contain_url=&#8221;https:\/\/akzonobel.com&#8221; img_width=&#8221;85%&#8221; img_height=&#8221;auto&#8221;][\/vc_carousel_son][vc_carousel_son image_id=&#8221;5824&#8243; contain_url=&#8221;https:\/\/belzona.cnl&#8221; img_width=&#8221;85%&#8221; img_height=&#8221;auto&#8221;][\/vc_carousel_son][vc_carousel_son image_id=&#8221;5825&#8243; contain_url=&#8221;https:\/\/carboline.com&#8221; img_width=&#8221;85%&#8221; img_height=&#8221;auto&#8221;][\/vc_carousel_son][vc_carousel_son image_id=&#8221;5826&#8243; contain_url=&#8221;https:\/\/www.sellon.nl\/chesterton\/&#8221; img_width=&#8221;85%&#8221; img_height=&#8221;auto&#8221;][\/vc_carousel_son][vc_carousel_son image_id=&#8221;5827&#8243; contain_url=&#8221;https:\/\/www.sealforlife.com\/brands\/covalence\/&#8221; img_width=&#8221;85%&#8221; img_height=&#8221;auto&#8221;][\/vc_carousel_son][vc_carousel_son image_id=&#8221;5828&#8243; contain_url=&#8221;https:\/\/denso.com&#8221; img_width=&#8221;85%&#8221; img_height=&#8221;auto&#8221;][\/vc_carousel_son][vc_carousel_son image_id=&#8221;5829&#8243; contain_url=&#8221;https:\/\/bahn.de&#8221; img_width=&#8221;85%&#8221; img_height=&#8221;auto&#8221;][\/vc_carousel_son][vc_carousel_son image_id=&#8221;5830&#8243; contain_url=&#8221;https:\/\/equinor.com&#8221; img_width=&#8221;85%&#8221; img_height=&#8221;auto&#8221;][\/vc_carousel_son][vc_carousel_son image_id=&#8221;5831&#8243; contain_url=&#8221;https:\/\/ford.com&#8221; img_width=&#8221;85%&#8221; img_height=&#8221;auto&#8221;][\/vc_carousel_son][vc_carousel_son image_id=&#8221;5832&#8243; contain_url=&#8221;https:\/\/gasunie.nl&#8221; img_width=&#8221;85%&#8221; img_height=&#8221;auto&#8221;][\/vc_carousel_son][\/vc_carousel_father][\/vc_column][\/vc_row][\/vc_section]<\/p>\n<\/div>","protected":false},"excerpt":{"rendered":"<p>[vc_section full_width=&#8221;stretch_row&#8221; content_placement=&#8221;top&#8221; video_bg=&#8221;yes&#8221; video_bg_url=&#8221;https:\/\/www.youtube.com\/watch?v=A0JUbTMkJTU&#8221; css=&#8221;.vc_custom_1592484358688{padding-top: 340px !important;padding-bottom: 0px !important;background-image: url(https:\/\/montipower.com\/wp-content\/uploads\/2019\/11\/background-monti.jpg?id=3624) &#8230; <\/p>\n","protected":false},"author":11,"featured_media":0,"parent":0,"menu_order":0,"comment_status":"closed","ping_status":"closed","template":"","meta":{"_acf_changed":false,"content-type":"","footnotes":""},"class_list":["post-9823","page","type-page","status-publish","hentry"],"acf":[],"_links":{"self":[{"href":"https:\/\/montipower.com\/de\/wp-json\/wp\/v2\/pages\/9823","targetHints":{"allow":["GET"]}}],"collection":[{"href":"https:\/\/montipower.com\/de\/wp-json\/wp\/v2\/pages"}],"about":[{"href":"https:\/\/montipower.com\/de\/wp-json\/wp\/v2\/types\/page"}],"author":[{"embeddable":true,"href":"https:\/\/montipower.com\/de\/wp-json\/wp\/v2\/users\/11"}],"replies":[{"embeddable":true,"href":"https:\/\/montipower.com\/de\/wp-json\/wp\/v2\/comments?post=9823"}],"version-history":[{"count":22,"href":"https:\/\/montipower.com\/de\/wp-json\/wp\/v2\/pages\/9823\/revisions"}],"predecessor-version":[{"id":17621,"href":"https:\/\/montipower.com\/de\/wp-json\/wp\/v2\/pages\/9823\/revisions\/17621"}],"wp:attachment":[{"href":"https:\/\/montipower.com\/de\/wp-json\/wp\/v2\/media?parent=9823"}],"curies":[{"name":"wp","href":"https:\/\/api.w.org\/{rel}","templated":true}]}}