{"id":10926,"date":"2020-06-04T10:27:01","date_gmt":"2020-06-04T08:27:01","guid":{"rendered":"https:\/\/monti.la-compagnie.digital\/service-support\/repair-service\/"},"modified":"2021-10-27T13:28:42","modified_gmt":"2021-10-27T11:28:42","slug":"reparaturservice","status":"publish","type":"page","link":"https:\/\/montipower.com\/de\/service-support\/reparaturservice\/","title":{"rendered":"REPARATURSERVICE"},"content":{"rendered":"<div class=\"wpb-content-wrapper\"><p>[vc_section full_width=&#8221;stretch_row&#8221; content_placement=&#8221;bottom&#8221; css=&#8221;.vc_custom_1569320141112{padding-top: 30px !important;padding-bottom: 0px !important;background-color: #ff1212 !important;background-position: center !important;background-repeat: no-repeat !important;background-size: cover !important;}&#8221; el_class=&#8221;topbig&#8221;][vc_row css=&#8221;.vc_custom_1569318223776{padding-right: 100px !important;padding-left: 100px !important;}&#8221;][vc_column width=&#8221;1\/2&#8243;][vc_column_text]<\/p>\n<h1><span style=\"font-weight: 400;\">REPARATURSERVICE<\/span><\/h1>\n<p>[\/vc_column_text][\/vc_column][vc_column width=&#8221;1\/2&#8243;][\/vc_column][\/vc_row][vc_row full_width=&#8221;stretch_row_content_no_spaces&#8221; content_placement=&#8221;bottom&#8221; css=&#8221;.vc_custom_1572526136907{padding-top: 0px !important;padding-bottom: 100px !important;background-position: 0 0 !important;background-repeat: no-repeat !important;}&#8221; el_class=&#8221;hometopfotorij&#8221;][vc_column][\/vc_column][\/vc_row][vc_row full_width=&#8221;stretch_row&#8221; css=&#8221;.vc_custom_1572525974229{background-color: #f1f1f1 !important;}&#8221;][vc_column][vc_column_text el_class=&#8221;montbreadcrumbs&#8221; css=&#8221;.vc_custom_1569318576735{padding-right: 100px !important;padding-left: 100px !important;}&#8221;]<nav aria-label=\"breadcrumbs\" class=\"rank-math-breadcrumb\"><p><span class=\"last\">Home<\/span><\/p><\/nav>[\/vc_column_text][\/vc_column][\/vc_row][\/vc_section][vc_section full_width=&#8221;stretch_row&#8221; el_class=&#8221;textcomp&#8221;][vc_row][vc_column][vc_column_text]<span style=\"font-weight: 400;\">Haben Sie ein defektes\u00a0 Werkzeug, m\u00f6chten Sie ein Ersatzteil bestellen, eine Maschine reparieren lassen oder haben eine Frage bez\u00fcglich Ihres Reparaturauftrags?<\/span><\/p>\n<p><span style=\"font-weight: 400;\">An unserem Hauptstandort in Hennef wird sich qualifiziertes Servicepersonal gerne um Ihre Bed\u00fcrfnisse k\u00fcmmern. Im Fall einer Reparatur \u00fcbergeben Sie Ihr Powertool einem Ihrem lokalen Fachh\u00e4ndler oder stellen eine Serviceanfrage. Nach Absprache k\u00f6nnen wir die Maschine abholen, eine professionelle Reparatur sowie Wartung und Sicherheitscheck und au\u00dferdem einen fair kalkulierten Festpreis sicherstellen. Da die meisten der ungef\u00e4hr 70 MontiPower\u00ae Fachh\u00e4ndler unser Servicesystem nutzen, k\u00f6nnen Sie als Profi sich immer auf unseren Reparaturservice verlassen.<\/span>[\/vc_column_text][\/vc_column][\/vc_row][\/vc_section]<\/p>\n<\/div>","protected":false},"excerpt":{"rendered":"<p>[vc_section full_width=&#8221;stretch_row&#8221; content_placement=&#8221;bottom&#8221; css=&#8221;.vc_custom_1569320141112{padding-top: 30px !important;padding-bottom: 0px !important;background-color: #ff1212 !important;background-position: center &#8230; <\/p>\n","protected":false},"author":19,"featured_media":0,"parent":9905,"menu_order":0,"comment_status":"closed","ping_status":"closed","template":"","meta":{"_acf_changed":false,"content-type":"","footnotes":""},"class_list":["post-10926","page","type-page","status-publish","hentry"],"acf":[],"_links":{"self":[{"href":"https:\/\/montipower.com\/de\/wp-json\/wp\/v2\/pages\/10926","targetHints":{"allow":["GET"]}}],"collection":[{"href":"https:\/\/montipower.com\/de\/wp-json\/wp\/v2\/pages"}],"about":[{"href":"https:\/\/montipower.com\/de\/wp-json\/wp\/v2\/types\/page"}],"author":[{"embeddable":true,"href":"https:\/\/montipower.com\/de\/wp-json\/wp\/v2\/users\/19"}],"replies":[{"embeddable":true,"href":"https:\/\/montipower.com\/de\/wp-json\/wp\/v2\/comments?post=10926"}],"version-history":[{"count":1,"href":"https:\/\/montipower.com\/de\/wp-json\/wp\/v2\/pages\/10926\/revisions"}],"predecessor-version":[{"id":10928,"href":"https:\/\/montipower.com\/de\/wp-json\/wp\/v2\/pages\/10926\/revisions\/10928"}],"up":[{"embeddable":true,"href":"https:\/\/montipower.com\/de\/wp-json\/wp\/v2\/pages\/9905"}],"wp:attachment":[{"href":"https:\/\/montipower.com\/de\/wp-json\/wp\/v2\/media?parent=10926"}],"curies":[{"name":"wp","href":"https:\/\/api.w.org\/{rel}","templated":true}]}}