{"id":10920,"date":"2020-06-04T10:24:30","date_gmt":"2020-06-04T08:24:30","guid":{"rendered":"https:\/\/monti.la-compagnie.digital\/service-support\/rental\/"},"modified":"2022-05-18T16:30:07","modified_gmt":"2022-05-18T14:30:07","slug":"rental","status":"publish","type":"page","link":"https:\/\/montipower.com\/de\/service-support\/rental\/","title":{"rendered":"MIETEN"},"content":{"rendered":"<div class=\"wpb-content-wrapper\"><p>[vc_section full_width=&#8221;stretch_row&#8221; content_placement=&#8221;bottom&#8221; css=&#8221;.vc_custom_1591359755932{padding-top: 30px !important;padding-bottom: 0px !important;background-image: url(https:\/\/montipower.com\/wp-content\/uploads\/2020\/02\/HOOFDFOTO_Prepper_1500x1500.jpg?id=4639) !important;background-position: center !important;background-repeat: no-repeat !important;background-size: cover !important;}&#8221; el_class=&#8221;topbig&#8221;][vc_row css=&#8221;.vc_custom_1569318223776{padding-right: 100px !important;padding-left: 100px !important;}&#8221;][vc_column width=&#8221;1\/2&#8243;][vc_column_text]<\/p>\n<h1><span style=\"font-weight: 400;\">MIETEN<\/span><\/h1>\n<p>[\/vc_column_text][\/vc_column][vc_column width=&#8221;1\/2&#8243;][\/vc_column][\/vc_row][vc_row full_width=&#8221;stretch_row_content_no_spaces&#8221; content_placement=&#8221;bottom&#8221; css=&#8221;.vc_custom_1572526136907{padding-top: 0px !important;padding-bottom: 100px !important;background-position: 0 0 !important;background-repeat: no-repeat !important;}&#8221; el_class=&#8221;hometopfotorij&#8221;][vc_column][\/vc_column][\/vc_row][vc_row full_width=&#8221;stretch_row&#8221; css=&#8221;.vc_custom_1572525974229{background-color: #f1f1f1 !important;}&#8221;][vc_column][vc_column_text el_class=&#8221;montbreadcrumbs&#8221; css=&#8221;.vc_custom_1569318576735{padding-right: 100px !important;padding-left: 100px !important;}&#8221;]<nav aria-label=\"breadcrumbs\" class=\"rank-math-breadcrumb\"><p><span class=\"last\">Home<\/span><\/p><\/nav>[\/vc_column_text][\/vc_column][\/vc_row][\/vc_section][vc_section full_width=&#8221;stretch_row&#8221; el_class=&#8221;textcomp&#8221;][vc_row][vc_column][vc_column_text]<\/p>\n<h5>Subsea<\/h5>\n<p><span style=\"font-weight: 400;\">\u00dcber MontiPower BV, Spijk, Holland, bieten wir Tauchausr\u00fcstung, Werkzeuge und andere technische L\u00f6sungen zur Unterwasser-Oberfl\u00e4chenvorbereitung, wie etwa Caviblasting, zur Miete an.<\/span>[\/vc_column_text][\/vc_column][\/vc_row][vc_row][vc_column][vc_column_text]<\/p>\n<h5><span style=\"font-weight: 400;\">ANDERE WERKZEUGE<\/span><\/h5>\n<p><span style=\"font-weight: 400;\">Bitte f\u00fcllen Sie das <a href=\"https:\/\/montipower.com\/de\/service-support\/preisanfrage\/\">Anfrageformular<\/a> aus, damit wir Ihnen ein Mietangebot f\u00fcr andere Bristle Blaster<sup>\u00ae<\/sup> oder MBX<sup>\u00ae<\/sup> Werkzeuge unterbreiten k\u00f6nnen. F\u00fcr Mietoptionen stehen wir Ihnen direkt oder indirekt \u00fcber unser globales Partnernetzwerk zur Verf\u00fcgung.<\/span><\/p>\n<p>[\/vc_column_text][\/vc_column][\/vc_row][\/vc_section]<\/p>\n<\/div>","protected":false},"excerpt":{"rendered":"<p>[vc_section full_width=&#8221;stretch_row&#8221; content_placement=&#8221;bottom&#8221; css=&#8221;.vc_custom_1591359755932{padding-top: 30px !important;padding-bottom: 0px !important;background-image: url(https:\/\/montipower.com\/wp-content\/uploads\/2020\/02\/HOOFDFOTO_Prepper_1500x1500.jpg?id=4639) !important;background-position: center &#8230; <\/p>\n","protected":false},"author":19,"featured_media":0,"parent":9905,"menu_order":0,"comment_status":"closed","ping_status":"closed","template":"","meta":{"_acf_changed":false,"content-type":"","footnotes":""},"class_list":["post-10920","page","type-page","status-publish","hentry"],"acf":[],"_links":{"self":[{"href":"https:\/\/montipower.com\/de\/wp-json\/wp\/v2\/pages\/10920","targetHints":{"allow":["GET"]}}],"collection":[{"href":"https:\/\/montipower.com\/de\/wp-json\/wp\/v2\/pages"}],"about":[{"href":"https:\/\/montipower.com\/de\/wp-json\/wp\/v2\/types\/page"}],"author":[{"embeddable":true,"href":"https:\/\/montipower.com\/de\/wp-json\/wp\/v2\/users\/19"}],"replies":[{"embeddable":true,"href":"https:\/\/montipower.com\/de\/wp-json\/wp\/v2\/comments?post=10920"}],"version-history":[{"count":3,"href":"https:\/\/montipower.com\/de\/wp-json\/wp\/v2\/pages\/10920\/revisions"}],"predecessor-version":[{"id":26924,"href":"https:\/\/montipower.com\/de\/wp-json\/wp\/v2\/pages\/10920\/revisions\/26924"}],"up":[{"embeddable":true,"href":"https:\/\/montipower.com\/de\/wp-json\/wp\/v2\/pages\/9905"}],"wp:attachment":[{"href":"https:\/\/montipower.com\/de\/wp-json\/wp\/v2\/media?parent=10920"}],"curies":[{"name":"wp","href":"https:\/\/api.w.org\/{rel}","templated":true}]}}