{"id":10900,"date":"2019-10-01T10:15:25","date_gmt":"2019-10-01T08:15:25","guid":{"rendered":"https:\/\/monti.la-compagnie.digital\/info\/care-for-steel-protection\/"},"modified":"2025-05-21T15:38:52","modified_gmt":"2025-05-21T13:38:52","slug":"vorsorge-fuer-stahlschutz","status":"publish","type":"page","link":"https:\/\/montipower.com\/de\/info\/vorsorge-fuer-stahlschutz\/","title":{"rendered":"VORSORGE F\u00dcR STAHLSCHUTZ"},"content":{"rendered":"<div class=\"wpb-content-wrapper\"><p>[vc_section full_width=&#8221;stretch_row&#8221; content_placement=&#8221;bottom&#8221; css=&#8221;.vc_custom_1592819935490{padding-top: 30px !important;padding-bottom: 0px !important;background: #ff1212 url(https:\/\/montipower.com\/wp-content\/uploads\/2019\/10\/Pipeline_Rust_72dpi-1.jpg?id=3462) !important;background-position: center !important;background-repeat: no-repeat !important;background-size: cover !important;}&#8221; el_class=&#8221;topbig&#8221;][vc_row css=&#8221;.vc_custom_1569318223776{padding-right: 100px !important;padding-left: 100px !important;}&#8221;][vc_column width=&#8221;1\/2&#8243;][vc_column_text]<\/p>\n<h1><span style=\"font-weight: 400;\">VORSORGE F\u00dcR STAHLSCHUTZ<\/span><\/h1>\n<p>[\/vc_column_text][\/vc_column][vc_column width=&#8221;1\/2&#8243;][\/vc_column][\/vc_row][vc_row full_width=&#8221;stretch_row_content_no_spaces&#8221; content_placement=&#8221;bottom&#8221; css=&#8221;.vc_custom_1572531334156{padding-top: 0px !important;padding-bottom: 100px !important;background-position: 0 0 !important;background-repeat: no-repeat !important;}&#8221; el_class=&#8221;hometopfotorij&#8221;][vc_column][\/vc_column][\/vc_row][vc_row full_width=&#8221;stretch_row&#8221; css=&#8221;.vc_custom_1572531343978{background-color: #f1f1f1 !important;}&#8221;][vc_column][vc_column_text css=&#8221;.vc_custom_1569318576735{padding-right: 100px !important;padding-left: 100px !important;}&#8221; el_class=&#8221;montbreadcrumbs&#8221;]<nav aria-label=\"breadcrumbs\" class=\"rank-math-breadcrumb\"><p><span class=\"last\">Home<\/span><\/p><\/nav>[\/vc_column_text][\/vc_column][\/vc_row][\/vc_section][vc_section full_width=&#8221;stretch_row&#8221; el_class=&#8221;textcomp&#8221;][vc_row][vc_column][vc_column_text css=&#8221;&#8221; el_class=&#8221;intro&#8221;]<\/p>\n<h4>Sicherstellung der bestm\u00f6glichen Haftung einer Beschichtung und\/oder eines Klebstoffs<\/h4>\n<p>[\/vc_column_text][vc_column_text css=&#8221;&#8221;]<span style=\"font-weight: 400;\">Bei der MONTI &#8211; Werkzeuge GmbH und MontiPower<sup>\u00ae<\/sup> Americas Inc, der treibenden Kraft hinter MontiPower<sup>\u00ae<\/sup>, stellen wir nicht nur Werkzeuge her &#8211; wir sorgen f\u00fcr Vertrauen in kritischen Arbeitsumgebungen, in denen Versagen keine Option ist.<br \/>\nUnabh\u00e4ngig davon, ob unsere patentierte Borstentechnologie an einer Offshore-Pipeline, einem Marineschiff oder einem Industrietank eingesetzt wird, liegen uns vier Dinge am Herzen: Qualit\u00e4t, Produktivit\u00e4t, die Menschen, die unsere Werkzeuge anwenden, und die Welt um uns herum.<\/span>[\/vc_column_text][\/vc_column][\/vc_row][vc_row][vc_column][vc_single_image image=&#8221;69978&#8243; img_size=&#8221;800&#215;600&#8243; alignment=&#8221;center&#8221; css=&#8221;&#8221;][\/vc_column][\/vc_row][vc_row][vc_column][vc_column_text css=&#8221;&#8221; el_class=&#8221;intro&#8221;]<\/p>\n<h4>Qualit\u00e4t: Weil Menschenleben und Verm\u00f6genswerte davon abh\u00e4ngen<\/h4>\n<h4><\/h4>\n<p>[\/vc_column_text][vc_column_text css=&#8221;&#8221;]Pipelines und Marineschiffe arbeiten unter einigen der h\u00e4rtesten Bedingungen der Welt. Ein Fehler in der Oberfl\u00e4chenvorbereitung kann zu einem Versagen der Beschichtung f\u00fchren \u2013 und das bedeutet Korrosion, Lecks, strukturelle Sch\u00e4den oder Schlimmeres. Unsere Werkzeuge sind so konzipiert, dass sie eine Oberfl\u00e4chenreinheit und Ankerprofile erzielen, die mit dem Strahlen vergleichbar sind, jedoch mit chirurgischer Kontrolle und Wiederholbarkeit. Qualit\u00e4t ist f\u00fcr uns kein Marketing-Slogan \u2013 es ist ein Versprechen, das durch jahrzehntelange deutsche Ingenieurskunst, Pr\u00fcfstandards und eine kompromisslose Mentalit\u00e4t gest\u00fctzt wird.[\/vc_column_text][\/vc_column][\/vc_row][vc_row][vc_column][vc_column_text css=&#8221;&#8221; el_class=&#8221;intro&#8221;]<\/p>\n<h4>Produktivit\u00e4t: Denn Zeit ist Geld, und Stillstand ist gef\u00e4hrlich<\/h4>\n<p>[\/vc_column_text][vc_column_text css=&#8221;&#8221;]Jede Minute Stillstand auf einem Schiff oder in einer Pipelineanlage verursacht hohe Kosten. Unsere Kunden erwarten deshalb Werkzeuge, die nicht nur mobil und schnell einsetzbar sind, sondern auch die R\u00fcstzeiten erheblich verk\u00fcrzen. Im Gegensatz zu herk\u00f6mmlichen Strahlverfahren erfordern MontiPower<sup>\u00ae<\/sup>-Ger\u00e4te keine Einhausung, keine losen Strahlmittel und sind sofort betriebsbereit \u2013 selbst in schwer zug\u00e4nglichen oder beengten Einsatzbereichen. Das Ergebnis: Projekte werden schneller, sicherer und mit deutlich geringerem logistischem Aufwand realisiert.[\/vc_column_text][\/vc_column][\/vc_row][vc_row][vc_column][vc_single_image image=&#8221;69984&#8243; img_size=&#8221;800&#215;600&#8243; alignment=&#8221;center&#8221; css=&#8221;&#8221;][\/vc_column][\/vc_row][vc_row][vc_column][vc_column_text css=&#8221;&#8221; el_class=&#8221;intro&#8221;]<\/p>\n<h4>Applikatoren: Weil menschliche H\u00e4nde die Ergebnisse vorantreiben<\/h4>\n<p>[\/vc_column_text][vc_column_text css=&#8221;&#8221;]Wir glauben daran, dass wir Fachleute bef\u00e4higen, anstatt sie zu ersch\u00f6pfen. Bei der Entwicklung unserer Ger\u00e4te stehen Ergonomie, Benutzerfreundlichkeit und Sicherheit an erster Stelle. Die Oberfl\u00e4chenvorbereitung ist oft eine k\u00f6rperlich anstrengende und sich wiederholende Aufgabe \u2013 insbesondere bei langen Rohrleitungsverbindungen oder gro\u00dfen Schiffsr\u00fcmpfen. Aus diesem Grund sind die MontiPower<sup>\u00ae<\/sup>-Ger\u00e4te so konzipiert, dass sie selbst unter extremen Einsatzbedingungen weniger erm\u00fcden, die Kontrolle verbessern und gleichbleibende Ergebnisse liefern.[\/vc_column_text][\/vc_column][\/vc_row][vc_row][vc_column][vc_column_text css=&#8221;&#8221; el_class=&#8221;intro&#8221;]<\/p>\n<h4>Umwelt: Weil die Oberfl\u00e4chenvorbereitung den Planeten nicht sch\u00e4digen sollte<\/h4>\n<p>[\/vc_column_text][vc_column_text]<span style=\"font-weight: 400;\">Korrosion ist eine elektrochemische Reaktion, bei der Sauerstoff und Wasser Eisen rosten oder Kupfer gr\u00fcn werden lassen. Korrosion verursacht enormen \u00f6konomischen Schaden \u2013 nicht weniger als ein ungef\u00e4hr 4 Prozent gro\u00dfer Anteil des Bruttosozialprodukts, der von Korrosion betroffen ist, muss behandelt oder ersetzt werden. F\u00fcr Transportr\u00f6hren kann sich dies schnell auf mehrere Hunderttausend Euro summieren.\u00a0 Korrosion birgt auch enorme Risiken. Ein unter Druck stehendes Rohr kann an einer erodierten Schwachstelle nachgeben oder Spundw\u00e4nde k\u00f6nnen bersten.<\/span>[\/vc_column_text][\/vc_column][\/vc_row][vc_row][vc_column][vc_column_text css=&#8221;&#8221; el_class=&#8221;intro&#8221;]<\/p>\n<h4>Bei der MONTI &#8211; Werkzeuge GmbH sind wir besorgt, weil wir gesehen haben, was auf dem Spiel steht.<\/h4>\n<p>[\/vc_column_text][vc_column_text css=&#8221;&#8221;]<\/p>\n<ul>\n<li>Ein Beschichtungssystem ist nur so gut wie seine Oberfl\u00e4chenvorbereitung.<\/li>\n<li>Ein Werkzeug ist nur so wertvoll wie der Handwerker, der es benutzt.<\/li>\n<li>Und der Fortschritt darf nie auf Kosten der Umwelt gehen.<\/li>\n<\/ul>\n<p>Deshalb sind wir stolz darauf, Power in our Bristles (MBX<sup>\u00ae<\/sup>, Bristle Blaster<sup>\u00ae<\/sup>) auf den Markt zu bringen \u2014 sicher, effizient und nachhaltig.[\/vc_column_text][\/vc_column][\/vc_row][\/vc_section]<\/p>\n<\/div>","protected":false},"excerpt":{"rendered":"<p>[vc_section full_width=&#8221;stretch_row&#8221; content_placement=&#8221;bottom&#8221; css=&#8221;.vc_custom_1592819935490{padding-top: 30px !important;padding-bottom: 0px !important;background: #ff1212 url(https:\/\/montipower.com\/wp-content\/uploads\/2019\/10\/Pipeline_Rust_72dpi-1.jpg?id=3462) !important;background-position: &#8230; <\/p>\n","protected":false},"author":19,"featured_media":69978,"parent":9886,"menu_order":0,"comment_status":"closed","ping_status":"closed","template":"","meta":{"_acf_changed":false,"content-type":"","footnotes":""},"class_list":["post-10900","page","type-page","status-publish","has-post-thumbnail","hentry"],"acf":[],"_links":{"self":[{"href":"https:\/\/montipower.com\/de\/wp-json\/wp\/v2\/pages\/10900","targetHints":{"allow":["GET"]}}],"collection":[{"href":"https:\/\/montipower.com\/de\/wp-json\/wp\/v2\/pages"}],"about":[{"href":"https:\/\/montipower.com\/de\/wp-json\/wp\/v2\/types\/page"}],"author":[{"embeddable":true,"href":"https:\/\/montipower.com\/de\/wp-json\/wp\/v2\/users\/19"}],"replies":[{"embeddable":true,"href":"https:\/\/montipower.com\/de\/wp-json\/wp\/v2\/comments?post=10900"}],"version-history":[{"count":2,"href":"https:\/\/montipower.com\/de\/wp-json\/wp\/v2\/pages\/10900\/revisions"}],"predecessor-version":[{"id":70006,"href":"https:\/\/montipower.com\/de\/wp-json\/wp\/v2\/pages\/10900\/revisions\/70006"}],"up":[{"embeddable":true,"href":"https:\/\/montipower.com\/de\/wp-json\/wp\/v2\/pages\/9886"}],"wp:featuredmedia":[{"embeddable":true,"href":"https:\/\/montipower.com\/de\/wp-json\/wp\/v2\/media\/69978"}],"wp:attachment":[{"href":"https:\/\/montipower.com\/de\/wp-json\/wp\/v2\/media?parent=10900"}],"curies":[{"name":"wp","href":"https:\/\/api.w.org\/{rel}","templated":true}]}}